{"id":3554,"date":"2023-12-18T11:52:17","date_gmt":"2023-12-18T10:52:17","guid":{"rendered":"https:\/\/andpro.net\/product\/reis-lahka-industrijska-celada-bump-hdpe-w\/"},"modified":"2025-07-20T13:29:27","modified_gmt":"2025-07-20T12:29:27","slug":"reis-lahka-industrijska-celada-bump-hdpe-w","status":"publish","type":"product","link":"https:\/\/andpro.net\/hr\/product\/reis-lahka-industrijska-celada-bump-hdpe-w\/","title":{"rendered":"REIS LAHKA INDUSTRIJSKA \u010cELADA BUMP-HDPE W"},"content":{"rendered":"<p>Industrijska lahka \u010delada BUMP-HDPE.<br \/>\n&#8211; iz HDPE<br \/>\n&#8211; nastavitev v obsegu glavnega pasu v obmo\u010dju 52-60 cm, kar omogo\u010da prilagajanje \u010delade glavi<br \/>\n&#8211; zagotavlja osnovno za\u0161\u010dito glave pred udarci ob trde, trdne predmete dolo\u010dene ostrine, ki lahko povzro\u010dijo po\u0161kodbe ali druge povr\u0161inske po\u0161kodbe<br \/>\n&#8211; 4-to\u010dkovno tekstilno vzmetenje<br \/>\n&#8211; \u0161koljka \u010delade z prezra\u010devalnimi odprtinami<br \/>\n&#8211; ustreza zahtevam standarda EN812<\/p>","protected":false},"excerpt":{"rendered":"<p>Industrijska lahka \u010delada BUMP-HDPE. &#8211; iz HDPE &#8211; nastavitev v obsegu glavnega pasu v obmo\u010dju 52-60 cm, kar omogo\u010da prilagajanje \u010delade glavi &#8211; zagotavlja osnovno za\u0161\u010dito glave pred udarci ob trde, trdne predmete dolo\u010dene ostrine, ki lahko povzro\u010dijo po\u0161kodbe ali druge povr\u0161inske po\u0161kodbe &#8211; 4-to\u010dkovno tekstilno vzmetenje &#8211; \u0161koljka \u010delade z prezra\u010devalnimi odprtinami &#8211; ustreza [&hellip;]<\/p>","protected":false},"featured_media":1637,"template":"","meta":[],"product_brand":[105],"product_cat":[24,128],"product_tag":[],"class_list":{"0":"post-3554","1":"product","2":"type-product","3":"status-publish","4":"has-post-thumbnail","6":"product_brand-reis","7":"product_cat-zascita-glave","8":"product_cat-zascita-za-glavo","10":"first","11":"onbackorder","12":"taxable","13":"shipping-taxable","14":"purchasable","15":"product-type-variable"},"bundled_by":[],"bundle_stock_status":"onbackorder","bundle_stock_quantity":null,"bundle_virtual":false,"bundle_layout":"","bundle_add_to_cart_form_location":"","bundle_editable_in_cart":false,"bundle_sold_individually_context":"","bundle_item_grouping":"","bundle_min_size":"","bundle_max_size":"","bundle_price":[],"bundled_items":[],"bundle_sell_ids":[],"group_of_quantity":0,"min_quantity":0,"max_quantity":"","exclude_order_quantity_value_rules":"no","exclude_category_quantity_rules":"no","combine_variations":"no","yoast_head":"<!-- This site is optimized with the Yoast SEO Premium plugin v23.9 (Yoast SEO v27.3) - https:\/\/yoast.com\/product\/yoast-seo-premium-wordpress\/ -->\n<title>REIS LAHKA INDUSTRIJSKA \u010cELADA BUMP-HDPE W - AndPro<\/title>\n<meta name=\"robots\" content=\"index, follow, max-snippet:-1, max-image-preview:large, max-video-preview:-1\" \/>\n<link rel=\"canonical\" href=\"https:\/\/andpro.net\/hr\/product\/reis-lahka-industrijska-celada-bump-hdpe-w\/\" \/>\n<meta property=\"og:locale\" content=\"hr_HR\" \/>\n<meta property=\"og:type\" content=\"article\" \/>\n<meta property=\"og:title\" content=\"REIS LAHKA INDUSTRIJSKA \u010cELADA BUMP-HDPE W\" \/>\n<meta property=\"og:description\" content=\"Industrijska lahka \u010delada BUMP-HDPE. &#8211; iz HDPE &#8211; nastavitev v obsegu glavnega pasu v obmo\u010dju 52-60 cm, kar omogo\u010da prilagajanje \u010delade glavi &#8211; zagotavlja osnovno za\u0161\u010dito glave pred udarci ob trde, trdne predmete dolo\u010dene ostrine, ki lahko povzro\u010dijo po\u0161kodbe ali druge povr\u0161inske po\u0161kodbe &#8211; 4-to\u010dkovno tekstilno vzmetenje &#8211; \u0161koljka \u010delade z prezra\u010devalnimi odprtinami &#8211; ustreza [&hellip;]\" \/>\n<meta property=\"og:url\" content=\"https:\/\/andpro.net\/hr\/product\/reis-lahka-industrijska-celada-bump-hdpe-w\/\" \/>\n<meta property=\"og:site_name\" content=\"AndPro\" \/>\n<meta property=\"article:modified_time\" content=\"2025-07-20T12:29:27+00:00\" \/>\n<meta property=\"og:image\" content=\"https:\/\/andpro.net\/wp-content\/uploads\/2023\/12\/0058055232.jpg\" \/>\n\t<meta property=\"og:image:width\" content=\"851\" \/>\n\t<meta property=\"og:image:height\" content=\"1024\" \/>\n\t<meta property=\"og:image:type\" content=\"image\/jpeg\" \/>\n<meta name=\"twitter:card\" content=\"summary_large_image\" \/>\n<meta name=\"twitter:label1\" content=\"Procijenjeno vrijeme \u010ditanja\" \/>\n\t<meta name=\"twitter:data1\" content=\"1 minuta\" \/>\n<script type=\"application\/ld+json\" class=\"yoast-schema-graph\">{\"@context\":\"https:\\\/\\\/schema.org\",\"@graph\":[{\"@type\":\"WebPage\",\"@id\":\"https:\\\/\\\/andpro.net\\\/product\\\/reis-lahka-industrijska-celada-bump-hdpe-w\\\/\",\"url\":\"https:\\\/\\\/andpro.net\\\/product\\\/reis-lahka-industrijska-celada-bump-hdpe-w\\\/\",\"name\":\"REIS LAHKA INDUSTRIJSKA \u010cELADA BUMP-HDPE W - AndPro\",\"isPartOf\":{\"@id\":\"https:\\\/\\\/andpro.net\\\/de\\\/#website\"},\"primaryImageOfPage\":{\"@id\":\"https:\\\/\\\/andpro.net\\\/product\\\/reis-lahka-industrijska-celada-bump-hdpe-w\\\/#primaryimage\"},\"image\":{\"@id\":\"https:\\\/\\\/andpro.net\\\/product\\\/reis-lahka-industrijska-celada-bump-hdpe-w\\\/#primaryimage\"},\"thumbnailUrl\":\"https:\\\/\\\/andpro.net\\\/wp-content\\\/uploads\\\/2023\\\/12\\\/0058055232.jpg\",\"datePublished\":\"2023-12-18T10:52:17+00:00\",\"dateModified\":\"2025-07-20T12:29:27+00:00\",\"breadcrumb\":{\"@id\":\"https:\\\/\\\/andpro.net\\\/product\\\/reis-lahka-industrijska-celada-bump-hdpe-w\\\/#breadcrumb\"},\"inLanguage\":\"hr\",\"potentialAction\":[{\"@type\":\"ReadAction\",\"target\":[\"https:\\\/\\\/andpro.net\\\/product\\\/reis-lahka-industrijska-celada-bump-hdpe-w\\\/\"]}]},{\"@type\":\"ImageObject\",\"inLanguage\":\"hr\",\"@id\":\"https:\\\/\\\/andpro.net\\\/product\\\/reis-lahka-industrijska-celada-bump-hdpe-w\\\/#primaryimage\",\"url\":\"https:\\\/\\\/andpro.net\\\/wp-content\\\/uploads\\\/2023\\\/12\\\/0058055232.jpg\",\"contentUrl\":\"https:\\\/\\\/andpro.net\\\/wp-content\\\/uploads\\\/2023\\\/12\\\/0058055232.jpg\",\"width\":851,\"height\":1024,\"caption\":\"983456\"},{\"@type\":\"BreadcrumbList\",\"@id\":\"https:\\\/\\\/andpro.net\\\/product\\\/reis-lahka-industrijska-celada-bump-hdpe-w\\\/#breadcrumb\",\"itemListElement\":[{\"@type\":\"ListItem\",\"position\":1,\"name\":\"Home\",\"item\":\"https:\\\/\\\/andpro.net\\\/\"},{\"@type\":\"ListItem\",\"position\":2,\"name\":\"Shop\",\"item\":\"https:\\\/\\\/andpro.net\\\/en\\\/shop\\\/\"},{\"@type\":\"ListItem\",\"position\":3,\"name\":\"REIS LAHKA INDUSTRIJSKA \u010cELADA BUMP-HDPE W\"}]},{\"@type\":\"WebSite\",\"@id\":\"https:\\\/\\\/andpro.net\\\/de\\\/#website\",\"url\":\"https:\\\/\\\/andpro.net\\\/de\\\/\",\"name\":\"AndPro\",\"description\":\"The best decision\",\"publisher\":{\"@id\":\"https:\\\/\\\/andpro.net\\\/de\\\/#organization\"},\"potentialAction\":[{\"@type\":\"SearchAction\",\"target\":{\"@type\":\"EntryPoint\",\"urlTemplate\":\"https:\\\/\\\/andpro.net\\\/de\\\/?s={search_term_string}\"},\"query-input\":{\"@type\":\"PropertyValueSpecification\",\"valueRequired\":true,\"valueName\":\"search_term_string\"}}],\"inLanguage\":\"hr\"},{\"@type\":\"Organization\",\"@id\":\"https:\\\/\\\/andpro.net\\\/de\\\/#organization\",\"name\":\"AndPro\",\"url\":\"https:\\\/\\\/andpro.net\\\/de\\\/\",\"logo\":{\"@type\":\"ImageObject\",\"inLanguage\":\"hr\",\"@id\":\"https:\\\/\\\/andpro.net\\\/de\\\/#\\\/schema\\\/logo\\\/image\\\/\",\"url\":\"https:\\\/\\\/andpro.net\\\/wp-content\\\/uploads\\\/2023\\\/11\\\/logo_fix.png\",\"contentUrl\":\"https:\\\/\\\/andpro.net\\\/wp-content\\\/uploads\\\/2023\\\/11\\\/logo_fix.png\",\"width\":1244,\"height\":637,\"caption\":\"AndPro\"},\"image\":{\"@id\":\"https:\\\/\\\/andpro.net\\\/de\\\/#\\\/schema\\\/logo\\\/image\\\/\"}}]}<\/script>\n<!-- \/ Yoast SEO Premium plugin. -->","yoast_head_json":{"title":"REIS LAHKA INDUSTRIJSKA \u010cELADA BUMP-HDPE W - AndPro","robots":{"index":"index","follow":"follow","max-snippet":"max-snippet:-1","max-image-preview":"max-image-preview:large","max-video-preview":"max-video-preview:-1"},"canonical":"https:\/\/andpro.net\/hr\/product\/reis-lahka-industrijska-celada-bump-hdpe-w\/","og_locale":"hr_HR","og_type":"article","og_title":"REIS LAHKA INDUSTRIJSKA \u010cELADA BUMP-HDPE W","og_description":"Industrijska lahka \u010delada BUMP-HDPE. &#8211; iz HDPE &#8211; nastavitev v obsegu glavnega pasu v obmo\u010dju 52-60 cm, kar omogo\u010da prilagajanje \u010delade glavi &#8211; zagotavlja osnovno za\u0161\u010dito glave pred udarci ob trde, trdne predmete dolo\u010dene ostrine, ki lahko povzro\u010dijo po\u0161kodbe ali druge povr\u0161inske po\u0161kodbe &#8211; 4-to\u010dkovno tekstilno vzmetenje &#8211; \u0161koljka \u010delade z prezra\u010devalnimi odprtinami &#8211; ustreza [&hellip;]","og_url":"https:\/\/andpro.net\/hr\/product\/reis-lahka-industrijska-celada-bump-hdpe-w\/","og_site_name":"AndPro","article_modified_time":"2025-07-20T12:29:27+00:00","og_image":[{"width":851,"height":1024,"url":"https:\/\/andpro.net\/wp-content\/uploads\/2023\/12\/0058055232.jpg","type":"image\/jpeg"}],"twitter_card":"summary_large_image","twitter_misc":{"Procijenjeno vrijeme \u010ditanja":"1 minuta"},"schema":{"@context":"https:\/\/schema.org","@graph":[{"@type":"WebPage","@id":"https:\/\/andpro.net\/product\/reis-lahka-industrijska-celada-bump-hdpe-w\/","url":"https:\/\/andpro.net\/product\/reis-lahka-industrijska-celada-bump-hdpe-w\/","name":"REIS LAHKA INDUSTRIJSKA \u010cELADA BUMP-HDPE W - AndPro","isPartOf":{"@id":"https:\/\/andpro.net\/de\/#website"},"primaryImageOfPage":{"@id":"https:\/\/andpro.net\/product\/reis-lahka-industrijska-celada-bump-hdpe-w\/#primaryimage"},"image":{"@id":"https:\/\/andpro.net\/product\/reis-lahka-industrijska-celada-bump-hdpe-w\/#primaryimage"},"thumbnailUrl":"https:\/\/andpro.net\/wp-content\/uploads\/2023\/12\/0058055232.jpg","datePublished":"2023-12-18T10:52:17+00:00","dateModified":"2025-07-20T12:29:27+00:00","breadcrumb":{"@id":"https:\/\/andpro.net\/product\/reis-lahka-industrijska-celada-bump-hdpe-w\/#breadcrumb"},"inLanguage":"hr","potentialAction":[{"@type":"ReadAction","target":["https:\/\/andpro.net\/product\/reis-lahka-industrijska-celada-bump-hdpe-w\/"]}]},{"@type":"ImageObject","inLanguage":"hr","@id":"https:\/\/andpro.net\/product\/reis-lahka-industrijska-celada-bump-hdpe-w\/#primaryimage","url":"https:\/\/andpro.net\/wp-content\/uploads\/2023\/12\/0058055232.jpg","contentUrl":"https:\/\/andpro.net\/wp-content\/uploads\/2023\/12\/0058055232.jpg","width":851,"height":1024,"caption":"983456"},{"@type":"BreadcrumbList","@id":"https:\/\/andpro.net\/product\/reis-lahka-industrijska-celada-bump-hdpe-w\/#breadcrumb","itemListElement":[{"@type":"ListItem","position":1,"name":"Home","item":"https:\/\/andpro.net\/"},{"@type":"ListItem","position":2,"name":"Shop","item":"https:\/\/andpro.net\/en\/shop\/"},{"@type":"ListItem","position":3,"name":"REIS LAHKA INDUSTRIJSKA \u010cELADA BUMP-HDPE W"}]},{"@type":"WebSite","@id":"https:\/\/andpro.net\/de\/#website","url":"https:\/\/andpro.net\/de\/","name":"AndPro","description":"The best decision","publisher":{"@id":"https:\/\/andpro.net\/de\/#organization"},"potentialAction":[{"@type":"SearchAction","target":{"@type":"EntryPoint","urlTemplate":"https:\/\/andpro.net\/de\/?s={search_term_string}"},"query-input":{"@type":"PropertyValueSpecification","valueRequired":true,"valueName":"search_term_string"}}],"inLanguage":"hr"},{"@type":"Organization","@id":"https:\/\/andpro.net\/de\/#organization","name":"AndPro","url":"https:\/\/andpro.net\/de\/","logo":{"@type":"ImageObject","inLanguage":"hr","@id":"https:\/\/andpro.net\/de\/#\/schema\/logo\/image\/","url":"https:\/\/andpro.net\/wp-content\/uploads\/2023\/11\/logo_fix.png","contentUrl":"https:\/\/andpro.net\/wp-content\/uploads\/2023\/11\/logo_fix.png","width":1244,"height":637,"caption":"AndPro"},"image":{"@id":"https:\/\/andpro.net\/de\/#\/schema\/logo\/image\/"}}]}},"_links":{"self":[{"href":"https:\/\/andpro.net\/hr\/wp-json\/wp\/v2\/product\/3554","targetHints":{"allow":["GET"]}}],"collection":[{"href":"https:\/\/andpro.net\/hr\/wp-json\/wp\/v2\/product"}],"about":[{"href":"https:\/\/andpro.net\/hr\/wp-json\/wp\/v2\/types\/product"}],"wp:featuredmedia":[{"embeddable":true,"href":"https:\/\/andpro.net\/hr\/wp-json\/wp\/v2\/media\/1637"}],"wp:attachment":[{"href":"https:\/\/andpro.net\/hr\/wp-json\/wp\/v2\/media?parent=3554"}],"wp:term":[{"taxonomy":"product_brand","embeddable":true,"href":"https:\/\/andpro.net\/hr\/wp-json\/wp\/v2\/product_brand?post=3554"},{"taxonomy":"product_cat","embeddable":true,"href":"https:\/\/andpro.net\/hr\/wp-json\/wp\/v2\/product_cat?post=3554"},{"taxonomy":"product_tag","embeddable":true,"href":"https:\/\/andpro.net\/hr\/wp-json\/wp\/v2\/product_tag?post=3554"}],"curies":[{"name":"wp","href":"https:\/\/api.w.org\/{rel}","templated":true}]}}