{"id":3556,"date":"2023-12-18T11:52:17","date_gmt":"2023-12-18T10:52:17","guid":{"rendered":"https:\/\/andpro.net\/product\/reis-zascitna-celada-univer-kas-w\/"},"modified":"2025-07-20T13:29:37","modified_gmt":"2025-07-20T12:29:37","slug":"reis-zascitna-celada-univer-kas-w","status":"publish","type":"product","link":"https:\/\/andpro.net\/hr\/product\/reis-zascitna-celada-univer-kas-w\/","title":{"rendered":"REIS ZA\u0160\u010cITNA \u010cELADA UNIVER-KAS W"},"content":{"rendered":"<p>Za\u0161\u010ditna \u010delada.<br \/>\n&#8211; material ohi\u0161ja: polipropilen<br \/>\n&#8211; material obe\u0161anja: polietilen<br \/>\n&#8211; nastavitev v obsegu glavnega pasu v razponu 55-62 cm, zahvaljujo\u010d \u010demur lahko \u010delado prilagodite obsegu glave<br \/>\n&#8211; mo\u017enost pritrditve traku za pritrditev pod brado<br \/>\n&#8211; trak za znoj v sprednjem delu<br \/>\n&#8211; 4-to\u010dkovno plasti\u010dno vzmetenje<br \/>\n&#8211; \u0161\u010diti glavo pred padajo\u010dimi predmeti pri delu, na primer na gradbi\u0161\u010du ali v tovarni<br \/>\n&#8211; prilagojeno za uporabo z dodatnimi dodatki, kot so: \u0161\u010ditniki za sluh, \u0161\u010ditniki za obraz<br \/>\n&#8211; za uporabo z dodatki: UNIVER-ADAPTER, UNIVER-DR\u017dALO, UNIVER-OSY, UNIVER-OTW, UNIVER-VIZIR, UNIVER-MRE\u017dICA, UNIVER-SEN\u010cILO, UNIVER-TRAK<br \/>\n&#8211; ustreza zahtevam standarda EN397<\/p>","protected":false},"excerpt":{"rendered":"<p>Za\u0161\u010ditna \u010delada. &#8211; material ohi\u0161ja: polipropilen &#8211; material obe\u0161anja: polietilen &#8211; nastavitev v obsegu glavnega pasu v razponu 55-62 cm, zahvaljujo\u010d \u010demur lahko \u010delado prilagodite obsegu glave &#8211; mo\u017enost pritrditve traku za pritrditev pod brado &#8211; trak za znoj v sprednjem delu &#8211; 4-to\u010dkovno plasti\u010dno vzmetenje &#8211; \u0161\u010diti glavo pred padajo\u010dimi predmeti pri delu, na [&hellip;]<\/p>","protected":false},"featured_media":1649,"template":"","meta":[],"product_brand":[105],"product_cat":[24,128],"product_tag":[],"class_list":{"0":"post-3556","1":"product","2":"type-product","3":"status-publish","4":"has-post-thumbnail","6":"product_brand-reis","7":"product_cat-zascita-glave","8":"product_cat-zascita-za-glavo","10":"first","11":"onbackorder","12":"taxable","13":"shipping-taxable","14":"purchasable","15":"product-type-variable"},"bundled_by":[],"bundle_stock_status":"onbackorder","bundle_stock_quantity":null,"bundle_virtual":false,"bundle_layout":"","bundle_add_to_cart_form_location":"","bundle_editable_in_cart":false,"bundle_sold_individually_context":"","bundle_item_grouping":"","bundle_min_size":"","bundle_max_size":"","bundle_price":[],"bundled_items":[],"bundle_sell_ids":[],"group_of_quantity":0,"min_quantity":0,"max_quantity":"","exclude_order_quantity_value_rules":"no","exclude_category_quantity_rules":"no","combine_variations":"no","yoast_head":"<!-- This site is optimized with the Yoast SEO Premium plugin v23.9 (Yoast SEO v27.3) - https:\/\/yoast.com\/product\/yoast-seo-premium-wordpress\/ -->\n<title>REIS ZA\u0160\u010cITNA \u010cELADA UNIVER-KAS W - AndPro<\/title>\n<meta name=\"robots\" content=\"index, follow, max-snippet:-1, max-image-preview:large, max-video-preview:-1\" \/>\n<link rel=\"canonical\" href=\"https:\/\/andpro.net\/hr\/product\/reis-zascitna-celada-univer-kas-w\/\" \/>\n<meta property=\"og:locale\" content=\"hr_HR\" \/>\n<meta property=\"og:type\" content=\"article\" \/>\n<meta property=\"og:title\" content=\"REIS ZA\u0160\u010cITNA \u010cELADA UNIVER-KAS W\" \/>\n<meta property=\"og:description\" content=\"Za\u0161\u010ditna \u010delada. &#8211; material ohi\u0161ja: polipropilen &#8211; material obe\u0161anja: polietilen &#8211; nastavitev v obsegu glavnega pasu v razponu 55-62 cm, zahvaljujo\u010d \u010demur lahko \u010delado prilagodite obsegu glave &#8211; mo\u017enost pritrditve traku za pritrditev pod brado &#8211; trak za znoj v sprednjem delu &#8211; 4-to\u010dkovno plasti\u010dno vzmetenje &#8211; \u0161\u010diti glavo pred padajo\u010dimi predmeti pri delu, na [&hellip;]\" \/>\n<meta property=\"og:url\" content=\"https:\/\/andpro.net\/hr\/product\/reis-zascitna-celada-univer-kas-w\/\" \/>\n<meta property=\"og:site_name\" content=\"AndPro\" \/>\n<meta property=\"article:modified_time\" content=\"2025-07-20T12:29:37+00:00\" \/>\n<meta property=\"og:image\" content=\"https:\/\/andpro.net\/wp-content\/uploads\/2023\/12\/0058706720.jpg\" \/>\n\t<meta property=\"og:image:width\" content=\"817\" \/>\n\t<meta property=\"og:image:height\" content=\"1024\" \/>\n\t<meta property=\"og:image:type\" content=\"image\/jpeg\" \/>\n<meta name=\"twitter:card\" content=\"summary_large_image\" \/>\n<meta name=\"twitter:label1\" content=\"Procijenjeno vrijeme \u010ditanja\" \/>\n\t<meta name=\"twitter:data1\" content=\"1 minuta\" \/>\n<script type=\"application\/ld+json\" class=\"yoast-schema-graph\">{\"@context\":\"https:\\\/\\\/schema.org\",\"@graph\":[{\"@type\":\"WebPage\",\"@id\":\"https:\\\/\\\/andpro.net\\\/product\\\/reis-zascitna-celada-univer-kas-w\\\/\",\"url\":\"https:\\\/\\\/andpro.net\\\/product\\\/reis-zascitna-celada-univer-kas-w\\\/\",\"name\":\"REIS ZA\u0160\u010cITNA \u010cELADA UNIVER-KAS W - AndPro\",\"isPartOf\":{\"@id\":\"https:\\\/\\\/andpro.net\\\/de\\\/#website\"},\"primaryImageOfPage\":{\"@id\":\"https:\\\/\\\/andpro.net\\\/product\\\/reis-zascitna-celada-univer-kas-w\\\/#primaryimage\"},\"image\":{\"@id\":\"https:\\\/\\\/andpro.net\\\/product\\\/reis-zascitna-celada-univer-kas-w\\\/#primaryimage\"},\"thumbnailUrl\":\"https:\\\/\\\/andpro.net\\\/wp-content\\\/uploads\\\/2023\\\/12\\\/0058706720.jpg\",\"datePublished\":\"2023-12-18T10:52:17+00:00\",\"dateModified\":\"2025-07-20T12:29:37+00:00\",\"breadcrumb\":{\"@id\":\"https:\\\/\\\/andpro.net\\\/product\\\/reis-zascitna-celada-univer-kas-w\\\/#breadcrumb\"},\"inLanguage\":\"hr\",\"potentialAction\":[{\"@type\":\"ReadAction\",\"target\":[\"https:\\\/\\\/andpro.net\\\/product\\\/reis-zascitna-celada-univer-kas-w\\\/\"]}]},{\"@type\":\"ImageObject\",\"inLanguage\":\"hr\",\"@id\":\"https:\\\/\\\/andpro.net\\\/product\\\/reis-zascitna-celada-univer-kas-w\\\/#primaryimage\",\"url\":\"https:\\\/\\\/andpro.net\\\/wp-content\\\/uploads\\\/2023\\\/12\\\/0058706720.jpg\",\"contentUrl\":\"https:\\\/\\\/andpro.net\\\/wp-content\\\/uploads\\\/2023\\\/12\\\/0058706720.jpg\",\"width\":817,\"height\":1024,\"caption\":\"37410096\"},{\"@type\":\"BreadcrumbList\",\"@id\":\"https:\\\/\\\/andpro.net\\\/product\\\/reis-zascitna-celada-univer-kas-w\\\/#breadcrumb\",\"itemListElement\":[{\"@type\":\"ListItem\",\"position\":1,\"name\":\"Home\",\"item\":\"https:\\\/\\\/andpro.net\\\/\"},{\"@type\":\"ListItem\",\"position\":2,\"name\":\"Shop\",\"item\":\"https:\\\/\\\/andpro.net\\\/en\\\/shop\\\/\"},{\"@type\":\"ListItem\",\"position\":3,\"name\":\"REIS ZA\u0160\u010cITNA \u010cELADA UNIVER-KAS W\"}]},{\"@type\":\"WebSite\",\"@id\":\"https:\\\/\\\/andpro.net\\\/de\\\/#website\",\"url\":\"https:\\\/\\\/andpro.net\\\/de\\\/\",\"name\":\"AndPro\",\"description\":\"The best decision\",\"publisher\":{\"@id\":\"https:\\\/\\\/andpro.net\\\/de\\\/#organization\"},\"potentialAction\":[{\"@type\":\"SearchAction\",\"target\":{\"@type\":\"EntryPoint\",\"urlTemplate\":\"https:\\\/\\\/andpro.net\\\/de\\\/?s={search_term_string}\"},\"query-input\":{\"@type\":\"PropertyValueSpecification\",\"valueRequired\":true,\"valueName\":\"search_term_string\"}}],\"inLanguage\":\"hr\"},{\"@type\":\"Organization\",\"@id\":\"https:\\\/\\\/andpro.net\\\/de\\\/#organization\",\"name\":\"AndPro\",\"url\":\"https:\\\/\\\/andpro.net\\\/de\\\/\",\"logo\":{\"@type\":\"ImageObject\",\"inLanguage\":\"hr\",\"@id\":\"https:\\\/\\\/andpro.net\\\/de\\\/#\\\/schema\\\/logo\\\/image\\\/\",\"url\":\"https:\\\/\\\/andpro.net\\\/wp-content\\\/uploads\\\/2023\\\/11\\\/logo_fix.png\",\"contentUrl\":\"https:\\\/\\\/andpro.net\\\/wp-content\\\/uploads\\\/2023\\\/11\\\/logo_fix.png\",\"width\":1244,\"height\":637,\"caption\":\"AndPro\"},\"image\":{\"@id\":\"https:\\\/\\\/andpro.net\\\/de\\\/#\\\/schema\\\/logo\\\/image\\\/\"}}]}<\/script>\n<!-- \/ Yoast SEO Premium plugin. -->","yoast_head_json":{"title":"REIS ZA\u0160\u010cITNA \u010cELADA UNIVER-KAS W - AndPro","robots":{"index":"index","follow":"follow","max-snippet":"max-snippet:-1","max-image-preview":"max-image-preview:large","max-video-preview":"max-video-preview:-1"},"canonical":"https:\/\/andpro.net\/hr\/product\/reis-zascitna-celada-univer-kas-w\/","og_locale":"hr_HR","og_type":"article","og_title":"REIS ZA\u0160\u010cITNA \u010cELADA UNIVER-KAS W","og_description":"Za\u0161\u010ditna \u010delada. &#8211; material ohi\u0161ja: polipropilen &#8211; material obe\u0161anja: polietilen &#8211; nastavitev v obsegu glavnega pasu v razponu 55-62 cm, zahvaljujo\u010d \u010demur lahko \u010delado prilagodite obsegu glave &#8211; mo\u017enost pritrditve traku za pritrditev pod brado &#8211; trak za znoj v sprednjem delu &#8211; 4-to\u010dkovno plasti\u010dno vzmetenje &#8211; \u0161\u010diti glavo pred padajo\u010dimi predmeti pri delu, na [&hellip;]","og_url":"https:\/\/andpro.net\/hr\/product\/reis-zascitna-celada-univer-kas-w\/","og_site_name":"AndPro","article_modified_time":"2025-07-20T12:29:37+00:00","og_image":[{"width":817,"height":1024,"url":"https:\/\/andpro.net\/wp-content\/uploads\/2023\/12\/0058706720.jpg","type":"image\/jpeg"}],"twitter_card":"summary_large_image","twitter_misc":{"Procijenjeno vrijeme \u010ditanja":"1 minuta"},"schema":{"@context":"https:\/\/schema.org","@graph":[{"@type":"WebPage","@id":"https:\/\/andpro.net\/product\/reis-zascitna-celada-univer-kas-w\/","url":"https:\/\/andpro.net\/product\/reis-zascitna-celada-univer-kas-w\/","name":"REIS ZA\u0160\u010cITNA \u010cELADA UNIVER-KAS W - AndPro","isPartOf":{"@id":"https:\/\/andpro.net\/de\/#website"},"primaryImageOfPage":{"@id":"https:\/\/andpro.net\/product\/reis-zascitna-celada-univer-kas-w\/#primaryimage"},"image":{"@id":"https:\/\/andpro.net\/product\/reis-zascitna-celada-univer-kas-w\/#primaryimage"},"thumbnailUrl":"https:\/\/andpro.net\/wp-content\/uploads\/2023\/12\/0058706720.jpg","datePublished":"2023-12-18T10:52:17+00:00","dateModified":"2025-07-20T12:29:37+00:00","breadcrumb":{"@id":"https:\/\/andpro.net\/product\/reis-zascitna-celada-univer-kas-w\/#breadcrumb"},"inLanguage":"hr","potentialAction":[{"@type":"ReadAction","target":["https:\/\/andpro.net\/product\/reis-zascitna-celada-univer-kas-w\/"]}]},{"@type":"ImageObject","inLanguage":"hr","@id":"https:\/\/andpro.net\/product\/reis-zascitna-celada-univer-kas-w\/#primaryimage","url":"https:\/\/andpro.net\/wp-content\/uploads\/2023\/12\/0058706720.jpg","contentUrl":"https:\/\/andpro.net\/wp-content\/uploads\/2023\/12\/0058706720.jpg","width":817,"height":1024,"caption":"37410096"},{"@type":"BreadcrumbList","@id":"https:\/\/andpro.net\/product\/reis-zascitna-celada-univer-kas-w\/#breadcrumb","itemListElement":[{"@type":"ListItem","position":1,"name":"Home","item":"https:\/\/andpro.net\/"},{"@type":"ListItem","position":2,"name":"Shop","item":"https:\/\/andpro.net\/en\/shop\/"},{"@type":"ListItem","position":3,"name":"REIS ZA\u0160\u010cITNA \u010cELADA UNIVER-KAS W"}]},{"@type":"WebSite","@id":"https:\/\/andpro.net\/de\/#website","url":"https:\/\/andpro.net\/de\/","name":"AndPro","description":"The best decision","publisher":{"@id":"https:\/\/andpro.net\/de\/#organization"},"potentialAction":[{"@type":"SearchAction","target":{"@type":"EntryPoint","urlTemplate":"https:\/\/andpro.net\/de\/?s={search_term_string}"},"query-input":{"@type":"PropertyValueSpecification","valueRequired":true,"valueName":"search_term_string"}}],"inLanguage":"hr"},{"@type":"Organization","@id":"https:\/\/andpro.net\/de\/#organization","name":"AndPro","url":"https:\/\/andpro.net\/de\/","logo":{"@type":"ImageObject","inLanguage":"hr","@id":"https:\/\/andpro.net\/de\/#\/schema\/logo\/image\/","url":"https:\/\/andpro.net\/wp-content\/uploads\/2023\/11\/logo_fix.png","contentUrl":"https:\/\/andpro.net\/wp-content\/uploads\/2023\/11\/logo_fix.png","width":1244,"height":637,"caption":"AndPro"},"image":{"@id":"https:\/\/andpro.net\/de\/#\/schema\/logo\/image\/"}}]}},"_links":{"self":[{"href":"https:\/\/andpro.net\/hr\/wp-json\/wp\/v2\/product\/3556","targetHints":{"allow":["GET"]}}],"collection":[{"href":"https:\/\/andpro.net\/hr\/wp-json\/wp\/v2\/product"}],"about":[{"href":"https:\/\/andpro.net\/hr\/wp-json\/wp\/v2\/types\/product"}],"wp:featuredmedia":[{"embeddable":true,"href":"https:\/\/andpro.net\/hr\/wp-json\/wp\/v2\/media\/1649"}],"wp:attachment":[{"href":"https:\/\/andpro.net\/hr\/wp-json\/wp\/v2\/media?parent=3556"}],"wp:term":[{"taxonomy":"product_brand","embeddable":true,"href":"https:\/\/andpro.net\/hr\/wp-json\/wp\/v2\/product_brand?post=3556"},{"taxonomy":"product_cat","embeddable":true,"href":"https:\/\/andpro.net\/hr\/wp-json\/wp\/v2\/product_cat?post=3556"},{"taxonomy":"product_tag","embeddable":true,"href":"https:\/\/andpro.net\/hr\/wp-json\/wp\/v2\/product_tag?post=3556"}],"curies":[{"name":"wp","href":"https:\/\/api.w.org\/{rel}","templated":true}]}}