{"id":3562,"date":"2023-12-18T11:52:27","date_gmt":"2023-12-18T10:52:27","guid":{"rendered":"https:\/\/andpro.net\/product\/uvex-zascitna-celada-ux-kas-pheos-b\/"},"modified":"2025-07-20T13:28:02","modified_gmt":"2025-07-20T12:28:02","slug":"uvex-zascitna-celada-ux-kas-pheos-b","status":"publish","type":"product","link":"https:\/\/andpro.net\/hr\/product\/uvex-zascitna-celada-ux-kas-pheos-b\/","title":{"rendered":"UVEX ZA\u0160\u010cITNA \u010cELADA UX-KAS-PHEOS B"},"content":{"rendered":"<p>PHEOS B-WR za\u0161\u010ditna \u010delada<br \/>\n&#8211; iz HDPE<br \/>\n&#8211; lu\u010d \u0161portnega videza zagotavlja uporabniku maksimalno udobje zahvaljujo\u010d prezra\u010devalnim luknjam climazone in nastavljivi 3D notranjosti<br \/>\n&#8211; pas z gumbom, ki omogo\u010da prilagajanje \u0161irine za zagotavljanje individualnega prileganja<br \/>\n&#8211; zagotavlja za\u0161\u010dito tudi pri zelo ekstremno nizkih temperaturah do -30\u00b0C<br \/>\n&#8211; obseg nastavitve velikosti: 52-61 cm<br \/>\n&#8211; ustreza zahtevam standarda EN397<\/p>","protected":false},"excerpt":{"rendered":"<p>PHEOS B-WR za\u0161\u010ditna \u010delada &#8211; iz HDPE &#8211; lu\u010d \u0161portnega videza zagotavlja uporabniku maksimalno udobje zahvaljujo\u010d prezra\u010devalnim luknjam climazone in nastavljivi 3D notranjosti &#8211; pas z gumbom, ki omogo\u010da prilagajanje \u0161irine za zagotavljanje individualnega prileganja &#8211; zagotavlja za\u0161\u010dito tudi pri zelo ekstremno nizkih temperaturah do -30\u00b0C &#8211; obseg nastavitve velikosti: 52-61 cm &#8211; ustreza zahtevam [&hellip;]<\/p>","protected":false},"featured_media":1686,"template":"","meta":[],"product_brand":[126],"product_cat":[24,128],"product_tag":[],"class_list":{"0":"post-3562","1":"product","2":"type-product","3":"status-publish","4":"has-post-thumbnail","6":"product_brand-uvex","7":"product_cat-zascita-glave","8":"product_cat-zascita-za-glavo","10":"first","11":"onbackorder","12":"taxable","13":"shipping-taxable","14":"purchasable","15":"product-type-variable"},"bundled_by":[],"bundle_stock_status":"onbackorder","bundle_stock_quantity":null,"bundle_virtual":false,"bundle_layout":"","bundle_add_to_cart_form_location":"","bundle_editable_in_cart":false,"bundle_sold_individually_context":"","bundle_item_grouping":"","bundle_min_size":"","bundle_max_size":"","bundle_price":[],"bundled_items":[],"bundle_sell_ids":[],"group_of_quantity":0,"min_quantity":0,"max_quantity":"","exclude_order_quantity_value_rules":"no","exclude_category_quantity_rules":"no","combine_variations":"no","yoast_head":"<!-- This site is optimized with the Yoast SEO Premium plugin v23.9 (Yoast SEO v27.3) - https:\/\/yoast.com\/product\/yoast-seo-premium-wordpress\/ -->\n<title>UVEX ZA\u0160\u010cITNA \u010cELADA UX-KAS-PHEOS B - AndPro<\/title>\n<meta name=\"robots\" content=\"index, follow, max-snippet:-1, max-image-preview:large, max-video-preview:-1\" \/>\n<link rel=\"canonical\" href=\"https:\/\/andpro.net\/hr\/product\/uvex-zascitna-celada-ux-kas-pheos-b\/\" \/>\n<meta property=\"og:locale\" content=\"hr_HR\" \/>\n<meta property=\"og:type\" content=\"article\" \/>\n<meta property=\"og:title\" content=\"UVEX ZA\u0160\u010cITNA \u010cELADA UX-KAS-PHEOS B\" \/>\n<meta property=\"og:description\" content=\"PHEOS B-WR za\u0161\u010ditna \u010delada &#8211; iz HDPE &#8211; lu\u010d \u0161portnega videza zagotavlja uporabniku maksimalno udobje zahvaljujo\u010d prezra\u010devalnim luknjam climazone in nastavljivi 3D notranjosti &#8211; pas z gumbom, ki omogo\u010da prilagajanje \u0161irine za zagotavljanje individualnega prileganja &#8211; zagotavlja za\u0161\u010dito tudi pri zelo ekstremno nizkih temperaturah do -30\u00b0C &#8211; obseg nastavitve velikosti: 52-61 cm &#8211; ustreza zahtevam [&hellip;]\" \/>\n<meta property=\"og:url\" content=\"https:\/\/andpro.net\/hr\/product\/uvex-zascitna-celada-ux-kas-pheos-b\/\" \/>\n<meta property=\"og:site_name\" content=\"AndPro\" \/>\n<meta property=\"article:modified_time\" content=\"2025-07-20T12:28:02+00:00\" \/>\n<meta property=\"og:image\" content=\"https:\/\/andpro.net\/wp-content\/uploads\/2023\/12\/0058712112.jpg\" \/>\n\t<meta property=\"og:image:width\" content=\"1024\" \/>\n\t<meta property=\"og:image:height\" content=\"716\" \/>\n\t<meta property=\"og:image:type\" content=\"image\/jpeg\" \/>\n<meta name=\"twitter:card\" content=\"summary_large_image\" \/>\n<meta name=\"twitter:label1\" content=\"Procijenjeno vrijeme \u010ditanja\" \/>\n\t<meta name=\"twitter:data1\" content=\"1 minuta\" \/>\n<script type=\"application\/ld+json\" class=\"yoast-schema-graph\">{\"@context\":\"https:\\\/\\\/schema.org\",\"@graph\":[{\"@type\":\"WebPage\",\"@id\":\"https:\\\/\\\/andpro.net\\\/product\\\/uvex-zascitna-celada-ux-kas-pheos-b\\\/\",\"url\":\"https:\\\/\\\/andpro.net\\\/product\\\/uvex-zascitna-celada-ux-kas-pheos-b\\\/\",\"name\":\"UVEX ZA\u0160\u010cITNA \u010cELADA UX-KAS-PHEOS B - AndPro\",\"isPartOf\":{\"@id\":\"https:\\\/\\\/andpro.net\\\/de\\\/#website\"},\"primaryImageOfPage\":{\"@id\":\"https:\\\/\\\/andpro.net\\\/product\\\/uvex-zascitna-celada-ux-kas-pheos-b\\\/#primaryimage\"},\"image\":{\"@id\":\"https:\\\/\\\/andpro.net\\\/product\\\/uvex-zascitna-celada-ux-kas-pheos-b\\\/#primaryimage\"},\"thumbnailUrl\":\"https:\\\/\\\/andpro.net\\\/wp-content\\\/uploads\\\/2023\\\/12\\\/0058712112.jpg\",\"datePublished\":\"2023-12-18T10:52:27+00:00\",\"dateModified\":\"2025-07-20T12:28:02+00:00\",\"breadcrumb\":{\"@id\":\"https:\\\/\\\/andpro.net\\\/product\\\/uvex-zascitna-celada-ux-kas-pheos-b\\\/#breadcrumb\"},\"inLanguage\":\"hr\",\"potentialAction\":[{\"@type\":\"ReadAction\",\"target\":[\"https:\\\/\\\/andpro.net\\\/product\\\/uvex-zascitna-celada-ux-kas-pheos-b\\\/\"]}]},{\"@type\":\"ImageObject\",\"inLanguage\":\"hr\",\"@id\":\"https:\\\/\\\/andpro.net\\\/product\\\/uvex-zascitna-celada-ux-kas-pheos-b\\\/#primaryimage\",\"url\":\"https:\\\/\\\/andpro.net\\\/wp-content\\\/uploads\\\/2023\\\/12\\\/0058712112.jpg\",\"contentUrl\":\"https:\\\/\\\/andpro.net\\\/wp-content\\\/uploads\\\/2023\\\/12\\\/0058712112.jpg\",\"width\":1024,\"height\":716,\"caption\":\"25358160\"},{\"@type\":\"BreadcrumbList\",\"@id\":\"https:\\\/\\\/andpro.net\\\/product\\\/uvex-zascitna-celada-ux-kas-pheos-b\\\/#breadcrumb\",\"itemListElement\":[{\"@type\":\"ListItem\",\"position\":1,\"name\":\"Home\",\"item\":\"https:\\\/\\\/andpro.net\\\/\"},{\"@type\":\"ListItem\",\"position\":2,\"name\":\"Shop\",\"item\":\"https:\\\/\\\/andpro.net\\\/en\\\/shop\\\/\"},{\"@type\":\"ListItem\",\"position\":3,\"name\":\"UVEX ZA\u0160\u010cITNA \u010cELADA UX-KAS-PHEOS B\"}]},{\"@type\":\"WebSite\",\"@id\":\"https:\\\/\\\/andpro.net\\\/de\\\/#website\",\"url\":\"https:\\\/\\\/andpro.net\\\/de\\\/\",\"name\":\"AndPro\",\"description\":\"The best decision\",\"publisher\":{\"@id\":\"https:\\\/\\\/andpro.net\\\/de\\\/#organization\"},\"potentialAction\":[{\"@type\":\"SearchAction\",\"target\":{\"@type\":\"EntryPoint\",\"urlTemplate\":\"https:\\\/\\\/andpro.net\\\/de\\\/?s={search_term_string}\"},\"query-input\":{\"@type\":\"PropertyValueSpecification\",\"valueRequired\":true,\"valueName\":\"search_term_string\"}}],\"inLanguage\":\"hr\"},{\"@type\":\"Organization\",\"@id\":\"https:\\\/\\\/andpro.net\\\/de\\\/#organization\",\"name\":\"AndPro\",\"url\":\"https:\\\/\\\/andpro.net\\\/de\\\/\",\"logo\":{\"@type\":\"ImageObject\",\"inLanguage\":\"hr\",\"@id\":\"https:\\\/\\\/andpro.net\\\/de\\\/#\\\/schema\\\/logo\\\/image\\\/\",\"url\":\"https:\\\/\\\/andpro.net\\\/wp-content\\\/uploads\\\/2023\\\/11\\\/logo_fix.png\",\"contentUrl\":\"https:\\\/\\\/andpro.net\\\/wp-content\\\/uploads\\\/2023\\\/11\\\/logo_fix.png\",\"width\":1244,\"height\":637,\"caption\":\"AndPro\"},\"image\":{\"@id\":\"https:\\\/\\\/andpro.net\\\/de\\\/#\\\/schema\\\/logo\\\/image\\\/\"}}]}<\/script>\n<!-- \/ Yoast SEO Premium plugin. -->","yoast_head_json":{"title":"UVEX ZA\u0160\u010cITNA \u010cELADA UX-KAS-PHEOS B - AndPro","robots":{"index":"index","follow":"follow","max-snippet":"max-snippet:-1","max-image-preview":"max-image-preview:large","max-video-preview":"max-video-preview:-1"},"canonical":"https:\/\/andpro.net\/hr\/product\/uvex-zascitna-celada-ux-kas-pheos-b\/","og_locale":"hr_HR","og_type":"article","og_title":"UVEX ZA\u0160\u010cITNA \u010cELADA UX-KAS-PHEOS B","og_description":"PHEOS B-WR za\u0161\u010ditna \u010delada &#8211; iz HDPE &#8211; lu\u010d \u0161portnega videza zagotavlja uporabniku maksimalno udobje zahvaljujo\u010d prezra\u010devalnim luknjam climazone in nastavljivi 3D notranjosti &#8211; pas z gumbom, ki omogo\u010da prilagajanje \u0161irine za zagotavljanje individualnega prileganja &#8211; zagotavlja za\u0161\u010dito tudi pri zelo ekstremno nizkih temperaturah do -30\u00b0C &#8211; obseg nastavitve velikosti: 52-61 cm &#8211; ustreza zahtevam [&hellip;]","og_url":"https:\/\/andpro.net\/hr\/product\/uvex-zascitna-celada-ux-kas-pheos-b\/","og_site_name":"AndPro","article_modified_time":"2025-07-20T12:28:02+00:00","og_image":[{"width":1024,"height":716,"url":"https:\/\/andpro.net\/wp-content\/uploads\/2023\/12\/0058712112.jpg","type":"image\/jpeg"}],"twitter_card":"summary_large_image","twitter_misc":{"Procijenjeno vrijeme \u010ditanja":"1 minuta"},"schema":{"@context":"https:\/\/schema.org","@graph":[{"@type":"WebPage","@id":"https:\/\/andpro.net\/product\/uvex-zascitna-celada-ux-kas-pheos-b\/","url":"https:\/\/andpro.net\/product\/uvex-zascitna-celada-ux-kas-pheos-b\/","name":"UVEX ZA\u0160\u010cITNA \u010cELADA UX-KAS-PHEOS B - AndPro","isPartOf":{"@id":"https:\/\/andpro.net\/de\/#website"},"primaryImageOfPage":{"@id":"https:\/\/andpro.net\/product\/uvex-zascitna-celada-ux-kas-pheos-b\/#primaryimage"},"image":{"@id":"https:\/\/andpro.net\/product\/uvex-zascitna-celada-ux-kas-pheos-b\/#primaryimage"},"thumbnailUrl":"https:\/\/andpro.net\/wp-content\/uploads\/2023\/12\/0058712112.jpg","datePublished":"2023-12-18T10:52:27+00:00","dateModified":"2025-07-20T12:28:02+00:00","breadcrumb":{"@id":"https:\/\/andpro.net\/product\/uvex-zascitna-celada-ux-kas-pheos-b\/#breadcrumb"},"inLanguage":"hr","potentialAction":[{"@type":"ReadAction","target":["https:\/\/andpro.net\/product\/uvex-zascitna-celada-ux-kas-pheos-b\/"]}]},{"@type":"ImageObject","inLanguage":"hr","@id":"https:\/\/andpro.net\/product\/uvex-zascitna-celada-ux-kas-pheos-b\/#primaryimage","url":"https:\/\/andpro.net\/wp-content\/uploads\/2023\/12\/0058712112.jpg","contentUrl":"https:\/\/andpro.net\/wp-content\/uploads\/2023\/12\/0058712112.jpg","width":1024,"height":716,"caption":"25358160"},{"@type":"BreadcrumbList","@id":"https:\/\/andpro.net\/product\/uvex-zascitna-celada-ux-kas-pheos-b\/#breadcrumb","itemListElement":[{"@type":"ListItem","position":1,"name":"Home","item":"https:\/\/andpro.net\/"},{"@type":"ListItem","position":2,"name":"Shop","item":"https:\/\/andpro.net\/en\/shop\/"},{"@type":"ListItem","position":3,"name":"UVEX ZA\u0160\u010cITNA \u010cELADA UX-KAS-PHEOS B"}]},{"@type":"WebSite","@id":"https:\/\/andpro.net\/de\/#website","url":"https:\/\/andpro.net\/de\/","name":"AndPro","description":"The best decision","publisher":{"@id":"https:\/\/andpro.net\/de\/#organization"},"potentialAction":[{"@type":"SearchAction","target":{"@type":"EntryPoint","urlTemplate":"https:\/\/andpro.net\/de\/?s={search_term_string}"},"query-input":{"@type":"PropertyValueSpecification","valueRequired":true,"valueName":"search_term_string"}}],"inLanguage":"hr"},{"@type":"Organization","@id":"https:\/\/andpro.net\/de\/#organization","name":"AndPro","url":"https:\/\/andpro.net\/de\/","logo":{"@type":"ImageObject","inLanguage":"hr","@id":"https:\/\/andpro.net\/de\/#\/schema\/logo\/image\/","url":"https:\/\/andpro.net\/wp-content\/uploads\/2023\/11\/logo_fix.png","contentUrl":"https:\/\/andpro.net\/wp-content\/uploads\/2023\/11\/logo_fix.png","width":1244,"height":637,"caption":"AndPro"},"image":{"@id":"https:\/\/andpro.net\/de\/#\/schema\/logo\/image\/"}}]}},"_links":{"self":[{"href":"https:\/\/andpro.net\/hr\/wp-json\/wp\/v2\/product\/3562","targetHints":{"allow":["GET"]}}],"collection":[{"href":"https:\/\/andpro.net\/hr\/wp-json\/wp\/v2\/product"}],"about":[{"href":"https:\/\/andpro.net\/hr\/wp-json\/wp\/v2\/types\/product"}],"wp:featuredmedia":[{"embeddable":true,"href":"https:\/\/andpro.net\/hr\/wp-json\/wp\/v2\/media\/1686"}],"wp:attachment":[{"href":"https:\/\/andpro.net\/hr\/wp-json\/wp\/v2\/media?parent=3562"}],"wp:term":[{"taxonomy":"product_brand","embeddable":true,"href":"https:\/\/andpro.net\/hr\/wp-json\/wp\/v2\/product_brand?post=3562"},{"taxonomy":"product_cat","embeddable":true,"href":"https:\/\/andpro.net\/hr\/wp-json\/wp\/v2\/product_cat?post=3562"},{"taxonomy":"product_tag","embeddable":true,"href":"https:\/\/andpro.net\/hr\/wp-json\/wp\/v2\/product_tag?post=3562"}],"curies":[{"name":"wp","href":"https:\/\/api.w.org\/{rel}","templated":true}]}}