{"id":3610,"date":"2023-12-18T11:52:57","date_gmt":"2023-12-18T10:52:57","guid":{"rendered":"https:\/\/andpro.net\/product\/l-hollman-zascitne-hlace-lh-strada-t-yp\/"},"modified":"2025-07-20T13:26:48","modified_gmt":"2025-07-20T12:26:48","slug":"l-hollman-zascitne-hlace-lh-strada-t-yp","status":"publish","type":"product","link":"https:\/\/andpro.net\/hr\/product\/l-hollman-zascitne-hlace-lh-strada-t-yp\/","title":{"rendered":"L.HOLLMAN PODLO\u017dENE ZA\u0160\u010cITNE HLA\u010cE LH-STRADA-T YP"},"content":{"rendered":"<p>STRADA podlo\u017eene za\u0161\u010ditne delavske hla\u010de, tkane.<\/p>\n<p>&#8211; premaz 100% OXFORD 300D poliester, gramatura 170 g\/m2, premazan s poliuretanom<br \/>\n&#8211; podloga 100% poliester, gramatura 100 g\/m2<br \/>\n&#8211; podloga 100% poliester taft 190T, te\u017ea 60 g\/m2<br \/>\n&#8211; zapenjanje z gumbom in zadrgo<br \/>\n&#8211; dva stranska \u017eepa<br \/>\n&#8211; dva zadnja \u017eepa, ki se zapenjata z je\u017ekom<br \/>\n&#8211; \u0161tirje \u017eepi na nogah, vklju\u010dno z dvema z je\u017ekom<br \/>\n&#8211; konica za pritrditev klju\u010dev<br \/>\n&#8211; epi na kolenih za \u0161\u010ditnike kolen<br \/>\n&#8211; izpolnjujejo zahteve EN ISO 20471 (razred 2), EN14058 in EN ISO 13688<\/p>","protected":false},"excerpt":{"rendered":"<p>STRADA podlo\u017eene za\u0161\u010ditne delavske hla\u010de, tkane. &#8211; premaz 100% OXFORD 300D poliester, gramatura 170 g\/m2, premazan s poliuretanom &#8211; podloga 100% poliester, gramatura 100 g\/m2 &#8211; podloga 100% poliester taft 190T, te\u017ea 60 g\/m2 &#8211; zapenjanje z gumbom in zadrgo &#8211; dva stranska \u017eepa &#8211; dva zadnja \u017eepa, ki se zapenjata z je\u017ekom &#8211; \u0161tirje [&hellip;]<\/p>","protected":false},"featured_media":1727,"template":"","meta":[],"product_brand":[116],"product_cat":[41,117],"product_tag":[],"class_list":{"0":"post-3610","1":"product","2":"type-product","3":"status-publish","4":"has-post-thumbnail","6":"product_brand-l-hollman","7":"product_cat-hlace","8":"product_cat-zascita-telesa","10":"first","11":"onbackorder","12":"taxable","13":"shipping-taxable","14":"purchasable","15":"product-type-variable"},"bundled_by":["3091"],"bundle_stock_status":"onbackorder","bundle_stock_quantity":null,"bundle_virtual":false,"bundle_layout":"","bundle_add_to_cart_form_location":"","bundle_editable_in_cart":false,"bundle_sold_individually_context":"","bundle_item_grouping":"","bundle_min_size":"","bundle_max_size":"","bundle_price":[],"bundled_items":[],"bundle_sell_ids":[],"group_of_quantity":0,"min_quantity":0,"max_quantity":"","exclude_order_quantity_value_rules":"no","exclude_category_quantity_rules":"no","combine_variations":"no","yoast_head":"<!-- This site is optimized with the Yoast SEO Premium plugin v23.9 (Yoast SEO v27.3) - https:\/\/yoast.com\/product\/yoast-seo-premium-wordpress\/ -->\n<title>L.HOLLMAN PODLO\u017dENE ZA\u0160\u010cITNE HLA\u010cE LH-STRADA-T YP - AndPro<\/title>\n<meta name=\"robots\" content=\"index, follow, max-snippet:-1, max-image-preview:large, max-video-preview:-1\" \/>\n<link rel=\"canonical\" href=\"https:\/\/andpro.net\/hr\/product\/l-hollman-zascitne-hlace-lh-strada-t-yp\/\" \/>\n<meta property=\"og:locale\" content=\"hr_HR\" \/>\n<meta property=\"og:type\" content=\"article\" \/>\n<meta property=\"og:title\" content=\"L.HOLLMAN PODLO\u017dENE ZA\u0160\u010cITNE HLA\u010cE LH-STRADA-T YP\" \/>\n<meta property=\"og:description\" content=\"STRADA podlo\u017eene za\u0161\u010ditne delavske hla\u010de, tkane. &#8211; premaz 100% OXFORD 300D poliester, gramatura 170 g\/m2, premazan s poliuretanom &#8211; podloga 100% poliester, gramatura 100 g\/m2 &#8211; podloga 100% poliester taft 190T, te\u017ea 60 g\/m2 &#8211; zapenjanje z gumbom in zadrgo &#8211; dva stranska \u017eepa &#8211; dva zadnja \u017eepa, ki se zapenjata z je\u017ekom &#8211; \u0161tirje [&hellip;]\" \/>\n<meta property=\"og:url\" content=\"https:\/\/andpro.net\/hr\/product\/l-hollman-zascitne-hlace-lh-strada-t-yp\/\" \/>\n<meta property=\"og:site_name\" content=\"AndPro\" \/>\n<meta property=\"article:modified_time\" content=\"2025-07-20T12:26:48+00:00\" \/>\n<meta property=\"og:image\" content=\"https:\/\/andpro.net\/wp-content\/uploads\/2023\/12\/0047949392.jpg\" \/>\n\t<meta property=\"og:image:width\" content=\"591\" \/>\n\t<meta property=\"og:image:height\" content=\"1024\" \/>\n\t<meta property=\"og:image:type\" content=\"image\/jpeg\" \/>\n<meta name=\"twitter:card\" content=\"summary_large_image\" \/>\n<meta name=\"twitter:label1\" content=\"Procijenjeno vrijeme \u010ditanja\" \/>\n\t<meta name=\"twitter:data1\" content=\"1 minuta\" \/>\n<script type=\"application\/ld+json\" class=\"yoast-schema-graph\">{\"@context\":\"https:\\\/\\\/schema.org\",\"@graph\":[{\"@type\":\"WebPage\",\"@id\":\"https:\\\/\\\/andpro.net\\\/product\\\/l-hollman-zascitne-hlace-lh-strada-t-yp\\\/\",\"url\":\"https:\\\/\\\/andpro.net\\\/product\\\/l-hollman-zascitne-hlace-lh-strada-t-yp\\\/\",\"name\":\"L.HOLLMAN PODLO\u017dENE ZA\u0160\u010cITNE HLA\u010cE LH-STRADA-T YP - AndPro\",\"isPartOf\":{\"@id\":\"https:\\\/\\\/andpro.net\\\/de\\\/#website\"},\"primaryImageOfPage\":{\"@id\":\"https:\\\/\\\/andpro.net\\\/product\\\/l-hollman-zascitne-hlace-lh-strada-t-yp\\\/#primaryimage\"},\"image\":{\"@id\":\"https:\\\/\\\/andpro.net\\\/product\\\/l-hollman-zascitne-hlace-lh-strada-t-yp\\\/#primaryimage\"},\"thumbnailUrl\":\"https:\\\/\\\/andpro.net\\\/wp-content\\\/uploads\\\/2023\\\/12\\\/0047949392.jpg\",\"datePublished\":\"2023-12-18T10:52:57+00:00\",\"dateModified\":\"2025-07-20T12:26:48+00:00\",\"breadcrumb\":{\"@id\":\"https:\\\/\\\/andpro.net\\\/product\\\/l-hollman-zascitne-hlace-lh-strada-t-yp\\\/#breadcrumb\"},\"inLanguage\":\"hr\",\"potentialAction\":[{\"@type\":\"ReadAction\",\"target\":[\"https:\\\/\\\/andpro.net\\\/product\\\/l-hollman-zascitne-hlace-lh-strada-t-yp\\\/\"]}]},{\"@type\":\"ImageObject\",\"inLanguage\":\"hr\",\"@id\":\"https:\\\/\\\/andpro.net\\\/product\\\/l-hollman-zascitne-hlace-lh-strada-t-yp\\\/#primaryimage\",\"url\":\"https:\\\/\\\/andpro.net\\\/wp-content\\\/uploads\\\/2023\\\/12\\\/0047949392.jpg\",\"contentUrl\":\"https:\\\/\\\/andpro.net\\\/wp-content\\\/uploads\\\/2023\\\/12\\\/0047949392.jpg\",\"width\":591,\"height\":1024,\"caption\":\"35492768\"},{\"@type\":\"BreadcrumbList\",\"@id\":\"https:\\\/\\\/andpro.net\\\/product\\\/l-hollman-zascitne-hlace-lh-strada-t-yp\\\/#breadcrumb\",\"itemListElement\":[{\"@type\":\"ListItem\",\"position\":1,\"name\":\"Home\",\"item\":\"https:\\\/\\\/andpro.net\\\/\"},{\"@type\":\"ListItem\",\"position\":2,\"name\":\"Shop\",\"item\":\"https:\\\/\\\/andpro.net\\\/en\\\/shop\\\/\"},{\"@type\":\"ListItem\",\"position\":3,\"name\":\"L.HOLLMAN PODLO\u017dENE ZA\u0160\u010cITNE HLA\u010cE LH-STRADA-T YP\"}]},{\"@type\":\"WebSite\",\"@id\":\"https:\\\/\\\/andpro.net\\\/de\\\/#website\",\"url\":\"https:\\\/\\\/andpro.net\\\/de\\\/\",\"name\":\"AndPro\",\"description\":\"The best decision\",\"publisher\":{\"@id\":\"https:\\\/\\\/andpro.net\\\/de\\\/#organization\"},\"potentialAction\":[{\"@type\":\"SearchAction\",\"target\":{\"@type\":\"EntryPoint\",\"urlTemplate\":\"https:\\\/\\\/andpro.net\\\/de\\\/?s={search_term_string}\"},\"query-input\":{\"@type\":\"PropertyValueSpecification\",\"valueRequired\":true,\"valueName\":\"search_term_string\"}}],\"inLanguage\":\"hr\"},{\"@type\":\"Organization\",\"@id\":\"https:\\\/\\\/andpro.net\\\/de\\\/#organization\",\"name\":\"AndPro\",\"url\":\"https:\\\/\\\/andpro.net\\\/de\\\/\",\"logo\":{\"@type\":\"ImageObject\",\"inLanguage\":\"hr\",\"@id\":\"https:\\\/\\\/andpro.net\\\/de\\\/#\\\/schema\\\/logo\\\/image\\\/\",\"url\":\"https:\\\/\\\/andpro.net\\\/wp-content\\\/uploads\\\/2023\\\/11\\\/logo_fix.png\",\"contentUrl\":\"https:\\\/\\\/andpro.net\\\/wp-content\\\/uploads\\\/2023\\\/11\\\/logo_fix.png\",\"width\":1244,\"height\":637,\"caption\":\"AndPro\"},\"image\":{\"@id\":\"https:\\\/\\\/andpro.net\\\/de\\\/#\\\/schema\\\/logo\\\/image\\\/\"}}]}<\/script>\n<!-- \/ Yoast SEO Premium plugin. -->","yoast_head_json":{"title":"L.HOLLMAN PODLO\u017dENE ZA\u0160\u010cITNE HLA\u010cE LH-STRADA-T YP - AndPro","robots":{"index":"index","follow":"follow","max-snippet":"max-snippet:-1","max-image-preview":"max-image-preview:large","max-video-preview":"max-video-preview:-1"},"canonical":"https:\/\/andpro.net\/hr\/product\/l-hollman-zascitne-hlace-lh-strada-t-yp\/","og_locale":"hr_HR","og_type":"article","og_title":"L.HOLLMAN PODLO\u017dENE ZA\u0160\u010cITNE HLA\u010cE LH-STRADA-T YP","og_description":"STRADA podlo\u017eene za\u0161\u010ditne delavske hla\u010de, tkane. &#8211; premaz 100% OXFORD 300D poliester, gramatura 170 g\/m2, premazan s poliuretanom &#8211; podloga 100% poliester, gramatura 100 g\/m2 &#8211; podloga 100% poliester taft 190T, te\u017ea 60 g\/m2 &#8211; zapenjanje z gumbom in zadrgo &#8211; dva stranska \u017eepa &#8211; dva zadnja \u017eepa, ki se zapenjata z je\u017ekom &#8211; \u0161tirje [&hellip;]","og_url":"https:\/\/andpro.net\/hr\/product\/l-hollman-zascitne-hlace-lh-strada-t-yp\/","og_site_name":"AndPro","article_modified_time":"2025-07-20T12:26:48+00:00","og_image":[{"width":591,"height":1024,"url":"https:\/\/andpro.net\/wp-content\/uploads\/2023\/12\/0047949392.jpg","type":"image\/jpeg"}],"twitter_card":"summary_large_image","twitter_misc":{"Procijenjeno vrijeme \u010ditanja":"1 minuta"},"schema":{"@context":"https:\/\/schema.org","@graph":[{"@type":"WebPage","@id":"https:\/\/andpro.net\/product\/l-hollman-zascitne-hlace-lh-strada-t-yp\/","url":"https:\/\/andpro.net\/product\/l-hollman-zascitne-hlace-lh-strada-t-yp\/","name":"L.HOLLMAN PODLO\u017dENE ZA\u0160\u010cITNE HLA\u010cE LH-STRADA-T YP - AndPro","isPartOf":{"@id":"https:\/\/andpro.net\/de\/#website"},"primaryImageOfPage":{"@id":"https:\/\/andpro.net\/product\/l-hollman-zascitne-hlace-lh-strada-t-yp\/#primaryimage"},"image":{"@id":"https:\/\/andpro.net\/product\/l-hollman-zascitne-hlace-lh-strada-t-yp\/#primaryimage"},"thumbnailUrl":"https:\/\/andpro.net\/wp-content\/uploads\/2023\/12\/0047949392.jpg","datePublished":"2023-12-18T10:52:57+00:00","dateModified":"2025-07-20T12:26:48+00:00","breadcrumb":{"@id":"https:\/\/andpro.net\/product\/l-hollman-zascitne-hlace-lh-strada-t-yp\/#breadcrumb"},"inLanguage":"hr","potentialAction":[{"@type":"ReadAction","target":["https:\/\/andpro.net\/product\/l-hollman-zascitne-hlace-lh-strada-t-yp\/"]}]},{"@type":"ImageObject","inLanguage":"hr","@id":"https:\/\/andpro.net\/product\/l-hollman-zascitne-hlace-lh-strada-t-yp\/#primaryimage","url":"https:\/\/andpro.net\/wp-content\/uploads\/2023\/12\/0047949392.jpg","contentUrl":"https:\/\/andpro.net\/wp-content\/uploads\/2023\/12\/0047949392.jpg","width":591,"height":1024,"caption":"35492768"},{"@type":"BreadcrumbList","@id":"https:\/\/andpro.net\/product\/l-hollman-zascitne-hlace-lh-strada-t-yp\/#breadcrumb","itemListElement":[{"@type":"ListItem","position":1,"name":"Home","item":"https:\/\/andpro.net\/"},{"@type":"ListItem","position":2,"name":"Shop","item":"https:\/\/andpro.net\/en\/shop\/"},{"@type":"ListItem","position":3,"name":"L.HOLLMAN PODLO\u017dENE ZA\u0160\u010cITNE HLA\u010cE LH-STRADA-T YP"}]},{"@type":"WebSite","@id":"https:\/\/andpro.net\/de\/#website","url":"https:\/\/andpro.net\/de\/","name":"AndPro","description":"The best decision","publisher":{"@id":"https:\/\/andpro.net\/de\/#organization"},"potentialAction":[{"@type":"SearchAction","target":{"@type":"EntryPoint","urlTemplate":"https:\/\/andpro.net\/de\/?s={search_term_string}"},"query-input":{"@type":"PropertyValueSpecification","valueRequired":true,"valueName":"search_term_string"}}],"inLanguage":"hr"},{"@type":"Organization","@id":"https:\/\/andpro.net\/de\/#organization","name":"AndPro","url":"https:\/\/andpro.net\/de\/","logo":{"@type":"ImageObject","inLanguage":"hr","@id":"https:\/\/andpro.net\/de\/#\/schema\/logo\/image\/","url":"https:\/\/andpro.net\/wp-content\/uploads\/2023\/11\/logo_fix.png","contentUrl":"https:\/\/andpro.net\/wp-content\/uploads\/2023\/11\/logo_fix.png","width":1244,"height":637,"caption":"AndPro"},"image":{"@id":"https:\/\/andpro.net\/de\/#\/schema\/logo\/image\/"}}]}},"_links":{"self":[{"href":"https:\/\/andpro.net\/hr\/wp-json\/wp\/v2\/product\/3610","targetHints":{"allow":["GET"]}}],"collection":[{"href":"https:\/\/andpro.net\/hr\/wp-json\/wp\/v2\/product"}],"about":[{"href":"https:\/\/andpro.net\/hr\/wp-json\/wp\/v2\/types\/product"}],"wp:featuredmedia":[{"embeddable":true,"href":"https:\/\/andpro.net\/hr\/wp-json\/wp\/v2\/media\/1727"}],"wp:attachment":[{"href":"https:\/\/andpro.net\/hr\/wp-json\/wp\/v2\/media?parent=3610"}],"wp:term":[{"taxonomy":"product_brand","embeddable":true,"href":"https:\/\/andpro.net\/hr\/wp-json\/wp\/v2\/product_brand?post=3610"},{"taxonomy":"product_cat","embeddable":true,"href":"https:\/\/andpro.net\/hr\/wp-json\/wp\/v2\/product_cat?post=3610"},{"taxonomy":"product_tag","embeddable":true,"href":"https:\/\/andpro.net\/hr\/wp-json\/wp\/v2\/product_tag?post=3610"}],"curies":[{"name":"wp","href":"https:\/\/api.w.org\/{rel}","templated":true}]}}