{"id":3636,"date":"2023-12-18T11:53:07","date_gmt":"2023-12-18T10:53:07","guid":{"rendered":"https:\/\/andpro.net\/product\/reis-zascitne-hlace-z-naramnicami-sf-gs\/"},"modified":"2025-07-20T12:58:29","modified_gmt":"2025-07-20T11:58:29","slug":"reis-zascitne-hlace-z-naramnicami-sf-gs","status":"publish","type":"product","link":"https:\/\/andpro.net\/hr\/product\/reis-zascitne-hlace-z-naramnicami-sf-gs\/","title":{"rendered":"REIS ZA\u0160\u010cITNE HLA\u010cE Z NARAMNICAMI SF GS"},"content":{"rendered":"<p>Za\u0161\u010ditne delavske hla\u010de na naramnice.<br \/>\n&#8211; blago: 65% poliester, 35% bomba\u017e<br \/>\n&#8211; gramatura 290 g\/m2<br \/>\n&#8211; nastavljiva v pasu z zaponkami in po dol\u017eini z naramnicami, ki imajo zadaj tudi elastiko<br \/>\n&#8211; devet \u017eepov: dva stranska \u017eepa, en velik z zaponko na nogi in trije majhni na nogi, dva na zadnji strani, vklju\u010dno z enim na zaponko in enim za mobilni telefon<br \/>\n&#8211; dva dodatna \u017eepa v zgornjem delu hla\u010d, vklju\u010dno z \u017eepom na zadrgo<\/p>","protected":false},"excerpt":{"rendered":"<p>Za\u0161\u010ditne hla\u010de na naramnice.<br \/>\n&#8211; blago: 65% poliester, 35% bomba\u017e<br \/>\n&#8211; gramatura 290 g\/m2<br \/>\n&#8211; nastavljiva v pasu z zaponkami in po dol\u017eini z naramnicami, ki imajo zadaj tudi elastiko<br \/>\n&#8211; devet \u017eepov: dva stranska \u017eepa, en velik z zaponko na nogi in trije majhni na nogi, dva na zadnji strani, vklju\u010dno z enim na zaponko in enim za mobilni telefon<br \/>\n&#8211; dva dodatna \u017eepa v zgornjem delu hla\u010d, vklju\u010dno z \u017eepom na zadrgo<\/p>","protected":false},"featured_media":1760,"template":"","meta":[],"product_brand":[105],"product_cat":[41,117],"product_tag":[],"class_list":{"0":"post-3636","1":"product","2":"type-product","3":"status-publish","4":"has-post-thumbnail","6":"product_brand-reis","7":"product_cat-hlace","8":"product_cat-zascita-telesa","10":"first","11":"onbackorder","12":"taxable","13":"shipping-taxable","14":"purchasable","15":"product-type-variable"},"bundled_by":[],"bundle_stock_status":"onbackorder","bundle_stock_quantity":null,"bundle_virtual":false,"bundle_layout":"","bundle_add_to_cart_form_location":"","bundle_editable_in_cart":false,"bundle_sold_individually_context":"","bundle_item_grouping":"","bundle_min_size":"","bundle_max_size":"","bundle_price":[],"bundled_items":[],"bundle_sell_ids":[],"group_of_quantity":0,"min_quantity":0,"max_quantity":"","exclude_order_quantity_value_rules":"no","exclude_category_quantity_rules":"no","combine_variations":"no","yoast_head":"<!-- This site is optimized with the Yoast SEO Premium plugin v23.9 (Yoast SEO v27.4) - https:\/\/yoast.com\/product\/yoast-seo-premium-wordpress\/ -->\n<title>REIS ZA\u0160\u010cITNE HLA\u010cE Z NARAMNICAMI SF GS - AndPro<\/title>\n<meta name=\"robots\" content=\"index, follow, max-snippet:-1, max-image-preview:large, max-video-preview:-1\" \/>\n<link rel=\"canonical\" href=\"https:\/\/andpro.net\/hr\/product\/reis-zascitne-hlace-z-naramnicami-sf-gs\/\" \/>\n<meta property=\"og:locale\" content=\"hr_HR\" \/>\n<meta property=\"og:type\" content=\"article\" \/>\n<meta property=\"og:title\" content=\"REIS ZA\u0160\u010cITNE HLA\u010cE Z NARAMNICAMI SF GS\" \/>\n<meta property=\"og:description\" content=\"Za\u0161\u010ditne hla\u010de na naramnice. - blago: 65% poliester, 35% bomba\u017e - gramatura 290 g\/m2 - nastavljiva v pasu z zaponkami in po dol\u017eini z naramnicami, ki imajo zadaj tudi elastiko - devet \u017eepov: dva stranska \u017eepa, en velik z zaponko na nogi in trije majhni na nogi, dva na zadnji strani, vklju\u010dno z enim na zaponko in enim za mobilni telefon - dva dodatna \u017eepa v zgornjem delu hla\u010d, vklju\u010dno z \u017eepom na zadrgo\" \/>\n<meta property=\"og:url\" content=\"https:\/\/andpro.net\/hr\/product\/reis-zascitne-hlace-z-naramnicami-sf-gs\/\" \/>\n<meta property=\"og:site_name\" content=\"AndPro\" \/>\n<meta property=\"article:modified_time\" content=\"2025-07-20T11:58:29+00:00\" \/>\n<meta property=\"og:image\" content=\"https:\/\/andpro.net\/wp-content\/uploads\/2023\/12\/0048886176.jpg\" \/>\n\t<meta property=\"og:image:width\" content=\"325\" \/>\n\t<meta property=\"og:image:height\" content=\"1024\" \/>\n\t<meta property=\"og:image:type\" content=\"image\/jpeg\" \/>\n<meta name=\"twitter:card\" content=\"summary_large_image\" \/>\n<meta name=\"twitter:label1\" content=\"Procijenjeno vrijeme \u010ditanja\" \/>\n\t<meta name=\"twitter:data1\" content=\"1 minuta\" \/>\n<script type=\"application\/ld+json\" class=\"yoast-schema-graph\">{\"@context\":\"https:\\\/\\\/schema.org\",\"@graph\":[{\"@type\":\"WebPage\",\"@id\":\"https:\\\/\\\/andpro.net\\\/product\\\/reis-zascitne-hlace-z-naramnicami-sf-gs\\\/\",\"url\":\"https:\\\/\\\/andpro.net\\\/product\\\/reis-zascitne-hlace-z-naramnicami-sf-gs\\\/\",\"name\":\"REIS ZA\u0160\u010cITNE HLA\u010cE Z NARAMNICAMI SF GS - AndPro\",\"isPartOf\":{\"@id\":\"https:\\\/\\\/andpro.net\\\/de\\\/#website\"},\"primaryImageOfPage\":{\"@id\":\"https:\\\/\\\/andpro.net\\\/product\\\/reis-zascitne-hlace-z-naramnicami-sf-gs\\\/#primaryimage\"},\"image\":{\"@id\":\"https:\\\/\\\/andpro.net\\\/product\\\/reis-zascitne-hlace-z-naramnicami-sf-gs\\\/#primaryimage\"},\"thumbnailUrl\":\"https:\\\/\\\/andpro.net\\\/wp-content\\\/uploads\\\/2023\\\/12\\\/0048886176.jpg\",\"datePublished\":\"2023-12-18T10:53:07+00:00\",\"dateModified\":\"2025-07-20T11:58:29+00:00\",\"breadcrumb\":{\"@id\":\"https:\\\/\\\/andpro.net\\\/product\\\/reis-zascitne-hlace-z-naramnicami-sf-gs\\\/#breadcrumb\"},\"inLanguage\":\"hr\",\"potentialAction\":[{\"@type\":\"ReadAction\",\"target\":[\"https:\\\/\\\/andpro.net\\\/product\\\/reis-zascitne-hlace-z-naramnicami-sf-gs\\\/\"]}]},{\"@type\":\"ImageObject\",\"inLanguage\":\"hr\",\"@id\":\"https:\\\/\\\/andpro.net\\\/product\\\/reis-zascitne-hlace-z-naramnicami-sf-gs\\\/#primaryimage\",\"url\":\"https:\\\/\\\/andpro.net\\\/wp-content\\\/uploads\\\/2023\\\/12\\\/0048886176.jpg\",\"contentUrl\":\"https:\\\/\\\/andpro.net\\\/wp-content\\\/uploads\\\/2023\\\/12\\\/0048886176.jpg\",\"width\":325,\"height\":1024,\"caption\":\"37046704\"},{\"@type\":\"BreadcrumbList\",\"@id\":\"https:\\\/\\\/andpro.net\\\/product\\\/reis-zascitne-hlace-z-naramnicami-sf-gs\\\/#breadcrumb\",\"itemListElement\":[{\"@type\":\"ListItem\",\"position\":1,\"name\":\"Home\",\"item\":\"https:\\\/\\\/andpro.net\\\/\"},{\"@type\":\"ListItem\",\"position\":2,\"name\":\"Shop\",\"item\":\"https:\\\/\\\/andpro.net\\\/en\\\/shop\\\/\"},{\"@type\":\"ListItem\",\"position\":3,\"name\":\"REIS ZA\u0160\u010cITNE HLA\u010cE Z NARAMNICAMI SF GS\"}]},{\"@type\":\"WebSite\",\"@id\":\"https:\\\/\\\/andpro.net\\\/de\\\/#website\",\"url\":\"https:\\\/\\\/andpro.net\\\/de\\\/\",\"name\":\"AndPro\",\"description\":\"The best decision\",\"publisher\":{\"@id\":\"https:\\\/\\\/andpro.net\\\/de\\\/#organization\"},\"potentialAction\":[{\"@type\":\"SearchAction\",\"target\":{\"@type\":\"EntryPoint\",\"urlTemplate\":\"https:\\\/\\\/andpro.net\\\/de\\\/?s={search_term_string}\"},\"query-input\":{\"@type\":\"PropertyValueSpecification\",\"valueRequired\":true,\"valueName\":\"search_term_string\"}}],\"inLanguage\":\"hr\"},{\"@type\":\"Organization\",\"@id\":\"https:\\\/\\\/andpro.net\\\/de\\\/#organization\",\"name\":\"AndPro\",\"url\":\"https:\\\/\\\/andpro.net\\\/de\\\/\",\"logo\":{\"@type\":\"ImageObject\",\"inLanguage\":\"hr\",\"@id\":\"https:\\\/\\\/andpro.net\\\/de\\\/#\\\/schema\\\/logo\\\/image\\\/\",\"url\":\"https:\\\/\\\/andpro.net\\\/wp-content\\\/uploads\\\/2023\\\/11\\\/logo_fix.png\",\"contentUrl\":\"https:\\\/\\\/andpro.net\\\/wp-content\\\/uploads\\\/2023\\\/11\\\/logo_fix.png\",\"width\":1244,\"height\":637,\"caption\":\"AndPro\"},\"image\":{\"@id\":\"https:\\\/\\\/andpro.net\\\/de\\\/#\\\/schema\\\/logo\\\/image\\\/\"}}]}<\/script>\n<!-- \/ Yoast SEO Premium plugin. -->","yoast_head_json":{"title":"REIS ZA\u0160\u010cITNE HLA\u010cE Z NARAMNICAMI SF GS - AndPro","robots":{"index":"index","follow":"follow","max-snippet":"max-snippet:-1","max-image-preview":"max-image-preview:large","max-video-preview":"max-video-preview:-1"},"canonical":"https:\/\/andpro.net\/hr\/product\/reis-zascitne-hlace-z-naramnicami-sf-gs\/","og_locale":"hr_HR","og_type":"article","og_title":"REIS ZA\u0160\u010cITNE HLA\u010cE Z NARAMNICAMI SF GS","og_description":"Za\u0161\u010ditne hla\u010de na naramnice. - blago: 65% poliester, 35% bomba\u017e - gramatura 290 g\/m2 - nastavljiva v pasu z zaponkami in po dol\u017eini z naramnicami, ki imajo zadaj tudi elastiko - devet \u017eepov: dva stranska \u017eepa, en velik z zaponko na nogi in trije majhni na nogi, dva na zadnji strani, vklju\u010dno z enim na zaponko in enim za mobilni telefon - dva dodatna \u017eepa v zgornjem delu hla\u010d, vklju\u010dno z \u017eepom na zadrgo","og_url":"https:\/\/andpro.net\/hr\/product\/reis-zascitne-hlace-z-naramnicami-sf-gs\/","og_site_name":"AndPro","article_modified_time":"2025-07-20T11:58:29+00:00","og_image":[{"width":325,"height":1024,"url":"https:\/\/andpro.net\/wp-content\/uploads\/2023\/12\/0048886176.jpg","type":"image\/jpeg"}],"twitter_card":"summary_large_image","twitter_misc":{"Procijenjeno vrijeme \u010ditanja":"1 minuta"},"schema":{"@context":"https:\/\/schema.org","@graph":[{"@type":"WebPage","@id":"https:\/\/andpro.net\/product\/reis-zascitne-hlace-z-naramnicami-sf-gs\/","url":"https:\/\/andpro.net\/product\/reis-zascitne-hlace-z-naramnicami-sf-gs\/","name":"REIS ZA\u0160\u010cITNE HLA\u010cE Z NARAMNICAMI SF GS - AndPro","isPartOf":{"@id":"https:\/\/andpro.net\/de\/#website"},"primaryImageOfPage":{"@id":"https:\/\/andpro.net\/product\/reis-zascitne-hlace-z-naramnicami-sf-gs\/#primaryimage"},"image":{"@id":"https:\/\/andpro.net\/product\/reis-zascitne-hlace-z-naramnicami-sf-gs\/#primaryimage"},"thumbnailUrl":"https:\/\/andpro.net\/wp-content\/uploads\/2023\/12\/0048886176.jpg","datePublished":"2023-12-18T10:53:07+00:00","dateModified":"2025-07-20T11:58:29+00:00","breadcrumb":{"@id":"https:\/\/andpro.net\/product\/reis-zascitne-hlace-z-naramnicami-sf-gs\/#breadcrumb"},"inLanguage":"hr","potentialAction":[{"@type":"ReadAction","target":["https:\/\/andpro.net\/product\/reis-zascitne-hlace-z-naramnicami-sf-gs\/"]}]},{"@type":"ImageObject","inLanguage":"hr","@id":"https:\/\/andpro.net\/product\/reis-zascitne-hlace-z-naramnicami-sf-gs\/#primaryimage","url":"https:\/\/andpro.net\/wp-content\/uploads\/2023\/12\/0048886176.jpg","contentUrl":"https:\/\/andpro.net\/wp-content\/uploads\/2023\/12\/0048886176.jpg","width":325,"height":1024,"caption":"37046704"},{"@type":"BreadcrumbList","@id":"https:\/\/andpro.net\/product\/reis-zascitne-hlace-z-naramnicami-sf-gs\/#breadcrumb","itemListElement":[{"@type":"ListItem","position":1,"name":"Home","item":"https:\/\/andpro.net\/"},{"@type":"ListItem","position":2,"name":"Shop","item":"https:\/\/andpro.net\/en\/shop\/"},{"@type":"ListItem","position":3,"name":"REIS ZA\u0160\u010cITNE HLA\u010cE Z NARAMNICAMI SF GS"}]},{"@type":"WebSite","@id":"https:\/\/andpro.net\/de\/#website","url":"https:\/\/andpro.net\/de\/","name":"AndPro","description":"The best decision","publisher":{"@id":"https:\/\/andpro.net\/de\/#organization"},"potentialAction":[{"@type":"SearchAction","target":{"@type":"EntryPoint","urlTemplate":"https:\/\/andpro.net\/de\/?s={search_term_string}"},"query-input":{"@type":"PropertyValueSpecification","valueRequired":true,"valueName":"search_term_string"}}],"inLanguage":"hr"},{"@type":"Organization","@id":"https:\/\/andpro.net\/de\/#organization","name":"AndPro","url":"https:\/\/andpro.net\/de\/","logo":{"@type":"ImageObject","inLanguage":"hr","@id":"https:\/\/andpro.net\/de\/#\/schema\/logo\/image\/","url":"https:\/\/andpro.net\/wp-content\/uploads\/2023\/11\/logo_fix.png","contentUrl":"https:\/\/andpro.net\/wp-content\/uploads\/2023\/11\/logo_fix.png","width":1244,"height":637,"caption":"AndPro"},"image":{"@id":"https:\/\/andpro.net\/de\/#\/schema\/logo\/image\/"}}]}},"_links":{"self":[{"href":"https:\/\/andpro.net\/hr\/wp-json\/wp\/v2\/product\/3636","targetHints":{"allow":["GET"]}}],"collection":[{"href":"https:\/\/andpro.net\/hr\/wp-json\/wp\/v2\/product"}],"about":[{"href":"https:\/\/andpro.net\/hr\/wp-json\/wp\/v2\/types\/product"}],"wp:featuredmedia":[{"embeddable":true,"href":"https:\/\/andpro.net\/hr\/wp-json\/wp\/v2\/media\/1760"}],"wp:attachment":[{"href":"https:\/\/andpro.net\/hr\/wp-json\/wp\/v2\/media?parent=3636"}],"wp:term":[{"taxonomy":"product_brand","embeddable":true,"href":"https:\/\/andpro.net\/hr\/wp-json\/wp\/v2\/product_brand?post=3636"},{"taxonomy":"product_cat","embeddable":true,"href":"https:\/\/andpro.net\/hr\/wp-json\/wp\/v2\/product_cat?post=3636"},{"taxonomy":"product_tag","embeddable":true,"href":"https:\/\/andpro.net\/hr\/wp-json\/wp\/v2\/product_tag?post=3636"}],"curies":[{"name":"wp","href":"https:\/\/api.w.org\/{rel}","templated":true}]}}