{"id":3705,"date":"2023-12-18T11:53:49","date_gmt":"2023-12-18T10:53:49","guid":{"rendered":"https:\/\/andpro.net\/product\/l-hollman-zascitne-hlace-lh-na-t-gn\/"},"modified":"2025-07-20T12:56:08","modified_gmt":"2025-07-20T11:56:08","slug":"l-hollman-zascitne-hlace-lh-na-t-gn","status":"publish","type":"product","link":"https:\/\/andpro.net\/hr\/product\/l-hollman-zascitne-hlace-lh-na-t-gn\/","title":{"rendered":"L.HOLLMAN ZA\u0160\u010cITNE HLA\u010cE LH-NA-T GN"},"content":{"rendered":"<p>NEW AGE za\u0161\u010ditne delavske hla\u010de iz platnenega materiala.<br \/>\n&#8211; 65% poliester, 35% bomba\u017e<br \/>\n&#8211; gramatura 270 g\/m2<br \/>\n&#8211; \u0161tirje stranski \u017eepi, vklju\u010dno z enim na zadrgo<br \/>\n&#8211; dva zadnja \u017eepa, ki se zapenjata z je\u017ekom<br \/>\n&#8211; \u017eepi na nogah, tudi za mobilni telefon<br \/>\n&#8211; v pasu v\u0161ite elasti\u010dne trakove za prilagajanje \u0161irine, zaradi \u010desar se hla\u010de bolje prilegajo postavi<br \/>\n&#8211; \u017eepi na kolenih za \u0161\u010ditnike kolen<br \/>\n&#8211; odsevni elementi<br \/>\n&#8211; pove\u010dana vzdr\u017eljivost zaradi uporabe vlo\u017ekov iz materiala Cordura<br \/>\n&#8211; moderen dizajn in barve<\/p>","protected":false},"excerpt":{"rendered":"<p>NEW AGE za\u0161\u010ditne delavske hla\u010de iz platnenega materiala. &#8211; 65% poliester, 35% bomba\u017e &#8211; gramatura 270 g\/m2 &#8211; \u0161tirje stranski \u017eepi, vklju\u010dno z enim na zadrgo &#8211; dva zadnja \u017eepa, ki se zapenjata z je\u017ekom &#8211; \u017eepi na nogah, tudi za mobilni telefon &#8211; v pasu v\u0161ite elasti\u010dne trakove za prilagajanje \u0161irine, zaradi \u010desar se [&hellip;]<\/p>","protected":false},"featured_media":1859,"template":"","meta":[],"product_brand":[116],"product_cat":[21,41,117],"product_tag":[],"class_list":{"0":"post-3705","1":"product","2":"type-product","3":"status-publish","4":"has-post-thumbnail","6":"product_brand-l-hollman","7":"product_cat-oblacila","8":"product_cat-hlace","9":"product_cat-zascita-telesa","11":"first","12":"onbackorder","13":"taxable","14":"shipping-taxable","15":"purchasable","16":"product-type-variable"},"bundled_by":[],"bundle_stock_status":"onbackorder","bundle_stock_quantity":null,"bundle_virtual":false,"bundle_layout":"","bundle_add_to_cart_form_location":"","bundle_editable_in_cart":false,"bundle_sold_individually_context":"","bundle_item_grouping":"","bundle_min_size":"","bundle_max_size":"","bundle_price":[],"bundled_items":[],"bundle_sell_ids":[],"group_of_quantity":0,"min_quantity":0,"max_quantity":"","exclude_order_quantity_value_rules":"no","exclude_category_quantity_rules":"no","combine_variations":"no","yoast_head":"<!-- This site is optimized with the Yoast SEO Premium plugin v23.9 (Yoast SEO v27.3) - https:\/\/yoast.com\/product\/yoast-seo-premium-wordpress\/ -->\n<title>L.HOLLMAN ZA\u0160\u010cITNE HLA\u010cE LH-NA-T GN - AndPro<\/title>\n<meta name=\"robots\" content=\"index, follow, max-snippet:-1, max-image-preview:large, max-video-preview:-1\" \/>\n<link rel=\"canonical\" href=\"https:\/\/andpro.net\/hr\/product\/l-hollman-zascitne-hlace-lh-na-t-gn\/\" \/>\n<meta property=\"og:locale\" content=\"hr_HR\" \/>\n<meta property=\"og:type\" content=\"article\" \/>\n<meta property=\"og:title\" content=\"L.HOLLMAN ZA\u0160\u010cITNE HLA\u010cE LH-NA-T GN\" \/>\n<meta property=\"og:description\" content=\"NEW AGE za\u0161\u010ditne delavske hla\u010de iz platnenega materiala. &#8211; 65% poliester, 35% bomba\u017e &#8211; gramatura 270 g\/m2 &#8211; \u0161tirje stranski \u017eepi, vklju\u010dno z enim na zadrgo &#8211; dva zadnja \u017eepa, ki se zapenjata z je\u017ekom &#8211; \u017eepi na nogah, tudi za mobilni telefon &#8211; v pasu v\u0161ite elasti\u010dne trakove za prilagajanje \u0161irine, zaradi \u010desar se [&hellip;]\" \/>\n<meta property=\"og:url\" content=\"https:\/\/andpro.net\/hr\/product\/l-hollman-zascitne-hlace-lh-na-t-gn\/\" \/>\n<meta property=\"og:site_name\" content=\"AndPro\" \/>\n<meta property=\"article:modified_time\" content=\"2025-07-20T11:56:08+00:00\" \/>\n<meta property=\"og:image\" content=\"https:\/\/andpro.net\/wp-content\/uploads\/2023\/12\/0047748176.jpg\" \/>\n\t<meta property=\"og:image:width\" content=\"607\" \/>\n\t<meta property=\"og:image:height\" content=\"1024\" \/>\n\t<meta property=\"og:image:type\" content=\"image\/jpeg\" \/>\n<meta name=\"twitter:card\" content=\"summary_large_image\" \/>\n<meta name=\"twitter:label1\" content=\"Procijenjeno vrijeme \u010ditanja\" \/>\n\t<meta name=\"twitter:data1\" content=\"1 minuta\" \/>\n<script type=\"application\/ld+json\" class=\"yoast-schema-graph\">{\"@context\":\"https:\\\/\\\/schema.org\",\"@graph\":[{\"@type\":\"WebPage\",\"@id\":\"https:\\\/\\\/andpro.net\\\/product\\\/l-hollman-zascitne-hlace-lh-na-t-gn\\\/\",\"url\":\"https:\\\/\\\/andpro.net\\\/product\\\/l-hollman-zascitne-hlace-lh-na-t-gn\\\/\",\"name\":\"L.HOLLMAN ZA\u0160\u010cITNE HLA\u010cE LH-NA-T GN - AndPro\",\"isPartOf\":{\"@id\":\"https:\\\/\\\/andpro.net\\\/de\\\/#website\"},\"primaryImageOfPage\":{\"@id\":\"https:\\\/\\\/andpro.net\\\/product\\\/l-hollman-zascitne-hlace-lh-na-t-gn\\\/#primaryimage\"},\"image\":{\"@id\":\"https:\\\/\\\/andpro.net\\\/product\\\/l-hollman-zascitne-hlace-lh-na-t-gn\\\/#primaryimage\"},\"thumbnailUrl\":\"https:\\\/\\\/andpro.net\\\/wp-content\\\/uploads\\\/2023\\\/12\\\/0047748176.jpg\",\"datePublished\":\"2023-12-18T10:53:49+00:00\",\"dateModified\":\"2025-07-20T11:56:08+00:00\",\"breadcrumb\":{\"@id\":\"https:\\\/\\\/andpro.net\\\/product\\\/l-hollman-zascitne-hlace-lh-na-t-gn\\\/#breadcrumb\"},\"inLanguage\":\"hr\",\"potentialAction\":[{\"@type\":\"ReadAction\",\"target\":[\"https:\\\/\\\/andpro.net\\\/product\\\/l-hollman-zascitne-hlace-lh-na-t-gn\\\/\"]}]},{\"@type\":\"ImageObject\",\"inLanguage\":\"hr\",\"@id\":\"https:\\\/\\\/andpro.net\\\/product\\\/l-hollman-zascitne-hlace-lh-na-t-gn\\\/#primaryimage\",\"url\":\"https:\\\/\\\/andpro.net\\\/wp-content\\\/uploads\\\/2023\\\/12\\\/0047748176.jpg\",\"contentUrl\":\"https:\\\/\\\/andpro.net\\\/wp-content\\\/uploads\\\/2023\\\/12\\\/0047748176.jpg\",\"width\":607,\"height\":1024,\"caption\":\"35455104\"},{\"@type\":\"BreadcrumbList\",\"@id\":\"https:\\\/\\\/andpro.net\\\/product\\\/l-hollman-zascitne-hlace-lh-na-t-gn\\\/#breadcrumb\",\"itemListElement\":[{\"@type\":\"ListItem\",\"position\":1,\"name\":\"Home\",\"item\":\"https:\\\/\\\/andpro.net\\\/\"},{\"@type\":\"ListItem\",\"position\":2,\"name\":\"Shop\",\"item\":\"https:\\\/\\\/andpro.net\\\/en\\\/shop\\\/\"},{\"@type\":\"ListItem\",\"position\":3,\"name\":\"L.HOLLMAN ZA\u0160\u010cITNE HLA\u010cE LH-NA-T GN\"}]},{\"@type\":\"WebSite\",\"@id\":\"https:\\\/\\\/andpro.net\\\/de\\\/#website\",\"url\":\"https:\\\/\\\/andpro.net\\\/de\\\/\",\"name\":\"AndPro\",\"description\":\"The best decision\",\"publisher\":{\"@id\":\"https:\\\/\\\/andpro.net\\\/de\\\/#organization\"},\"potentialAction\":[{\"@type\":\"SearchAction\",\"target\":{\"@type\":\"EntryPoint\",\"urlTemplate\":\"https:\\\/\\\/andpro.net\\\/de\\\/?s={search_term_string}\"},\"query-input\":{\"@type\":\"PropertyValueSpecification\",\"valueRequired\":true,\"valueName\":\"search_term_string\"}}],\"inLanguage\":\"hr\"},{\"@type\":\"Organization\",\"@id\":\"https:\\\/\\\/andpro.net\\\/de\\\/#organization\",\"name\":\"AndPro\",\"url\":\"https:\\\/\\\/andpro.net\\\/de\\\/\",\"logo\":{\"@type\":\"ImageObject\",\"inLanguage\":\"hr\",\"@id\":\"https:\\\/\\\/andpro.net\\\/de\\\/#\\\/schema\\\/logo\\\/image\\\/\",\"url\":\"https:\\\/\\\/andpro.net\\\/wp-content\\\/uploads\\\/2023\\\/11\\\/logo_fix.png\",\"contentUrl\":\"https:\\\/\\\/andpro.net\\\/wp-content\\\/uploads\\\/2023\\\/11\\\/logo_fix.png\",\"width\":1244,\"height\":637,\"caption\":\"AndPro\"},\"image\":{\"@id\":\"https:\\\/\\\/andpro.net\\\/de\\\/#\\\/schema\\\/logo\\\/image\\\/\"}}]}<\/script>\n<!-- \/ Yoast SEO Premium plugin. -->","yoast_head_json":{"title":"L.HOLLMAN ZA\u0160\u010cITNE HLA\u010cE LH-NA-T GN - AndPro","robots":{"index":"index","follow":"follow","max-snippet":"max-snippet:-1","max-image-preview":"max-image-preview:large","max-video-preview":"max-video-preview:-1"},"canonical":"https:\/\/andpro.net\/hr\/product\/l-hollman-zascitne-hlace-lh-na-t-gn\/","og_locale":"hr_HR","og_type":"article","og_title":"L.HOLLMAN ZA\u0160\u010cITNE HLA\u010cE LH-NA-T GN","og_description":"NEW AGE za\u0161\u010ditne delavske hla\u010de iz platnenega materiala. &#8211; 65% poliester, 35% bomba\u017e &#8211; gramatura 270 g\/m2 &#8211; \u0161tirje stranski \u017eepi, vklju\u010dno z enim na zadrgo &#8211; dva zadnja \u017eepa, ki se zapenjata z je\u017ekom &#8211; \u017eepi na nogah, tudi za mobilni telefon &#8211; v pasu v\u0161ite elasti\u010dne trakove za prilagajanje \u0161irine, zaradi \u010desar se [&hellip;]","og_url":"https:\/\/andpro.net\/hr\/product\/l-hollman-zascitne-hlace-lh-na-t-gn\/","og_site_name":"AndPro","article_modified_time":"2025-07-20T11:56:08+00:00","og_image":[{"width":607,"height":1024,"url":"https:\/\/andpro.net\/wp-content\/uploads\/2023\/12\/0047748176.jpg","type":"image\/jpeg"}],"twitter_card":"summary_large_image","twitter_misc":{"Procijenjeno vrijeme \u010ditanja":"1 minuta"},"schema":{"@context":"https:\/\/schema.org","@graph":[{"@type":"WebPage","@id":"https:\/\/andpro.net\/product\/l-hollman-zascitne-hlace-lh-na-t-gn\/","url":"https:\/\/andpro.net\/product\/l-hollman-zascitne-hlace-lh-na-t-gn\/","name":"L.HOLLMAN ZA\u0160\u010cITNE HLA\u010cE LH-NA-T GN - AndPro","isPartOf":{"@id":"https:\/\/andpro.net\/de\/#website"},"primaryImageOfPage":{"@id":"https:\/\/andpro.net\/product\/l-hollman-zascitne-hlace-lh-na-t-gn\/#primaryimage"},"image":{"@id":"https:\/\/andpro.net\/product\/l-hollman-zascitne-hlace-lh-na-t-gn\/#primaryimage"},"thumbnailUrl":"https:\/\/andpro.net\/wp-content\/uploads\/2023\/12\/0047748176.jpg","datePublished":"2023-12-18T10:53:49+00:00","dateModified":"2025-07-20T11:56:08+00:00","breadcrumb":{"@id":"https:\/\/andpro.net\/product\/l-hollman-zascitne-hlace-lh-na-t-gn\/#breadcrumb"},"inLanguage":"hr","potentialAction":[{"@type":"ReadAction","target":["https:\/\/andpro.net\/product\/l-hollman-zascitne-hlace-lh-na-t-gn\/"]}]},{"@type":"ImageObject","inLanguage":"hr","@id":"https:\/\/andpro.net\/product\/l-hollman-zascitne-hlace-lh-na-t-gn\/#primaryimage","url":"https:\/\/andpro.net\/wp-content\/uploads\/2023\/12\/0047748176.jpg","contentUrl":"https:\/\/andpro.net\/wp-content\/uploads\/2023\/12\/0047748176.jpg","width":607,"height":1024,"caption":"35455104"},{"@type":"BreadcrumbList","@id":"https:\/\/andpro.net\/product\/l-hollman-zascitne-hlace-lh-na-t-gn\/#breadcrumb","itemListElement":[{"@type":"ListItem","position":1,"name":"Home","item":"https:\/\/andpro.net\/"},{"@type":"ListItem","position":2,"name":"Shop","item":"https:\/\/andpro.net\/en\/shop\/"},{"@type":"ListItem","position":3,"name":"L.HOLLMAN ZA\u0160\u010cITNE HLA\u010cE LH-NA-T GN"}]},{"@type":"WebSite","@id":"https:\/\/andpro.net\/de\/#website","url":"https:\/\/andpro.net\/de\/","name":"AndPro","description":"The best decision","publisher":{"@id":"https:\/\/andpro.net\/de\/#organization"},"potentialAction":[{"@type":"SearchAction","target":{"@type":"EntryPoint","urlTemplate":"https:\/\/andpro.net\/de\/?s={search_term_string}"},"query-input":{"@type":"PropertyValueSpecification","valueRequired":true,"valueName":"search_term_string"}}],"inLanguage":"hr"},{"@type":"Organization","@id":"https:\/\/andpro.net\/de\/#organization","name":"AndPro","url":"https:\/\/andpro.net\/de\/","logo":{"@type":"ImageObject","inLanguage":"hr","@id":"https:\/\/andpro.net\/de\/#\/schema\/logo\/image\/","url":"https:\/\/andpro.net\/wp-content\/uploads\/2023\/11\/logo_fix.png","contentUrl":"https:\/\/andpro.net\/wp-content\/uploads\/2023\/11\/logo_fix.png","width":1244,"height":637,"caption":"AndPro"},"image":{"@id":"https:\/\/andpro.net\/de\/#\/schema\/logo\/image\/"}}]}},"_links":{"self":[{"href":"https:\/\/andpro.net\/hr\/wp-json\/wp\/v2\/product\/3705","targetHints":{"allow":["GET"]}}],"collection":[{"href":"https:\/\/andpro.net\/hr\/wp-json\/wp\/v2\/product"}],"about":[{"href":"https:\/\/andpro.net\/hr\/wp-json\/wp\/v2\/types\/product"}],"wp:featuredmedia":[{"embeddable":true,"href":"https:\/\/andpro.net\/hr\/wp-json\/wp\/v2\/media\/1859"}],"wp:attachment":[{"href":"https:\/\/andpro.net\/hr\/wp-json\/wp\/v2\/media?parent=3705"}],"wp:term":[{"taxonomy":"product_brand","embeddable":true,"href":"https:\/\/andpro.net\/hr\/wp-json\/wp\/v2\/product_brand?post=3705"},{"taxonomy":"product_cat","embeddable":true,"href":"https:\/\/andpro.net\/hr\/wp-json\/wp\/v2\/product_cat?post=3705"},{"taxonomy":"product_tag","embeddable":true,"href":"https:\/\/andpro.net\/hr\/wp-json\/wp\/v2\/product_tag?post=3705"}],"curies":[{"name":"wp","href":"https:\/\/api.w.org\/{rel}","templated":true}]}}