{"id":3800,"date":"2023-12-18T12:05:22","date_gmt":"2023-12-18T11:05:22","guid":{"rendered":"https:\/\/andpro.net\/product\/reis-higienska-maska-za-enkratno-uporabo-mas-kn95-w\/"},"modified":"2025-07-20T12:49:21","modified_gmt":"2025-07-20T11:49:21","slug":"reis-higienska-maska-za-enkratno-uporabo-mas-kn95-w","status":"publish","type":"product","link":"https:\/\/andpro.net\/hr\/product\/reis-higienska-maska-za-enkratno-uporabo-mas-kn95-w\/","title":{"rendered":"REIS HIGIENSKA MASKA ZA ENKRATNO UPORABO MAS-KN95 W"},"content":{"rendered":"<p>Petslojna higienska maska \u200b\u200biz polipropilena.<\/p>\n<p>&#8211; nosi se z dvema elasti\u010dnima trakoma, pripetima ob straneh<br \/>\n&#8211; kovinska zaponka v vi\u0161ini nosu<br \/>\n&#8211; pakirano 20 kosov v paketu, dodatno vsak 10 kosov pakirano v lo\u010deni vre\u010dki<br \/>\n&#8211; higienska maska \u200b\u200bslu\u017ei vzdr\u017eevanju \u010disto\u010de tako, da prepre\u010duje vdor izlo\u010dkov iz ust in nosu v okolje ter ovira prenos umazanije z rok na obraz<br \/>\n&#8211; izdelek ni naprava za za\u0161\u010dito dihal ali medicinski pripomo\u010dek<\/p>","protected":false},"excerpt":{"rendered":"<p>Petslojna higienska maska \u200b\u200biz polipropilena. &#8211; nosi se z dvema elasti\u010dnima trakoma, pripetima ob straneh &#8211; kovinska zaponka v vi\u0161ini nosu &#8211; pakirano 20 kosov v paketu, dodatno vsak 10 kosov pakirano v lo\u010deni vre\u010dki &#8211; higienska maska \u200b\u200bslu\u017ei vzdr\u017eevanju \u010disto\u010de tako, da prepre\u010duje vdor izlo\u010dkov iz ust in nosu v okolje ter ovira prenos [&hellip;]<\/p>","protected":false},"featured_media":1969,"template":"","meta":[],"product_brand":[105],"product_cat":[133,215],"product_tag":[],"class_list":{"0":"post-3800","1":"product","2":"type-product","3":"status-publish","4":"has-post-thumbnail","6":"product_brand-reis","7":"product_cat-zascita-dihal","8":"product_cat-zascitna-pregrinjala-maske","10":"first","11":"onbackorder","12":"taxable","13":"shipping-taxable","14":"purchasable","15":"product-type-simple"},"bundled_by":[],"bundle_stock_status":"onbackorder","bundle_stock_quantity":null,"bundle_virtual":false,"bundle_layout":"","bundle_add_to_cart_form_location":"","bundle_editable_in_cart":false,"bundle_sold_individually_context":"","bundle_item_grouping":"","bundle_min_size":"","bundle_max_size":"","bundle_price":[],"bundled_items":[],"bundle_sell_ids":[],"group_of_quantity":0,"min_quantity":0,"max_quantity":"","exclude_order_quantity_value_rules":"no","exclude_category_quantity_rules":"no","combine_variations":"no","yoast_head":"<!-- This site is optimized with the Yoast SEO Premium plugin v23.9 (Yoast SEO v27.3) - https:\/\/yoast.com\/product\/yoast-seo-premium-wordpress\/ -->\n<title>REIS HIGIENSKA MASKA ZA ENKRATNO UPORABO MAS-KN95 W - AndPro<\/title>\n<meta name=\"robots\" content=\"index, follow, max-snippet:-1, max-image-preview:large, max-video-preview:-1\" \/>\n<link rel=\"canonical\" href=\"https:\/\/andpro.net\/hr\/product\/reis-higienska-maska-za-enkratno-uporabo-mas-kn95-w\/\" \/>\n<meta property=\"og:locale\" content=\"hr_HR\" \/>\n<meta property=\"og:type\" content=\"article\" \/>\n<meta property=\"og:title\" content=\"REIS HIGIENSKA MASKA ZA ENKRATNO UPORABO MAS-KN95 W\" \/>\n<meta property=\"og:description\" content=\"Petslojna higienska maska \u200b\u200biz polipropilena. &#8211; nosi se z dvema elasti\u010dnima trakoma, pripetima ob straneh &#8211; kovinska zaponka v vi\u0161ini nosu &#8211; pakirano 20 kosov v paketu, dodatno vsak 10 kosov pakirano v lo\u010deni vre\u010dki &#8211; higienska maska \u200b\u200bslu\u017ei vzdr\u017eevanju \u010disto\u010de tako, da prepre\u010duje vdor izlo\u010dkov iz ust in nosu v okolje ter ovira prenos [&hellip;]\" \/>\n<meta property=\"og:url\" content=\"https:\/\/andpro.net\/hr\/product\/reis-higienska-maska-za-enkratno-uporabo-mas-kn95-w\/\" \/>\n<meta property=\"og:site_name\" content=\"AndPro\" \/>\n<meta property=\"article:modified_time\" content=\"2025-07-20T11:49:21+00:00\" \/>\n<meta property=\"og:image\" content=\"https:\/\/andpro.net\/wp-content\/uploads\/2023\/12\/0058552304.jpg\" \/>\n\t<meta property=\"og:image:width\" content=\"718\" \/>\n\t<meta property=\"og:image:height\" content=\"1024\" \/>\n\t<meta property=\"og:image:type\" content=\"image\/jpeg\" \/>\n<meta name=\"twitter:card\" content=\"summary_large_image\" \/>\n<meta name=\"twitter:label1\" content=\"Procijenjeno vrijeme \u010ditanja\" \/>\n\t<meta name=\"twitter:data1\" content=\"1 minuta\" \/>\n<script type=\"application\/ld+json\" class=\"yoast-schema-graph\">{\"@context\":\"https:\\\/\\\/schema.org\",\"@graph\":[{\"@type\":\"WebPage\",\"@id\":\"https:\\\/\\\/andpro.net\\\/product\\\/reis-higienska-maska-za-enkratno-uporabo-mas-kn95-w\\\/\",\"url\":\"https:\\\/\\\/andpro.net\\\/product\\\/reis-higienska-maska-za-enkratno-uporabo-mas-kn95-w\\\/\",\"name\":\"REIS HIGIENSKA MASKA ZA ENKRATNO UPORABO MAS-KN95 W - AndPro\",\"isPartOf\":{\"@id\":\"https:\\\/\\\/andpro.net\\\/de\\\/#website\"},\"primaryImageOfPage\":{\"@id\":\"https:\\\/\\\/andpro.net\\\/product\\\/reis-higienska-maska-za-enkratno-uporabo-mas-kn95-w\\\/#primaryimage\"},\"image\":{\"@id\":\"https:\\\/\\\/andpro.net\\\/product\\\/reis-higienska-maska-za-enkratno-uporabo-mas-kn95-w\\\/#primaryimage\"},\"thumbnailUrl\":\"https:\\\/\\\/andpro.net\\\/wp-content\\\/uploads\\\/2023\\\/12\\\/0058552304.jpg\",\"datePublished\":\"2023-12-18T11:05:22+00:00\",\"dateModified\":\"2025-07-20T11:49:21+00:00\",\"breadcrumb\":{\"@id\":\"https:\\\/\\\/andpro.net\\\/product\\\/reis-higienska-maska-za-enkratno-uporabo-mas-kn95-w\\\/#breadcrumb\"},\"inLanguage\":\"hr\",\"potentialAction\":[{\"@type\":\"ReadAction\",\"target\":[\"https:\\\/\\\/andpro.net\\\/product\\\/reis-higienska-maska-za-enkratno-uporabo-mas-kn95-w\\\/\"]}]},{\"@type\":\"ImageObject\",\"inLanguage\":\"hr\",\"@id\":\"https:\\\/\\\/andpro.net\\\/product\\\/reis-higienska-maska-za-enkratno-uporabo-mas-kn95-w\\\/#primaryimage\",\"url\":\"https:\\\/\\\/andpro.net\\\/wp-content\\\/uploads\\\/2023\\\/12\\\/0058552304.jpg\",\"contentUrl\":\"https:\\\/\\\/andpro.net\\\/wp-content\\\/uploads\\\/2023\\\/12\\\/0058552304.jpg\",\"width\":718,\"height\":1024,\"caption\":\"37058144\"},{\"@type\":\"BreadcrumbList\",\"@id\":\"https:\\\/\\\/andpro.net\\\/product\\\/reis-higienska-maska-za-enkratno-uporabo-mas-kn95-w\\\/#breadcrumb\",\"itemListElement\":[{\"@type\":\"ListItem\",\"position\":1,\"name\":\"Home\",\"item\":\"https:\\\/\\\/andpro.net\\\/\"},{\"@type\":\"ListItem\",\"position\":2,\"name\":\"Shop\",\"item\":\"https:\\\/\\\/andpro.net\\\/en\\\/shop\\\/\"},{\"@type\":\"ListItem\",\"position\":3,\"name\":\"REIS HIGIENSKA MASKA ZA ENKRATNO UPORABO MAS-KN95 W\"}]},{\"@type\":\"WebSite\",\"@id\":\"https:\\\/\\\/andpro.net\\\/de\\\/#website\",\"url\":\"https:\\\/\\\/andpro.net\\\/de\\\/\",\"name\":\"AndPro\",\"description\":\"The best decision\",\"publisher\":{\"@id\":\"https:\\\/\\\/andpro.net\\\/de\\\/#organization\"},\"potentialAction\":[{\"@type\":\"SearchAction\",\"target\":{\"@type\":\"EntryPoint\",\"urlTemplate\":\"https:\\\/\\\/andpro.net\\\/de\\\/?s={search_term_string}\"},\"query-input\":{\"@type\":\"PropertyValueSpecification\",\"valueRequired\":true,\"valueName\":\"search_term_string\"}}],\"inLanguage\":\"hr\"},{\"@type\":\"Organization\",\"@id\":\"https:\\\/\\\/andpro.net\\\/de\\\/#organization\",\"name\":\"AndPro\",\"url\":\"https:\\\/\\\/andpro.net\\\/de\\\/\",\"logo\":{\"@type\":\"ImageObject\",\"inLanguage\":\"hr\",\"@id\":\"https:\\\/\\\/andpro.net\\\/de\\\/#\\\/schema\\\/logo\\\/image\\\/\",\"url\":\"https:\\\/\\\/andpro.net\\\/wp-content\\\/uploads\\\/2023\\\/11\\\/logo_fix.png\",\"contentUrl\":\"https:\\\/\\\/andpro.net\\\/wp-content\\\/uploads\\\/2023\\\/11\\\/logo_fix.png\",\"width\":1244,\"height\":637,\"caption\":\"AndPro\"},\"image\":{\"@id\":\"https:\\\/\\\/andpro.net\\\/de\\\/#\\\/schema\\\/logo\\\/image\\\/\"}}]}<\/script>\n<!-- \/ Yoast SEO Premium plugin. -->","yoast_head_json":{"title":"REIS HIGIENSKA MASKA ZA ENKRATNO UPORABO MAS-KN95 W - AndPro","robots":{"index":"index","follow":"follow","max-snippet":"max-snippet:-1","max-image-preview":"max-image-preview:large","max-video-preview":"max-video-preview:-1"},"canonical":"https:\/\/andpro.net\/hr\/product\/reis-higienska-maska-za-enkratno-uporabo-mas-kn95-w\/","og_locale":"hr_HR","og_type":"article","og_title":"REIS HIGIENSKA MASKA ZA ENKRATNO UPORABO MAS-KN95 W","og_description":"Petslojna higienska maska \u200b\u200biz polipropilena. &#8211; nosi se z dvema elasti\u010dnima trakoma, pripetima ob straneh &#8211; kovinska zaponka v vi\u0161ini nosu &#8211; pakirano 20 kosov v paketu, dodatno vsak 10 kosov pakirano v lo\u010deni vre\u010dki &#8211; higienska maska \u200b\u200bslu\u017ei vzdr\u017eevanju \u010disto\u010de tako, da prepre\u010duje vdor izlo\u010dkov iz ust in nosu v okolje ter ovira prenos [&hellip;]","og_url":"https:\/\/andpro.net\/hr\/product\/reis-higienska-maska-za-enkratno-uporabo-mas-kn95-w\/","og_site_name":"AndPro","article_modified_time":"2025-07-20T11:49:21+00:00","og_image":[{"width":718,"height":1024,"url":"https:\/\/andpro.net\/wp-content\/uploads\/2023\/12\/0058552304.jpg","type":"image\/jpeg"}],"twitter_card":"summary_large_image","twitter_misc":{"Procijenjeno vrijeme \u010ditanja":"1 minuta"},"schema":{"@context":"https:\/\/schema.org","@graph":[{"@type":"WebPage","@id":"https:\/\/andpro.net\/product\/reis-higienska-maska-za-enkratno-uporabo-mas-kn95-w\/","url":"https:\/\/andpro.net\/product\/reis-higienska-maska-za-enkratno-uporabo-mas-kn95-w\/","name":"REIS HIGIENSKA MASKA ZA ENKRATNO UPORABO MAS-KN95 W - AndPro","isPartOf":{"@id":"https:\/\/andpro.net\/de\/#website"},"primaryImageOfPage":{"@id":"https:\/\/andpro.net\/product\/reis-higienska-maska-za-enkratno-uporabo-mas-kn95-w\/#primaryimage"},"image":{"@id":"https:\/\/andpro.net\/product\/reis-higienska-maska-za-enkratno-uporabo-mas-kn95-w\/#primaryimage"},"thumbnailUrl":"https:\/\/andpro.net\/wp-content\/uploads\/2023\/12\/0058552304.jpg","datePublished":"2023-12-18T11:05:22+00:00","dateModified":"2025-07-20T11:49:21+00:00","breadcrumb":{"@id":"https:\/\/andpro.net\/product\/reis-higienska-maska-za-enkratno-uporabo-mas-kn95-w\/#breadcrumb"},"inLanguage":"hr","potentialAction":[{"@type":"ReadAction","target":["https:\/\/andpro.net\/product\/reis-higienska-maska-za-enkratno-uporabo-mas-kn95-w\/"]}]},{"@type":"ImageObject","inLanguage":"hr","@id":"https:\/\/andpro.net\/product\/reis-higienska-maska-za-enkratno-uporabo-mas-kn95-w\/#primaryimage","url":"https:\/\/andpro.net\/wp-content\/uploads\/2023\/12\/0058552304.jpg","contentUrl":"https:\/\/andpro.net\/wp-content\/uploads\/2023\/12\/0058552304.jpg","width":718,"height":1024,"caption":"37058144"},{"@type":"BreadcrumbList","@id":"https:\/\/andpro.net\/product\/reis-higienska-maska-za-enkratno-uporabo-mas-kn95-w\/#breadcrumb","itemListElement":[{"@type":"ListItem","position":1,"name":"Home","item":"https:\/\/andpro.net\/"},{"@type":"ListItem","position":2,"name":"Shop","item":"https:\/\/andpro.net\/en\/shop\/"},{"@type":"ListItem","position":3,"name":"REIS HIGIENSKA MASKA ZA ENKRATNO UPORABO MAS-KN95 W"}]},{"@type":"WebSite","@id":"https:\/\/andpro.net\/de\/#website","url":"https:\/\/andpro.net\/de\/","name":"AndPro","description":"The best decision","publisher":{"@id":"https:\/\/andpro.net\/de\/#organization"},"potentialAction":[{"@type":"SearchAction","target":{"@type":"EntryPoint","urlTemplate":"https:\/\/andpro.net\/de\/?s={search_term_string}"},"query-input":{"@type":"PropertyValueSpecification","valueRequired":true,"valueName":"search_term_string"}}],"inLanguage":"hr"},{"@type":"Organization","@id":"https:\/\/andpro.net\/de\/#organization","name":"AndPro","url":"https:\/\/andpro.net\/de\/","logo":{"@type":"ImageObject","inLanguage":"hr","@id":"https:\/\/andpro.net\/de\/#\/schema\/logo\/image\/","url":"https:\/\/andpro.net\/wp-content\/uploads\/2023\/11\/logo_fix.png","contentUrl":"https:\/\/andpro.net\/wp-content\/uploads\/2023\/11\/logo_fix.png","width":1244,"height":637,"caption":"AndPro"},"image":{"@id":"https:\/\/andpro.net\/de\/#\/schema\/logo\/image\/"}}]}},"_links":{"self":[{"href":"https:\/\/andpro.net\/hr\/wp-json\/wp\/v2\/product\/3800","targetHints":{"allow":["GET"]}}],"collection":[{"href":"https:\/\/andpro.net\/hr\/wp-json\/wp\/v2\/product"}],"about":[{"href":"https:\/\/andpro.net\/hr\/wp-json\/wp\/v2\/types\/product"}],"wp:featuredmedia":[{"embeddable":true,"href":"https:\/\/andpro.net\/hr\/wp-json\/wp\/v2\/media\/1969"}],"wp:attachment":[{"href":"https:\/\/andpro.net\/hr\/wp-json\/wp\/v2\/media?parent=3800"}],"wp:term":[{"taxonomy":"product_brand","embeddable":true,"href":"https:\/\/andpro.net\/hr\/wp-json\/wp\/v2\/product_brand?post=3800"},{"taxonomy":"product_cat","embeddable":true,"href":"https:\/\/andpro.net\/hr\/wp-json\/wp\/v2\/product_cat?post=3800"},{"taxonomy":"product_tag","embeddable":true,"href":"https:\/\/andpro.net\/hr\/wp-json\/wp\/v2\/product_tag?post=3800"}],"curies":[{"name":"wp","href":"https:\/\/api.w.org\/{rel}","templated":true}]}}