{"id":3809,"date":"2023-12-18T12:05:22","date_gmt":"2023-12-18T11:05:22","guid":{"rendered":"https:\/\/andpro.net\/product\/reis-zascitni-cepki-za-usesa-osz-500-p\/"},"modified":"2025-07-20T12:50:48","modified_gmt":"2025-07-20T11:50:48","slug":"reis-zascitni-cepki-za-usesa-osz-500-p","status":"publish","type":"product","link":"https:\/\/andpro.net\/hr\/product\/reis-zascitni-cepki-za-usesa-osz-500-p\/","title":{"rendered":"REIS ZA\u0160\u010cITNI \u010cEPKI ZA U\u0160ESA OSZ-500 P"},"content":{"rendered":"<p>U\u0161esni \u010depki za enkratno uporabo iz poliuretanske pene.<\/p>\n<p>&#8211; zvo\u010dna izolacija: H=38 dB, M=37 dB L=35 dB, SNR=39 dB<br \/>\n&#8211; paket vsebuje 1000kos.<br \/>\n&#8211; idealno za OSZ-500-BOX<br \/>\n&#8211; izpolnjujejo zahteve standarda EN352-2<\/p>","protected":false},"excerpt":{"rendered":"<p>U\u0161esni \u010depki za enkratno uporabo iz poliuretanske pene. &#8211; zvo\u010dna izolacija: H=38 dB, M=37 dB L=35 dB, SNR=39 dB &#8211; paket vsebuje 1000kos. &#8211; idealno za OSZ-500-BOX &#8211; izpolnjujejo zahteve standarda EN352-2<\/p>","protected":false},"featured_media":1978,"template":"","meta":[],"product_brand":[105],"product_cat":[135],"product_tag":[],"class_list":{"0":"post-3809","1":"product","2":"type-product","3":"status-publish","4":"has-post-thumbnail","6":"product_brand-reis","7":"product_cat-zascita-sluha","9":"first","10":"onbackorder","11":"taxable","12":"shipping-taxable","13":"purchasable","14":"product-type-simple"},"bundled_by":[],"bundle_stock_status":"onbackorder","bundle_stock_quantity":null,"bundle_virtual":false,"bundle_layout":"","bundle_add_to_cart_form_location":"","bundle_editable_in_cart":false,"bundle_sold_individually_context":"","bundle_item_grouping":"","bundle_min_size":"","bundle_max_size":"","bundle_price":[],"bundled_items":[],"bundle_sell_ids":[],"group_of_quantity":0,"min_quantity":0,"max_quantity":"","exclude_order_quantity_value_rules":"no","exclude_category_quantity_rules":"no","combine_variations":"no","yoast_head":"<!-- This site is optimized with the Yoast SEO Premium plugin v23.9 (Yoast SEO v27.4) - https:\/\/yoast.com\/product\/yoast-seo-premium-wordpress\/ -->\n<title>REIS ZA\u0160\u010cITNI \u010cEPKI ZA U\u0160ESA OSZ-500 P - AndPro<\/title>\n<meta name=\"robots\" content=\"index, follow, max-snippet:-1, max-image-preview:large, max-video-preview:-1\" \/>\n<link rel=\"canonical\" href=\"https:\/\/andpro.net\/hr\/product\/reis-zascitni-cepki-za-usesa-osz-500-p\/\" \/>\n<meta property=\"og:locale\" content=\"hr_HR\" \/>\n<meta property=\"og:type\" content=\"article\" \/>\n<meta property=\"og:title\" content=\"REIS ZA\u0160\u010cITNI \u010cEPKI ZA U\u0160ESA OSZ-500 P\" \/>\n<meta property=\"og:description\" content=\"U\u0161esni \u010depki za enkratno uporabo iz poliuretanske pene. &#8211; zvo\u010dna izolacija: H=38 dB, M=37 dB L=35 dB, SNR=39 dB &#8211; paket vsebuje 1000kos. &#8211; idealno za OSZ-500-BOX &#8211; izpolnjujejo zahteve standarda EN352-2\" \/>\n<meta property=\"og:url\" content=\"https:\/\/andpro.net\/hr\/product\/reis-zascitni-cepki-za-usesa-osz-500-p\/\" \/>\n<meta property=\"og:site_name\" content=\"AndPro\" \/>\n<meta property=\"article:modified_time\" content=\"2025-07-20T11:50:48+00:00\" \/>\n<meta property=\"og:image\" content=\"https:\/\/andpro.net\/wp-content\/uploads\/2023\/12\/0058584560.jpg\" \/>\n\t<meta property=\"og:image:width\" content=\"1024\" \/>\n\t<meta property=\"og:image:height\" content=\"632\" \/>\n\t<meta property=\"og:image:type\" content=\"image\/jpeg\" \/>\n<meta name=\"twitter:card\" content=\"summary_large_image\" \/>\n<meta name=\"twitter:label1\" content=\"Procijenjeno vrijeme \u010ditanja\" \/>\n\t<meta name=\"twitter:data1\" content=\"1 minuta\" \/>\n<script type=\"application\/ld+json\" class=\"yoast-schema-graph\">{\"@context\":\"https:\\\/\\\/schema.org\",\"@graph\":[{\"@type\":\"WebPage\",\"@id\":\"https:\\\/\\\/andpro.net\\\/product\\\/reis-zascitni-cepki-za-usesa-osz-500-p\\\/\",\"url\":\"https:\\\/\\\/andpro.net\\\/product\\\/reis-zascitni-cepki-za-usesa-osz-500-p\\\/\",\"name\":\"REIS ZA\u0160\u010cITNI \u010cEPKI ZA U\u0160ESA OSZ-500 P - AndPro\",\"isPartOf\":{\"@id\":\"https:\\\/\\\/andpro.net\\\/de\\\/#website\"},\"primaryImageOfPage\":{\"@id\":\"https:\\\/\\\/andpro.net\\\/product\\\/reis-zascitni-cepki-za-usesa-osz-500-p\\\/#primaryimage\"},\"image\":{\"@id\":\"https:\\\/\\\/andpro.net\\\/product\\\/reis-zascitni-cepki-za-usesa-osz-500-p\\\/#primaryimage\"},\"thumbnailUrl\":\"https:\\\/\\\/andpro.net\\\/wp-content\\\/uploads\\\/2023\\\/12\\\/0058584560.jpg\",\"datePublished\":\"2023-12-18T11:05:22+00:00\",\"dateModified\":\"2025-07-20T11:50:48+00:00\",\"breadcrumb\":{\"@id\":\"https:\\\/\\\/andpro.net\\\/product\\\/reis-zascitni-cepki-za-usesa-osz-500-p\\\/#breadcrumb\"},\"inLanguage\":\"hr\",\"potentialAction\":[{\"@type\":\"ReadAction\",\"target\":[\"https:\\\/\\\/andpro.net\\\/product\\\/reis-zascitni-cepki-za-usesa-osz-500-p\\\/\"]}]},{\"@type\":\"ImageObject\",\"inLanguage\":\"hr\",\"@id\":\"https:\\\/\\\/andpro.net\\\/product\\\/reis-zascitni-cepki-za-usesa-osz-500-p\\\/#primaryimage\",\"url\":\"https:\\\/\\\/andpro.net\\\/wp-content\\\/uploads\\\/2023\\\/12\\\/0058584560.jpg\",\"contentUrl\":\"https:\\\/\\\/andpro.net\\\/wp-content\\\/uploads\\\/2023\\\/12\\\/0058584560.jpg\",\"width\":1024,\"height\":632,\"caption\":\"983488\"},{\"@type\":\"BreadcrumbList\",\"@id\":\"https:\\\/\\\/andpro.net\\\/product\\\/reis-zascitni-cepki-za-usesa-osz-500-p\\\/#breadcrumb\",\"itemListElement\":[{\"@type\":\"ListItem\",\"position\":1,\"name\":\"Home\",\"item\":\"https:\\\/\\\/andpro.net\\\/\"},{\"@type\":\"ListItem\",\"position\":2,\"name\":\"Shop\",\"item\":\"https:\\\/\\\/andpro.net\\\/en\\\/shop\\\/\"},{\"@type\":\"ListItem\",\"position\":3,\"name\":\"REIS ZA\u0160\u010cITNI \u010cEPKI ZA U\u0160ESA OSZ-500 P\"}]},{\"@type\":\"WebSite\",\"@id\":\"https:\\\/\\\/andpro.net\\\/de\\\/#website\",\"url\":\"https:\\\/\\\/andpro.net\\\/de\\\/\",\"name\":\"AndPro\",\"description\":\"The best decision\",\"publisher\":{\"@id\":\"https:\\\/\\\/andpro.net\\\/de\\\/#organization\"},\"potentialAction\":[{\"@type\":\"SearchAction\",\"target\":{\"@type\":\"EntryPoint\",\"urlTemplate\":\"https:\\\/\\\/andpro.net\\\/de\\\/?s={search_term_string}\"},\"query-input\":{\"@type\":\"PropertyValueSpecification\",\"valueRequired\":true,\"valueName\":\"search_term_string\"}}],\"inLanguage\":\"hr\"},{\"@type\":\"Organization\",\"@id\":\"https:\\\/\\\/andpro.net\\\/de\\\/#organization\",\"name\":\"AndPro\",\"url\":\"https:\\\/\\\/andpro.net\\\/de\\\/\",\"logo\":{\"@type\":\"ImageObject\",\"inLanguage\":\"hr\",\"@id\":\"https:\\\/\\\/andpro.net\\\/de\\\/#\\\/schema\\\/logo\\\/image\\\/\",\"url\":\"https:\\\/\\\/andpro.net\\\/wp-content\\\/uploads\\\/2023\\\/11\\\/logo_fix.png\",\"contentUrl\":\"https:\\\/\\\/andpro.net\\\/wp-content\\\/uploads\\\/2023\\\/11\\\/logo_fix.png\",\"width\":1244,\"height\":637,\"caption\":\"AndPro\"},\"image\":{\"@id\":\"https:\\\/\\\/andpro.net\\\/de\\\/#\\\/schema\\\/logo\\\/image\\\/\"}}]}<\/script>\n<!-- \/ Yoast SEO Premium plugin. -->","yoast_head_json":{"title":"REIS ZA\u0160\u010cITNI \u010cEPKI ZA U\u0160ESA OSZ-500 P - AndPro","robots":{"index":"index","follow":"follow","max-snippet":"max-snippet:-1","max-image-preview":"max-image-preview:large","max-video-preview":"max-video-preview:-1"},"canonical":"https:\/\/andpro.net\/hr\/product\/reis-zascitni-cepki-za-usesa-osz-500-p\/","og_locale":"hr_HR","og_type":"article","og_title":"REIS ZA\u0160\u010cITNI \u010cEPKI ZA U\u0160ESA OSZ-500 P","og_description":"U\u0161esni \u010depki za enkratno uporabo iz poliuretanske pene. &#8211; zvo\u010dna izolacija: H=38 dB, M=37 dB L=35 dB, SNR=39 dB &#8211; paket vsebuje 1000kos. &#8211; idealno za OSZ-500-BOX &#8211; izpolnjujejo zahteve standarda EN352-2","og_url":"https:\/\/andpro.net\/hr\/product\/reis-zascitni-cepki-za-usesa-osz-500-p\/","og_site_name":"AndPro","article_modified_time":"2025-07-20T11:50:48+00:00","og_image":[{"width":1024,"height":632,"url":"https:\/\/andpro.net\/wp-content\/uploads\/2023\/12\/0058584560.jpg","type":"image\/jpeg"}],"twitter_card":"summary_large_image","twitter_misc":{"Procijenjeno vrijeme \u010ditanja":"1 minuta"},"schema":{"@context":"https:\/\/schema.org","@graph":[{"@type":"WebPage","@id":"https:\/\/andpro.net\/product\/reis-zascitni-cepki-za-usesa-osz-500-p\/","url":"https:\/\/andpro.net\/product\/reis-zascitni-cepki-za-usesa-osz-500-p\/","name":"REIS ZA\u0160\u010cITNI \u010cEPKI ZA U\u0160ESA OSZ-500 P - AndPro","isPartOf":{"@id":"https:\/\/andpro.net\/de\/#website"},"primaryImageOfPage":{"@id":"https:\/\/andpro.net\/product\/reis-zascitni-cepki-za-usesa-osz-500-p\/#primaryimage"},"image":{"@id":"https:\/\/andpro.net\/product\/reis-zascitni-cepki-za-usesa-osz-500-p\/#primaryimage"},"thumbnailUrl":"https:\/\/andpro.net\/wp-content\/uploads\/2023\/12\/0058584560.jpg","datePublished":"2023-12-18T11:05:22+00:00","dateModified":"2025-07-20T11:50:48+00:00","breadcrumb":{"@id":"https:\/\/andpro.net\/product\/reis-zascitni-cepki-za-usesa-osz-500-p\/#breadcrumb"},"inLanguage":"hr","potentialAction":[{"@type":"ReadAction","target":["https:\/\/andpro.net\/product\/reis-zascitni-cepki-za-usesa-osz-500-p\/"]}]},{"@type":"ImageObject","inLanguage":"hr","@id":"https:\/\/andpro.net\/product\/reis-zascitni-cepki-za-usesa-osz-500-p\/#primaryimage","url":"https:\/\/andpro.net\/wp-content\/uploads\/2023\/12\/0058584560.jpg","contentUrl":"https:\/\/andpro.net\/wp-content\/uploads\/2023\/12\/0058584560.jpg","width":1024,"height":632,"caption":"983488"},{"@type":"BreadcrumbList","@id":"https:\/\/andpro.net\/product\/reis-zascitni-cepki-za-usesa-osz-500-p\/#breadcrumb","itemListElement":[{"@type":"ListItem","position":1,"name":"Home","item":"https:\/\/andpro.net\/"},{"@type":"ListItem","position":2,"name":"Shop","item":"https:\/\/andpro.net\/en\/shop\/"},{"@type":"ListItem","position":3,"name":"REIS ZA\u0160\u010cITNI \u010cEPKI ZA U\u0160ESA OSZ-500 P"}]},{"@type":"WebSite","@id":"https:\/\/andpro.net\/de\/#website","url":"https:\/\/andpro.net\/de\/","name":"AndPro","description":"The best decision","publisher":{"@id":"https:\/\/andpro.net\/de\/#organization"},"potentialAction":[{"@type":"SearchAction","target":{"@type":"EntryPoint","urlTemplate":"https:\/\/andpro.net\/de\/?s={search_term_string}"},"query-input":{"@type":"PropertyValueSpecification","valueRequired":true,"valueName":"search_term_string"}}],"inLanguage":"hr"},{"@type":"Organization","@id":"https:\/\/andpro.net\/de\/#organization","name":"AndPro","url":"https:\/\/andpro.net\/de\/","logo":{"@type":"ImageObject","inLanguage":"hr","@id":"https:\/\/andpro.net\/de\/#\/schema\/logo\/image\/","url":"https:\/\/andpro.net\/wp-content\/uploads\/2023\/11\/logo_fix.png","contentUrl":"https:\/\/andpro.net\/wp-content\/uploads\/2023\/11\/logo_fix.png","width":1244,"height":637,"caption":"AndPro"},"image":{"@id":"https:\/\/andpro.net\/de\/#\/schema\/logo\/image\/"}}]}},"_links":{"self":[{"href":"https:\/\/andpro.net\/hr\/wp-json\/wp\/v2\/product\/3809","targetHints":{"allow":["GET"]}}],"collection":[{"href":"https:\/\/andpro.net\/hr\/wp-json\/wp\/v2\/product"}],"about":[{"href":"https:\/\/andpro.net\/hr\/wp-json\/wp\/v2\/types\/product"}],"wp:featuredmedia":[{"embeddable":true,"href":"https:\/\/andpro.net\/hr\/wp-json\/wp\/v2\/media\/1978"}],"wp:attachment":[{"href":"https:\/\/andpro.net\/hr\/wp-json\/wp\/v2\/media?parent=3809"}],"wp:term":[{"taxonomy":"product_brand","embeddable":true,"href":"https:\/\/andpro.net\/hr\/wp-json\/wp\/v2\/product_brand?post=3809"},{"taxonomy":"product_cat","embeddable":true,"href":"https:\/\/andpro.net\/hr\/wp-json\/wp\/v2\/product_cat?post=3809"},{"taxonomy":"product_tag","embeddable":true,"href":"https:\/\/andpro.net\/hr\/wp-json\/wp\/v2\/product_tag?post=3809"}],"curies":[{"name":"wp","href":"https:\/\/api.w.org\/{rel}","templated":true}]}}