{"id":3852,"date":"2023-12-18T12:05:46","date_gmt":"2023-12-18T11:05:46","guid":{"rendered":"https:\/\/andpro.net\/product\/fagum-stomil-varnostni-skornji-bfpcv13148-bp\/"},"modified":"2025-07-20T12:48:47","modified_gmt":"2025-07-20T11:48:47","slug":"fagum-stomil-varnostni-skornji-bfpcv13148-bp","status":"publish","type":"product","link":"https:\/\/andpro.net\/hr\/product\/fagum-stomil-varnostni-skornji-bfpcv13148-bp\/","title":{"rendered":"FAGUM-STOMIL VARNOSTNI \u0160KORNJI BFPCV13148 BP"},"content":{"rendered":"<p>Za\u0161\u010ditni \u0161kornji 13148.<\/p>\n<p>&#8211; zgornji in spodnji del iz PVC-ja<br \/>\n&#8211; nepremo\u010dljiva ovratnica, zaklju\u010dena z vrvico<br \/>\n&#8211; zahvaljujo\u010d fluorescen\u010dnim elementom zagotavljajo bolj\u0161o vidljivost<br \/>\n&#8211; jeklena konica, odporna na udarce z energijo 200 J<br \/>\n&#8211; podloga iz poliamidne tkanine<br \/>\n&#8211; oblikovan, nedrse\u010d in na olje odporen podplat<br \/>\n&#8211; brizgano<br \/>\n&#8211; namenjen za uporabo na delovnih mestih na gradbi\u0161\u010dih in v rudnikih v conah, kjer ni nevarnosti eksplozije hlapov in plinov<br \/>\n&#8211; Kategorija SB E FO SRC<br \/>\n&#8211; izpolnjujejo zahteve standardov EN20345 in EN20344<\/p>","protected":false},"excerpt":{"rendered":"<p>Za\u0161\u010ditni \u0161kornji 13148. &#8211; zgornji in spodnji del iz PVC-ja &#8211; nepremo\u010dljiva ovratnica, zaklju\u010dena z vrvico &#8211; zahvaljujo\u010d fluorescen\u010dnim elementom zagotavljajo bolj\u0161o vidljivost &#8211; jeklena konica, odporna na udarce z energijo 200 J &#8211; podloga iz poliamidne tkanine &#8211; oblikovan, nedrse\u010d in na olje odporen podplat &#8211; brizgano &#8211; namenjen za uporabo na delovnih mestih [&hellip;]<\/p>","protected":false},"featured_media":2003,"template":"","meta":[],"product_brand":[137],"product_cat":[25],"product_tag":[],"class_list":{"0":"post-3852","1":"product","2":"type-product","3":"status-publish","4":"has-post-thumbnail","6":"product_brand-fagum-stomil","7":"product_cat-ostalo","9":"first","10":"onbackorder","11":"taxable","12":"shipping-taxable","13":"purchasable","14":"product-type-variable"},"bundled_by":[],"bundle_stock_status":"onbackorder","bundle_stock_quantity":null,"bundle_virtual":false,"bundle_layout":"","bundle_add_to_cart_form_location":"","bundle_editable_in_cart":false,"bundle_sold_individually_context":"","bundle_item_grouping":"","bundle_min_size":"","bundle_max_size":"","bundle_price":[],"bundled_items":[],"bundle_sell_ids":[],"group_of_quantity":0,"min_quantity":0,"max_quantity":"","exclude_order_quantity_value_rules":"no","exclude_category_quantity_rules":"no","combine_variations":"no","yoast_head":"<!-- This site is optimized with the Yoast SEO Premium plugin v23.9 (Yoast SEO v27.4) - https:\/\/yoast.com\/product\/yoast-seo-premium-wordpress\/ -->\n<title>FAGUM-STOMIL VARNOSTNI \u0160KORNJI BFPCV13148 BP - AndPro<\/title>\n<meta name=\"robots\" content=\"index, follow, max-snippet:-1, max-image-preview:large, max-video-preview:-1\" \/>\n<link rel=\"canonical\" href=\"https:\/\/andpro.net\/hr\/product\/fagum-stomil-varnostni-skornji-bfpcv13148-bp\/\" \/>\n<meta property=\"og:locale\" content=\"hr_HR\" \/>\n<meta property=\"og:type\" content=\"article\" \/>\n<meta property=\"og:title\" content=\"FAGUM-STOMIL VARNOSTNI \u0160KORNJI BFPCV13148 BP\" \/>\n<meta property=\"og:description\" content=\"Za\u0161\u010ditni \u0161kornji 13148. &#8211; zgornji in spodnji del iz PVC-ja &#8211; nepremo\u010dljiva ovratnica, zaklju\u010dena z vrvico &#8211; zahvaljujo\u010d fluorescen\u010dnim elementom zagotavljajo bolj\u0161o vidljivost &#8211; jeklena konica, odporna na udarce z energijo 200 J &#8211; podloga iz poliamidne tkanine &#8211; oblikovan, nedrse\u010d in na olje odporen podplat &#8211; brizgano &#8211; namenjen za uporabo na delovnih mestih [&hellip;]\" \/>\n<meta property=\"og:url\" content=\"https:\/\/andpro.net\/hr\/product\/fagum-stomil-varnostni-skornji-bfpcv13148-bp\/\" \/>\n<meta property=\"og:site_name\" content=\"AndPro\" \/>\n<meta property=\"article:modified_time\" content=\"2025-07-20T11:48:47+00:00\" \/>\n<meta property=\"og:image\" content=\"https:\/\/andpro.net\/wp-content\/uploads\/2023\/12\/0055431824.jpg\" \/>\n\t<meta property=\"og:image:width\" content=\"708\" \/>\n\t<meta property=\"og:image:height\" content=\"1024\" \/>\n\t<meta property=\"og:image:type\" content=\"image\/jpeg\" \/>\n<meta name=\"twitter:card\" content=\"summary_large_image\" \/>\n<meta name=\"twitter:label1\" content=\"Procijenjeno vrijeme \u010ditanja\" \/>\n\t<meta name=\"twitter:data1\" content=\"1 minuta\" \/>\n<script type=\"application\/ld+json\" class=\"yoast-schema-graph\">{\"@context\":\"https:\\\/\\\/schema.org\",\"@graph\":[{\"@type\":\"WebPage\",\"@id\":\"https:\\\/\\\/andpro.net\\\/product\\\/fagum-stomil-varnostni-skornji-bfpcv13148-bp\\\/\",\"url\":\"https:\\\/\\\/andpro.net\\\/product\\\/fagum-stomil-varnostni-skornji-bfpcv13148-bp\\\/\",\"name\":\"FAGUM-STOMIL VARNOSTNI \u0160KORNJI BFPCV13148 BP - AndPro\",\"isPartOf\":{\"@id\":\"https:\\\/\\\/andpro.net\\\/de\\\/#website\"},\"primaryImageOfPage\":{\"@id\":\"https:\\\/\\\/andpro.net\\\/product\\\/fagum-stomil-varnostni-skornji-bfpcv13148-bp\\\/#primaryimage\"},\"image\":{\"@id\":\"https:\\\/\\\/andpro.net\\\/product\\\/fagum-stomil-varnostni-skornji-bfpcv13148-bp\\\/#primaryimage\"},\"thumbnailUrl\":\"https:\\\/\\\/andpro.net\\\/wp-content\\\/uploads\\\/2023\\\/12\\\/0055431824.jpg\",\"datePublished\":\"2023-12-18T11:05:46+00:00\",\"dateModified\":\"2025-07-20T11:48:47+00:00\",\"breadcrumb\":{\"@id\":\"https:\\\/\\\/andpro.net\\\/product\\\/fagum-stomil-varnostni-skornji-bfpcv13148-bp\\\/#breadcrumb\"},\"inLanguage\":\"hr\",\"potentialAction\":[{\"@type\":\"ReadAction\",\"target\":[\"https:\\\/\\\/andpro.net\\\/product\\\/fagum-stomil-varnostni-skornji-bfpcv13148-bp\\\/\"]}]},{\"@type\":\"ImageObject\",\"inLanguage\":\"hr\",\"@id\":\"https:\\\/\\\/andpro.net\\\/product\\\/fagum-stomil-varnostni-skornji-bfpcv13148-bp\\\/#primaryimage\",\"url\":\"https:\\\/\\\/andpro.net\\\/wp-content\\\/uploads\\\/2023\\\/12\\\/0055431824.jpg\",\"contentUrl\":\"https:\\\/\\\/andpro.net\\\/wp-content\\\/uploads\\\/2023\\\/12\\\/0055431824.jpg\",\"width\":708,\"height\":1024,\"caption\":\"25308736\"},{\"@type\":\"BreadcrumbList\",\"@id\":\"https:\\\/\\\/andpro.net\\\/product\\\/fagum-stomil-varnostni-skornji-bfpcv13148-bp\\\/#breadcrumb\",\"itemListElement\":[{\"@type\":\"ListItem\",\"position\":1,\"name\":\"Home\",\"item\":\"https:\\\/\\\/andpro.net\\\/\"},{\"@type\":\"ListItem\",\"position\":2,\"name\":\"Shop\",\"item\":\"https:\\\/\\\/andpro.net\\\/en\\\/shop\\\/\"},{\"@type\":\"ListItem\",\"position\":3,\"name\":\"FAGUM-STOMIL VARNOSTNI \u0160KORNJI BFPCV13148 BP\"}]},{\"@type\":\"WebSite\",\"@id\":\"https:\\\/\\\/andpro.net\\\/de\\\/#website\",\"url\":\"https:\\\/\\\/andpro.net\\\/de\\\/\",\"name\":\"AndPro\",\"description\":\"The best decision\",\"publisher\":{\"@id\":\"https:\\\/\\\/andpro.net\\\/de\\\/#organization\"},\"potentialAction\":[{\"@type\":\"SearchAction\",\"target\":{\"@type\":\"EntryPoint\",\"urlTemplate\":\"https:\\\/\\\/andpro.net\\\/de\\\/?s={search_term_string}\"},\"query-input\":{\"@type\":\"PropertyValueSpecification\",\"valueRequired\":true,\"valueName\":\"search_term_string\"}}],\"inLanguage\":\"hr\"},{\"@type\":\"Organization\",\"@id\":\"https:\\\/\\\/andpro.net\\\/de\\\/#organization\",\"name\":\"AndPro\",\"url\":\"https:\\\/\\\/andpro.net\\\/de\\\/\",\"logo\":{\"@type\":\"ImageObject\",\"inLanguage\":\"hr\",\"@id\":\"https:\\\/\\\/andpro.net\\\/de\\\/#\\\/schema\\\/logo\\\/image\\\/\",\"url\":\"https:\\\/\\\/andpro.net\\\/wp-content\\\/uploads\\\/2023\\\/11\\\/logo_fix.png\",\"contentUrl\":\"https:\\\/\\\/andpro.net\\\/wp-content\\\/uploads\\\/2023\\\/11\\\/logo_fix.png\",\"width\":1244,\"height\":637,\"caption\":\"AndPro\"},\"image\":{\"@id\":\"https:\\\/\\\/andpro.net\\\/de\\\/#\\\/schema\\\/logo\\\/image\\\/\"}}]}<\/script>\n<!-- \/ Yoast SEO Premium plugin. -->","yoast_head_json":{"title":"FAGUM-STOMIL VARNOSTNI \u0160KORNJI BFPCV13148 BP - AndPro","robots":{"index":"index","follow":"follow","max-snippet":"max-snippet:-1","max-image-preview":"max-image-preview:large","max-video-preview":"max-video-preview:-1"},"canonical":"https:\/\/andpro.net\/hr\/product\/fagum-stomil-varnostni-skornji-bfpcv13148-bp\/","og_locale":"hr_HR","og_type":"article","og_title":"FAGUM-STOMIL VARNOSTNI \u0160KORNJI BFPCV13148 BP","og_description":"Za\u0161\u010ditni \u0161kornji 13148. &#8211; zgornji in spodnji del iz PVC-ja &#8211; nepremo\u010dljiva ovratnica, zaklju\u010dena z vrvico &#8211; zahvaljujo\u010d fluorescen\u010dnim elementom zagotavljajo bolj\u0161o vidljivost &#8211; jeklena konica, odporna na udarce z energijo 200 J &#8211; podloga iz poliamidne tkanine &#8211; oblikovan, nedrse\u010d in na olje odporen podplat &#8211; brizgano &#8211; namenjen za uporabo na delovnih mestih [&hellip;]","og_url":"https:\/\/andpro.net\/hr\/product\/fagum-stomil-varnostni-skornji-bfpcv13148-bp\/","og_site_name":"AndPro","article_modified_time":"2025-07-20T11:48:47+00:00","og_image":[{"width":708,"height":1024,"url":"https:\/\/andpro.net\/wp-content\/uploads\/2023\/12\/0055431824.jpg","type":"image\/jpeg"}],"twitter_card":"summary_large_image","twitter_misc":{"Procijenjeno vrijeme \u010ditanja":"1 minuta"},"schema":{"@context":"https:\/\/schema.org","@graph":[{"@type":"WebPage","@id":"https:\/\/andpro.net\/product\/fagum-stomil-varnostni-skornji-bfpcv13148-bp\/","url":"https:\/\/andpro.net\/product\/fagum-stomil-varnostni-skornji-bfpcv13148-bp\/","name":"FAGUM-STOMIL VARNOSTNI \u0160KORNJI BFPCV13148 BP - AndPro","isPartOf":{"@id":"https:\/\/andpro.net\/de\/#website"},"primaryImageOfPage":{"@id":"https:\/\/andpro.net\/product\/fagum-stomil-varnostni-skornji-bfpcv13148-bp\/#primaryimage"},"image":{"@id":"https:\/\/andpro.net\/product\/fagum-stomil-varnostni-skornji-bfpcv13148-bp\/#primaryimage"},"thumbnailUrl":"https:\/\/andpro.net\/wp-content\/uploads\/2023\/12\/0055431824.jpg","datePublished":"2023-12-18T11:05:46+00:00","dateModified":"2025-07-20T11:48:47+00:00","breadcrumb":{"@id":"https:\/\/andpro.net\/product\/fagum-stomil-varnostni-skornji-bfpcv13148-bp\/#breadcrumb"},"inLanguage":"hr","potentialAction":[{"@type":"ReadAction","target":["https:\/\/andpro.net\/product\/fagum-stomil-varnostni-skornji-bfpcv13148-bp\/"]}]},{"@type":"ImageObject","inLanguage":"hr","@id":"https:\/\/andpro.net\/product\/fagum-stomil-varnostni-skornji-bfpcv13148-bp\/#primaryimage","url":"https:\/\/andpro.net\/wp-content\/uploads\/2023\/12\/0055431824.jpg","contentUrl":"https:\/\/andpro.net\/wp-content\/uploads\/2023\/12\/0055431824.jpg","width":708,"height":1024,"caption":"25308736"},{"@type":"BreadcrumbList","@id":"https:\/\/andpro.net\/product\/fagum-stomil-varnostni-skornji-bfpcv13148-bp\/#breadcrumb","itemListElement":[{"@type":"ListItem","position":1,"name":"Home","item":"https:\/\/andpro.net\/"},{"@type":"ListItem","position":2,"name":"Shop","item":"https:\/\/andpro.net\/en\/shop\/"},{"@type":"ListItem","position":3,"name":"FAGUM-STOMIL VARNOSTNI \u0160KORNJI BFPCV13148 BP"}]},{"@type":"WebSite","@id":"https:\/\/andpro.net\/de\/#website","url":"https:\/\/andpro.net\/de\/","name":"AndPro","description":"The best decision","publisher":{"@id":"https:\/\/andpro.net\/de\/#organization"},"potentialAction":[{"@type":"SearchAction","target":{"@type":"EntryPoint","urlTemplate":"https:\/\/andpro.net\/de\/?s={search_term_string}"},"query-input":{"@type":"PropertyValueSpecification","valueRequired":true,"valueName":"search_term_string"}}],"inLanguage":"hr"},{"@type":"Organization","@id":"https:\/\/andpro.net\/de\/#organization","name":"AndPro","url":"https:\/\/andpro.net\/de\/","logo":{"@type":"ImageObject","inLanguage":"hr","@id":"https:\/\/andpro.net\/de\/#\/schema\/logo\/image\/","url":"https:\/\/andpro.net\/wp-content\/uploads\/2023\/11\/logo_fix.png","contentUrl":"https:\/\/andpro.net\/wp-content\/uploads\/2023\/11\/logo_fix.png","width":1244,"height":637,"caption":"AndPro"},"image":{"@id":"https:\/\/andpro.net\/de\/#\/schema\/logo\/image\/"}}]}},"_links":{"self":[{"href":"https:\/\/andpro.net\/hr\/wp-json\/wp\/v2\/product\/3852","targetHints":{"allow":["GET"]}}],"collection":[{"href":"https:\/\/andpro.net\/hr\/wp-json\/wp\/v2\/product"}],"about":[{"href":"https:\/\/andpro.net\/hr\/wp-json\/wp\/v2\/types\/product"}],"wp:featuredmedia":[{"embeddable":true,"href":"https:\/\/andpro.net\/hr\/wp-json\/wp\/v2\/media\/2003"}],"wp:attachment":[{"href":"https:\/\/andpro.net\/hr\/wp-json\/wp\/v2\/media?parent=3852"}],"wp:term":[{"taxonomy":"product_brand","embeddable":true,"href":"https:\/\/andpro.net\/hr\/wp-json\/wp\/v2\/product_brand?post=3852"},{"taxonomy":"product_cat","embeddable":true,"href":"https:\/\/andpro.net\/hr\/wp-json\/wp\/v2\/product_cat?post=3852"},{"taxonomy":"product_tag","embeddable":true,"href":"https:\/\/andpro.net\/hr\/wp-json\/wp\/v2\/product_tag?post=3852"}],"curies":[{"name":"wp","href":"https:\/\/api.w.org\/{rel}","templated":true}]}}