{"id":5126,"date":"2023-12-26T13:30:15","date_gmt":"2023-12-26T12:30:15","guid":{"rendered":"https:\/\/andpro.net\/?post_type=product&#038;p=5126"},"modified":"2025-07-20T12:38:16","modified_gmt":"2025-07-20T11:38:16","slug":"ogrifox-zascitne-rokavice-ox-foamer-sb","status":"publish","type":"product","link":"https:\/\/andpro.net\/hr\/product\/ogrifox-zascitne-rokavice-ox-foamer-sb\/","title":{"rendered":"OGRIFOX ZA\u0160\u010cITNE ROKAVICE OX-FOAMER SB"},"content":{"rendered":"<p>Za\u0161\u010ditne delovne rokavice.<\/p>\n<p>Pletenina: 100% poliester (\u0161iv 13)<br \/>\nPENA z nitrilno prevleko<br \/>\nSo zelo prilagodljivi in \u200b\u200bse odli\u010dno prilagajajo roki<br \/>\nzagotavljajo spretnost in odli\u010den ob\u010dutek za predmet, ki ga dr\u017eimo.<br \/>\nNitril pove\u010da odpornost na ma\u0161\u010dobe in olja<br \/>\nuporablja se za splo\u0161na mehanska dela.<\/p>\n<p><strong>MINIMALNO NARO\u010cILO 120 PAROV<\/strong><\/p>","protected":false},"excerpt":{"rendered":"<p>Za\u0161\u010ditne delovne rokavice. Pletenina: 100% poliester (\u0161iv 13) PENA z nitrilno prevleko So zelo prilagodljivi in \u200b\u200bse odli\u010dno prilagajajo roki zagotavljajo spretnost in odli\u010den ob\u010dutek za predmet, ki ga dr\u017eimo. Nitril pove\u010da odpornost na ma\u0161\u010dobe in olja uporablja se za splo\u0161na mehanska dela. MINIMALNO NARO\u010cILO 120 PAROV<\/p>","protected":false},"featured_media":5131,"template":"","meta":[],"product_brand":[],"product_cat":[22,115],"product_tag":[],"class_list":{"0":"post-5126","1":"product","2":"type-product","3":"status-publish","4":"has-post-thumbnail","6":"product_cat-rokavice","7":"product_cat-zascita-za-roke","9":"first","10":"onbackorder","11":"sale","12":"taxable","13":"shipping-taxable","14":"purchasable","15":"product-type-simple"},"bundled_by":[],"bundle_stock_status":"onbackorder","bundle_stock_quantity":null,"bundle_virtual":false,"bundle_layout":"","bundle_add_to_cart_form_location":"","bundle_editable_in_cart":false,"bundle_sold_individually_context":"","bundle_item_grouping":"","bundle_min_size":"","bundle_max_size":"","bundle_price":[],"bundled_items":[],"bundle_sell_ids":[],"group_of_quantity":0,"min_quantity":120,"max_quantity":"","exclude_order_quantity_value_rules":"no","exclude_category_quantity_rules":"no","combine_variations":"no","yoast_head":"<!-- This site is optimized with the Yoast SEO Premium plugin v23.9 (Yoast SEO v27.4) - https:\/\/yoast.com\/product\/yoast-seo-premium-wordpress\/ -->\n<title>OGRIFOX ZA\u0160\u010cITNE ROKAVICE OX-FOAMER SB - AndPro<\/title>\n<meta name=\"robots\" content=\"index, follow, max-snippet:-1, max-image-preview:large, max-video-preview:-1\" \/>\n<link rel=\"canonical\" href=\"https:\/\/andpro.net\/hr\/product\/ogrifox-zascitne-rokavice-ox-foamer-sb\/\" \/>\n<meta property=\"og:locale\" content=\"hr_HR\" \/>\n<meta property=\"og:type\" content=\"article\" \/>\n<meta property=\"og:title\" content=\"OGRIFOX ZA\u0160\u010cITNE ROKAVICE OX-FOAMER SB\" \/>\n<meta property=\"og:description\" content=\"Za\u0161\u010ditne delovne rokavice. Pletenina: 100% poliester (\u0161iv 13) PENA z nitrilno prevleko So zelo prilagodljivi in \u200b\u200bse odli\u010dno prilagajajo roki zagotavljajo spretnost in odli\u010den ob\u010dutek za predmet, ki ga dr\u017eimo. Nitril pove\u010da odpornost na ma\u0161\u010dobe in olja uporablja se za splo\u0161na mehanska dela. MINIMALNO NARO\u010cILO 120 PAROV\" \/>\n<meta property=\"og:url\" content=\"https:\/\/andpro.net\/hr\/product\/ogrifox-zascitne-rokavice-ox-foamer-sb\/\" \/>\n<meta property=\"og:site_name\" content=\"AndPro\" \/>\n<meta property=\"article:modified_time\" content=\"2025-07-20T11:38:16+00:00\" \/>\n<meta property=\"og:image\" content=\"https:\/\/andpro.net\/wp-content\/uploads\/2023\/12\/0045196016.jpg\" \/>\n\t<meta property=\"og:image:width\" content=\"806\" \/>\n\t<meta property=\"og:image:height\" content=\"1024\" \/>\n\t<meta property=\"og:image:type\" content=\"image\/jpeg\" \/>\n<meta name=\"twitter:card\" content=\"summary_large_image\" \/>\n<meta name=\"twitter:label1\" content=\"Procijenjeno vrijeme \u010ditanja\" \/>\n\t<meta name=\"twitter:data1\" content=\"1 minuta\" \/>\n<script type=\"application\/ld+json\" class=\"yoast-schema-graph\">{\"@context\":\"https:\\\/\\\/schema.org\",\"@graph\":[{\"@type\":\"WebPage\",\"@id\":\"https:\\\/\\\/andpro.net\\\/product\\\/ogrifox-zascitne-rokavice-ox-foamer-sb\\\/\",\"url\":\"https:\\\/\\\/andpro.net\\\/product\\\/ogrifox-zascitne-rokavice-ox-foamer-sb\\\/\",\"name\":\"OGRIFOX ZA\u0160\u010cITNE ROKAVICE OX-FOAMER SB - AndPro\",\"isPartOf\":{\"@id\":\"https:\\\/\\\/andpro.net\\\/de\\\/#website\"},\"primaryImageOfPage\":{\"@id\":\"https:\\\/\\\/andpro.net\\\/product\\\/ogrifox-zascitne-rokavice-ox-foamer-sb\\\/#primaryimage\"},\"image\":{\"@id\":\"https:\\\/\\\/andpro.net\\\/product\\\/ogrifox-zascitne-rokavice-ox-foamer-sb\\\/#primaryimage\"},\"thumbnailUrl\":\"https:\\\/\\\/andpro.net\\\/wp-content\\\/uploads\\\/2023\\\/12\\\/0045196016.jpg\",\"datePublished\":\"2023-12-26T12:30:15+00:00\",\"dateModified\":\"2025-07-20T11:38:16+00:00\",\"breadcrumb\":{\"@id\":\"https:\\\/\\\/andpro.net\\\/product\\\/ogrifox-zascitne-rokavice-ox-foamer-sb\\\/#breadcrumb\"},\"inLanguage\":\"hr\",\"potentialAction\":[{\"@type\":\"ReadAction\",\"target\":[\"https:\\\/\\\/andpro.net\\\/product\\\/ogrifox-zascitne-rokavice-ox-foamer-sb\\\/\"]}]},{\"@type\":\"ImageObject\",\"inLanguage\":\"hr\",\"@id\":\"https:\\\/\\\/andpro.net\\\/product\\\/ogrifox-zascitne-rokavice-ox-foamer-sb\\\/#primaryimage\",\"url\":\"https:\\\/\\\/andpro.net\\\/wp-content\\\/uploads\\\/2023\\\/12\\\/0045196016.jpg\",\"contentUrl\":\"https:\\\/\\\/andpro.net\\\/wp-content\\\/uploads\\\/2023\\\/12\\\/0045196016.jpg\",\"width\":806,\"height\":1024},{\"@type\":\"BreadcrumbList\",\"@id\":\"https:\\\/\\\/andpro.net\\\/product\\\/ogrifox-zascitne-rokavice-ox-foamer-sb\\\/#breadcrumb\",\"itemListElement\":[{\"@type\":\"ListItem\",\"position\":1,\"name\":\"Home\",\"item\":\"https:\\\/\\\/andpro.net\\\/\"},{\"@type\":\"ListItem\",\"position\":2,\"name\":\"Shop\",\"item\":\"https:\\\/\\\/andpro.net\\\/en\\\/shop\\\/\"},{\"@type\":\"ListItem\",\"position\":3,\"name\":\"OGRIFOX ZA\u0160\u010cITNE ROKAVICE OX-FOAMER SB\"}]},{\"@type\":\"WebSite\",\"@id\":\"https:\\\/\\\/andpro.net\\\/de\\\/#website\",\"url\":\"https:\\\/\\\/andpro.net\\\/de\\\/\",\"name\":\"AndPro\",\"description\":\"The best decision\",\"publisher\":{\"@id\":\"https:\\\/\\\/andpro.net\\\/de\\\/#organization\"},\"potentialAction\":[{\"@type\":\"SearchAction\",\"target\":{\"@type\":\"EntryPoint\",\"urlTemplate\":\"https:\\\/\\\/andpro.net\\\/de\\\/?s={search_term_string}\"},\"query-input\":{\"@type\":\"PropertyValueSpecification\",\"valueRequired\":true,\"valueName\":\"search_term_string\"}}],\"inLanguage\":\"hr\"},{\"@type\":\"Organization\",\"@id\":\"https:\\\/\\\/andpro.net\\\/de\\\/#organization\",\"name\":\"AndPro\",\"url\":\"https:\\\/\\\/andpro.net\\\/de\\\/\",\"logo\":{\"@type\":\"ImageObject\",\"inLanguage\":\"hr\",\"@id\":\"https:\\\/\\\/andpro.net\\\/de\\\/#\\\/schema\\\/logo\\\/image\\\/\",\"url\":\"https:\\\/\\\/andpro.net\\\/wp-content\\\/uploads\\\/2023\\\/11\\\/logo_fix.png\",\"contentUrl\":\"https:\\\/\\\/andpro.net\\\/wp-content\\\/uploads\\\/2023\\\/11\\\/logo_fix.png\",\"width\":1244,\"height\":637,\"caption\":\"AndPro\"},\"image\":{\"@id\":\"https:\\\/\\\/andpro.net\\\/de\\\/#\\\/schema\\\/logo\\\/image\\\/\"}}]}<\/script>\n<!-- \/ Yoast SEO Premium plugin. -->","yoast_head_json":{"title":"OGRIFOX ZA\u0160\u010cITNE ROKAVICE OX-FOAMER SB - AndPro","robots":{"index":"index","follow":"follow","max-snippet":"max-snippet:-1","max-image-preview":"max-image-preview:large","max-video-preview":"max-video-preview:-1"},"canonical":"https:\/\/andpro.net\/hr\/product\/ogrifox-zascitne-rokavice-ox-foamer-sb\/","og_locale":"hr_HR","og_type":"article","og_title":"OGRIFOX ZA\u0160\u010cITNE ROKAVICE OX-FOAMER SB","og_description":"Za\u0161\u010ditne delovne rokavice. Pletenina: 100% poliester (\u0161iv 13) PENA z nitrilno prevleko So zelo prilagodljivi in \u200b\u200bse odli\u010dno prilagajajo roki zagotavljajo spretnost in odli\u010den ob\u010dutek za predmet, ki ga dr\u017eimo. Nitril pove\u010da odpornost na ma\u0161\u010dobe in olja uporablja se za splo\u0161na mehanska dela. MINIMALNO NARO\u010cILO 120 PAROV","og_url":"https:\/\/andpro.net\/hr\/product\/ogrifox-zascitne-rokavice-ox-foamer-sb\/","og_site_name":"AndPro","article_modified_time":"2025-07-20T11:38:16+00:00","og_image":[{"width":806,"height":1024,"url":"https:\/\/andpro.net\/wp-content\/uploads\/2023\/12\/0045196016.jpg","type":"image\/jpeg"}],"twitter_card":"summary_large_image","twitter_misc":{"Procijenjeno vrijeme \u010ditanja":"1 minuta"},"schema":{"@context":"https:\/\/schema.org","@graph":[{"@type":"WebPage","@id":"https:\/\/andpro.net\/product\/ogrifox-zascitne-rokavice-ox-foamer-sb\/","url":"https:\/\/andpro.net\/product\/ogrifox-zascitne-rokavice-ox-foamer-sb\/","name":"OGRIFOX ZA\u0160\u010cITNE ROKAVICE OX-FOAMER SB - AndPro","isPartOf":{"@id":"https:\/\/andpro.net\/de\/#website"},"primaryImageOfPage":{"@id":"https:\/\/andpro.net\/product\/ogrifox-zascitne-rokavice-ox-foamer-sb\/#primaryimage"},"image":{"@id":"https:\/\/andpro.net\/product\/ogrifox-zascitne-rokavice-ox-foamer-sb\/#primaryimage"},"thumbnailUrl":"https:\/\/andpro.net\/wp-content\/uploads\/2023\/12\/0045196016.jpg","datePublished":"2023-12-26T12:30:15+00:00","dateModified":"2025-07-20T11:38:16+00:00","breadcrumb":{"@id":"https:\/\/andpro.net\/product\/ogrifox-zascitne-rokavice-ox-foamer-sb\/#breadcrumb"},"inLanguage":"hr","potentialAction":[{"@type":"ReadAction","target":["https:\/\/andpro.net\/product\/ogrifox-zascitne-rokavice-ox-foamer-sb\/"]}]},{"@type":"ImageObject","inLanguage":"hr","@id":"https:\/\/andpro.net\/product\/ogrifox-zascitne-rokavice-ox-foamer-sb\/#primaryimage","url":"https:\/\/andpro.net\/wp-content\/uploads\/2023\/12\/0045196016.jpg","contentUrl":"https:\/\/andpro.net\/wp-content\/uploads\/2023\/12\/0045196016.jpg","width":806,"height":1024},{"@type":"BreadcrumbList","@id":"https:\/\/andpro.net\/product\/ogrifox-zascitne-rokavice-ox-foamer-sb\/#breadcrumb","itemListElement":[{"@type":"ListItem","position":1,"name":"Home","item":"https:\/\/andpro.net\/"},{"@type":"ListItem","position":2,"name":"Shop","item":"https:\/\/andpro.net\/en\/shop\/"},{"@type":"ListItem","position":3,"name":"OGRIFOX ZA\u0160\u010cITNE ROKAVICE OX-FOAMER SB"}]},{"@type":"WebSite","@id":"https:\/\/andpro.net\/de\/#website","url":"https:\/\/andpro.net\/de\/","name":"AndPro","description":"The best decision","publisher":{"@id":"https:\/\/andpro.net\/de\/#organization"},"potentialAction":[{"@type":"SearchAction","target":{"@type":"EntryPoint","urlTemplate":"https:\/\/andpro.net\/de\/?s={search_term_string}"},"query-input":{"@type":"PropertyValueSpecification","valueRequired":true,"valueName":"search_term_string"}}],"inLanguage":"hr"},{"@type":"Organization","@id":"https:\/\/andpro.net\/de\/#organization","name":"AndPro","url":"https:\/\/andpro.net\/de\/","logo":{"@type":"ImageObject","inLanguage":"hr","@id":"https:\/\/andpro.net\/de\/#\/schema\/logo\/image\/","url":"https:\/\/andpro.net\/wp-content\/uploads\/2023\/11\/logo_fix.png","contentUrl":"https:\/\/andpro.net\/wp-content\/uploads\/2023\/11\/logo_fix.png","width":1244,"height":637,"caption":"AndPro"},"image":{"@id":"https:\/\/andpro.net\/de\/#\/schema\/logo\/image\/"}}]}},"_links":{"self":[{"href":"https:\/\/andpro.net\/hr\/wp-json\/wp\/v2\/product\/5126","targetHints":{"allow":["GET"]}}],"collection":[{"href":"https:\/\/andpro.net\/hr\/wp-json\/wp\/v2\/product"}],"about":[{"href":"https:\/\/andpro.net\/hr\/wp-json\/wp\/v2\/types\/product"}],"wp:featuredmedia":[{"embeddable":true,"href":"https:\/\/andpro.net\/hr\/wp-json\/wp\/v2\/media\/5131"}],"wp:attachment":[{"href":"https:\/\/andpro.net\/hr\/wp-json\/wp\/v2\/media?parent=5126"}],"wp:term":[{"taxonomy":"product_brand","embeddable":true,"href":"https:\/\/andpro.net\/hr\/wp-json\/wp\/v2\/product_brand?post=5126"},{"taxonomy":"product_cat","embeddable":true,"href":"https:\/\/andpro.net\/hr\/wp-json\/wp\/v2\/product_cat?post=5126"},{"taxonomy":"product_tag","embeddable":true,"href":"https:\/\/andpro.net\/hr\/wp-json\/wp\/v2\/product_tag?post=5126"}],"curies":[{"name":"wp","href":"https:\/\/api.w.org\/{rel}","templated":true}]}}