{"id":5431,"date":"2023-12-28T02:37:11","date_gmt":"2023-12-28T01:37:11","guid":{"rendered":"https:\/\/andpro.net\/?post_type=product&#038;p=5431"},"modified":"2025-07-20T12:36:05","modified_gmt":"2025-07-20T11:36:05","slug":"l-hollman-scitniki-za-kolena-onkingbee-b","status":"publish","type":"product","link":"https:\/\/andpro.net\/hr\/product\/l-hollman-scitniki-za-kolena-onkingbee-b\/","title":{"rendered":"L.HOLLMAN \u0160\u010cITNIKI ZA KOLENA ONKINGBEE B"},"content":{"rendered":"<p>\u0160\u010ditniki za kolena za hla\u010de.<\/p>\n<p>&nbsp;<\/p>\n<p>100% polietilen<\/p>\n<p>Dimenzije: \u0161irina 16 cm, dol\u017eina 21 cm<\/p>\n<p>zagotavljajo udobje pri delu in zmanj\u0161ujejo nelagodje pri delu na kolenih<\/p>\n<p>idealen za uporabo pri delu pri polaganju tlakovcev in na mestih, kjer je potrebno kle\u010danje<\/p>\n<p>Med drugim za uporabo z izbranimi hla\u010dami L.Hollman in REIS<\/p>","protected":false},"excerpt":{"rendered":"<p>\u0160\u010ditniki za kolena za hla\u010de. &nbsp; 100% polietilen Dimenzije: \u0161irina 16 cm, dol\u017eina 21 cm zagotavljajo udobje pri delu in zmanj\u0161ujejo nelagodje pri delu na kolenih idealen za uporabo pri delu pri polaganju tlakovcev in na mestih, kjer je potrebno kle\u010danje Med drugim za uporabo z izbranimi hla\u010dami L.Hollman in REIS<\/p>","protected":false},"featured_media":5432,"template":"","meta":[],"product_brand":[],"product_cat":[267,41],"product_tag":[],"class_list":{"0":"post-5431","1":"product","2":"type-product","3":"status-publish","4":"has-post-thumbnail","6":"product_cat-dodatki","7":"product_cat-hlace","9":"first","10":"onbackorder","11":"taxable","12":"shipping-taxable","13":"purchasable","14":"product-type-simple"},"bundled_by":[],"bundle_stock_status":"onbackorder","bundle_stock_quantity":null,"bundle_virtual":false,"bundle_layout":"","bundle_add_to_cart_form_location":"","bundle_editable_in_cart":false,"bundle_sold_individually_context":"","bundle_item_grouping":"","bundle_min_size":"","bundle_max_size":"","bundle_price":[],"bundled_items":[],"bundle_sell_ids":[],"group_of_quantity":0,"min_quantity":0,"max_quantity":"","exclude_order_quantity_value_rules":"no","exclude_category_quantity_rules":"no","combine_variations":"no","yoast_head":"<!-- This site is optimized with the Yoast SEO Premium plugin v23.9 (Yoast SEO v27.4) - https:\/\/yoast.com\/product\/yoast-seo-premium-wordpress\/ -->\n<title>L.HOLLMAN \u0160\u010cITNIKI ZA KOLENA ONKINGBEE B - AndPro<\/title>\n<meta name=\"robots\" content=\"index, follow, max-snippet:-1, max-image-preview:large, max-video-preview:-1\" \/>\n<link rel=\"canonical\" href=\"https:\/\/andpro.net\/hr\/product\/l-hollman-scitniki-za-kolena-onkingbee-b\/\" \/>\n<meta property=\"og:locale\" content=\"hr_HR\" \/>\n<meta property=\"og:type\" content=\"article\" \/>\n<meta property=\"og:title\" content=\"L.HOLLMAN \u0160\u010cITNIKI ZA KOLENA ONKINGBEE B\" \/>\n<meta property=\"og:description\" content=\"\u0160\u010ditniki za kolena za hla\u010de. &nbsp; 100% polietilen Dimenzije: \u0161irina 16 cm, dol\u017eina 21 cm zagotavljajo udobje pri delu in zmanj\u0161ujejo nelagodje pri delu na kolenih idealen za uporabo pri delu pri polaganju tlakovcev in na mestih, kjer je potrebno kle\u010danje Med drugim za uporabo z izbranimi hla\u010dami L.Hollman in REIS\" \/>\n<meta property=\"og:url\" content=\"https:\/\/andpro.net\/hr\/product\/l-hollman-scitniki-za-kolena-onkingbee-b\/\" \/>\n<meta property=\"og:site_name\" content=\"AndPro\" \/>\n<meta property=\"article:modified_time\" content=\"2025-07-20T11:36:05+00:00\" \/>\n<meta property=\"og:image\" content=\"https:\/\/andpro.net\/wp-content\/uploads\/2023\/12\/0058577600.jpg\" \/>\n\t<meta property=\"og:image:width\" content=\"965\" \/>\n\t<meta property=\"og:image:height\" content=\"1024\" \/>\n\t<meta property=\"og:image:type\" content=\"image\/jpeg\" \/>\n<meta name=\"twitter:card\" content=\"summary_large_image\" \/>\n<meta name=\"twitter:label1\" content=\"Procijenjeno vrijeme \u010ditanja\" \/>\n\t<meta name=\"twitter:data1\" content=\"1 minuta\" \/>\n<script type=\"application\/ld+json\" class=\"yoast-schema-graph\">{\"@context\":\"https:\\\/\\\/schema.org\",\"@graph\":[{\"@type\":\"WebPage\",\"@id\":\"https:\\\/\\\/andpro.net\\\/product\\\/l-hollman-scitniki-za-kolena-onkingbee-b\\\/\",\"url\":\"https:\\\/\\\/andpro.net\\\/product\\\/l-hollman-scitniki-za-kolena-onkingbee-b\\\/\",\"name\":\"L.HOLLMAN \u0160\u010cITNIKI ZA KOLENA ONKINGBEE B - AndPro\",\"isPartOf\":{\"@id\":\"https:\\\/\\\/andpro.net\\\/de\\\/#website\"},\"primaryImageOfPage\":{\"@id\":\"https:\\\/\\\/andpro.net\\\/product\\\/l-hollman-scitniki-za-kolena-onkingbee-b\\\/#primaryimage\"},\"image\":{\"@id\":\"https:\\\/\\\/andpro.net\\\/product\\\/l-hollman-scitniki-za-kolena-onkingbee-b\\\/#primaryimage\"},\"thumbnailUrl\":\"https:\\\/\\\/andpro.net\\\/wp-content\\\/uploads\\\/2023\\\/12\\\/0058577600.jpg\",\"datePublished\":\"2023-12-28T01:37:11+00:00\",\"dateModified\":\"2025-07-20T11:36:05+00:00\",\"breadcrumb\":{\"@id\":\"https:\\\/\\\/andpro.net\\\/product\\\/l-hollman-scitniki-za-kolena-onkingbee-b\\\/#breadcrumb\"},\"inLanguage\":\"hr\",\"potentialAction\":[{\"@type\":\"ReadAction\",\"target\":[\"https:\\\/\\\/andpro.net\\\/product\\\/l-hollman-scitniki-za-kolena-onkingbee-b\\\/\"]}]},{\"@type\":\"ImageObject\",\"inLanguage\":\"hr\",\"@id\":\"https:\\\/\\\/andpro.net\\\/product\\\/l-hollman-scitniki-za-kolena-onkingbee-b\\\/#primaryimage\",\"url\":\"https:\\\/\\\/andpro.net\\\/wp-content\\\/uploads\\\/2023\\\/12\\\/0058577600.jpg\",\"contentUrl\":\"https:\\\/\\\/andpro.net\\\/wp-content\\\/uploads\\\/2023\\\/12\\\/0058577600.jpg\",\"width\":965,\"height\":1024},{\"@type\":\"BreadcrumbList\",\"@id\":\"https:\\\/\\\/andpro.net\\\/product\\\/l-hollman-scitniki-za-kolena-onkingbee-b\\\/#breadcrumb\",\"itemListElement\":[{\"@type\":\"ListItem\",\"position\":1,\"name\":\"Home\",\"item\":\"https:\\\/\\\/andpro.net\\\/\"},{\"@type\":\"ListItem\",\"position\":2,\"name\":\"Shop\",\"item\":\"https:\\\/\\\/andpro.net\\\/en\\\/shop\\\/\"},{\"@type\":\"ListItem\",\"position\":3,\"name\":\"L.HOLLMAN \u0160\u010cITNIKI ZA KOLENA ONKINGBEE B\"}]},{\"@type\":\"WebSite\",\"@id\":\"https:\\\/\\\/andpro.net\\\/de\\\/#website\",\"url\":\"https:\\\/\\\/andpro.net\\\/de\\\/\",\"name\":\"AndPro\",\"description\":\"The best decision\",\"publisher\":{\"@id\":\"https:\\\/\\\/andpro.net\\\/de\\\/#organization\"},\"potentialAction\":[{\"@type\":\"SearchAction\",\"target\":{\"@type\":\"EntryPoint\",\"urlTemplate\":\"https:\\\/\\\/andpro.net\\\/de\\\/?s={search_term_string}\"},\"query-input\":{\"@type\":\"PropertyValueSpecification\",\"valueRequired\":true,\"valueName\":\"search_term_string\"}}],\"inLanguage\":\"hr\"},{\"@type\":\"Organization\",\"@id\":\"https:\\\/\\\/andpro.net\\\/de\\\/#organization\",\"name\":\"AndPro\",\"url\":\"https:\\\/\\\/andpro.net\\\/de\\\/\",\"logo\":{\"@type\":\"ImageObject\",\"inLanguage\":\"hr\",\"@id\":\"https:\\\/\\\/andpro.net\\\/de\\\/#\\\/schema\\\/logo\\\/image\\\/\",\"url\":\"https:\\\/\\\/andpro.net\\\/wp-content\\\/uploads\\\/2023\\\/11\\\/logo_fix.png\",\"contentUrl\":\"https:\\\/\\\/andpro.net\\\/wp-content\\\/uploads\\\/2023\\\/11\\\/logo_fix.png\",\"width\":1244,\"height\":637,\"caption\":\"AndPro\"},\"image\":{\"@id\":\"https:\\\/\\\/andpro.net\\\/de\\\/#\\\/schema\\\/logo\\\/image\\\/\"}}]}<\/script>\n<!-- \/ Yoast SEO Premium plugin. -->","yoast_head_json":{"title":"L.HOLLMAN \u0160\u010cITNIKI ZA KOLENA ONKINGBEE B - AndPro","robots":{"index":"index","follow":"follow","max-snippet":"max-snippet:-1","max-image-preview":"max-image-preview:large","max-video-preview":"max-video-preview:-1"},"canonical":"https:\/\/andpro.net\/hr\/product\/l-hollman-scitniki-za-kolena-onkingbee-b\/","og_locale":"hr_HR","og_type":"article","og_title":"L.HOLLMAN \u0160\u010cITNIKI ZA KOLENA ONKINGBEE B","og_description":"\u0160\u010ditniki za kolena za hla\u010de. &nbsp; 100% polietilen Dimenzije: \u0161irina 16 cm, dol\u017eina 21 cm zagotavljajo udobje pri delu in zmanj\u0161ujejo nelagodje pri delu na kolenih idealen za uporabo pri delu pri polaganju tlakovcev in na mestih, kjer je potrebno kle\u010danje Med drugim za uporabo z izbranimi hla\u010dami L.Hollman in REIS","og_url":"https:\/\/andpro.net\/hr\/product\/l-hollman-scitniki-za-kolena-onkingbee-b\/","og_site_name":"AndPro","article_modified_time":"2025-07-20T11:36:05+00:00","og_image":[{"width":965,"height":1024,"url":"https:\/\/andpro.net\/wp-content\/uploads\/2023\/12\/0058577600.jpg","type":"image\/jpeg"}],"twitter_card":"summary_large_image","twitter_misc":{"Procijenjeno vrijeme \u010ditanja":"1 minuta"},"schema":{"@context":"https:\/\/schema.org","@graph":[{"@type":"WebPage","@id":"https:\/\/andpro.net\/product\/l-hollman-scitniki-za-kolena-onkingbee-b\/","url":"https:\/\/andpro.net\/product\/l-hollman-scitniki-za-kolena-onkingbee-b\/","name":"L.HOLLMAN \u0160\u010cITNIKI ZA KOLENA ONKINGBEE B - AndPro","isPartOf":{"@id":"https:\/\/andpro.net\/de\/#website"},"primaryImageOfPage":{"@id":"https:\/\/andpro.net\/product\/l-hollman-scitniki-za-kolena-onkingbee-b\/#primaryimage"},"image":{"@id":"https:\/\/andpro.net\/product\/l-hollman-scitniki-za-kolena-onkingbee-b\/#primaryimage"},"thumbnailUrl":"https:\/\/andpro.net\/wp-content\/uploads\/2023\/12\/0058577600.jpg","datePublished":"2023-12-28T01:37:11+00:00","dateModified":"2025-07-20T11:36:05+00:00","breadcrumb":{"@id":"https:\/\/andpro.net\/product\/l-hollman-scitniki-za-kolena-onkingbee-b\/#breadcrumb"},"inLanguage":"hr","potentialAction":[{"@type":"ReadAction","target":["https:\/\/andpro.net\/product\/l-hollman-scitniki-za-kolena-onkingbee-b\/"]}]},{"@type":"ImageObject","inLanguage":"hr","@id":"https:\/\/andpro.net\/product\/l-hollman-scitniki-za-kolena-onkingbee-b\/#primaryimage","url":"https:\/\/andpro.net\/wp-content\/uploads\/2023\/12\/0058577600.jpg","contentUrl":"https:\/\/andpro.net\/wp-content\/uploads\/2023\/12\/0058577600.jpg","width":965,"height":1024},{"@type":"BreadcrumbList","@id":"https:\/\/andpro.net\/product\/l-hollman-scitniki-za-kolena-onkingbee-b\/#breadcrumb","itemListElement":[{"@type":"ListItem","position":1,"name":"Home","item":"https:\/\/andpro.net\/"},{"@type":"ListItem","position":2,"name":"Shop","item":"https:\/\/andpro.net\/en\/shop\/"},{"@type":"ListItem","position":3,"name":"L.HOLLMAN \u0160\u010cITNIKI ZA KOLENA ONKINGBEE B"}]},{"@type":"WebSite","@id":"https:\/\/andpro.net\/de\/#website","url":"https:\/\/andpro.net\/de\/","name":"AndPro","description":"The best decision","publisher":{"@id":"https:\/\/andpro.net\/de\/#organization"},"potentialAction":[{"@type":"SearchAction","target":{"@type":"EntryPoint","urlTemplate":"https:\/\/andpro.net\/de\/?s={search_term_string}"},"query-input":{"@type":"PropertyValueSpecification","valueRequired":true,"valueName":"search_term_string"}}],"inLanguage":"hr"},{"@type":"Organization","@id":"https:\/\/andpro.net\/de\/#organization","name":"AndPro","url":"https:\/\/andpro.net\/de\/","logo":{"@type":"ImageObject","inLanguage":"hr","@id":"https:\/\/andpro.net\/de\/#\/schema\/logo\/image\/","url":"https:\/\/andpro.net\/wp-content\/uploads\/2023\/11\/logo_fix.png","contentUrl":"https:\/\/andpro.net\/wp-content\/uploads\/2023\/11\/logo_fix.png","width":1244,"height":637,"caption":"AndPro"},"image":{"@id":"https:\/\/andpro.net\/de\/#\/schema\/logo\/image\/"}}]}},"_links":{"self":[{"href":"https:\/\/andpro.net\/hr\/wp-json\/wp\/v2\/product\/5431","targetHints":{"allow":["GET"]}}],"collection":[{"href":"https:\/\/andpro.net\/hr\/wp-json\/wp\/v2\/product"}],"about":[{"href":"https:\/\/andpro.net\/hr\/wp-json\/wp\/v2\/types\/product"}],"wp:featuredmedia":[{"embeddable":true,"href":"https:\/\/andpro.net\/hr\/wp-json\/wp\/v2\/media\/5432"}],"wp:attachment":[{"href":"https:\/\/andpro.net\/hr\/wp-json\/wp\/v2\/media?parent=5431"}],"wp:term":[{"taxonomy":"product_brand","embeddable":true,"href":"https:\/\/andpro.net\/hr\/wp-json\/wp\/v2\/product_brand?post=5431"},{"taxonomy":"product_cat","embeddable":true,"href":"https:\/\/andpro.net\/hr\/wp-json\/wp\/v2\/product_cat?post=5431"},{"taxonomy":"product_tag","embeddable":true,"href":"https:\/\/andpro.net\/hr\/wp-json\/wp\/v2\/product_tag?post=5431"}],"curies":[{"name":"wp","href":"https:\/\/api.w.org\/{rel}","templated":true}]}}