{"id":5472,"date":"2023-12-28T03:03:41","date_gmt":"2023-12-28T02:03:41","guid":{"rendered":"https:\/\/andpro.net\/?post_type=product&#038;p=5472"},"modified":"2025-07-20T12:34:04","modified_gmt":"2025-07-20T11:34:04","slug":"reis-dezna-obleka-kpl-rainer-g","status":"publish","type":"product","link":"https:\/\/andpro.net\/hr\/product\/reis-dezna-obleka-kpl-rainer-g\/","title":{"rendered":"REIS DE\u017dNA OBLEKA KPL-RAINER G"},"content":{"rendered":"<p>Delavski komplet za za\u0161\u010dito pred de\u017ejem, ki ga sestavljajo hla\u010de in jakna, tkana.<\/p>\n<p>&nbsp;<\/p>\n<p>65% poliester, 35% PVC<\/p>\n<p>Komplet je pakiran v torbi, ki je uporabna za transport drugih predmetov<\/p>\n<p>Odsevni trakovi na prsih, hrbtu in nogah pove\u010dajo vidljivost<\/p>\n<p>Zatesnjeni \u0161ivi zagotavljajo dodatno za\u0161\u010dito pred vdorom vode<\/p>\n<p>Jakna: zapenja se z zadrgo; kapuca z vrvicami, skritimi v ovratniku; dva \u017eepa v spodnjem delu jakne z naborki za prepre\u010devanje vdora vode; Mo\u017enost zategovanja rokavov z zaponkami in zavezovanje spodnjega dela jakne z vrvicami zagotavlja bolj\u0161o za\u0161\u010dito pred vetrom. Prezra\u010devalni sistem pod pazduhami zagotavlja potrebno kro\u017eenje zraka<\/p>\n<p>Hla\u010de: elasti\u010den pas; dva stranska \u017eepa; Spodnji del nog se lahko zo\u017ei z zaponkami, kar zagotavlja bolj\u0161o za\u0161\u010dito pred vetrom<\/p>\n<p>Deluje odli\u010dno v slabem vremenu<\/p>\n<p>ustreza zahtevam standardov EN343 in EN ISO 20471* (velja za pasove)<\/p>","protected":false},"excerpt":{"rendered":"<p>Delavski komplet za za\u0161\u010dito pred de\u017ejem, ki ga sestavljajo hla\u010de in jakna, tkana. &nbsp; 65% poliester, 35% PVC Komplet je pakiran v torbi, ki je uporabna za transport drugih predmetov Odsevni trakovi na prsih, hrbtu in nogah pove\u010dajo vidljivost Zatesnjeni \u0161ivi zagotavljajo dodatno za\u0161\u010dito pred vdorom vode Jakna: zapenja se z zadrgo; kapuca z vrvicami, [&hellip;]<\/p>","protected":false},"featured_media":5488,"template":"","meta":[],"product_brand":[],"product_cat":[21,44,41,117],"product_tag":[],"class_list":{"0":"post-5472","1":"product","2":"type-product","3":"status-publish","4":"has-post-thumbnail","6":"product_cat-oblacila","7":"product_cat-jakne","8":"product_cat-hlace","9":"product_cat-zascita-telesa","11":"first","12":"onbackorder","13":"taxable","14":"shipping-taxable","15":"purchasable","16":"product-type-variable"},"bundled_by":[],"bundle_stock_status":"onbackorder","bundle_stock_quantity":null,"bundle_virtual":false,"bundle_layout":"","bundle_add_to_cart_form_location":"","bundle_editable_in_cart":false,"bundle_sold_individually_context":"","bundle_item_grouping":"","bundle_min_size":"","bundle_max_size":"","bundle_price":[],"bundled_items":[],"bundle_sell_ids":[],"group_of_quantity":0,"min_quantity":0,"max_quantity":"","exclude_order_quantity_value_rules":"no","exclude_category_quantity_rules":"no","combine_variations":"no","yoast_head":"<!-- This site is optimized with the Yoast SEO Premium plugin v23.9 (Yoast SEO v27.4) - https:\/\/yoast.com\/product\/yoast-seo-premium-wordpress\/ -->\n<title>REIS DE\u017dNA OBLEKA KPL-RAINER G - AndPro<\/title>\n<meta name=\"robots\" content=\"index, follow, max-snippet:-1, max-image-preview:large, max-video-preview:-1\" \/>\n<link rel=\"canonical\" href=\"https:\/\/andpro.net\/hr\/product\/reis-dezna-obleka-kpl-rainer-g\/\" \/>\n<meta property=\"og:locale\" content=\"hr_HR\" \/>\n<meta property=\"og:type\" content=\"article\" \/>\n<meta property=\"og:title\" content=\"REIS DE\u017dNA OBLEKA KPL-RAINER G\" \/>\n<meta property=\"og:description\" content=\"Delavski komplet za za\u0161\u010dito pred de\u017ejem, ki ga sestavljajo hla\u010de in jakna, tkana. &nbsp; 65% poliester, 35% PVC Komplet je pakiran v torbi, ki je uporabna za transport drugih predmetov Odsevni trakovi na prsih, hrbtu in nogah pove\u010dajo vidljivost Zatesnjeni \u0161ivi zagotavljajo dodatno za\u0161\u010dito pred vdorom vode Jakna: zapenja se z zadrgo; kapuca z vrvicami, [&hellip;]\" \/>\n<meta property=\"og:url\" content=\"https:\/\/andpro.net\/hr\/product\/reis-dezna-obleka-kpl-rainer-g\/\" \/>\n<meta property=\"og:site_name\" content=\"AndPro\" \/>\n<meta property=\"article:modified_time\" content=\"2025-07-20T11:34:04+00:00\" \/>\n<meta property=\"og:image\" content=\"https:\/\/andpro.net\/wp-content\/uploads\/2023\/12\/0046766000.jpg\" \/>\n\t<meta property=\"og:image:width\" content=\"409\" \/>\n\t<meta property=\"og:image:height\" content=\"1024\" \/>\n\t<meta property=\"og:image:type\" content=\"image\/jpeg\" \/>\n<meta name=\"twitter:card\" content=\"summary_large_image\" \/>\n<meta name=\"twitter:label1\" content=\"Procijenjeno vrijeme \u010ditanja\" \/>\n\t<meta name=\"twitter:data1\" content=\"1 minuta\" \/>\n<script type=\"application\/ld+json\" class=\"yoast-schema-graph\">{\"@context\":\"https:\\\/\\\/schema.org\",\"@graph\":[{\"@type\":\"WebPage\",\"@id\":\"https:\\\/\\\/andpro.net\\\/product\\\/reis-dezna-obleka-kpl-rainer-g\\\/\",\"url\":\"https:\\\/\\\/andpro.net\\\/product\\\/reis-dezna-obleka-kpl-rainer-g\\\/\",\"name\":\"REIS DE\u017dNA OBLEKA KPL-RAINER G - AndPro\",\"isPartOf\":{\"@id\":\"https:\\\/\\\/andpro.net\\\/de\\\/#website\"},\"primaryImageOfPage\":{\"@id\":\"https:\\\/\\\/andpro.net\\\/product\\\/reis-dezna-obleka-kpl-rainer-g\\\/#primaryimage\"},\"image\":{\"@id\":\"https:\\\/\\\/andpro.net\\\/product\\\/reis-dezna-obleka-kpl-rainer-g\\\/#primaryimage\"},\"thumbnailUrl\":\"https:\\\/\\\/andpro.net\\\/wp-content\\\/uploads\\\/2023\\\/12\\\/0046766000.jpg\",\"datePublished\":\"2023-12-28T02:03:41+00:00\",\"dateModified\":\"2025-07-20T11:34:04+00:00\",\"breadcrumb\":{\"@id\":\"https:\\\/\\\/andpro.net\\\/product\\\/reis-dezna-obleka-kpl-rainer-g\\\/#breadcrumb\"},\"inLanguage\":\"hr\",\"potentialAction\":[{\"@type\":\"ReadAction\",\"target\":[\"https:\\\/\\\/andpro.net\\\/product\\\/reis-dezna-obleka-kpl-rainer-g\\\/\"]}]},{\"@type\":\"ImageObject\",\"inLanguage\":\"hr\",\"@id\":\"https:\\\/\\\/andpro.net\\\/product\\\/reis-dezna-obleka-kpl-rainer-g\\\/#primaryimage\",\"url\":\"https:\\\/\\\/andpro.net\\\/wp-content\\\/uploads\\\/2023\\\/12\\\/0046766000.jpg\",\"contentUrl\":\"https:\\\/\\\/andpro.net\\\/wp-content\\\/uploads\\\/2023\\\/12\\\/0046766000.jpg\",\"width\":409,\"height\":1024},{\"@type\":\"BreadcrumbList\",\"@id\":\"https:\\\/\\\/andpro.net\\\/product\\\/reis-dezna-obleka-kpl-rainer-g\\\/#breadcrumb\",\"itemListElement\":[{\"@type\":\"ListItem\",\"position\":1,\"name\":\"Home\",\"item\":\"https:\\\/\\\/andpro.net\\\/\"},{\"@type\":\"ListItem\",\"position\":2,\"name\":\"Shop\",\"item\":\"https:\\\/\\\/andpro.net\\\/en\\\/shop\\\/\"},{\"@type\":\"ListItem\",\"position\":3,\"name\":\"REIS DE\u017dNA OBLEKA KPL-RAINER G\"}]},{\"@type\":\"WebSite\",\"@id\":\"https:\\\/\\\/andpro.net\\\/de\\\/#website\",\"url\":\"https:\\\/\\\/andpro.net\\\/de\\\/\",\"name\":\"AndPro\",\"description\":\"The best decision\",\"publisher\":{\"@id\":\"https:\\\/\\\/andpro.net\\\/de\\\/#organization\"},\"potentialAction\":[{\"@type\":\"SearchAction\",\"target\":{\"@type\":\"EntryPoint\",\"urlTemplate\":\"https:\\\/\\\/andpro.net\\\/de\\\/?s={search_term_string}\"},\"query-input\":{\"@type\":\"PropertyValueSpecification\",\"valueRequired\":true,\"valueName\":\"search_term_string\"}}],\"inLanguage\":\"hr\"},{\"@type\":\"Organization\",\"@id\":\"https:\\\/\\\/andpro.net\\\/de\\\/#organization\",\"name\":\"AndPro\",\"url\":\"https:\\\/\\\/andpro.net\\\/de\\\/\",\"logo\":{\"@type\":\"ImageObject\",\"inLanguage\":\"hr\",\"@id\":\"https:\\\/\\\/andpro.net\\\/de\\\/#\\\/schema\\\/logo\\\/image\\\/\",\"url\":\"https:\\\/\\\/andpro.net\\\/wp-content\\\/uploads\\\/2023\\\/11\\\/logo_fix.png\",\"contentUrl\":\"https:\\\/\\\/andpro.net\\\/wp-content\\\/uploads\\\/2023\\\/11\\\/logo_fix.png\",\"width\":1244,\"height\":637,\"caption\":\"AndPro\"},\"image\":{\"@id\":\"https:\\\/\\\/andpro.net\\\/de\\\/#\\\/schema\\\/logo\\\/image\\\/\"}}]}<\/script>\n<!-- \/ Yoast SEO Premium plugin. -->","yoast_head_json":{"title":"REIS DE\u017dNA OBLEKA KPL-RAINER G - AndPro","robots":{"index":"index","follow":"follow","max-snippet":"max-snippet:-1","max-image-preview":"max-image-preview:large","max-video-preview":"max-video-preview:-1"},"canonical":"https:\/\/andpro.net\/hr\/product\/reis-dezna-obleka-kpl-rainer-g\/","og_locale":"hr_HR","og_type":"article","og_title":"REIS DE\u017dNA OBLEKA KPL-RAINER G","og_description":"Delavski komplet za za\u0161\u010dito pred de\u017ejem, ki ga sestavljajo hla\u010de in jakna, tkana. &nbsp; 65% poliester, 35% PVC Komplet je pakiran v torbi, ki je uporabna za transport drugih predmetov Odsevni trakovi na prsih, hrbtu in nogah pove\u010dajo vidljivost Zatesnjeni \u0161ivi zagotavljajo dodatno za\u0161\u010dito pred vdorom vode Jakna: zapenja se z zadrgo; kapuca z vrvicami, [&hellip;]","og_url":"https:\/\/andpro.net\/hr\/product\/reis-dezna-obleka-kpl-rainer-g\/","og_site_name":"AndPro","article_modified_time":"2025-07-20T11:34:04+00:00","og_image":[{"width":409,"height":1024,"url":"https:\/\/andpro.net\/wp-content\/uploads\/2023\/12\/0046766000.jpg","type":"image\/jpeg"}],"twitter_card":"summary_large_image","twitter_misc":{"Procijenjeno vrijeme \u010ditanja":"1 minuta"},"schema":{"@context":"https:\/\/schema.org","@graph":[{"@type":"WebPage","@id":"https:\/\/andpro.net\/product\/reis-dezna-obleka-kpl-rainer-g\/","url":"https:\/\/andpro.net\/product\/reis-dezna-obleka-kpl-rainer-g\/","name":"REIS DE\u017dNA OBLEKA KPL-RAINER G - AndPro","isPartOf":{"@id":"https:\/\/andpro.net\/de\/#website"},"primaryImageOfPage":{"@id":"https:\/\/andpro.net\/product\/reis-dezna-obleka-kpl-rainer-g\/#primaryimage"},"image":{"@id":"https:\/\/andpro.net\/product\/reis-dezna-obleka-kpl-rainer-g\/#primaryimage"},"thumbnailUrl":"https:\/\/andpro.net\/wp-content\/uploads\/2023\/12\/0046766000.jpg","datePublished":"2023-12-28T02:03:41+00:00","dateModified":"2025-07-20T11:34:04+00:00","breadcrumb":{"@id":"https:\/\/andpro.net\/product\/reis-dezna-obleka-kpl-rainer-g\/#breadcrumb"},"inLanguage":"hr","potentialAction":[{"@type":"ReadAction","target":["https:\/\/andpro.net\/product\/reis-dezna-obleka-kpl-rainer-g\/"]}]},{"@type":"ImageObject","inLanguage":"hr","@id":"https:\/\/andpro.net\/product\/reis-dezna-obleka-kpl-rainer-g\/#primaryimage","url":"https:\/\/andpro.net\/wp-content\/uploads\/2023\/12\/0046766000.jpg","contentUrl":"https:\/\/andpro.net\/wp-content\/uploads\/2023\/12\/0046766000.jpg","width":409,"height":1024},{"@type":"BreadcrumbList","@id":"https:\/\/andpro.net\/product\/reis-dezna-obleka-kpl-rainer-g\/#breadcrumb","itemListElement":[{"@type":"ListItem","position":1,"name":"Home","item":"https:\/\/andpro.net\/"},{"@type":"ListItem","position":2,"name":"Shop","item":"https:\/\/andpro.net\/en\/shop\/"},{"@type":"ListItem","position":3,"name":"REIS DE\u017dNA OBLEKA KPL-RAINER G"}]},{"@type":"WebSite","@id":"https:\/\/andpro.net\/de\/#website","url":"https:\/\/andpro.net\/de\/","name":"AndPro","description":"The best decision","publisher":{"@id":"https:\/\/andpro.net\/de\/#organization"},"potentialAction":[{"@type":"SearchAction","target":{"@type":"EntryPoint","urlTemplate":"https:\/\/andpro.net\/de\/?s={search_term_string}"},"query-input":{"@type":"PropertyValueSpecification","valueRequired":true,"valueName":"search_term_string"}}],"inLanguage":"hr"},{"@type":"Organization","@id":"https:\/\/andpro.net\/de\/#organization","name":"AndPro","url":"https:\/\/andpro.net\/de\/","logo":{"@type":"ImageObject","inLanguage":"hr","@id":"https:\/\/andpro.net\/de\/#\/schema\/logo\/image\/","url":"https:\/\/andpro.net\/wp-content\/uploads\/2023\/11\/logo_fix.png","contentUrl":"https:\/\/andpro.net\/wp-content\/uploads\/2023\/11\/logo_fix.png","width":1244,"height":637,"caption":"AndPro"},"image":{"@id":"https:\/\/andpro.net\/de\/#\/schema\/logo\/image\/"}}]}},"_links":{"self":[{"href":"https:\/\/andpro.net\/hr\/wp-json\/wp\/v2\/product\/5472","targetHints":{"allow":["GET"]}}],"collection":[{"href":"https:\/\/andpro.net\/hr\/wp-json\/wp\/v2\/product"}],"about":[{"href":"https:\/\/andpro.net\/hr\/wp-json\/wp\/v2\/types\/product"}],"wp:featuredmedia":[{"embeddable":true,"href":"https:\/\/andpro.net\/hr\/wp-json\/wp\/v2\/media\/5488"}],"wp:attachment":[{"href":"https:\/\/andpro.net\/hr\/wp-json\/wp\/v2\/media?parent=5472"}],"wp:term":[{"taxonomy":"product_brand","embeddable":true,"href":"https:\/\/andpro.net\/hr\/wp-json\/wp\/v2\/product_brand?post=5472"},{"taxonomy":"product_cat","embeddable":true,"href":"https:\/\/andpro.net\/hr\/wp-json\/wp\/v2\/product_cat?post=5472"},{"taxonomy":"product_tag","embeddable":true,"href":"https:\/\/andpro.net\/hr\/wp-json\/wp\/v2\/product_tag?post=5472"}],"curies":[{"name":"wp","href":"https:\/\/api.w.org\/{rel}","templated":true}]}}