{"id":6630,"date":"2024-01-14T17:34:44","date_gmt":"2024-01-14T16:34:44","guid":{"rendered":"https:\/\/andpro.net\/?post_type=product&#038;p=6630"},"modified":"2025-07-20T12:01:21","modified_gmt":"2025-07-20T11:01:21","slug":"l-hollman-boston-podlozene-hlace-lh-bsw-b","status":"publish","type":"product","link":"https:\/\/andpro.net\/hr\/product\/l-hollman-boston-podlozene-hlace-lh-bsw-b\/","title":{"rendered":"L.HOLLMAN BOSTON PODLO\u017dENE HLA\u010cE LH-BSW-B"},"content":{"rendered":"<p>Podlo\u017eene delavske hla\u010de na naramnice iz ripstop blaga &#8211; BOSTON<\/p>\n<p>&nbsp;<\/p>\n<p>Premaz: Pongee poliester, prevle\u010den s PVC-jem, gramatura 340 g\/m\u00b2<\/p>\n<p>Podloga 100% poliester taft 190T<\/p>\n<p>Podloga 100% poliester, gramatura 80 g\/m\u00b2<\/p>\n<p>Tkanina Rip-stop &#8211; \u0161\u010diti pred trganjem, \u010de se ujame na \u0161trle\u010di predmet<\/p>\n<p>dodatni vstavki iz poliestra OXFORD 720D na \u017eepih<\/p>\n<p>dva dvojna \u017eepa zadaj in dva dvojna stranska \u017eepa, nekateri z je\u017eki<\/p>\n<p>en \u017eep na nogah z je\u017ekom z dodatnimi \u017eepi za dodatke, en stranski vzdol\u017eni \u017eep in trije na prsih z \u017eepi za telefon in dodatke, ki se zapirajo z zadrgo in je\u017ekom<\/p>\n<p>Veliko \u0161tevilo \u017eepov pove\u010da funkcionalnost hla\u010d<\/p>\n<p>nastavljiv pas in dol\u017eina z naramnicami<\/p>\n<p>Guma na hrbtni strani pove\u010duje svobodo gibanja<\/p>\n<p>\u017depi na kolenih za \u0161\u010ditnike kolen<\/p>\n<p>Zanke za pritrditev dodatnih dodatkov<\/p>\n<p>odsevni elementi na koncih vre\u010dk<\/p>\n<p>vzdr\u017eljivi, zato jih je mogo\u010de uporabiti tudi za najte\u017eja dela<\/p>","protected":false},"excerpt":{"rendered":"<p>Podlo\u017eene delavske hla\u010de na naramnice iz ripstop blaga &#8211; BOSTON &nbsp; Premaz: Pongee poliester, prevle\u010den s PVC-jem, gramatura 340 g\/m\u00b2 Podloga 100% poliester taft 190T Podloga 100% poliester, gramatura 80 g\/m\u00b2 Tkanina Rip-stop &#8211; \u0161\u010diti pred trganjem, \u010de se ujame na \u0161trle\u010di predmet dodatni vstavki iz poliestra OXFORD 720D na \u017eepih dva dvojna \u017eepa zadaj [&hellip;]<\/p>","protected":false},"featured_media":6636,"template":"","meta":[],"product_brand":[],"product_cat":[21,41],"product_tag":[],"class_list":{"0":"post-6630","1":"product","2":"type-product","3":"status-publish","4":"has-post-thumbnail","6":"product_cat-oblacila","7":"product_cat-hlace","9":"first","10":"onbackorder","11":"taxable","12":"shipping-taxable","13":"purchasable","14":"product-type-variable"},"bundled_by":["6605"],"bundle_stock_status":"onbackorder","bundle_stock_quantity":null,"bundle_virtual":false,"bundle_layout":"","bundle_add_to_cart_form_location":"","bundle_editable_in_cart":false,"bundle_sold_individually_context":"","bundle_item_grouping":"","bundle_min_size":"","bundle_max_size":"","bundle_price":[],"bundled_items":[],"bundle_sell_ids":[],"group_of_quantity":0,"min_quantity":0,"max_quantity":"","exclude_order_quantity_value_rules":"no","exclude_category_quantity_rules":"no","combine_variations":"no","yoast_head":"<!-- This site is optimized with the Yoast SEO Premium plugin v23.9 (Yoast SEO v27.4) - https:\/\/yoast.com\/product\/yoast-seo-premium-wordpress\/ -->\n<title>L.HOLLMAN BOSTON PODLO\u017dENE HLA\u010cE LH-BSW-B - AndPro<\/title>\n<meta name=\"robots\" content=\"index, follow, max-snippet:-1, max-image-preview:large, max-video-preview:-1\" \/>\n<link rel=\"canonical\" href=\"https:\/\/andpro.net\/hr\/product\/l-hollman-boston-podlozene-hlace-lh-bsw-b\/\" \/>\n<meta property=\"og:locale\" content=\"hr_HR\" \/>\n<meta property=\"og:type\" content=\"article\" \/>\n<meta property=\"og:title\" content=\"L.HOLLMAN BOSTON PODLO\u017dENE HLA\u010cE LH-BSW-B\" \/>\n<meta property=\"og:description\" content=\"Podlo\u017eene delavske hla\u010de na naramnice iz ripstop blaga &#8211; BOSTON &nbsp; Premaz: Pongee poliester, prevle\u010den s PVC-jem, gramatura 340 g\/m\u00b2 Podloga 100% poliester taft 190T Podloga 100% poliester, gramatura 80 g\/m\u00b2 Tkanina Rip-stop &#8211; \u0161\u010diti pred trganjem, \u010de se ujame na \u0161trle\u010di predmet dodatni vstavki iz poliestra OXFORD 720D na \u017eepih dva dvojna \u017eepa zadaj [&hellip;]\" \/>\n<meta property=\"og:url\" content=\"https:\/\/andpro.net\/hr\/product\/l-hollman-boston-podlozene-hlace-lh-bsw-b\/\" \/>\n<meta property=\"og:site_name\" content=\"AndPro\" \/>\n<meta property=\"article:modified_time\" content=\"2025-07-20T11:01:21+00:00\" \/>\n<meta property=\"og:image\" content=\"https:\/\/andpro.net\/wp-content\/uploads\/2024\/01\/0046973392.jpg\" \/>\n\t<meta property=\"og:image:width\" content=\"371\" \/>\n\t<meta property=\"og:image:height\" content=\"1024\" \/>\n\t<meta property=\"og:image:type\" content=\"image\/jpeg\" \/>\n<meta name=\"twitter:card\" content=\"summary_large_image\" \/>\n<meta name=\"twitter:label1\" content=\"Procijenjeno vrijeme \u010ditanja\" \/>\n\t<meta name=\"twitter:data1\" content=\"1 minuta\" \/>\n<script type=\"application\/ld+json\" class=\"yoast-schema-graph\">{\"@context\":\"https:\\\/\\\/schema.org\",\"@graph\":[{\"@type\":\"WebPage\",\"@id\":\"https:\\\/\\\/andpro.net\\\/product\\\/l-hollman-boston-podlozene-hlace-lh-bsw-b\\\/\",\"url\":\"https:\\\/\\\/andpro.net\\\/product\\\/l-hollman-boston-podlozene-hlace-lh-bsw-b\\\/\",\"name\":\"L.HOLLMAN BOSTON PODLO\u017dENE HLA\u010cE LH-BSW-B - AndPro\",\"isPartOf\":{\"@id\":\"https:\\\/\\\/andpro.net\\\/de\\\/#website\"},\"primaryImageOfPage\":{\"@id\":\"https:\\\/\\\/andpro.net\\\/product\\\/l-hollman-boston-podlozene-hlace-lh-bsw-b\\\/#primaryimage\"},\"image\":{\"@id\":\"https:\\\/\\\/andpro.net\\\/product\\\/l-hollman-boston-podlozene-hlace-lh-bsw-b\\\/#primaryimage\"},\"thumbnailUrl\":\"https:\\\/\\\/andpro.net\\\/wp-content\\\/uploads\\\/2024\\\/01\\\/0046973392.jpg\",\"datePublished\":\"2024-01-14T16:34:44+00:00\",\"dateModified\":\"2025-07-20T11:01:21+00:00\",\"breadcrumb\":{\"@id\":\"https:\\\/\\\/andpro.net\\\/product\\\/l-hollman-boston-podlozene-hlace-lh-bsw-b\\\/#breadcrumb\"},\"inLanguage\":\"hr\",\"potentialAction\":[{\"@type\":\"ReadAction\",\"target\":[\"https:\\\/\\\/andpro.net\\\/product\\\/l-hollman-boston-podlozene-hlace-lh-bsw-b\\\/\"]}]},{\"@type\":\"ImageObject\",\"inLanguage\":\"hr\",\"@id\":\"https:\\\/\\\/andpro.net\\\/product\\\/l-hollman-boston-podlozene-hlace-lh-bsw-b\\\/#primaryimage\",\"url\":\"https:\\\/\\\/andpro.net\\\/wp-content\\\/uploads\\\/2024\\\/01\\\/0046973392.jpg\",\"contentUrl\":\"https:\\\/\\\/andpro.net\\\/wp-content\\\/uploads\\\/2024\\\/01\\\/0046973392.jpg\",\"width\":371,\"height\":1024},{\"@type\":\"BreadcrumbList\",\"@id\":\"https:\\\/\\\/andpro.net\\\/product\\\/l-hollman-boston-podlozene-hlace-lh-bsw-b\\\/#breadcrumb\",\"itemListElement\":[{\"@type\":\"ListItem\",\"position\":1,\"name\":\"Home\",\"item\":\"https:\\\/\\\/andpro.net\\\/\"},{\"@type\":\"ListItem\",\"position\":2,\"name\":\"Shop\",\"item\":\"https:\\\/\\\/andpro.net\\\/en\\\/shop\\\/\"},{\"@type\":\"ListItem\",\"position\":3,\"name\":\"L.HOLLMAN BOSTON PODLO\u017dENE HLA\u010cE LH-BSW-B\"}]},{\"@type\":\"WebSite\",\"@id\":\"https:\\\/\\\/andpro.net\\\/de\\\/#website\",\"url\":\"https:\\\/\\\/andpro.net\\\/de\\\/\",\"name\":\"AndPro\",\"description\":\"The best decision\",\"publisher\":{\"@id\":\"https:\\\/\\\/andpro.net\\\/de\\\/#organization\"},\"potentialAction\":[{\"@type\":\"SearchAction\",\"target\":{\"@type\":\"EntryPoint\",\"urlTemplate\":\"https:\\\/\\\/andpro.net\\\/de\\\/?s={search_term_string}\"},\"query-input\":{\"@type\":\"PropertyValueSpecification\",\"valueRequired\":true,\"valueName\":\"search_term_string\"}}],\"inLanguage\":\"hr\"},{\"@type\":\"Organization\",\"@id\":\"https:\\\/\\\/andpro.net\\\/de\\\/#organization\",\"name\":\"AndPro\",\"url\":\"https:\\\/\\\/andpro.net\\\/de\\\/\",\"logo\":{\"@type\":\"ImageObject\",\"inLanguage\":\"hr\",\"@id\":\"https:\\\/\\\/andpro.net\\\/de\\\/#\\\/schema\\\/logo\\\/image\\\/\",\"url\":\"https:\\\/\\\/andpro.net\\\/wp-content\\\/uploads\\\/2023\\\/11\\\/logo_fix.png\",\"contentUrl\":\"https:\\\/\\\/andpro.net\\\/wp-content\\\/uploads\\\/2023\\\/11\\\/logo_fix.png\",\"width\":1244,\"height\":637,\"caption\":\"AndPro\"},\"image\":{\"@id\":\"https:\\\/\\\/andpro.net\\\/de\\\/#\\\/schema\\\/logo\\\/image\\\/\"}}]}<\/script>\n<!-- \/ Yoast SEO Premium plugin. -->","yoast_head_json":{"title":"L.HOLLMAN BOSTON PODLO\u017dENE HLA\u010cE LH-BSW-B - AndPro","robots":{"index":"index","follow":"follow","max-snippet":"max-snippet:-1","max-image-preview":"max-image-preview:large","max-video-preview":"max-video-preview:-1"},"canonical":"https:\/\/andpro.net\/hr\/product\/l-hollman-boston-podlozene-hlace-lh-bsw-b\/","og_locale":"hr_HR","og_type":"article","og_title":"L.HOLLMAN BOSTON PODLO\u017dENE HLA\u010cE LH-BSW-B","og_description":"Podlo\u017eene delavske hla\u010de na naramnice iz ripstop blaga &#8211; BOSTON &nbsp; Premaz: Pongee poliester, prevle\u010den s PVC-jem, gramatura 340 g\/m\u00b2 Podloga 100% poliester taft 190T Podloga 100% poliester, gramatura 80 g\/m\u00b2 Tkanina Rip-stop &#8211; \u0161\u010diti pred trganjem, \u010de se ujame na \u0161trle\u010di predmet dodatni vstavki iz poliestra OXFORD 720D na \u017eepih dva dvojna \u017eepa zadaj [&hellip;]","og_url":"https:\/\/andpro.net\/hr\/product\/l-hollman-boston-podlozene-hlace-lh-bsw-b\/","og_site_name":"AndPro","article_modified_time":"2025-07-20T11:01:21+00:00","og_image":[{"width":371,"height":1024,"url":"https:\/\/andpro.net\/wp-content\/uploads\/2024\/01\/0046973392.jpg","type":"image\/jpeg"}],"twitter_card":"summary_large_image","twitter_misc":{"Procijenjeno vrijeme \u010ditanja":"1 minuta"},"schema":{"@context":"https:\/\/schema.org","@graph":[{"@type":"WebPage","@id":"https:\/\/andpro.net\/product\/l-hollman-boston-podlozene-hlace-lh-bsw-b\/","url":"https:\/\/andpro.net\/product\/l-hollman-boston-podlozene-hlace-lh-bsw-b\/","name":"L.HOLLMAN BOSTON PODLO\u017dENE HLA\u010cE LH-BSW-B - AndPro","isPartOf":{"@id":"https:\/\/andpro.net\/de\/#website"},"primaryImageOfPage":{"@id":"https:\/\/andpro.net\/product\/l-hollman-boston-podlozene-hlace-lh-bsw-b\/#primaryimage"},"image":{"@id":"https:\/\/andpro.net\/product\/l-hollman-boston-podlozene-hlace-lh-bsw-b\/#primaryimage"},"thumbnailUrl":"https:\/\/andpro.net\/wp-content\/uploads\/2024\/01\/0046973392.jpg","datePublished":"2024-01-14T16:34:44+00:00","dateModified":"2025-07-20T11:01:21+00:00","breadcrumb":{"@id":"https:\/\/andpro.net\/product\/l-hollman-boston-podlozene-hlace-lh-bsw-b\/#breadcrumb"},"inLanguage":"hr","potentialAction":[{"@type":"ReadAction","target":["https:\/\/andpro.net\/product\/l-hollman-boston-podlozene-hlace-lh-bsw-b\/"]}]},{"@type":"ImageObject","inLanguage":"hr","@id":"https:\/\/andpro.net\/product\/l-hollman-boston-podlozene-hlace-lh-bsw-b\/#primaryimage","url":"https:\/\/andpro.net\/wp-content\/uploads\/2024\/01\/0046973392.jpg","contentUrl":"https:\/\/andpro.net\/wp-content\/uploads\/2024\/01\/0046973392.jpg","width":371,"height":1024},{"@type":"BreadcrumbList","@id":"https:\/\/andpro.net\/product\/l-hollman-boston-podlozene-hlace-lh-bsw-b\/#breadcrumb","itemListElement":[{"@type":"ListItem","position":1,"name":"Home","item":"https:\/\/andpro.net\/"},{"@type":"ListItem","position":2,"name":"Shop","item":"https:\/\/andpro.net\/en\/shop\/"},{"@type":"ListItem","position":3,"name":"L.HOLLMAN BOSTON PODLO\u017dENE HLA\u010cE LH-BSW-B"}]},{"@type":"WebSite","@id":"https:\/\/andpro.net\/de\/#website","url":"https:\/\/andpro.net\/de\/","name":"AndPro","description":"The best decision","publisher":{"@id":"https:\/\/andpro.net\/de\/#organization"},"potentialAction":[{"@type":"SearchAction","target":{"@type":"EntryPoint","urlTemplate":"https:\/\/andpro.net\/de\/?s={search_term_string}"},"query-input":{"@type":"PropertyValueSpecification","valueRequired":true,"valueName":"search_term_string"}}],"inLanguage":"hr"},{"@type":"Organization","@id":"https:\/\/andpro.net\/de\/#organization","name":"AndPro","url":"https:\/\/andpro.net\/de\/","logo":{"@type":"ImageObject","inLanguage":"hr","@id":"https:\/\/andpro.net\/de\/#\/schema\/logo\/image\/","url":"https:\/\/andpro.net\/wp-content\/uploads\/2023\/11\/logo_fix.png","contentUrl":"https:\/\/andpro.net\/wp-content\/uploads\/2023\/11\/logo_fix.png","width":1244,"height":637,"caption":"AndPro"},"image":{"@id":"https:\/\/andpro.net\/de\/#\/schema\/logo\/image\/"}}]}},"_links":{"self":[{"href":"https:\/\/andpro.net\/hr\/wp-json\/wp\/v2\/product\/6630","targetHints":{"allow":["GET"]}}],"collection":[{"href":"https:\/\/andpro.net\/hr\/wp-json\/wp\/v2\/product"}],"about":[{"href":"https:\/\/andpro.net\/hr\/wp-json\/wp\/v2\/types\/product"}],"wp:featuredmedia":[{"embeddable":true,"href":"https:\/\/andpro.net\/hr\/wp-json\/wp\/v2\/media\/6636"}],"wp:attachment":[{"href":"https:\/\/andpro.net\/hr\/wp-json\/wp\/v2\/media?parent=6630"}],"wp:term":[{"taxonomy":"product_brand","embeddable":true,"href":"https:\/\/andpro.net\/hr\/wp-json\/wp\/v2\/product_brand?post=6630"},{"taxonomy":"product_cat","embeddable":true,"href":"https:\/\/andpro.net\/hr\/wp-json\/wp\/v2\/product_cat?post=6630"},{"taxonomy":"product_tag","embeddable":true,"href":"https:\/\/andpro.net\/hr\/wp-json\/wp\/v2\/product_tag?post=6630"}],"curies":[{"name":"wp","href":"https:\/\/api.w.org\/{rel}","templated":true}]}}