{"id":7297,"date":"2024-01-21T21:58:35","date_gmt":"2024-01-21T20:58:35","guid":{"rendered":"https:\/\/andpro.net\/?post_type=product&#038;p=7297"},"modified":"2025-07-20T11:53:38","modified_gmt":"2025-07-20T10:53:38","slug":"l-hollman-podlozene-hlace-lh-fmnwx-b","status":"publish","type":"product","link":"https:\/\/andpro.net\/hr\/product\/l-hollman-podlozene-hlace-lh-fmnwx-b\/","title":{"rendered":"L.HOLLMAN PODLO\u017dENE HLA\u010cE LH-FMNWX-B"},"content":{"rendered":"<p>Za\u0161\u010ditne, podlo\u017eene delavske hla\u010de FORMEN z odstranljivimi naramnicami.<\/p>\n<p>&nbsp;<\/p>\n<p>80% poliester, 20% bomba\u017e (CSB barva: 100% poliester)<\/p>\n<p>Gramatura 270 g\/m\u00b2<\/p>\n<p>Podloga 100% poliester, gramatura 220 g\/m\u00b2<\/p>\n<p>Podloga 100% poliester taft 190T, te\u017ea 50 g\/m\u00b2<\/p>\n<p>dva zadnja \u017eepa z je\u017ekom in dva dvojna stranska \u017eepa<\/p>\n<p>\u017eep na nogah z je\u017ekom in dodatnimi \u017eepi za dodatke, dolg stranski \u017eep in \u017eep na prsih z \u017eepi za telefon in dodatke<\/p>\n<p>Veliko \u0161tevilo \u017eepov pove\u010da funkcionalnost hla\u010d<\/p>\n<p>Sponka za pritrditev klju\u010dev<\/p>\n<p>Zanke za pritrditev dodatnih dodatkov<\/p>\n<p>Mo\u017enost prilagajanja dol\u017eine z naramnicami in \u0161irine hla\u010dnic na spodnjem delu hla\u010d z zadrgo<\/p>\n<p>\u017depi na kolenih za \u0161\u010ditnike kolen<\/p>\n<p>dodatna oja\u010ditev na \u017eepih, kolenih in spodnjem delu nog, kar pove\u010da odpornost hla\u010d proti obrabi<\/p>\n<p>Skrbna izdelava in pove\u010dana vzdr\u017eljivost zagotavljata visoko enostavnost uporabe<\/p>\n<p>Certifikat OEKO-TEX\u00ae Standard 100 (testi vsebnosti zdravju \u0161kodljivih snovi)<\/p>\n<p>Material in trak sta testirana v skladu s standardom EN20471<\/p>","protected":false},"excerpt":{"rendered":"<p>Za\u0161\u010ditne, podlo\u017eene delavske hla\u010de FORMEN z odstranljivimi naramnicami. &nbsp; 80% poliester, 20% bomba\u017e (CSB barva: 100% poliester) Gramatura 270 g\/m\u00b2 Podloga 100% poliester, gramatura 220 g\/m\u00b2 Podloga 100% poliester taft 190T, te\u017ea 50 g\/m\u00b2 dva zadnja \u017eepa z je\u017ekom in dva dvojna stranska \u017eepa \u017eep na nogah z je\u017ekom in dodatnimi \u017eepi za dodatke, dolg [&hellip;]<\/p>","protected":false},"featured_media":7313,"template":"","meta":[],"product_brand":[],"product_cat":[21,41],"product_tag":[],"class_list":{"0":"post-7297","1":"product","2":"type-product","3":"status-publish","4":"has-post-thumbnail","6":"product_cat-oblacila","7":"product_cat-hlace","9":"first","10":"onbackorder","11":"taxable","12":"shipping-taxable","13":"purchasable","14":"product-type-variable"},"bundled_by":[],"bundle_stock_status":"onbackorder","bundle_stock_quantity":null,"bundle_virtual":false,"bundle_layout":"","bundle_add_to_cart_form_location":"","bundle_editable_in_cart":false,"bundle_sold_individually_context":"","bundle_item_grouping":"","bundle_min_size":"","bundle_max_size":"","bundle_price":[],"bundled_items":[],"bundle_sell_ids":[],"group_of_quantity":0,"min_quantity":0,"max_quantity":"","exclude_order_quantity_value_rules":"no","exclude_category_quantity_rules":"no","combine_variations":"no","yoast_head":"<!-- This site is optimized with the Yoast SEO Premium plugin v23.9 (Yoast SEO v27.4) - https:\/\/yoast.com\/product\/yoast-seo-premium-wordpress\/ -->\n<title>L.HOLLMAN PODLO\u017dENE HLA\u010cE LH-FMNWX-B - AndPro<\/title>\n<meta name=\"robots\" content=\"index, follow, max-snippet:-1, max-image-preview:large, max-video-preview:-1\" \/>\n<link rel=\"canonical\" href=\"https:\/\/andpro.net\/hr\/product\/l-hollman-podlozene-hlace-lh-fmnwx-b\/\" \/>\n<meta property=\"og:locale\" content=\"hr_HR\" \/>\n<meta property=\"og:type\" content=\"article\" \/>\n<meta property=\"og:title\" content=\"L.HOLLMAN PODLO\u017dENE HLA\u010cE LH-FMNWX-B\" \/>\n<meta property=\"og:description\" content=\"Za\u0161\u010ditne, podlo\u017eene delavske hla\u010de FORMEN z odstranljivimi naramnicami. &nbsp; 80% poliester, 20% bomba\u017e (CSB barva: 100% poliester) Gramatura 270 g\/m\u00b2 Podloga 100% poliester, gramatura 220 g\/m\u00b2 Podloga 100% poliester taft 190T, te\u017ea 50 g\/m\u00b2 dva zadnja \u017eepa z je\u017ekom in dva dvojna stranska \u017eepa \u017eep na nogah z je\u017ekom in dodatnimi \u017eepi za dodatke, dolg [&hellip;]\" \/>\n<meta property=\"og:url\" content=\"https:\/\/andpro.net\/hr\/product\/l-hollman-podlozene-hlace-lh-fmnwx-b\/\" \/>\n<meta property=\"og:site_name\" content=\"AndPro\" \/>\n<meta property=\"article:modified_time\" content=\"2025-07-20T10:53:38+00:00\" \/>\n<meta property=\"og:image\" content=\"https:\/\/andpro.net\/wp-content\/uploads\/2024\/01\/0047420480.jpg\" \/>\n\t<meta property=\"og:image:width\" content=\"574\" \/>\n\t<meta property=\"og:image:height\" content=\"1024\" \/>\n\t<meta property=\"og:image:type\" content=\"image\/jpeg\" \/>\n<meta name=\"twitter:card\" content=\"summary_large_image\" \/>\n<meta name=\"twitter:label1\" content=\"Procijenjeno vrijeme \u010ditanja\" \/>\n\t<meta name=\"twitter:data1\" content=\"1 minuta\" \/>\n<script type=\"application\/ld+json\" class=\"yoast-schema-graph\">{\"@context\":\"https:\\\/\\\/schema.org\",\"@graph\":[{\"@type\":\"WebPage\",\"@id\":\"https:\\\/\\\/andpro.net\\\/product\\\/l-hollman-podlozene-hlace-lh-fmnwx-b\\\/\",\"url\":\"https:\\\/\\\/andpro.net\\\/product\\\/l-hollman-podlozene-hlace-lh-fmnwx-b\\\/\",\"name\":\"L.HOLLMAN PODLO\u017dENE HLA\u010cE LH-FMNWX-B - AndPro\",\"isPartOf\":{\"@id\":\"https:\\\/\\\/andpro.net\\\/de\\\/#website\"},\"primaryImageOfPage\":{\"@id\":\"https:\\\/\\\/andpro.net\\\/product\\\/l-hollman-podlozene-hlace-lh-fmnwx-b\\\/#primaryimage\"},\"image\":{\"@id\":\"https:\\\/\\\/andpro.net\\\/product\\\/l-hollman-podlozene-hlace-lh-fmnwx-b\\\/#primaryimage\"},\"thumbnailUrl\":\"https:\\\/\\\/andpro.net\\\/wp-content\\\/uploads\\\/2024\\\/01\\\/0047420480.jpg\",\"datePublished\":\"2024-01-21T20:58:35+00:00\",\"dateModified\":\"2025-07-20T10:53:38+00:00\",\"breadcrumb\":{\"@id\":\"https:\\\/\\\/andpro.net\\\/product\\\/l-hollman-podlozene-hlace-lh-fmnwx-b\\\/#breadcrumb\"},\"inLanguage\":\"hr\",\"potentialAction\":[{\"@type\":\"ReadAction\",\"target\":[\"https:\\\/\\\/andpro.net\\\/product\\\/l-hollman-podlozene-hlace-lh-fmnwx-b\\\/\"]}]},{\"@type\":\"ImageObject\",\"inLanguage\":\"hr\",\"@id\":\"https:\\\/\\\/andpro.net\\\/product\\\/l-hollman-podlozene-hlace-lh-fmnwx-b\\\/#primaryimage\",\"url\":\"https:\\\/\\\/andpro.net\\\/wp-content\\\/uploads\\\/2024\\\/01\\\/0047420480.jpg\",\"contentUrl\":\"https:\\\/\\\/andpro.net\\\/wp-content\\\/uploads\\\/2024\\\/01\\\/0047420480.jpg\",\"width\":574,\"height\":1024},{\"@type\":\"BreadcrumbList\",\"@id\":\"https:\\\/\\\/andpro.net\\\/product\\\/l-hollman-podlozene-hlace-lh-fmnwx-b\\\/#breadcrumb\",\"itemListElement\":[{\"@type\":\"ListItem\",\"position\":1,\"name\":\"Home\",\"item\":\"https:\\\/\\\/andpro.net\\\/\"},{\"@type\":\"ListItem\",\"position\":2,\"name\":\"Shop\",\"item\":\"https:\\\/\\\/andpro.net\\\/en\\\/shop\\\/\"},{\"@type\":\"ListItem\",\"position\":3,\"name\":\"L.HOLLMAN PODLO\u017dENE HLA\u010cE LH-FMNWX-B\"}]},{\"@type\":\"WebSite\",\"@id\":\"https:\\\/\\\/andpro.net\\\/de\\\/#website\",\"url\":\"https:\\\/\\\/andpro.net\\\/de\\\/\",\"name\":\"AndPro\",\"description\":\"The best decision\",\"publisher\":{\"@id\":\"https:\\\/\\\/andpro.net\\\/de\\\/#organization\"},\"potentialAction\":[{\"@type\":\"SearchAction\",\"target\":{\"@type\":\"EntryPoint\",\"urlTemplate\":\"https:\\\/\\\/andpro.net\\\/de\\\/?s={search_term_string}\"},\"query-input\":{\"@type\":\"PropertyValueSpecification\",\"valueRequired\":true,\"valueName\":\"search_term_string\"}}],\"inLanguage\":\"hr\"},{\"@type\":\"Organization\",\"@id\":\"https:\\\/\\\/andpro.net\\\/de\\\/#organization\",\"name\":\"AndPro\",\"url\":\"https:\\\/\\\/andpro.net\\\/de\\\/\",\"logo\":{\"@type\":\"ImageObject\",\"inLanguage\":\"hr\",\"@id\":\"https:\\\/\\\/andpro.net\\\/de\\\/#\\\/schema\\\/logo\\\/image\\\/\",\"url\":\"https:\\\/\\\/andpro.net\\\/wp-content\\\/uploads\\\/2023\\\/11\\\/logo_fix.png\",\"contentUrl\":\"https:\\\/\\\/andpro.net\\\/wp-content\\\/uploads\\\/2023\\\/11\\\/logo_fix.png\",\"width\":1244,\"height\":637,\"caption\":\"AndPro\"},\"image\":{\"@id\":\"https:\\\/\\\/andpro.net\\\/de\\\/#\\\/schema\\\/logo\\\/image\\\/\"}}]}<\/script>\n<!-- \/ Yoast SEO Premium plugin. -->","yoast_head_json":{"title":"L.HOLLMAN PODLO\u017dENE HLA\u010cE LH-FMNWX-B - AndPro","robots":{"index":"index","follow":"follow","max-snippet":"max-snippet:-1","max-image-preview":"max-image-preview:large","max-video-preview":"max-video-preview:-1"},"canonical":"https:\/\/andpro.net\/hr\/product\/l-hollman-podlozene-hlace-lh-fmnwx-b\/","og_locale":"hr_HR","og_type":"article","og_title":"L.HOLLMAN PODLO\u017dENE HLA\u010cE LH-FMNWX-B","og_description":"Za\u0161\u010ditne, podlo\u017eene delavske hla\u010de FORMEN z odstranljivimi naramnicami. &nbsp; 80% poliester, 20% bomba\u017e (CSB barva: 100% poliester) Gramatura 270 g\/m\u00b2 Podloga 100% poliester, gramatura 220 g\/m\u00b2 Podloga 100% poliester taft 190T, te\u017ea 50 g\/m\u00b2 dva zadnja \u017eepa z je\u017ekom in dva dvojna stranska \u017eepa \u017eep na nogah z je\u017ekom in dodatnimi \u017eepi za dodatke, dolg [&hellip;]","og_url":"https:\/\/andpro.net\/hr\/product\/l-hollman-podlozene-hlace-lh-fmnwx-b\/","og_site_name":"AndPro","article_modified_time":"2025-07-20T10:53:38+00:00","og_image":[{"width":574,"height":1024,"url":"https:\/\/andpro.net\/wp-content\/uploads\/2024\/01\/0047420480.jpg","type":"image\/jpeg"}],"twitter_card":"summary_large_image","twitter_misc":{"Procijenjeno vrijeme \u010ditanja":"1 minuta"},"schema":{"@context":"https:\/\/schema.org","@graph":[{"@type":"WebPage","@id":"https:\/\/andpro.net\/product\/l-hollman-podlozene-hlace-lh-fmnwx-b\/","url":"https:\/\/andpro.net\/product\/l-hollman-podlozene-hlace-lh-fmnwx-b\/","name":"L.HOLLMAN PODLO\u017dENE HLA\u010cE LH-FMNWX-B - AndPro","isPartOf":{"@id":"https:\/\/andpro.net\/de\/#website"},"primaryImageOfPage":{"@id":"https:\/\/andpro.net\/product\/l-hollman-podlozene-hlace-lh-fmnwx-b\/#primaryimage"},"image":{"@id":"https:\/\/andpro.net\/product\/l-hollman-podlozene-hlace-lh-fmnwx-b\/#primaryimage"},"thumbnailUrl":"https:\/\/andpro.net\/wp-content\/uploads\/2024\/01\/0047420480.jpg","datePublished":"2024-01-21T20:58:35+00:00","dateModified":"2025-07-20T10:53:38+00:00","breadcrumb":{"@id":"https:\/\/andpro.net\/product\/l-hollman-podlozene-hlace-lh-fmnwx-b\/#breadcrumb"},"inLanguage":"hr","potentialAction":[{"@type":"ReadAction","target":["https:\/\/andpro.net\/product\/l-hollman-podlozene-hlace-lh-fmnwx-b\/"]}]},{"@type":"ImageObject","inLanguage":"hr","@id":"https:\/\/andpro.net\/product\/l-hollman-podlozene-hlace-lh-fmnwx-b\/#primaryimage","url":"https:\/\/andpro.net\/wp-content\/uploads\/2024\/01\/0047420480.jpg","contentUrl":"https:\/\/andpro.net\/wp-content\/uploads\/2024\/01\/0047420480.jpg","width":574,"height":1024},{"@type":"BreadcrumbList","@id":"https:\/\/andpro.net\/product\/l-hollman-podlozene-hlace-lh-fmnwx-b\/#breadcrumb","itemListElement":[{"@type":"ListItem","position":1,"name":"Home","item":"https:\/\/andpro.net\/"},{"@type":"ListItem","position":2,"name":"Shop","item":"https:\/\/andpro.net\/en\/shop\/"},{"@type":"ListItem","position":3,"name":"L.HOLLMAN PODLO\u017dENE HLA\u010cE LH-FMNWX-B"}]},{"@type":"WebSite","@id":"https:\/\/andpro.net\/de\/#website","url":"https:\/\/andpro.net\/de\/","name":"AndPro","description":"The best decision","publisher":{"@id":"https:\/\/andpro.net\/de\/#organization"},"potentialAction":[{"@type":"SearchAction","target":{"@type":"EntryPoint","urlTemplate":"https:\/\/andpro.net\/de\/?s={search_term_string}"},"query-input":{"@type":"PropertyValueSpecification","valueRequired":true,"valueName":"search_term_string"}}],"inLanguage":"hr"},{"@type":"Organization","@id":"https:\/\/andpro.net\/de\/#organization","name":"AndPro","url":"https:\/\/andpro.net\/de\/","logo":{"@type":"ImageObject","inLanguage":"hr","@id":"https:\/\/andpro.net\/de\/#\/schema\/logo\/image\/","url":"https:\/\/andpro.net\/wp-content\/uploads\/2023\/11\/logo_fix.png","contentUrl":"https:\/\/andpro.net\/wp-content\/uploads\/2023\/11\/logo_fix.png","width":1244,"height":637,"caption":"AndPro"},"image":{"@id":"https:\/\/andpro.net\/de\/#\/schema\/logo\/image\/"}}]}},"_links":{"self":[{"href":"https:\/\/andpro.net\/hr\/wp-json\/wp\/v2\/product\/7297","targetHints":{"allow":["GET"]}}],"collection":[{"href":"https:\/\/andpro.net\/hr\/wp-json\/wp\/v2\/product"}],"about":[{"href":"https:\/\/andpro.net\/hr\/wp-json\/wp\/v2\/types\/product"}],"wp:featuredmedia":[{"embeddable":true,"href":"https:\/\/andpro.net\/hr\/wp-json\/wp\/v2\/media\/7313"}],"wp:attachment":[{"href":"https:\/\/andpro.net\/hr\/wp-json\/wp\/v2\/media?parent=7297"}],"wp:term":[{"taxonomy":"product_brand","embeddable":true,"href":"https:\/\/andpro.net\/hr\/wp-json\/wp\/v2\/product_brand?post=7297"},{"taxonomy":"product_cat","embeddable":true,"href":"https:\/\/andpro.net\/hr\/wp-json\/wp\/v2\/product_cat?post=7297"},{"taxonomy":"product_tag","embeddable":true,"href":"https:\/\/andpro.net\/hr\/wp-json\/wp\/v2\/product_tag?post=7297"}],"curies":[{"name":"wp","href":"https:\/\/api.w.org\/{rel}","templated":true}]}}