{"id":7553,"date":"2024-02-16T08:10:54","date_gmt":"2024-02-16T07:10:54","guid":{"rendered":"https:\/\/andpro.net\/?post_type=product&#038;p=7553"},"modified":"2025-07-20T11:44:29","modified_gmt":"2025-07-20T10:44:29","slug":"l-hollman-zascitne-hlace-2-1-lh-peaker","status":"publish","type":"product","link":"https:\/\/andpro.net\/hr\/product\/l-hollman-zascitne-hlace-2-1-lh-peaker\/","title":{"rendered":"L.HOLLMAN ZA\u0160\u010cITNE HLA\u010cE 2\/1 LH-PEAKER"},"content":{"rendered":"<p>Za\u0161\u010ditne delavske hla\u010de 2 v 1 z odstranljivimi hla\u010dnicami.<\/p>\n<p>&nbsp;<\/p>\n<p>65% poliester, 35% bomba\u017e<\/p>\n<p>Gramatura 300 g\/m\u00b2<\/p>\n<p>Visokotehnolo\u0161ka tehnologija tkanine zagotavlja vzdr\u017eljivost in odpornost proti obrabi ter pove\u010da odpornost na ma\u0161\u010dobo, olje in umazanijo<\/p>\n<p>dva stranska \u017eepa in dva zadnja \u017eepa ter dva v\u0161ita \u017eepa, kot nala\u0161\u010d za orodje<\/p>\n<p>\u017depi na nogah, tudi za mobilni telefon in ID<\/p>\n<p>Sponka za pritrditev klju\u010dev<\/p>\n<p>\u017depi na kolenih za \u0161\u010ditnike kolen<\/p>\n<p>&nbsp;<\/p>","protected":false},"excerpt":{"rendered":"<p>Za\u0161\u010ditne delavske hla\u010de 2 v 1 z odstranljivimi hla\u010dnicami. &nbsp; 65% poliester, 35% bomba\u017e Gramatura 300 g\/m\u00b2 Visokotehnolo\u0161ka tehnologija tkanine zagotavlja vzdr\u017eljivost in odpornost proti obrabi ter pove\u010da odpornost na ma\u0161\u010dobo, olje in umazanijo dva stranska \u017eepa in dva zadnja \u017eepa ter dva v\u0161ita \u017eepa, kot nala\u0161\u010d za orodje \u017depi na nogah, tudi za mobilni [&hellip;]<\/p>","protected":false},"featured_media":7570,"template":"","meta":[],"product_brand":[],"product_cat":[21,41],"product_tag":[],"class_list":{"0":"post-7553","1":"product","2":"type-product","3":"status-publish","4":"has-post-thumbnail","6":"product_cat-oblacila","7":"product_cat-hlace","9":"first","10":"onbackorder","11":"taxable","12":"shipping-taxable","13":"purchasable","14":"product-type-variable"},"bundled_by":[],"bundle_stock_status":"onbackorder","bundle_stock_quantity":null,"bundle_virtual":false,"bundle_layout":"","bundle_add_to_cart_form_location":"","bundle_editable_in_cart":false,"bundle_sold_individually_context":"","bundle_item_grouping":"","bundle_min_size":"","bundle_max_size":"","bundle_price":[],"bundled_items":[],"bundle_sell_ids":[],"group_of_quantity":0,"min_quantity":0,"max_quantity":"","exclude_order_quantity_value_rules":"no","exclude_category_quantity_rules":"no","combine_variations":"no","yoast_head":"<!-- This site is optimized with the Yoast SEO Premium plugin v23.9 (Yoast SEO v27.4) - https:\/\/yoast.com\/product\/yoast-seo-premium-wordpress\/ -->\n<title>L.HOLLMAN ZA\u0160\u010cITNE HLA\u010cE 2\/1 LH-PEAKER - AndPro<\/title>\n<meta name=\"robots\" content=\"index, follow, max-snippet:-1, max-image-preview:large, max-video-preview:-1\" \/>\n<link rel=\"canonical\" href=\"https:\/\/andpro.net\/hr\/product\/l-hollman-zascitne-hlace-2-1-lh-peaker\/\" \/>\n<meta property=\"og:locale\" content=\"hr_HR\" \/>\n<meta property=\"og:type\" content=\"article\" \/>\n<meta property=\"og:title\" content=\"L.HOLLMAN ZA\u0160\u010cITNE HLA\u010cE 2\/1 LH-PEAKER\" \/>\n<meta property=\"og:description\" content=\"Za\u0161\u010ditne delavske hla\u010de 2 v 1 z odstranljivimi hla\u010dnicami. &nbsp; 65% poliester, 35% bomba\u017e Gramatura 300 g\/m\u00b2 Visokotehnolo\u0161ka tehnologija tkanine zagotavlja vzdr\u017eljivost in odpornost proti obrabi ter pove\u010da odpornost na ma\u0161\u010dobo, olje in umazanijo dva stranska \u017eepa in dva zadnja \u017eepa ter dva v\u0161ita \u017eepa, kot nala\u0161\u010d za orodje \u017depi na nogah, tudi za mobilni [&hellip;]\" \/>\n<meta property=\"og:url\" content=\"https:\/\/andpro.net\/hr\/product\/l-hollman-zascitne-hlace-2-1-lh-peaker\/\" \/>\n<meta property=\"og:site_name\" content=\"AndPro\" \/>\n<meta property=\"article:modified_time\" content=\"2025-07-20T10:44:29+00:00\" \/>\n<meta property=\"og:image\" content=\"https:\/\/andpro.net\/wp-content\/uploads\/2024\/02\/4.jpg\" \/>\n\t<meta property=\"og:image:width\" content=\"811\" \/>\n\t<meta property=\"og:image:height\" content=\"1024\" \/>\n\t<meta property=\"og:image:type\" content=\"image\/jpeg\" \/>\n<meta name=\"twitter:card\" content=\"summary_large_image\" \/>\n<meta name=\"twitter:label1\" content=\"Procijenjeno vrijeme \u010ditanja\" \/>\n\t<meta name=\"twitter:data1\" content=\"1 minuta\" \/>\n<script type=\"application\/ld+json\" class=\"yoast-schema-graph\">{\"@context\":\"https:\\\/\\\/schema.org\",\"@graph\":[{\"@type\":\"WebPage\",\"@id\":\"https:\\\/\\\/andpro.net\\\/product\\\/l-hollman-zascitne-hlace-2-1-lh-peaker\\\/\",\"url\":\"https:\\\/\\\/andpro.net\\\/product\\\/l-hollman-zascitne-hlace-2-1-lh-peaker\\\/\",\"name\":\"L.HOLLMAN ZA\u0160\u010cITNE HLA\u010cE 2\\\/1 LH-PEAKER - AndPro\",\"isPartOf\":{\"@id\":\"https:\\\/\\\/andpro.net\\\/de\\\/#website\"},\"primaryImageOfPage\":{\"@id\":\"https:\\\/\\\/andpro.net\\\/product\\\/l-hollman-zascitne-hlace-2-1-lh-peaker\\\/#primaryimage\"},\"image\":{\"@id\":\"https:\\\/\\\/andpro.net\\\/product\\\/l-hollman-zascitne-hlace-2-1-lh-peaker\\\/#primaryimage\"},\"thumbnailUrl\":\"https:\\\/\\\/andpro.net\\\/wp-content\\\/uploads\\\/2024\\\/02\\\/4.jpg\",\"datePublished\":\"2024-02-16T07:10:54+00:00\",\"dateModified\":\"2025-07-20T10:44:29+00:00\",\"breadcrumb\":{\"@id\":\"https:\\\/\\\/andpro.net\\\/product\\\/l-hollman-zascitne-hlace-2-1-lh-peaker\\\/#breadcrumb\"},\"inLanguage\":\"hr\",\"potentialAction\":[{\"@type\":\"ReadAction\",\"target\":[\"https:\\\/\\\/andpro.net\\\/product\\\/l-hollman-zascitne-hlace-2-1-lh-peaker\\\/\"]}]},{\"@type\":\"ImageObject\",\"inLanguage\":\"hr\",\"@id\":\"https:\\\/\\\/andpro.net\\\/product\\\/l-hollman-zascitne-hlace-2-1-lh-peaker\\\/#primaryimage\",\"url\":\"https:\\\/\\\/andpro.net\\\/wp-content\\\/uploads\\\/2024\\\/02\\\/4.jpg\",\"contentUrl\":\"https:\\\/\\\/andpro.net\\\/wp-content\\\/uploads\\\/2024\\\/02\\\/4.jpg\",\"width\":811,\"height\":1024},{\"@type\":\"BreadcrumbList\",\"@id\":\"https:\\\/\\\/andpro.net\\\/product\\\/l-hollman-zascitne-hlace-2-1-lh-peaker\\\/#breadcrumb\",\"itemListElement\":[{\"@type\":\"ListItem\",\"position\":1,\"name\":\"Home\",\"item\":\"https:\\\/\\\/andpro.net\\\/\"},{\"@type\":\"ListItem\",\"position\":2,\"name\":\"Shop\",\"item\":\"https:\\\/\\\/andpro.net\\\/en\\\/shop\\\/\"},{\"@type\":\"ListItem\",\"position\":3,\"name\":\"L.HOLLMAN ZA\u0160\u010cITNE HLA\u010cE 2\\\/1 LH-PEAKER\"}]},{\"@type\":\"WebSite\",\"@id\":\"https:\\\/\\\/andpro.net\\\/de\\\/#website\",\"url\":\"https:\\\/\\\/andpro.net\\\/de\\\/\",\"name\":\"AndPro\",\"description\":\"The best decision\",\"publisher\":{\"@id\":\"https:\\\/\\\/andpro.net\\\/de\\\/#organization\"},\"potentialAction\":[{\"@type\":\"SearchAction\",\"target\":{\"@type\":\"EntryPoint\",\"urlTemplate\":\"https:\\\/\\\/andpro.net\\\/de\\\/?s={search_term_string}\"},\"query-input\":{\"@type\":\"PropertyValueSpecification\",\"valueRequired\":true,\"valueName\":\"search_term_string\"}}],\"inLanguage\":\"hr\"},{\"@type\":\"Organization\",\"@id\":\"https:\\\/\\\/andpro.net\\\/de\\\/#organization\",\"name\":\"AndPro\",\"url\":\"https:\\\/\\\/andpro.net\\\/de\\\/\",\"logo\":{\"@type\":\"ImageObject\",\"inLanguage\":\"hr\",\"@id\":\"https:\\\/\\\/andpro.net\\\/de\\\/#\\\/schema\\\/logo\\\/image\\\/\",\"url\":\"https:\\\/\\\/andpro.net\\\/wp-content\\\/uploads\\\/2023\\\/11\\\/logo_fix.png\",\"contentUrl\":\"https:\\\/\\\/andpro.net\\\/wp-content\\\/uploads\\\/2023\\\/11\\\/logo_fix.png\",\"width\":1244,\"height\":637,\"caption\":\"AndPro\"},\"image\":{\"@id\":\"https:\\\/\\\/andpro.net\\\/de\\\/#\\\/schema\\\/logo\\\/image\\\/\"}}]}<\/script>\n<!-- \/ Yoast SEO Premium plugin. -->","yoast_head_json":{"title":"L.HOLLMAN ZA\u0160\u010cITNE HLA\u010cE 2\/1 LH-PEAKER - AndPro","robots":{"index":"index","follow":"follow","max-snippet":"max-snippet:-1","max-image-preview":"max-image-preview:large","max-video-preview":"max-video-preview:-1"},"canonical":"https:\/\/andpro.net\/hr\/product\/l-hollman-zascitne-hlace-2-1-lh-peaker\/","og_locale":"hr_HR","og_type":"article","og_title":"L.HOLLMAN ZA\u0160\u010cITNE HLA\u010cE 2\/1 LH-PEAKER","og_description":"Za\u0161\u010ditne delavske hla\u010de 2 v 1 z odstranljivimi hla\u010dnicami. &nbsp; 65% poliester, 35% bomba\u017e Gramatura 300 g\/m\u00b2 Visokotehnolo\u0161ka tehnologija tkanine zagotavlja vzdr\u017eljivost in odpornost proti obrabi ter pove\u010da odpornost na ma\u0161\u010dobo, olje in umazanijo dva stranska \u017eepa in dva zadnja \u017eepa ter dva v\u0161ita \u017eepa, kot nala\u0161\u010d za orodje \u017depi na nogah, tudi za mobilni [&hellip;]","og_url":"https:\/\/andpro.net\/hr\/product\/l-hollman-zascitne-hlace-2-1-lh-peaker\/","og_site_name":"AndPro","article_modified_time":"2025-07-20T10:44:29+00:00","og_image":[{"width":811,"height":1024,"url":"https:\/\/andpro.net\/wp-content\/uploads\/2024\/02\/4.jpg","type":"image\/jpeg"}],"twitter_card":"summary_large_image","twitter_misc":{"Procijenjeno vrijeme \u010ditanja":"1 minuta"},"schema":{"@context":"https:\/\/schema.org","@graph":[{"@type":"WebPage","@id":"https:\/\/andpro.net\/product\/l-hollman-zascitne-hlace-2-1-lh-peaker\/","url":"https:\/\/andpro.net\/product\/l-hollman-zascitne-hlace-2-1-lh-peaker\/","name":"L.HOLLMAN ZA\u0160\u010cITNE HLA\u010cE 2\/1 LH-PEAKER - AndPro","isPartOf":{"@id":"https:\/\/andpro.net\/de\/#website"},"primaryImageOfPage":{"@id":"https:\/\/andpro.net\/product\/l-hollman-zascitne-hlace-2-1-lh-peaker\/#primaryimage"},"image":{"@id":"https:\/\/andpro.net\/product\/l-hollman-zascitne-hlace-2-1-lh-peaker\/#primaryimage"},"thumbnailUrl":"https:\/\/andpro.net\/wp-content\/uploads\/2024\/02\/4.jpg","datePublished":"2024-02-16T07:10:54+00:00","dateModified":"2025-07-20T10:44:29+00:00","breadcrumb":{"@id":"https:\/\/andpro.net\/product\/l-hollman-zascitne-hlace-2-1-lh-peaker\/#breadcrumb"},"inLanguage":"hr","potentialAction":[{"@type":"ReadAction","target":["https:\/\/andpro.net\/product\/l-hollman-zascitne-hlace-2-1-lh-peaker\/"]}]},{"@type":"ImageObject","inLanguage":"hr","@id":"https:\/\/andpro.net\/product\/l-hollman-zascitne-hlace-2-1-lh-peaker\/#primaryimage","url":"https:\/\/andpro.net\/wp-content\/uploads\/2024\/02\/4.jpg","contentUrl":"https:\/\/andpro.net\/wp-content\/uploads\/2024\/02\/4.jpg","width":811,"height":1024},{"@type":"BreadcrumbList","@id":"https:\/\/andpro.net\/product\/l-hollman-zascitne-hlace-2-1-lh-peaker\/#breadcrumb","itemListElement":[{"@type":"ListItem","position":1,"name":"Home","item":"https:\/\/andpro.net\/"},{"@type":"ListItem","position":2,"name":"Shop","item":"https:\/\/andpro.net\/en\/shop\/"},{"@type":"ListItem","position":3,"name":"L.HOLLMAN ZA\u0160\u010cITNE HLA\u010cE 2\/1 LH-PEAKER"}]},{"@type":"WebSite","@id":"https:\/\/andpro.net\/de\/#website","url":"https:\/\/andpro.net\/de\/","name":"AndPro","description":"The best decision","publisher":{"@id":"https:\/\/andpro.net\/de\/#organization"},"potentialAction":[{"@type":"SearchAction","target":{"@type":"EntryPoint","urlTemplate":"https:\/\/andpro.net\/de\/?s={search_term_string}"},"query-input":{"@type":"PropertyValueSpecification","valueRequired":true,"valueName":"search_term_string"}}],"inLanguage":"hr"},{"@type":"Organization","@id":"https:\/\/andpro.net\/de\/#organization","name":"AndPro","url":"https:\/\/andpro.net\/de\/","logo":{"@type":"ImageObject","inLanguage":"hr","@id":"https:\/\/andpro.net\/de\/#\/schema\/logo\/image\/","url":"https:\/\/andpro.net\/wp-content\/uploads\/2023\/11\/logo_fix.png","contentUrl":"https:\/\/andpro.net\/wp-content\/uploads\/2023\/11\/logo_fix.png","width":1244,"height":637,"caption":"AndPro"},"image":{"@id":"https:\/\/andpro.net\/de\/#\/schema\/logo\/image\/"}}]}},"_links":{"self":[{"href":"https:\/\/andpro.net\/hr\/wp-json\/wp\/v2\/product\/7553","targetHints":{"allow":["GET"]}}],"collection":[{"href":"https:\/\/andpro.net\/hr\/wp-json\/wp\/v2\/product"}],"about":[{"href":"https:\/\/andpro.net\/hr\/wp-json\/wp\/v2\/types\/product"}],"wp:featuredmedia":[{"embeddable":true,"href":"https:\/\/andpro.net\/hr\/wp-json\/wp\/v2\/media\/7570"}],"wp:attachment":[{"href":"https:\/\/andpro.net\/hr\/wp-json\/wp\/v2\/media?parent=7553"}],"wp:term":[{"taxonomy":"product_brand","embeddable":true,"href":"https:\/\/andpro.net\/hr\/wp-json\/wp\/v2\/product_brand?post=7553"},{"taxonomy":"product_cat","embeddable":true,"href":"https:\/\/andpro.net\/hr\/wp-json\/wp\/v2\/product_cat?post=7553"},{"taxonomy":"product_tag","embeddable":true,"href":"https:\/\/andpro.net\/hr\/wp-json\/wp\/v2\/product_tag?post=7553"}],"curies":[{"name":"wp","href":"https:\/\/api.w.org\/{rel}","templated":true}]}}