{"id":8895,"date":"2024-06-11T11:13:47","date_gmt":"2024-06-11T10:13:47","guid":{"rendered":"https:\/\/andpro.net\/?post_type=product&#038;p=8895"},"modified":"2025-07-20T11:08:27","modified_gmt":"2025-07-20T10:08:27","slug":"reis-zascitne-rokavice-rnyla","status":"publish","type":"product","link":"https:\/\/andpro.net\/hr\/product\/reis-zascitne-rokavice-rnyla\/","title":{"rendered":"REIS ZA\u0160\u010cITNE ROKAVICE RNYLA"},"content":{"rendered":"<p>Za\u0161\u010ditne rokavice DRAGON &#8211; RNYLA<\/p>\n<p>&nbsp;<\/p>\n<p>Pletenina: 100 % najlon (13. \u0161iv)<\/p>\n<p>Prevle\u010dena z lateksom z grobo strukturo<\/p>\n<p>Lateks je odporen na \u010distila in kisline<\/p>\n<p>Pletenina in prevleka sta odporni na trganje, raztegljivi in trpe\u017eni, \u010deprav sta tanki,<\/p>\n<p>fleksibilna, zato se popolnoma prilagodita roki<\/p>\n<p>Zagotavljata odli\u010dno spretnost, hkrati pa omejujeta zdrs predmeta, ki ga dr\u017eita<\/p>\n<p>Obi\u010dajno se imenuje \u201emodra ptica\u201c<\/p>\n<p>Ustrezajo standardom EN388 (stopnje odpornosti: 3 1 3 1 X) in EN420<\/p>","protected":false},"excerpt":{"rendered":"<p>Za\u0161\u010ditne rokavice DRAGON &#8211; RNYLA &nbsp; Pletenina: 100 % najlon (13. \u0161iv) Prevle\u010dena z lateksom z grobo strukturo Lateks je odporen na \u010distila in kisline Pletenina in prevleka sta odporni na trganje, raztegljivi in trpe\u017eni, \u010deprav sta tanki, fleksibilna, zato se popolnoma prilagodita roki Zagotavljata odli\u010dno spretnost, hkrati pa omejujeta zdrs predmeta, ki ga dr\u017eita [&hellip;]<\/p>","protected":false},"featured_media":8916,"template":"","meta":[],"product_brand":[],"product_cat":[22,115],"product_tag":[],"class_list":{"0":"post-8895","1":"product","2":"type-product","3":"status-publish","4":"has-post-thumbnail","6":"product_cat-rokavice","7":"product_cat-zascita-za-roke","9":"first","10":"instock","11":"taxable","12":"shipping-taxable","13":"purchasable","14":"product-type-variable"},"bundled_by":[],"bundle_stock_status":"instock","bundle_stock_quantity":5,"bundle_virtual":false,"bundle_layout":"","bundle_add_to_cart_form_location":"","bundle_editable_in_cart":false,"bundle_sold_individually_context":"","bundle_item_grouping":"","bundle_min_size":"","bundle_max_size":"","bundle_price":[],"bundled_items":[],"bundle_sell_ids":[],"group_of_quantity":0,"min_quantity":24,"max_quantity":"","exclude_order_quantity_value_rules":"no","exclude_category_quantity_rules":"no","combine_variations":"no","yoast_head":"<!-- This site is optimized with the Yoast SEO Premium plugin v23.9 (Yoast SEO v27.5) - https:\/\/yoast.com\/product\/yoast-seo-premium-wordpress\/ -->\n<title>REIS ZA\u0160\u010cITNE ROKAVICE RNYLA - AndPro<\/title>\n<meta name=\"robots\" content=\"index, follow, max-snippet:-1, max-image-preview:large, max-video-preview:-1\" \/>\n<link rel=\"canonical\" href=\"https:\/\/andpro.net\/hr\/product\/reis-zascitne-rokavice-rnyla\/\" \/>\n<meta property=\"og:locale\" content=\"hr_HR\" \/>\n<meta property=\"og:type\" content=\"article\" \/>\n<meta property=\"og:title\" content=\"REIS ZA\u0160\u010cITNE ROKAVICE RNYLA\" \/>\n<meta property=\"og:description\" content=\"Za\u0161\u010ditne rokavice DRAGON &#8211; RNYLA &nbsp; Pletenina: 100 % najlon (13. \u0161iv) Prevle\u010dena z lateksom z grobo strukturo Lateks je odporen na \u010distila in kisline Pletenina in prevleka sta odporni na trganje, raztegljivi in trpe\u017eni, \u010deprav sta tanki, fleksibilna, zato se popolnoma prilagodita roki Zagotavljata odli\u010dno spretnost, hkrati pa omejujeta zdrs predmeta, ki ga dr\u017eita [&hellip;]\" \/>\n<meta property=\"og:url\" content=\"https:\/\/andpro.net\/hr\/product\/reis-zascitne-rokavice-rnyla\/\" \/>\n<meta property=\"og:site_name\" content=\"AndPro\" \/>\n<meta property=\"article:modified_time\" content=\"2025-07-20T10:08:27+00:00\" \/>\n<meta property=\"og:image\" content=\"https:\/\/andpro.net\/wp-content\/uploads\/2024\/06\/0045417184.jpg\" \/>\n\t<meta property=\"og:image:width\" content=\"691\" \/>\n\t<meta property=\"og:image:height\" content=\"1024\" \/>\n\t<meta property=\"og:image:type\" content=\"image\/jpeg\" \/>\n<meta name=\"twitter:card\" content=\"summary_large_image\" \/>\n<meta name=\"twitter:label1\" content=\"Procijenjeno vrijeme \u010ditanja\" \/>\n\t<meta name=\"twitter:data1\" content=\"1 minuta\" \/>\n<script type=\"application\/ld+json\" class=\"yoast-schema-graph\">{\"@context\":\"https:\\\/\\\/schema.org\",\"@graph\":[{\"@type\":\"WebPage\",\"@id\":\"https:\\\/\\\/andpro.net\\\/product\\\/reis-zascitne-rokavice-rnyla\\\/\",\"url\":\"https:\\\/\\\/andpro.net\\\/product\\\/reis-zascitne-rokavice-rnyla\\\/\",\"name\":\"REIS ZA\u0160\u010cITNE ROKAVICE RNYLA - AndPro\",\"isPartOf\":{\"@id\":\"https:\\\/\\\/andpro.net\\\/de\\\/#website\"},\"primaryImageOfPage\":{\"@id\":\"https:\\\/\\\/andpro.net\\\/product\\\/reis-zascitne-rokavice-rnyla\\\/#primaryimage\"},\"image\":{\"@id\":\"https:\\\/\\\/andpro.net\\\/product\\\/reis-zascitne-rokavice-rnyla\\\/#primaryimage\"},\"thumbnailUrl\":\"https:\\\/\\\/andpro.net\\\/wp-content\\\/uploads\\\/2024\\\/06\\\/0045417184.jpg\",\"datePublished\":\"2024-06-11T10:13:47+00:00\",\"dateModified\":\"2025-07-20T10:08:27+00:00\",\"breadcrumb\":{\"@id\":\"https:\\\/\\\/andpro.net\\\/product\\\/reis-zascitne-rokavice-rnyla\\\/#breadcrumb\"},\"inLanguage\":\"hr\",\"potentialAction\":[{\"@type\":\"ReadAction\",\"target\":[\"https:\\\/\\\/andpro.net\\\/product\\\/reis-zascitne-rokavice-rnyla\\\/\"]}]},{\"@type\":\"ImageObject\",\"inLanguage\":\"hr\",\"@id\":\"https:\\\/\\\/andpro.net\\\/product\\\/reis-zascitne-rokavice-rnyla\\\/#primaryimage\",\"url\":\"https:\\\/\\\/andpro.net\\\/wp-content\\\/uploads\\\/2024\\\/06\\\/0045417184.jpg\",\"contentUrl\":\"https:\\\/\\\/andpro.net\\\/wp-content\\\/uploads\\\/2024\\\/06\\\/0045417184.jpg\",\"width\":691,\"height\":1024},{\"@type\":\"BreadcrumbList\",\"@id\":\"https:\\\/\\\/andpro.net\\\/product\\\/reis-zascitne-rokavice-rnyla\\\/#breadcrumb\",\"itemListElement\":[{\"@type\":\"ListItem\",\"position\":1,\"name\":\"Home\",\"item\":\"https:\\\/\\\/andpro.net\\\/\"},{\"@type\":\"ListItem\",\"position\":2,\"name\":\"Shop\",\"item\":\"https:\\\/\\\/andpro.net\\\/en\\\/shop\\\/\"},{\"@type\":\"ListItem\",\"position\":3,\"name\":\"REIS ZA\u0160\u010cITNE ROKAVICE RNYLA\"}]},{\"@type\":\"WebSite\",\"@id\":\"https:\\\/\\\/andpro.net\\\/de\\\/#website\",\"url\":\"https:\\\/\\\/andpro.net\\\/de\\\/\",\"name\":\"AndPro\",\"description\":\"The best decision\",\"publisher\":{\"@id\":\"https:\\\/\\\/andpro.net\\\/de\\\/#organization\"},\"potentialAction\":[{\"@type\":\"SearchAction\",\"target\":{\"@type\":\"EntryPoint\",\"urlTemplate\":\"https:\\\/\\\/andpro.net\\\/de\\\/?s={search_term_string}\"},\"query-input\":{\"@type\":\"PropertyValueSpecification\",\"valueRequired\":true,\"valueName\":\"search_term_string\"}}],\"inLanguage\":\"hr\"},{\"@type\":\"Organization\",\"@id\":\"https:\\\/\\\/andpro.net\\\/de\\\/#organization\",\"name\":\"AndPro\",\"url\":\"https:\\\/\\\/andpro.net\\\/de\\\/\",\"logo\":{\"@type\":\"ImageObject\",\"inLanguage\":\"hr\",\"@id\":\"https:\\\/\\\/andpro.net\\\/de\\\/#\\\/schema\\\/logo\\\/image\\\/\",\"url\":\"https:\\\/\\\/andpro.net\\\/wp-content\\\/uploads\\\/2023\\\/11\\\/logo_fix.png\",\"contentUrl\":\"https:\\\/\\\/andpro.net\\\/wp-content\\\/uploads\\\/2023\\\/11\\\/logo_fix.png\",\"width\":1244,\"height\":637,\"caption\":\"AndPro\"},\"image\":{\"@id\":\"https:\\\/\\\/andpro.net\\\/de\\\/#\\\/schema\\\/logo\\\/image\\\/\"}}]}<\/script>\n<!-- \/ Yoast SEO Premium plugin. -->","yoast_head_json":{"title":"REIS ZA\u0160\u010cITNE ROKAVICE RNYLA - AndPro","robots":{"index":"index","follow":"follow","max-snippet":"max-snippet:-1","max-image-preview":"max-image-preview:large","max-video-preview":"max-video-preview:-1"},"canonical":"https:\/\/andpro.net\/hr\/product\/reis-zascitne-rokavice-rnyla\/","og_locale":"hr_HR","og_type":"article","og_title":"REIS ZA\u0160\u010cITNE ROKAVICE RNYLA","og_description":"Za\u0161\u010ditne rokavice DRAGON &#8211; RNYLA &nbsp; Pletenina: 100 % najlon (13. \u0161iv) Prevle\u010dena z lateksom z grobo strukturo Lateks je odporen na \u010distila in kisline Pletenina in prevleka sta odporni na trganje, raztegljivi in trpe\u017eni, \u010deprav sta tanki, fleksibilna, zato se popolnoma prilagodita roki Zagotavljata odli\u010dno spretnost, hkrati pa omejujeta zdrs predmeta, ki ga dr\u017eita [&hellip;]","og_url":"https:\/\/andpro.net\/hr\/product\/reis-zascitne-rokavice-rnyla\/","og_site_name":"AndPro","article_modified_time":"2025-07-20T10:08:27+00:00","og_image":[{"width":691,"height":1024,"url":"https:\/\/andpro.net\/wp-content\/uploads\/2024\/06\/0045417184.jpg","type":"image\/jpeg"}],"twitter_card":"summary_large_image","twitter_misc":{"Procijenjeno vrijeme \u010ditanja":"1 minuta"},"schema":{"@context":"https:\/\/schema.org","@graph":[{"@type":"WebPage","@id":"https:\/\/andpro.net\/product\/reis-zascitne-rokavice-rnyla\/","url":"https:\/\/andpro.net\/product\/reis-zascitne-rokavice-rnyla\/","name":"REIS ZA\u0160\u010cITNE ROKAVICE RNYLA - AndPro","isPartOf":{"@id":"https:\/\/andpro.net\/de\/#website"},"primaryImageOfPage":{"@id":"https:\/\/andpro.net\/product\/reis-zascitne-rokavice-rnyla\/#primaryimage"},"image":{"@id":"https:\/\/andpro.net\/product\/reis-zascitne-rokavice-rnyla\/#primaryimage"},"thumbnailUrl":"https:\/\/andpro.net\/wp-content\/uploads\/2024\/06\/0045417184.jpg","datePublished":"2024-06-11T10:13:47+00:00","dateModified":"2025-07-20T10:08:27+00:00","breadcrumb":{"@id":"https:\/\/andpro.net\/product\/reis-zascitne-rokavice-rnyla\/#breadcrumb"},"inLanguage":"hr","potentialAction":[{"@type":"ReadAction","target":["https:\/\/andpro.net\/product\/reis-zascitne-rokavice-rnyla\/"]}]},{"@type":"ImageObject","inLanguage":"hr","@id":"https:\/\/andpro.net\/product\/reis-zascitne-rokavice-rnyla\/#primaryimage","url":"https:\/\/andpro.net\/wp-content\/uploads\/2024\/06\/0045417184.jpg","contentUrl":"https:\/\/andpro.net\/wp-content\/uploads\/2024\/06\/0045417184.jpg","width":691,"height":1024},{"@type":"BreadcrumbList","@id":"https:\/\/andpro.net\/product\/reis-zascitne-rokavice-rnyla\/#breadcrumb","itemListElement":[{"@type":"ListItem","position":1,"name":"Home","item":"https:\/\/andpro.net\/"},{"@type":"ListItem","position":2,"name":"Shop","item":"https:\/\/andpro.net\/en\/shop\/"},{"@type":"ListItem","position":3,"name":"REIS ZA\u0160\u010cITNE ROKAVICE RNYLA"}]},{"@type":"WebSite","@id":"https:\/\/andpro.net\/de\/#website","url":"https:\/\/andpro.net\/de\/","name":"AndPro","description":"The best decision","publisher":{"@id":"https:\/\/andpro.net\/de\/#organization"},"potentialAction":[{"@type":"SearchAction","target":{"@type":"EntryPoint","urlTemplate":"https:\/\/andpro.net\/de\/?s={search_term_string}"},"query-input":{"@type":"PropertyValueSpecification","valueRequired":true,"valueName":"search_term_string"}}],"inLanguage":"hr"},{"@type":"Organization","@id":"https:\/\/andpro.net\/de\/#organization","name":"AndPro","url":"https:\/\/andpro.net\/de\/","logo":{"@type":"ImageObject","inLanguage":"hr","@id":"https:\/\/andpro.net\/de\/#\/schema\/logo\/image\/","url":"https:\/\/andpro.net\/wp-content\/uploads\/2023\/11\/logo_fix.png","contentUrl":"https:\/\/andpro.net\/wp-content\/uploads\/2023\/11\/logo_fix.png","width":1244,"height":637,"caption":"AndPro"},"image":{"@id":"https:\/\/andpro.net\/de\/#\/schema\/logo\/image\/"}}]}},"_links":{"self":[{"href":"https:\/\/andpro.net\/hr\/wp-json\/wp\/v2\/product\/8895","targetHints":{"allow":["GET"]}}],"collection":[{"href":"https:\/\/andpro.net\/hr\/wp-json\/wp\/v2\/product"}],"about":[{"href":"https:\/\/andpro.net\/hr\/wp-json\/wp\/v2\/types\/product"}],"wp:featuredmedia":[{"embeddable":true,"href":"https:\/\/andpro.net\/hr\/wp-json\/wp\/v2\/media\/8916"}],"wp:attachment":[{"href":"https:\/\/andpro.net\/hr\/wp-json\/wp\/v2\/media?parent=8895"}],"wp:term":[{"taxonomy":"product_brand","embeddable":true,"href":"https:\/\/andpro.net\/hr\/wp-json\/wp\/v2\/product_brand?post=8895"},{"taxonomy":"product_cat","embeddable":true,"href":"https:\/\/andpro.net\/hr\/wp-json\/wp\/v2\/product_cat?post=8895"},{"taxonomy":"product_tag","embeddable":true,"href":"https:\/\/andpro.net\/hr\/wp-json\/wp\/v2\/product_tag?post=8895"}],"curies":[{"name":"wp","href":"https:\/\/api.w.org\/{rel}","templated":true}]}}