{"id":9747,"date":"2024-11-23T14:29:23","date_gmt":"2024-11-23T13:29:23","guid":{"rendered":"https:\/\/andpro.net\/?post_type=product&#038;p=9747"},"modified":"2025-07-20T10:54:16","modified_gmt":"2025-07-20T09:54:16","slug":"reis-varnostni-cevlji-brstrial-p","status":"publish","type":"product","link":"https:\/\/andpro.net\/hr\/product\/reis-varnostni-cevlji-brstrial-p\/","title":{"rendered":"REIS VARNOSTNI \u010cEVLJI BRSTRIAL-P_SB SR SC"},"content":{"rendered":"<p>Varnostni \u010devlji STRIAL, mo\u0161ki.<\/p>\n<p>&#8211; izdelani so iz tkanine Cordura v kombinaciji z mikrovlakni in vlo\u017eki iz TPU<\/p>\n<p>&#8211; nizko izrezani \u010devlji, ki segajo \u010dez gle\u017eenj<\/p>\n<p>&#8211; zapenjajo se z gumbom<\/p>\n<p>&#8211; nedrse\u010d podplat iz poliuretana dvojne gostote<\/p>\n<p>&#8211; jeklena konica prsta, odporna na udarce z energijo 200 J in tla\u010dno silo do 15 kN<\/p>\n<p>&#8211; kategorija SB SR SC<\/p>","protected":false},"excerpt":{"rendered":"<p>Varnostni \u010devlji STRIAL, mo\u0161ki. &#8211; izdelani so iz tkanine Cordura v kombinaciji z mikrovlakni in vlo\u017eki iz TPU &#8211; nizko izrezani \u010devlji, ki segajo \u010dez gle\u017eenj &#8211; zapenjajo se z gumbom &#8211; nedrse\u010d podplat iz poliuretana dvojne gostote &#8211; jeklena konica prsta, odporna na udarce z energijo 200 J in tla\u010dno silo do 15 kN [&hellip;]<\/p>","protected":false},"featured_media":9757,"template":"","meta":[],"product_brand":[],"product_cat":[23,119],"product_tag":[],"class_list":{"0":"post-9747","1":"product","2":"type-product","3":"status-publish","4":"has-post-thumbnail","6":"product_cat-obutev","7":"product_cat-zascita-za-noge","9":"first","10":"instock","11":"taxable","12":"shipping-taxable","13":"purchasable","14":"product-type-variable"},"bundled_by":[],"bundle_stock_status":"instock","bundle_stock_quantity":1,"bundle_virtual":false,"bundle_layout":"","bundle_add_to_cart_form_location":"","bundle_editable_in_cart":false,"bundle_sold_individually_context":"","bundle_item_grouping":"","bundle_min_size":"","bundle_max_size":"","bundle_price":[],"bundled_items":[],"bundle_sell_ids":[],"group_of_quantity":0,"min_quantity":0,"max_quantity":"","exclude_order_quantity_value_rules":"no","exclude_category_quantity_rules":"no","combine_variations":"no","yoast_head":"<!-- This site is optimized with the Yoast SEO Premium plugin v23.9 (Yoast SEO v27.4) - https:\/\/yoast.com\/product\/yoast-seo-premium-wordpress\/ -->\n<title>REIS VARNOSTNI \u010cEVLJI BRSTRIAL-P_SB SR SC - AndPro<\/title>\n<meta name=\"robots\" content=\"index, follow, max-snippet:-1, max-image-preview:large, max-video-preview:-1\" \/>\n<link rel=\"canonical\" href=\"https:\/\/andpro.net\/hr\/product\/reis-varnostni-cevlji-brstrial-p\/\" \/>\n<meta property=\"og:locale\" content=\"hr_HR\" \/>\n<meta property=\"og:type\" content=\"article\" \/>\n<meta property=\"og:title\" content=\"REIS VARNOSTNI \u010cEVLJI BRSTRIAL-P_SB SR SC\" \/>\n<meta property=\"og:description\" content=\"Varnostni \u010devlji STRIAL, mo\u0161ki. &#8211; izdelani so iz tkanine Cordura v kombinaciji z mikrovlakni in vlo\u017eki iz TPU &#8211; nizko izrezani \u010devlji, ki segajo \u010dez gle\u017eenj &#8211; zapenjajo se z gumbom &#8211; nedrse\u010d podplat iz poliuretana dvojne gostote &#8211; jeklena konica prsta, odporna na udarce z energijo 200 J in tla\u010dno silo do 15 kN [&hellip;]\" \/>\n<meta property=\"og:url\" content=\"https:\/\/andpro.net\/hr\/product\/reis-varnostni-cevlji-brstrial-p\/\" \/>\n<meta property=\"og:site_name\" content=\"AndPro\" \/>\n<meta property=\"article:modified_time\" content=\"2025-07-20T09:54:16+00:00\" \/>\n<meta property=\"og:image\" content=\"https:\/\/andpro.net\/wp-content\/uploads\/2024\/11\/0068478064.png\" \/>\n\t<meta property=\"og:image:width\" content=\"1354\" \/>\n\t<meta property=\"og:image:height\" content=\"1265\" \/>\n\t<meta property=\"og:image:type\" content=\"image\/png\" \/>\n<meta name=\"twitter:card\" content=\"summary_large_image\" \/>\n<meta name=\"twitter:label1\" content=\"Procijenjeno vrijeme \u010ditanja\" \/>\n\t<meta name=\"twitter:data1\" content=\"1 minuta\" \/>\n<script type=\"application\/ld+json\" class=\"yoast-schema-graph\">{\"@context\":\"https:\\\/\\\/schema.org\",\"@graph\":[{\"@type\":\"WebPage\",\"@id\":\"https:\\\/\\\/andpro.net\\\/product\\\/reis-varnostni-cevlji-brstrial-p\\\/\",\"url\":\"https:\\\/\\\/andpro.net\\\/product\\\/reis-varnostni-cevlji-brstrial-p\\\/\",\"name\":\"REIS VARNOSTNI \u010cEVLJI BRSTRIAL-P_SB SR SC - AndPro\",\"isPartOf\":{\"@id\":\"https:\\\/\\\/andpro.net\\\/de\\\/#website\"},\"primaryImageOfPage\":{\"@id\":\"https:\\\/\\\/andpro.net\\\/product\\\/reis-varnostni-cevlji-brstrial-p\\\/#primaryimage\"},\"image\":{\"@id\":\"https:\\\/\\\/andpro.net\\\/product\\\/reis-varnostni-cevlji-brstrial-p\\\/#primaryimage\"},\"thumbnailUrl\":\"https:\\\/\\\/andpro.net\\\/wp-content\\\/uploads\\\/2024\\\/11\\\/0068478064.png\",\"datePublished\":\"2024-11-23T13:29:23+00:00\",\"dateModified\":\"2025-07-20T09:54:16+00:00\",\"breadcrumb\":{\"@id\":\"https:\\\/\\\/andpro.net\\\/product\\\/reis-varnostni-cevlji-brstrial-p\\\/#breadcrumb\"},\"inLanguage\":\"hr\",\"potentialAction\":[{\"@type\":\"ReadAction\",\"target\":[\"https:\\\/\\\/andpro.net\\\/product\\\/reis-varnostni-cevlji-brstrial-p\\\/\"]}]},{\"@type\":\"ImageObject\",\"inLanguage\":\"hr\",\"@id\":\"https:\\\/\\\/andpro.net\\\/product\\\/reis-varnostni-cevlji-brstrial-p\\\/#primaryimage\",\"url\":\"https:\\\/\\\/andpro.net\\\/wp-content\\\/uploads\\\/2024\\\/11\\\/0068478064.png\",\"contentUrl\":\"https:\\\/\\\/andpro.net\\\/wp-content\\\/uploads\\\/2024\\\/11\\\/0068478064.png\",\"width\":1354,\"height\":1265},{\"@type\":\"BreadcrumbList\",\"@id\":\"https:\\\/\\\/andpro.net\\\/product\\\/reis-varnostni-cevlji-brstrial-p\\\/#breadcrumb\",\"itemListElement\":[{\"@type\":\"ListItem\",\"position\":1,\"name\":\"Home\",\"item\":\"https:\\\/\\\/andpro.net\\\/\"},{\"@type\":\"ListItem\",\"position\":2,\"name\":\"Shop\",\"item\":\"https:\\\/\\\/andpro.net\\\/en\\\/shop\\\/\"},{\"@type\":\"ListItem\",\"position\":3,\"name\":\"REIS VARNOSTNI \u010cEVLJI BRSTRIAL-P_SB SR SC\"}]},{\"@type\":\"WebSite\",\"@id\":\"https:\\\/\\\/andpro.net\\\/de\\\/#website\",\"url\":\"https:\\\/\\\/andpro.net\\\/de\\\/\",\"name\":\"AndPro\",\"description\":\"The best decision\",\"publisher\":{\"@id\":\"https:\\\/\\\/andpro.net\\\/de\\\/#organization\"},\"potentialAction\":[{\"@type\":\"SearchAction\",\"target\":{\"@type\":\"EntryPoint\",\"urlTemplate\":\"https:\\\/\\\/andpro.net\\\/de\\\/?s={search_term_string}\"},\"query-input\":{\"@type\":\"PropertyValueSpecification\",\"valueRequired\":true,\"valueName\":\"search_term_string\"}}],\"inLanguage\":\"hr\"},{\"@type\":\"Organization\",\"@id\":\"https:\\\/\\\/andpro.net\\\/de\\\/#organization\",\"name\":\"AndPro\",\"url\":\"https:\\\/\\\/andpro.net\\\/de\\\/\",\"logo\":{\"@type\":\"ImageObject\",\"inLanguage\":\"hr\",\"@id\":\"https:\\\/\\\/andpro.net\\\/de\\\/#\\\/schema\\\/logo\\\/image\\\/\",\"url\":\"https:\\\/\\\/andpro.net\\\/wp-content\\\/uploads\\\/2023\\\/11\\\/logo_fix.png\",\"contentUrl\":\"https:\\\/\\\/andpro.net\\\/wp-content\\\/uploads\\\/2023\\\/11\\\/logo_fix.png\",\"width\":1244,\"height\":637,\"caption\":\"AndPro\"},\"image\":{\"@id\":\"https:\\\/\\\/andpro.net\\\/de\\\/#\\\/schema\\\/logo\\\/image\\\/\"}}]}<\/script>\n<!-- \/ Yoast SEO Premium plugin. -->","yoast_head_json":{"title":"REIS VARNOSTNI \u010cEVLJI BRSTRIAL-P_SB SR SC - AndPro","robots":{"index":"index","follow":"follow","max-snippet":"max-snippet:-1","max-image-preview":"max-image-preview:large","max-video-preview":"max-video-preview:-1"},"canonical":"https:\/\/andpro.net\/hr\/product\/reis-varnostni-cevlji-brstrial-p\/","og_locale":"hr_HR","og_type":"article","og_title":"REIS VARNOSTNI \u010cEVLJI BRSTRIAL-P_SB SR SC","og_description":"Varnostni \u010devlji STRIAL, mo\u0161ki. &#8211; izdelani so iz tkanine Cordura v kombinaciji z mikrovlakni in vlo\u017eki iz TPU &#8211; nizko izrezani \u010devlji, ki segajo \u010dez gle\u017eenj &#8211; zapenjajo se z gumbom &#8211; nedrse\u010d podplat iz poliuretana dvojne gostote &#8211; jeklena konica prsta, odporna na udarce z energijo 200 J in tla\u010dno silo do 15 kN [&hellip;]","og_url":"https:\/\/andpro.net\/hr\/product\/reis-varnostni-cevlji-brstrial-p\/","og_site_name":"AndPro","article_modified_time":"2025-07-20T09:54:16+00:00","og_image":[{"width":1354,"height":1265,"url":"https:\/\/andpro.net\/wp-content\/uploads\/2024\/11\/0068478064.png","type":"image\/png"}],"twitter_card":"summary_large_image","twitter_misc":{"Procijenjeno vrijeme \u010ditanja":"1 minuta"},"schema":{"@context":"https:\/\/schema.org","@graph":[{"@type":"WebPage","@id":"https:\/\/andpro.net\/product\/reis-varnostni-cevlji-brstrial-p\/","url":"https:\/\/andpro.net\/product\/reis-varnostni-cevlji-brstrial-p\/","name":"REIS VARNOSTNI \u010cEVLJI BRSTRIAL-P_SB SR SC - AndPro","isPartOf":{"@id":"https:\/\/andpro.net\/de\/#website"},"primaryImageOfPage":{"@id":"https:\/\/andpro.net\/product\/reis-varnostni-cevlji-brstrial-p\/#primaryimage"},"image":{"@id":"https:\/\/andpro.net\/product\/reis-varnostni-cevlji-brstrial-p\/#primaryimage"},"thumbnailUrl":"https:\/\/andpro.net\/wp-content\/uploads\/2024\/11\/0068478064.png","datePublished":"2024-11-23T13:29:23+00:00","dateModified":"2025-07-20T09:54:16+00:00","breadcrumb":{"@id":"https:\/\/andpro.net\/product\/reis-varnostni-cevlji-brstrial-p\/#breadcrumb"},"inLanguage":"hr","potentialAction":[{"@type":"ReadAction","target":["https:\/\/andpro.net\/product\/reis-varnostni-cevlji-brstrial-p\/"]}]},{"@type":"ImageObject","inLanguage":"hr","@id":"https:\/\/andpro.net\/product\/reis-varnostni-cevlji-brstrial-p\/#primaryimage","url":"https:\/\/andpro.net\/wp-content\/uploads\/2024\/11\/0068478064.png","contentUrl":"https:\/\/andpro.net\/wp-content\/uploads\/2024\/11\/0068478064.png","width":1354,"height":1265},{"@type":"BreadcrumbList","@id":"https:\/\/andpro.net\/product\/reis-varnostni-cevlji-brstrial-p\/#breadcrumb","itemListElement":[{"@type":"ListItem","position":1,"name":"Home","item":"https:\/\/andpro.net\/"},{"@type":"ListItem","position":2,"name":"Shop","item":"https:\/\/andpro.net\/en\/shop\/"},{"@type":"ListItem","position":3,"name":"REIS VARNOSTNI \u010cEVLJI BRSTRIAL-P_SB SR SC"}]},{"@type":"WebSite","@id":"https:\/\/andpro.net\/de\/#website","url":"https:\/\/andpro.net\/de\/","name":"AndPro","description":"The best decision","publisher":{"@id":"https:\/\/andpro.net\/de\/#organization"},"potentialAction":[{"@type":"SearchAction","target":{"@type":"EntryPoint","urlTemplate":"https:\/\/andpro.net\/de\/?s={search_term_string}"},"query-input":{"@type":"PropertyValueSpecification","valueRequired":true,"valueName":"search_term_string"}}],"inLanguage":"hr"},{"@type":"Organization","@id":"https:\/\/andpro.net\/de\/#organization","name":"AndPro","url":"https:\/\/andpro.net\/de\/","logo":{"@type":"ImageObject","inLanguage":"hr","@id":"https:\/\/andpro.net\/de\/#\/schema\/logo\/image\/","url":"https:\/\/andpro.net\/wp-content\/uploads\/2023\/11\/logo_fix.png","contentUrl":"https:\/\/andpro.net\/wp-content\/uploads\/2023\/11\/logo_fix.png","width":1244,"height":637,"caption":"AndPro"},"image":{"@id":"https:\/\/andpro.net\/de\/#\/schema\/logo\/image\/"}}]}},"_links":{"self":[{"href":"https:\/\/andpro.net\/hr\/wp-json\/wp\/v2\/product\/9747","targetHints":{"allow":["GET"]}}],"collection":[{"href":"https:\/\/andpro.net\/hr\/wp-json\/wp\/v2\/product"}],"about":[{"href":"https:\/\/andpro.net\/hr\/wp-json\/wp\/v2\/types\/product"}],"wp:featuredmedia":[{"embeddable":true,"href":"https:\/\/andpro.net\/hr\/wp-json\/wp\/v2\/media\/9757"}],"wp:attachment":[{"href":"https:\/\/andpro.net\/hr\/wp-json\/wp\/v2\/media?parent=9747"}],"wp:term":[{"taxonomy":"product_brand","embeddable":true,"href":"https:\/\/andpro.net\/hr\/wp-json\/wp\/v2\/product_brand?post=9747"},{"taxonomy":"product_cat","embeddable":true,"href":"https:\/\/andpro.net\/hr\/wp-json\/wp\/v2\/product_cat?post=9747"},{"taxonomy":"product_tag","embeddable":true,"href":"https:\/\/andpro.net\/hr\/wp-json\/wp\/v2\/product_tag?post=9747"}],"curies":[{"name":"wp","href":"https:\/\/api.w.org\/{rel}","templated":true}]}}