{"id":11,"date":"2023-11-28T11:06:38","date_gmt":"2023-11-28T11:06:38","guid":{"rendered":"https:\/\/andpro.net\/index.php\/cart\/"},"modified":"2023-12-01T12:01:14","modified_gmt":"2023-12-01T12:01:14","slug":"cart","status":"publish","type":"page","link":"https:\/\/andpro.net\/sl\/cart\/","title":{"rendered":"Cart"},"content":{"rendered":"\t\t<div data-elementor-type=\"wp-page\" data-elementor-id=\"11\" class=\"elementor elementor-11\" data-elementor-post-type=\"page\">\n\t\t\t\t<div class=\"elementor-element elementor-element-b6725fc e-flex e-con-boxed e-con e-parent\" data-id=\"b6725fc\" data-element_type=\"container\" data-e-type=\"container\">\n\t\t\t\t\t<div class=\"e-con-inner\">\n\t\t\t\t<div class=\"elementor-element elementor-element-516e683 elementor-widget elementor-widget-woocommerce-breadcrumb\" data-id=\"516e683\" data-element_type=\"widget\" data-e-type=\"widget\" data-widget_type=\"woocommerce-breadcrumb.default\">\n\t\t\t\t<div class=\"elementor-widget-container\">\n\t\t\t\t\t<nav class=\"woocommerce-breadcrumb\" aria-label=\"Breadcrumb\">Domov<\/nav>\t\t\t\t<\/div>\n\t\t\t\t<\/div>\n\t\t\t\t\t<\/div>\n\t\t\t\t<\/div>\n\t\t<div class=\"elementor-element elementor-element-cb67e21 e-flex e-con-boxed e-con e-parent\" data-id=\"cb67e21\" data-element_type=\"container\" data-e-type=\"container\">\n\t\t\t\t\t<div class=\"e-con-inner\">\n\t\t\t\t<div class=\"elementor-element elementor-element-1b3db0b elementor-widget elementor-widget-heading\" data-id=\"1b3db0b\" data-element_type=\"widget\" data-e-type=\"widget\" data-widget_type=\"heading.default\">\n\t\t\t\t<div class=\"elementor-widget-container\">\n\t\t\t\t\t<h2 class=\"elementor-heading-title elementor-size-default\">Cart<\/h2>\t\t\t\t<\/div>\n\t\t\t\t<\/div>\n\t\t\t\t<div class=\"elementor-element elementor-element-f0f009b wl-product-image-show-block wl-product-image-show-tablet-block wl-product-image-show-mobile-block wl-product-name-show-yes wl-product-name-show-tablet-yes wl-product-name-show-mobile-yes wl-product-category-show-yes wl-product-category-show-tablet-yes wl-product-category-show-mobile-no wl-product-price-show-yes wl-product-price-show-tablet-yes wl-product-price-show-mobile-yes wl-product-quantity-show-yes wl-product-quantity-show-tablet-yes wl-product-quantity-show-mobile-yes wl-product-subtotal-show-yes wl-product-subtotal-show-tablet-yes wl-product-subtotal-show-mobile-yes wl-product-remove-show-yes wl-product-remove-show-tablet-yes wl-product-remove-show-mobile-yes elementor-widget elementor-widget-cart-items\" data-id=\"f0f009b\" data-element_type=\"widget\" data-e-type=\"widget\" data-widget_type=\"cart-items.default\">\n\t\t\t\t<div class=\"elementor-widget-container\">\n\t\t\t\t\t<div class=\"woocommerce-notices-wrapper\"><\/div>\n\t\t<div class=\"wl-ci\">\n\t\t\t<div class=\"wl-ci-product-style\">\n\t\t\t\t<div class=\"cx-container\">\n\t\t\t\t\t<div class=\"cx-row\">\n\t\t\t\t\t\t<div class=\"cx-col-md-12 cx-col-sm-12\">\n\t\t\t\t\t\t\t<div class=\"woocommerce\">\n\t\t\t\t\t\t\t\t<form class=\"woocommerce-cart-form wl-ci-cart-form\" action=\"https:\/\/andpro.net\/sl\/cart\/\" method=\"post\">\n\t\t\t\t\t\t\t\t\t<div class=\"woocommerce-notices-wrapper\"><\/div><div class=\"wc-empty-cart-message\">\n\t<div class=\"cart-empty woocommerce-info\" role=\"status\">\n\t\tVa\u0161a ko\u0161arica je trenutno prazna.\t<\/div>\n<\/div>\t\t\t\t\t\t\t\t<\/form>\n\t\t\t\t\t\t\t<\/div>\n\t\t\t\t\t\t<\/div>\n\n\t\t\t\t\t\t\t\t\t\t\t\n\n\t\t\t\t\t<\/div>\n\t\t\t\t<\/div>\n\t\t\t<\/div>\n\t\t<\/div>\n\t\t\t\t\t\t<\/div>\n\t\t\t\t<\/div>\n\t\t\t\t\t<\/div>\n\t\t\t\t<\/div>\n\t\t<div class=\"elementor-element elementor-element-29369a1 e-flex e-con-boxed e-con e-parent\" data-id=\"29369a1\" data-element_type=\"container\" data-e-type=\"container\">\n\t\t\t\t\t<div class=\"e-con-inner\">\n\t\t<div class=\"elementor-element elementor-element-e87ea20 e-con-full e-flex e-con e-child\" data-id=\"e87ea20\" data-element_type=\"container\" data-e-type=\"container\">\n\t\t\t\t<\/div>\n\t\t<div class=\"elementor-element elementor-element-fddb9a7 e-con-full e-flex e-con e-child\" data-id=\"fddb9a7\" data-element_type=\"container\" data-e-type=\"container\">\n\t\t\t\t<\/div>\n\t\t\t\t\t<\/div>\n\t\t\t\t<\/div>\n\t\t\t\t<\/div>\n\t\t","protected":false},"excerpt":{"rendered":"<p>Cart Product Price Quantity Subtotal De\u017eni pla\u0161\u010d KPL RAINER Size: L Category: Clothes, Pants 18,15&nbsp;&euro; De\u017eni pla\u0161\u010d KPL RAINER &#8211; L quantity 36,30&nbsp;&euro; Coupon: Apply coupon Update Cart Proceed to Checkout Cart totals Subtotal 36,30&nbsp;&euro; Shipping Free shipping Total 36,30&nbsp;&euro; Proceed to checkout<\/p>\n","protected":false},"author":1,"featured_media":0,"parent":0,"menu_order":0,"comment_status":"closed","ping_status":"closed","template":"","meta":{"footnotes":""},"class_list":["post-11","page","type-page","status-publish","hentry"],"yoast_head":"<!-- This site is optimized with the Yoast SEO Premium plugin v23.9 (Yoast SEO v27.3) - https:\/\/yoast.com\/product\/yoast-seo-premium-wordpress\/ -->\n<title>Cart - AndPro<\/title>\n<meta name=\"robots\" content=\"index, follow, max-snippet:-1, max-image-preview:large, max-video-preview:-1\" \/>\n<link rel=\"canonical\" href=\"https:\/\/andpro.net\/sl\/cart\/\" \/>\n<meta property=\"og:locale\" content=\"sl_SI\" \/>\n<meta property=\"og:type\" content=\"article\" \/>\n<meta property=\"og:title\" content=\"Cart\" \/>\n<meta property=\"og:description\" content=\"Cart Product Price Quantity Subtotal De\u017eni pla\u0161\u010d KPL RAINER Size: L Category: Clothes, Pants 18,15&nbsp;&euro; De\u017eni pla\u0161\u010d KPL RAINER &#8211; L quantity 36,30&nbsp;&euro; Coupon: Apply coupon Update Cart Proceed to Checkout Cart totals Subtotal 36,30&nbsp;&euro; Shipping Free shipping Total 36,30&nbsp;&euro; Proceed to checkout\" \/>\n<meta property=\"og:url\" content=\"https:\/\/andpro.net\/sl\/cart\/\" \/>\n<meta property=\"og:site_name\" content=\"AndPro\" \/>\n<meta property=\"article:modified_time\" content=\"2023-12-01T12:01:14+00:00\" \/>\n<meta property=\"og:image\" content=\"http:\/\/andpro.net\/wp-content\/uploads\/2023\/11\/hlace-300x300.jpg\" \/>\n<meta name=\"twitter:card\" content=\"summary_large_image\" \/>\n<script type=\"application\/ld+json\" class=\"yoast-schema-graph\">{\"@context\":\"https:\\\/\\\/schema.org\",\"@graph\":[{\"@type\":\"WebPage\",\"@id\":\"https:\\\/\\\/andpro.net\\\/cart\\\/\",\"url\":\"https:\\\/\\\/andpro.net\\\/cart\\\/\",\"name\":\"Cart - AndPro\",\"isPartOf\":{\"@id\":\"https:\\\/\\\/andpro.net\\\/de\\\/#website\"},\"primaryImageOfPage\":{\"@id\":\"https:\\\/\\\/andpro.net\\\/cart\\\/#primaryimage\"},\"image\":{\"@id\":\"https:\\\/\\\/andpro.net\\\/cart\\\/#primaryimage\"},\"thumbnailUrl\":\"http:\\\/\\\/andpro.net\\\/wp-content\\\/uploads\\\/2023\\\/11\\\/hlace-300x300.jpg\",\"datePublished\":\"2023-11-28T11:06:38+00:00\",\"dateModified\":\"2023-12-01T12:01:14+00:00\",\"breadcrumb\":{\"@id\":\"https:\\\/\\\/andpro.net\\\/cart\\\/#breadcrumb\"},\"inLanguage\":\"sl-SI\",\"potentialAction\":[{\"@type\":\"ReadAction\",\"target\":[\"https:\\\/\\\/andpro.net\\\/cart\\\/\"]}]},{\"@type\":\"ImageObject\",\"inLanguage\":\"sl-SI\",\"@id\":\"https:\\\/\\\/andpro.net\\\/cart\\\/#primaryimage\",\"url\":\"http:\\\/\\\/andpro.net\\\/wp-content\\\/uploads\\\/2023\\\/11\\\/hlace-300x300.jpg\",\"contentUrl\":\"http:\\\/\\\/andpro.net\\\/wp-content\\\/uploads\\\/2023\\\/11\\\/hlace-300x300.jpg\"},{\"@type\":\"BreadcrumbList\",\"@id\":\"https:\\\/\\\/andpro.net\\\/cart\\\/#breadcrumb\",\"itemListElement\":[{\"@type\":\"ListItem\",\"position\":1,\"name\":\"Home\",\"item\":\"https:\\\/\\\/andpro.net\\\/\"},{\"@type\":\"ListItem\",\"position\":2,\"name\":\"Cart\"}]},{\"@type\":\"WebSite\",\"@id\":\"https:\\\/\\\/andpro.net\\\/de\\\/#website\",\"url\":\"https:\\\/\\\/andpro.net\\\/de\\\/\",\"name\":\"AndPro\",\"description\":\"The best decision\",\"publisher\":{\"@id\":\"https:\\\/\\\/andpro.net\\\/de\\\/#organization\"},\"potentialAction\":[{\"@type\":\"SearchAction\",\"target\":{\"@type\":\"EntryPoint\",\"urlTemplate\":\"https:\\\/\\\/andpro.net\\\/de\\\/?s={search_term_string}\"},\"query-input\":{\"@type\":\"PropertyValueSpecification\",\"valueRequired\":true,\"valueName\":\"search_term_string\"}}],\"inLanguage\":\"sl-SI\"},{\"@type\":\"Organization\",\"@id\":\"https:\\\/\\\/andpro.net\\\/de\\\/#organization\",\"name\":\"AndPro\",\"url\":\"https:\\\/\\\/andpro.net\\\/de\\\/\",\"logo\":{\"@type\":\"ImageObject\",\"inLanguage\":\"sl-SI\",\"@id\":\"https:\\\/\\\/andpro.net\\\/de\\\/#\\\/schema\\\/logo\\\/image\\\/\",\"url\":\"https:\\\/\\\/andpro.net\\\/wp-content\\\/uploads\\\/2023\\\/11\\\/logo_fix.png\",\"contentUrl\":\"https:\\\/\\\/andpro.net\\\/wp-content\\\/uploads\\\/2023\\\/11\\\/logo_fix.png\",\"width\":1244,\"height\":637,\"caption\":\"AndPro\"},\"image\":{\"@id\":\"https:\\\/\\\/andpro.net\\\/de\\\/#\\\/schema\\\/logo\\\/image\\\/\"}}]}<\/script>\n<!-- \/ Yoast SEO Premium plugin. -->","yoast_head_json":{"title":"Cart - AndPro","robots":{"index":"index","follow":"follow","max-snippet":"max-snippet:-1","max-image-preview":"max-image-preview:large","max-video-preview":"max-video-preview:-1"},"canonical":"https:\/\/andpro.net\/sl\/cart\/","og_locale":"sl_SI","og_type":"article","og_title":"Cart","og_description":"Cart Product Price Quantity Subtotal De\u017eni pla\u0161\u010d KPL RAINER Size: L Category: Clothes, Pants 18,15&nbsp;&euro; De\u017eni pla\u0161\u010d KPL RAINER &#8211; L quantity 36,30&nbsp;&euro; Coupon: Apply coupon Update Cart Proceed to Checkout Cart totals Subtotal 36,30&nbsp;&euro; Shipping Free shipping Total 36,30&nbsp;&euro; Proceed to checkout","og_url":"https:\/\/andpro.net\/sl\/cart\/","og_site_name":"AndPro","article_modified_time":"2023-12-01T12:01:14+00:00","og_image":[{"url":"http:\/\/andpro.net\/wp-content\/uploads\/2023\/11\/hlace-300x300.jpg","type":"","width":"","height":""}],"twitter_card":"summary_large_image","schema":{"@context":"https:\/\/schema.org","@graph":[{"@type":"WebPage","@id":"https:\/\/andpro.net\/cart\/","url":"https:\/\/andpro.net\/cart\/","name":"Cart - AndPro","isPartOf":{"@id":"https:\/\/andpro.net\/de\/#website"},"primaryImageOfPage":{"@id":"https:\/\/andpro.net\/cart\/#primaryimage"},"image":{"@id":"https:\/\/andpro.net\/cart\/#primaryimage"},"thumbnailUrl":"http:\/\/andpro.net\/wp-content\/uploads\/2023\/11\/hlace-300x300.jpg","datePublished":"2023-11-28T11:06:38+00:00","dateModified":"2023-12-01T12:01:14+00:00","breadcrumb":{"@id":"https:\/\/andpro.net\/cart\/#breadcrumb"},"inLanguage":"sl-SI","potentialAction":[{"@type":"ReadAction","target":["https:\/\/andpro.net\/cart\/"]}]},{"@type":"ImageObject","inLanguage":"sl-SI","@id":"https:\/\/andpro.net\/cart\/#primaryimage","url":"http:\/\/andpro.net\/wp-content\/uploads\/2023\/11\/hlace-300x300.jpg","contentUrl":"http:\/\/andpro.net\/wp-content\/uploads\/2023\/11\/hlace-300x300.jpg"},{"@type":"BreadcrumbList","@id":"https:\/\/andpro.net\/cart\/#breadcrumb","itemListElement":[{"@type":"ListItem","position":1,"name":"Home","item":"https:\/\/andpro.net\/"},{"@type":"ListItem","position":2,"name":"Cart"}]},{"@type":"WebSite","@id":"https:\/\/andpro.net\/de\/#website","url":"https:\/\/andpro.net\/de\/","name":"AndPro","description":"The best decision","publisher":{"@id":"https:\/\/andpro.net\/de\/#organization"},"potentialAction":[{"@type":"SearchAction","target":{"@type":"EntryPoint","urlTemplate":"https:\/\/andpro.net\/de\/?s={search_term_string}"},"query-input":{"@type":"PropertyValueSpecification","valueRequired":true,"valueName":"search_term_string"}}],"inLanguage":"sl-SI"},{"@type":"Organization","@id":"https:\/\/andpro.net\/de\/#organization","name":"AndPro","url":"https:\/\/andpro.net\/de\/","logo":{"@type":"ImageObject","inLanguage":"sl-SI","@id":"https:\/\/andpro.net\/de\/#\/schema\/logo\/image\/","url":"https:\/\/andpro.net\/wp-content\/uploads\/2023\/11\/logo_fix.png","contentUrl":"https:\/\/andpro.net\/wp-content\/uploads\/2023\/11\/logo_fix.png","width":1244,"height":637,"caption":"AndPro"},"image":{"@id":"https:\/\/andpro.net\/de\/#\/schema\/logo\/image\/"}}]}},"_links":{"self":[{"href":"https:\/\/andpro.net\/sl\/wp-json\/wp\/v2\/pages\/11","targetHints":{"allow":["GET"]}}],"collection":[{"href":"https:\/\/andpro.net\/sl\/wp-json\/wp\/v2\/pages"}],"about":[{"href":"https:\/\/andpro.net\/sl\/wp-json\/wp\/v2\/types\/page"}],"author":[{"embeddable":true,"href":"https:\/\/andpro.net\/sl\/wp-json\/wp\/v2\/users\/1"}],"replies":[{"embeddable":true,"href":"https:\/\/andpro.net\/sl\/wp-json\/wp\/v2\/comments?post=11"}],"version-history":[{"count":215,"href":"https:\/\/andpro.net\/sl\/wp-json\/wp\/v2\/pages\/11\/revisions"}],"predecessor-version":[{"id":1236,"href":"https:\/\/andpro.net\/sl\/wp-json\/wp\/v2\/pages\/11\/revisions\/1236"}],"wp:attachment":[{"href":"https:\/\/andpro.net\/sl\/wp-json\/wp\/v2\/media?parent=11"}],"curies":[{"name":"wp","href":"https:\/\/api.w.org\/{rel}","templated":true}]}}