{"id":10288,"date":"2025-03-09T18:33:03","date_gmt":"2025-03-09T17:33:03","guid":{"rendered":"https:\/\/andpro.net\/?post_type=product&#038;p=10288"},"modified":"2025-10-27T18:45:30","modified_gmt":"2025-10-27T17:45:30","slug":"l-hollman-flis-softshell-lh-tayger","status":"publish","type":"product","link":"https:\/\/andpro.net\/sl\/product\/l-hollman-flis-softshell-lh-tayger\/","title":{"rendered":"L.HOLLMAN FLIS\/SOFTSHELL  LH-TAYGER"},"content":{"rendered":"<p>Flis v kombinaciji z softshell-om, mo\u0161ki.<\/p>\n<p>&nbsp;<\/p>\n<p>Glavni material: 100 % polarna pletenina z maso 350 g\/m\u00b2<\/p>\n<p>Material SOFTSHELL &#8211; \u0161\u010diti pred de\u017ejem in vetrom, hkrati pa omogo\u010da ko\u017ei, da \u201ediha\u201c.<\/p>\n<p>4-smerni raztezek &#8211; material, ki se razteza v vse smeri<\/p>\n<p>Zapenja se z zadrgo<\/p>\n<p>Stoje\u010di ovratnik<\/p>\n<p>Dva \u017eepa na dnu z zadrgo<\/p>\n<p>Rokavi in spodnji del majice imajo elasti\u010dno obrobo<\/p>\n<p>Tkanina v fluorescentni barvi in segmentirane odsevne \u010drte pove\u010dujejo vidljivost<\/p>\n<p>Stil: REGULAR<\/p>\n","protected":false},"excerpt":{"rendered":"<p>Flis v kombinaciji z softshell-om, mo\u0161ki. &nbsp; Glavni material: 100 % polarna pletenina z maso 350 g\/m\u00b2 Material SOFTSHELL &#8211; \u0161\u010diti pred de\u017ejem in vetrom, hkrati pa omogo\u010da ko\u017ei, da \u201ediha\u201c. 4-smerni raztezek &#8211; material, ki se razteza v vse smeri Zapenja se z zadrgo Stoje\u010di ovratnik Dva \u017eepa na dnu z zadrgo Rokavi in [&hellip;]<\/p>\n","protected":false},"featured_media":10294,"template":"","meta":[],"product_brand":[],"product_cat":[21,42],"product_tag":[],"class_list":{"0":"post-10288","1":"product","2":"type-product","3":"status-publish","4":"has-post-thumbnail","6":"product_cat-oblacila","7":"product_cat-flisijope-in-puloverji","9":"first","10":"onbackorder","11":"taxable","12":"shipping-taxable","13":"purchasable","14":"product-type-variable"},"bundled_by":[],"bundle_stock_status":"onbackorder","bundle_stock_quantity":null,"bundle_virtual":false,"bundle_layout":"","bundle_add_to_cart_form_location":"","bundle_editable_in_cart":false,"bundle_sold_individually_context":"","bundle_item_grouping":"","bundle_min_size":"","bundle_max_size":"","bundle_price":[],"bundled_items":[],"bundle_sell_ids":[],"group_of_quantity":0,"min_quantity":0,"max_quantity":"","exclude_order_quantity_value_rules":"no","exclude_category_quantity_rules":"no","combine_variations":"no","yoast_head":"<!-- This site is optimized with the Yoast SEO Premium plugin v23.9 (Yoast SEO v27.4) - https:\/\/yoast.com\/product\/yoast-seo-premium-wordpress\/ -->\n<title>L.HOLLMAN FLIS\/SOFTSHELL LH-TAYGER - AndPro<\/title>\n<meta name=\"robots\" content=\"index, follow, max-snippet:-1, max-image-preview:large, max-video-preview:-1\" \/>\n<link rel=\"canonical\" href=\"https:\/\/andpro.net\/sl\/product\/l-hollman-flis-softshell-lh-tayger\/\" \/>\n<meta property=\"og:locale\" content=\"sl_SI\" \/>\n<meta property=\"og:type\" content=\"article\" \/>\n<meta property=\"og:title\" content=\"L.HOLLMAN FLIS\/SOFTSHELL LH-TAYGER\" \/>\n<meta property=\"og:description\" content=\"Flis v kombinaciji z softshell-om, mo\u0161ki. &nbsp; Glavni material: 100 % polarna pletenina z maso 350 g\/m\u00b2 Material SOFTSHELL &#8211; \u0161\u010diti pred de\u017ejem in vetrom, hkrati pa omogo\u010da ko\u017ei, da \u201ediha\u201c. 4-smerni raztezek &#8211; material, ki se razteza v vse smeri Zapenja se z zadrgo Stoje\u010di ovratnik Dva \u017eepa na dnu z zadrgo Rokavi in [&hellip;]\" \/>\n<meta property=\"og:url\" content=\"https:\/\/andpro.net\/sl\/product\/l-hollman-flis-softshell-lh-tayger\/\" \/>\n<meta property=\"og:site_name\" content=\"AndPro\" \/>\n<meta property=\"article:modified_time\" content=\"2025-10-27T17:45:30+00:00\" \/>\n<meta property=\"og:image\" content=\"https:\/\/andpro.net\/wp-content\/uploads\/2025\/03\/0077904144-616x1024.png\" \/>\n\t<meta property=\"og:image:width\" content=\"616\" \/>\n\t<meta property=\"og:image:height\" content=\"1024\" \/>\n\t<meta property=\"og:image:type\" content=\"image\/png\" \/>\n<meta name=\"twitter:card\" content=\"summary_large_image\" \/>\n<meta name=\"twitter:label1\" content=\"Est. reading time\" \/>\n\t<meta name=\"twitter:data1\" content=\"1 minuta\" \/>\n<script type=\"application\/ld+json\" class=\"yoast-schema-graph\">{\"@context\":\"https:\\\/\\\/schema.org\",\"@graph\":[{\"@type\":\"WebPage\",\"@id\":\"https:\\\/\\\/andpro.net\\\/product\\\/l-hollman-flis-softshell-lh-tayger\\\/\",\"url\":\"https:\\\/\\\/andpro.net\\\/product\\\/l-hollman-flis-softshell-lh-tayger\\\/\",\"name\":\"L.HOLLMAN FLIS\\\/SOFTSHELL LH-TAYGER - AndPro\",\"isPartOf\":{\"@id\":\"https:\\\/\\\/andpro.net\\\/de\\\/#website\"},\"primaryImageOfPage\":{\"@id\":\"https:\\\/\\\/andpro.net\\\/product\\\/l-hollman-flis-softshell-lh-tayger\\\/#primaryimage\"},\"image\":{\"@id\":\"https:\\\/\\\/andpro.net\\\/product\\\/l-hollman-flis-softshell-lh-tayger\\\/#primaryimage\"},\"thumbnailUrl\":\"https:\\\/\\\/andpro.net\\\/wp-content\\\/uploads\\\/2025\\\/03\\\/0077904144.png\",\"datePublished\":\"2025-03-09T17:33:03+00:00\",\"dateModified\":\"2025-10-27T17:45:30+00:00\",\"breadcrumb\":{\"@id\":\"https:\\\/\\\/andpro.net\\\/product\\\/l-hollman-flis-softshell-lh-tayger\\\/#breadcrumb\"},\"inLanguage\":\"sl-SI\",\"potentialAction\":[{\"@type\":\"ReadAction\",\"target\":[\"https:\\\/\\\/andpro.net\\\/product\\\/l-hollman-flis-softshell-lh-tayger\\\/\"]}]},{\"@type\":\"ImageObject\",\"inLanguage\":\"sl-SI\",\"@id\":\"https:\\\/\\\/andpro.net\\\/product\\\/l-hollman-flis-softshell-lh-tayger\\\/#primaryimage\",\"url\":\"https:\\\/\\\/andpro.net\\\/wp-content\\\/uploads\\\/2025\\\/03\\\/0077904144.png\",\"contentUrl\":\"https:\\\/\\\/andpro.net\\\/wp-content\\\/uploads\\\/2025\\\/03\\\/0077904144.png\",\"width\":1164,\"height\":1936},{\"@type\":\"BreadcrumbList\",\"@id\":\"https:\\\/\\\/andpro.net\\\/product\\\/l-hollman-flis-softshell-lh-tayger\\\/#breadcrumb\",\"itemListElement\":[{\"@type\":\"ListItem\",\"position\":1,\"name\":\"Home\",\"item\":\"https:\\\/\\\/andpro.net\\\/\"},{\"@type\":\"ListItem\",\"position\":2,\"name\":\"Shop\",\"item\":\"https:\\\/\\\/andpro.net\\\/en\\\/shop\\\/\"},{\"@type\":\"ListItem\",\"position\":3,\"name\":\"L.HOLLMAN FLIS\\\/SOFTSHELL LH-TAYGER\"}]},{\"@type\":\"WebSite\",\"@id\":\"https:\\\/\\\/andpro.net\\\/de\\\/#website\",\"url\":\"https:\\\/\\\/andpro.net\\\/de\\\/\",\"name\":\"AndPro\",\"description\":\"The best decision\",\"publisher\":{\"@id\":\"https:\\\/\\\/andpro.net\\\/de\\\/#organization\"},\"potentialAction\":[{\"@type\":\"SearchAction\",\"target\":{\"@type\":\"EntryPoint\",\"urlTemplate\":\"https:\\\/\\\/andpro.net\\\/de\\\/?s={search_term_string}\"},\"query-input\":{\"@type\":\"PropertyValueSpecification\",\"valueRequired\":true,\"valueName\":\"search_term_string\"}}],\"inLanguage\":\"sl-SI\"},{\"@type\":\"Organization\",\"@id\":\"https:\\\/\\\/andpro.net\\\/de\\\/#organization\",\"name\":\"AndPro\",\"url\":\"https:\\\/\\\/andpro.net\\\/de\\\/\",\"logo\":{\"@type\":\"ImageObject\",\"inLanguage\":\"sl-SI\",\"@id\":\"https:\\\/\\\/andpro.net\\\/de\\\/#\\\/schema\\\/logo\\\/image\\\/\",\"url\":\"https:\\\/\\\/andpro.net\\\/wp-content\\\/uploads\\\/2023\\\/11\\\/logo_fix.png\",\"contentUrl\":\"https:\\\/\\\/andpro.net\\\/wp-content\\\/uploads\\\/2023\\\/11\\\/logo_fix.png\",\"width\":1244,\"height\":637,\"caption\":\"AndPro\"},\"image\":{\"@id\":\"https:\\\/\\\/andpro.net\\\/de\\\/#\\\/schema\\\/logo\\\/image\\\/\"}}]}<\/script>\n<!-- \/ Yoast SEO Premium plugin. -->","yoast_head_json":{"title":"L.HOLLMAN FLIS\/SOFTSHELL LH-TAYGER - AndPro","robots":{"index":"index","follow":"follow","max-snippet":"max-snippet:-1","max-image-preview":"max-image-preview:large","max-video-preview":"max-video-preview:-1"},"canonical":"https:\/\/andpro.net\/sl\/product\/l-hollman-flis-softshell-lh-tayger\/","og_locale":"sl_SI","og_type":"article","og_title":"L.HOLLMAN FLIS\/SOFTSHELL LH-TAYGER","og_description":"Flis v kombinaciji z softshell-om, mo\u0161ki. &nbsp; Glavni material: 100 % polarna pletenina z maso 350 g\/m\u00b2 Material SOFTSHELL &#8211; \u0161\u010diti pred de\u017ejem in vetrom, hkrati pa omogo\u010da ko\u017ei, da \u201ediha\u201c. 4-smerni raztezek &#8211; material, ki se razteza v vse smeri Zapenja se z zadrgo Stoje\u010di ovratnik Dva \u017eepa na dnu z zadrgo Rokavi in [&hellip;]","og_url":"https:\/\/andpro.net\/sl\/product\/l-hollman-flis-softshell-lh-tayger\/","og_site_name":"AndPro","article_modified_time":"2025-10-27T17:45:30+00:00","og_image":[{"width":616,"height":1024,"url":"https:\/\/andpro.net\/wp-content\/uploads\/2025\/03\/0077904144-616x1024.png","type":"image\/png"}],"twitter_card":"summary_large_image","twitter_misc":{"Est. reading time":"1 minuta"},"schema":{"@context":"https:\/\/schema.org","@graph":[{"@type":"WebPage","@id":"https:\/\/andpro.net\/product\/l-hollman-flis-softshell-lh-tayger\/","url":"https:\/\/andpro.net\/product\/l-hollman-flis-softshell-lh-tayger\/","name":"L.HOLLMAN FLIS\/SOFTSHELL LH-TAYGER - AndPro","isPartOf":{"@id":"https:\/\/andpro.net\/de\/#website"},"primaryImageOfPage":{"@id":"https:\/\/andpro.net\/product\/l-hollman-flis-softshell-lh-tayger\/#primaryimage"},"image":{"@id":"https:\/\/andpro.net\/product\/l-hollman-flis-softshell-lh-tayger\/#primaryimage"},"thumbnailUrl":"https:\/\/andpro.net\/wp-content\/uploads\/2025\/03\/0077904144.png","datePublished":"2025-03-09T17:33:03+00:00","dateModified":"2025-10-27T17:45:30+00:00","breadcrumb":{"@id":"https:\/\/andpro.net\/product\/l-hollman-flis-softshell-lh-tayger\/#breadcrumb"},"inLanguage":"sl-SI","potentialAction":[{"@type":"ReadAction","target":["https:\/\/andpro.net\/product\/l-hollman-flis-softshell-lh-tayger\/"]}]},{"@type":"ImageObject","inLanguage":"sl-SI","@id":"https:\/\/andpro.net\/product\/l-hollman-flis-softshell-lh-tayger\/#primaryimage","url":"https:\/\/andpro.net\/wp-content\/uploads\/2025\/03\/0077904144.png","contentUrl":"https:\/\/andpro.net\/wp-content\/uploads\/2025\/03\/0077904144.png","width":1164,"height":1936},{"@type":"BreadcrumbList","@id":"https:\/\/andpro.net\/product\/l-hollman-flis-softshell-lh-tayger\/#breadcrumb","itemListElement":[{"@type":"ListItem","position":1,"name":"Home","item":"https:\/\/andpro.net\/"},{"@type":"ListItem","position":2,"name":"Shop","item":"https:\/\/andpro.net\/en\/shop\/"},{"@type":"ListItem","position":3,"name":"L.HOLLMAN FLIS\/SOFTSHELL LH-TAYGER"}]},{"@type":"WebSite","@id":"https:\/\/andpro.net\/de\/#website","url":"https:\/\/andpro.net\/de\/","name":"AndPro","description":"The best decision","publisher":{"@id":"https:\/\/andpro.net\/de\/#organization"},"potentialAction":[{"@type":"SearchAction","target":{"@type":"EntryPoint","urlTemplate":"https:\/\/andpro.net\/de\/?s={search_term_string}"},"query-input":{"@type":"PropertyValueSpecification","valueRequired":true,"valueName":"search_term_string"}}],"inLanguage":"sl-SI"},{"@type":"Organization","@id":"https:\/\/andpro.net\/de\/#organization","name":"AndPro","url":"https:\/\/andpro.net\/de\/","logo":{"@type":"ImageObject","inLanguage":"sl-SI","@id":"https:\/\/andpro.net\/de\/#\/schema\/logo\/image\/","url":"https:\/\/andpro.net\/wp-content\/uploads\/2023\/11\/logo_fix.png","contentUrl":"https:\/\/andpro.net\/wp-content\/uploads\/2023\/11\/logo_fix.png","width":1244,"height":637,"caption":"AndPro"},"image":{"@id":"https:\/\/andpro.net\/de\/#\/schema\/logo\/image\/"}}]}},"_links":{"self":[{"href":"https:\/\/andpro.net\/sl\/wp-json\/wp\/v2\/product\/10288","targetHints":{"allow":["GET"]}}],"collection":[{"href":"https:\/\/andpro.net\/sl\/wp-json\/wp\/v2\/product"}],"about":[{"href":"https:\/\/andpro.net\/sl\/wp-json\/wp\/v2\/types\/product"}],"wp:featuredmedia":[{"embeddable":true,"href":"https:\/\/andpro.net\/sl\/wp-json\/wp\/v2\/media\/10294"}],"wp:attachment":[{"href":"https:\/\/andpro.net\/sl\/wp-json\/wp\/v2\/media?parent=10288"}],"wp:term":[{"taxonomy":"product_brand","embeddable":true,"href":"https:\/\/andpro.net\/sl\/wp-json\/wp\/v2\/product_brand?post=10288"},{"taxonomy":"product_cat","embeddable":true,"href":"https:\/\/andpro.net\/sl\/wp-json\/wp\/v2\/product_cat?post=10288"},{"taxonomy":"product_tag","embeddable":true,"href":"https:\/\/andpro.net\/sl\/wp-json\/wp\/v2\/product_tag?post=10288"}],"curies":[{"name":"wp","href":"https:\/\/api.w.org\/{rel}","templated":true}]}}