{"id":10311,"date":"2025-03-17T21:03:42","date_gmt":"2025-03-17T20:03:42","guid":{"rendered":"https:\/\/andpro.net\/?post_type=product&#038;p=10311"},"modified":"2025-08-29T14:19:50","modified_gmt":"2025-08-29T13:19:50","slug":"reis-usnjena-montazna-torba-z-pasom-tornask5k","status":"publish","type":"product","link":"https:\/\/andpro.net\/sl\/product\/reis-usnjena-montazna-torba-z-pasom-tornask5k\/","title":{"rendered":"REIS USNJENA MONTA\u017dNA TORBA Z PASOM &#8211; TORNASK5K"},"content":{"rendered":"<p>Usnjena monta\u017ena torba z pasom.<\/p>\n<p>&nbsp;<\/p>\n<p>Izdelan iz visokokakovostnega kravjega cepljenega usnja debeline 1,5 mm &#8211; 1,7 mm.<\/p>\n<p>Pet \u017eepov za orodje: en velik, en srednji in trije majhni<\/p>\n<p>Na sredini je dr\u017ealo za merilno skodelico<\/p>\n<p>Na eni strani je usnjeno dr\u017ealo za kladivo<\/p>\n<p>\u017depi so pritrjeni na 5 cm \u0161irok pas s kovinsko zaponko in nastavljivim pasom<\/p>\n<p>Struktura pasu je oja\u010dana z zakovicami<\/p>\n","protected":false},"excerpt":{"rendered":"<p>Usnjena monta\u017ena torba z pasom. &nbsp; Izdelan iz visokokakovostnega kravjega cepljenega usnja debeline 1,5 mm &#8211; 1,7 mm. Pet \u017eepov za orodje: en velik, en srednji in trije majhni Na sredini je dr\u017ealo za merilno skodelico Na eni strani je usnjeno dr\u017ealo za kladivo \u017depi so pritrjeni na 5 cm \u0161irok pas s kovinsko zaponko [&hellip;]<\/p>\n","protected":false},"featured_media":10312,"template":"","meta":[],"product_brand":[],"product_cat":[267],"product_tag":[],"class_list":{"0":"post-10311","1":"product","2":"type-product","3":"status-publish","4":"has-post-thumbnail","6":"product_cat-dodatki","8":"first","9":"onbackorder","10":"taxable","11":"shipping-taxable","12":"purchasable","13":"product-type-simple"},"bundled_by":[],"bundle_stock_status":"onbackorder","bundle_stock_quantity":null,"bundle_virtual":false,"bundle_layout":"","bundle_add_to_cart_form_location":"","bundle_editable_in_cart":false,"bundle_sold_individually_context":"","bundle_item_grouping":"","bundle_min_size":"","bundle_max_size":"","bundle_price":[],"bundled_items":[],"bundle_sell_ids":[],"group_of_quantity":0,"min_quantity":2,"max_quantity":"","exclude_order_quantity_value_rules":"no","exclude_category_quantity_rules":"no","combine_variations":"no","yoast_head":"<!-- This site is optimized with the Yoast SEO Premium plugin v23.9 (Yoast SEO v27.3) - https:\/\/yoast.com\/product\/yoast-seo-premium-wordpress\/ -->\n<title>REIS USNJENA MONTA\u017dNA TORBA Z PASOM - TORNASK5K - AndPro<\/title>\n<meta name=\"robots\" content=\"index, follow, max-snippet:-1, max-image-preview:large, max-video-preview:-1\" \/>\n<link rel=\"canonical\" href=\"https:\/\/andpro.net\/sl\/product\/reis-usnjena-montazna-torba-z-pasom-tornask5k\/\" \/>\n<meta property=\"og:locale\" content=\"sl_SI\" \/>\n<meta property=\"og:type\" content=\"article\" \/>\n<meta property=\"og:title\" content=\"REIS USNJENA MONTA\u017dNA TORBA Z PASOM - TORNASK5K\" \/>\n<meta property=\"og:description\" content=\"Usnjena monta\u017ena torba z pasom. &nbsp; Izdelan iz visokokakovostnega kravjega cepljenega usnja debeline 1,5 mm &#8211; 1,7 mm. Pet \u017eepov za orodje: en velik, en srednji in trije majhni Na sredini je dr\u017ealo za merilno skodelico Na eni strani je usnjeno dr\u017ealo za kladivo \u017depi so pritrjeni na 5 cm \u0161irok pas s kovinsko zaponko [&hellip;]\" \/>\n<meta property=\"og:url\" content=\"https:\/\/andpro.net\/sl\/product\/reis-usnjena-montazna-torba-z-pasom-tornask5k\/\" \/>\n<meta property=\"og:site_name\" content=\"AndPro\" \/>\n<meta property=\"article:modified_time\" content=\"2025-08-29T13:19:50+00:00\" \/>\n<meta property=\"og:image\" content=\"https:\/\/andpro.net\/wp-content\/uploads\/2025\/03\/0073959008.png\" \/>\n\t<meta property=\"og:image:width\" content=\"1196\" \/>\n\t<meta property=\"og:image:height\" content=\"840\" \/>\n\t<meta property=\"og:image:type\" content=\"image\/png\" \/>\n<meta name=\"twitter:card\" content=\"summary_large_image\" \/>\n<meta name=\"twitter:label1\" content=\"Est. reading time\" \/>\n\t<meta name=\"twitter:data1\" content=\"1 minuta\" \/>\n<script type=\"application\/ld+json\" class=\"yoast-schema-graph\">{\"@context\":\"https:\\\/\\\/schema.org\",\"@graph\":[{\"@type\":\"WebPage\",\"@id\":\"https:\\\/\\\/andpro.net\\\/product\\\/reis-usnjena-montazna-torba-z-pasom-tornask5k\\\/\",\"url\":\"https:\\\/\\\/andpro.net\\\/product\\\/reis-usnjena-montazna-torba-z-pasom-tornask5k\\\/\",\"name\":\"REIS USNJENA MONTA\u017dNA TORBA Z PASOM - TORNASK5K - AndPro\",\"isPartOf\":{\"@id\":\"https:\\\/\\\/andpro.net\\\/de\\\/#website\"},\"primaryImageOfPage\":{\"@id\":\"https:\\\/\\\/andpro.net\\\/product\\\/reis-usnjena-montazna-torba-z-pasom-tornask5k\\\/#primaryimage\"},\"image\":{\"@id\":\"https:\\\/\\\/andpro.net\\\/product\\\/reis-usnjena-montazna-torba-z-pasom-tornask5k\\\/#primaryimage\"},\"thumbnailUrl\":\"https:\\\/\\\/andpro.net\\\/wp-content\\\/uploads\\\/2025\\\/03\\\/0073959008.png\",\"datePublished\":\"2025-03-17T20:03:42+00:00\",\"dateModified\":\"2025-08-29T13:19:50+00:00\",\"breadcrumb\":{\"@id\":\"https:\\\/\\\/andpro.net\\\/product\\\/reis-usnjena-montazna-torba-z-pasom-tornask5k\\\/#breadcrumb\"},\"inLanguage\":\"sl-SI\",\"potentialAction\":[{\"@type\":\"ReadAction\",\"target\":[\"https:\\\/\\\/andpro.net\\\/product\\\/reis-usnjena-montazna-torba-z-pasom-tornask5k\\\/\"]}]},{\"@type\":\"ImageObject\",\"inLanguage\":\"sl-SI\",\"@id\":\"https:\\\/\\\/andpro.net\\\/product\\\/reis-usnjena-montazna-torba-z-pasom-tornask5k\\\/#primaryimage\",\"url\":\"https:\\\/\\\/andpro.net\\\/wp-content\\\/uploads\\\/2025\\\/03\\\/0073959008.png\",\"contentUrl\":\"https:\\\/\\\/andpro.net\\\/wp-content\\\/uploads\\\/2025\\\/03\\\/0073959008.png\",\"width\":1196,\"height\":840},{\"@type\":\"BreadcrumbList\",\"@id\":\"https:\\\/\\\/andpro.net\\\/product\\\/reis-usnjena-montazna-torba-z-pasom-tornask5k\\\/#breadcrumb\",\"itemListElement\":[{\"@type\":\"ListItem\",\"position\":1,\"name\":\"Home\",\"item\":\"https:\\\/\\\/andpro.net\\\/\"},{\"@type\":\"ListItem\",\"position\":2,\"name\":\"Shop\",\"item\":\"https:\\\/\\\/andpro.net\\\/en\\\/shop\\\/\"},{\"@type\":\"ListItem\",\"position\":3,\"name\":\"REIS USNJENA MONTA\u017dNA TORBA Z PASOM &#8211; TORNASK5K\"}]},{\"@type\":\"WebSite\",\"@id\":\"https:\\\/\\\/andpro.net\\\/de\\\/#website\",\"url\":\"https:\\\/\\\/andpro.net\\\/de\\\/\",\"name\":\"AndPro\",\"description\":\"The best decision\",\"publisher\":{\"@id\":\"https:\\\/\\\/andpro.net\\\/de\\\/#organization\"},\"potentialAction\":[{\"@type\":\"SearchAction\",\"target\":{\"@type\":\"EntryPoint\",\"urlTemplate\":\"https:\\\/\\\/andpro.net\\\/de\\\/?s={search_term_string}\"},\"query-input\":{\"@type\":\"PropertyValueSpecification\",\"valueRequired\":true,\"valueName\":\"search_term_string\"}}],\"inLanguage\":\"sl-SI\"},{\"@type\":\"Organization\",\"@id\":\"https:\\\/\\\/andpro.net\\\/de\\\/#organization\",\"name\":\"AndPro\",\"url\":\"https:\\\/\\\/andpro.net\\\/de\\\/\",\"logo\":{\"@type\":\"ImageObject\",\"inLanguage\":\"sl-SI\",\"@id\":\"https:\\\/\\\/andpro.net\\\/de\\\/#\\\/schema\\\/logo\\\/image\\\/\",\"url\":\"https:\\\/\\\/andpro.net\\\/wp-content\\\/uploads\\\/2023\\\/11\\\/logo_fix.png\",\"contentUrl\":\"https:\\\/\\\/andpro.net\\\/wp-content\\\/uploads\\\/2023\\\/11\\\/logo_fix.png\",\"width\":1244,\"height\":637,\"caption\":\"AndPro\"},\"image\":{\"@id\":\"https:\\\/\\\/andpro.net\\\/de\\\/#\\\/schema\\\/logo\\\/image\\\/\"}}]}<\/script>\n<!-- \/ Yoast SEO Premium plugin. -->","yoast_head_json":{"title":"REIS USNJENA MONTA\u017dNA TORBA Z PASOM - TORNASK5K - AndPro","robots":{"index":"index","follow":"follow","max-snippet":"max-snippet:-1","max-image-preview":"max-image-preview:large","max-video-preview":"max-video-preview:-1"},"canonical":"https:\/\/andpro.net\/sl\/product\/reis-usnjena-montazna-torba-z-pasom-tornask5k\/","og_locale":"sl_SI","og_type":"article","og_title":"REIS USNJENA MONTA\u017dNA TORBA Z PASOM - TORNASK5K","og_description":"Usnjena monta\u017ena torba z pasom. &nbsp; Izdelan iz visokokakovostnega kravjega cepljenega usnja debeline 1,5 mm &#8211; 1,7 mm. Pet \u017eepov za orodje: en velik, en srednji in trije majhni Na sredini je dr\u017ealo za merilno skodelico Na eni strani je usnjeno dr\u017ealo za kladivo \u017depi so pritrjeni na 5 cm \u0161irok pas s kovinsko zaponko [&hellip;]","og_url":"https:\/\/andpro.net\/sl\/product\/reis-usnjena-montazna-torba-z-pasom-tornask5k\/","og_site_name":"AndPro","article_modified_time":"2025-08-29T13:19:50+00:00","og_image":[{"width":1196,"height":840,"url":"https:\/\/andpro.net\/wp-content\/uploads\/2025\/03\/0073959008.png","type":"image\/png"}],"twitter_card":"summary_large_image","twitter_misc":{"Est. reading time":"1 minuta"},"schema":{"@context":"https:\/\/schema.org","@graph":[{"@type":"WebPage","@id":"https:\/\/andpro.net\/product\/reis-usnjena-montazna-torba-z-pasom-tornask5k\/","url":"https:\/\/andpro.net\/product\/reis-usnjena-montazna-torba-z-pasom-tornask5k\/","name":"REIS USNJENA MONTA\u017dNA TORBA Z PASOM - TORNASK5K - AndPro","isPartOf":{"@id":"https:\/\/andpro.net\/de\/#website"},"primaryImageOfPage":{"@id":"https:\/\/andpro.net\/product\/reis-usnjena-montazna-torba-z-pasom-tornask5k\/#primaryimage"},"image":{"@id":"https:\/\/andpro.net\/product\/reis-usnjena-montazna-torba-z-pasom-tornask5k\/#primaryimage"},"thumbnailUrl":"https:\/\/andpro.net\/wp-content\/uploads\/2025\/03\/0073959008.png","datePublished":"2025-03-17T20:03:42+00:00","dateModified":"2025-08-29T13:19:50+00:00","breadcrumb":{"@id":"https:\/\/andpro.net\/product\/reis-usnjena-montazna-torba-z-pasom-tornask5k\/#breadcrumb"},"inLanguage":"sl-SI","potentialAction":[{"@type":"ReadAction","target":["https:\/\/andpro.net\/product\/reis-usnjena-montazna-torba-z-pasom-tornask5k\/"]}]},{"@type":"ImageObject","inLanguage":"sl-SI","@id":"https:\/\/andpro.net\/product\/reis-usnjena-montazna-torba-z-pasom-tornask5k\/#primaryimage","url":"https:\/\/andpro.net\/wp-content\/uploads\/2025\/03\/0073959008.png","contentUrl":"https:\/\/andpro.net\/wp-content\/uploads\/2025\/03\/0073959008.png","width":1196,"height":840},{"@type":"BreadcrumbList","@id":"https:\/\/andpro.net\/product\/reis-usnjena-montazna-torba-z-pasom-tornask5k\/#breadcrumb","itemListElement":[{"@type":"ListItem","position":1,"name":"Home","item":"https:\/\/andpro.net\/"},{"@type":"ListItem","position":2,"name":"Shop","item":"https:\/\/andpro.net\/en\/shop\/"},{"@type":"ListItem","position":3,"name":"REIS USNJENA MONTA\u017dNA TORBA Z PASOM &#8211; TORNASK5K"}]},{"@type":"WebSite","@id":"https:\/\/andpro.net\/de\/#website","url":"https:\/\/andpro.net\/de\/","name":"AndPro","description":"The best decision","publisher":{"@id":"https:\/\/andpro.net\/de\/#organization"},"potentialAction":[{"@type":"SearchAction","target":{"@type":"EntryPoint","urlTemplate":"https:\/\/andpro.net\/de\/?s={search_term_string}"},"query-input":{"@type":"PropertyValueSpecification","valueRequired":true,"valueName":"search_term_string"}}],"inLanguage":"sl-SI"},{"@type":"Organization","@id":"https:\/\/andpro.net\/de\/#organization","name":"AndPro","url":"https:\/\/andpro.net\/de\/","logo":{"@type":"ImageObject","inLanguage":"sl-SI","@id":"https:\/\/andpro.net\/de\/#\/schema\/logo\/image\/","url":"https:\/\/andpro.net\/wp-content\/uploads\/2023\/11\/logo_fix.png","contentUrl":"https:\/\/andpro.net\/wp-content\/uploads\/2023\/11\/logo_fix.png","width":1244,"height":637,"caption":"AndPro"},"image":{"@id":"https:\/\/andpro.net\/de\/#\/schema\/logo\/image\/"}}]}},"_links":{"self":[{"href":"https:\/\/andpro.net\/sl\/wp-json\/wp\/v2\/product\/10311","targetHints":{"allow":["GET"]}}],"collection":[{"href":"https:\/\/andpro.net\/sl\/wp-json\/wp\/v2\/product"}],"about":[{"href":"https:\/\/andpro.net\/sl\/wp-json\/wp\/v2\/types\/product"}],"wp:featuredmedia":[{"embeddable":true,"href":"https:\/\/andpro.net\/sl\/wp-json\/wp\/v2\/media\/10312"}],"wp:attachment":[{"href":"https:\/\/andpro.net\/sl\/wp-json\/wp\/v2\/media?parent=10311"}],"wp:term":[{"taxonomy":"product_brand","embeddable":true,"href":"https:\/\/andpro.net\/sl\/wp-json\/wp\/v2\/product_brand?post=10311"},{"taxonomy":"product_cat","embeddable":true,"href":"https:\/\/andpro.net\/sl\/wp-json\/wp\/v2\/product_cat?post=10311"},{"taxonomy":"product_tag","embeddable":true,"href":"https:\/\/andpro.net\/sl\/wp-json\/wp\/v2\/product_tag?post=10311"}],"curies":[{"name":"wp","href":"https:\/\/api.w.org\/{rel}","templated":true}]}}