{"id":10395,"date":"2025-05-05T16:19:04","date_gmt":"2025-05-05T15:19:04","guid":{"rendered":"https:\/\/andpro.net\/?post_type=product&#038;p=10395"},"modified":"2025-05-05T16:19:48","modified_gmt":"2025-05-05T15:19:48","slug":"l-hollman-majica-na-zadrgo-in-kapuco","status":"publish","type":"product","link":"https:\/\/andpro.net\/sl\/product\/l-hollman-majica-na-zadrgo-in-kapuco\/","title":{"rendered":"L.HOLLMAN MAJICA NA ZADRGO IN KAPUCO"},"content":{"rendered":"<p>Mo\u0161ka za\u0161\u010ditna majica &#8211; kapucar.<\/p>\n<p>Glavni material: 80 % bomba\u017ena tkanina, 20 % recikliranega poliestra z gramaturo 290 g\/m\u00b2<br \/>\nKontrastni vlo\u017eki: 100 % pletena tkanina z gramaturo 290 g\/m\u00b2<br \/>\nZapenja se z zadrgo<br \/>\nKapuca z vrvico<br \/>\nDva \u017eepa na dnu majice<br \/>\nSegmentirane odsevne \u010drte pove\u010dujejo vidljivost<br \/>\nStil: REGULAR<\/p>\n","protected":false},"excerpt":{"rendered":"<p>Mo\u0161ka za\u0161\u010ditna majica &#8211; kapucar. Glavni material: 80 % bomba\u017ena tkanina, 20 % recikliranega poliestra z gramaturo 290 g\/m\u00b2 Kontrastni vlo\u017eki: 100 % pletena tkanina z gramaturo 290 g\/m\u00b2 Zapenja se z zadrgo Kapuca z vrvico Dva \u017eepa na dnu majice Segmentirane odsevne \u010drte pove\u010dujejo vidljivost Stil: REGULAR<\/p>\n","protected":false},"featured_media":10401,"template":"","meta":[],"product_brand":[],"product_cat":[21,42],"product_tag":[],"class_list":{"0":"post-10395","1":"product","2":"type-product","3":"status-publish","4":"has-post-thumbnail","6":"product_cat-oblacila","7":"product_cat-flisijope-in-puloverji","9":"first","10":"onbackorder","11":"taxable","12":"shipping-taxable","13":"purchasable","14":"product-type-variable"},"bundled_by":[],"bundle_stock_status":"onbackorder","bundle_stock_quantity":null,"bundle_virtual":false,"bundle_layout":"","bundle_add_to_cart_form_location":"","bundle_editable_in_cart":false,"bundle_sold_individually_context":"","bundle_item_grouping":"","bundle_min_size":"","bundle_max_size":"","bundle_price":[],"bundled_items":[],"bundle_sell_ids":[],"group_of_quantity":0,"min_quantity":0,"max_quantity":"","exclude_order_quantity_value_rules":"no","exclude_category_quantity_rules":"no","combine_variations":"no","yoast_head":"<!-- This site is optimized with the Yoast SEO Premium plugin v23.9 (Yoast SEO v27.5) - https:\/\/yoast.com\/product\/yoast-seo-premium-wordpress\/ -->\n<title>L.HOLLMAN MAJICA NA ZADRGO IN KAPUCO - AndPro<\/title>\n<meta name=\"robots\" content=\"index, follow, max-snippet:-1, max-image-preview:large, max-video-preview:-1\" \/>\n<link rel=\"canonical\" href=\"https:\/\/andpro.net\/sl\/product\/l-hollman-majica-na-zadrgo-in-kapuco\/\" \/>\n<meta property=\"og:locale\" content=\"sl_SI\" \/>\n<meta property=\"og:type\" content=\"article\" \/>\n<meta property=\"og:title\" content=\"L.HOLLMAN MAJICA NA ZADRGO IN KAPUCO\" \/>\n<meta property=\"og:description\" content=\"Mo\u0161ka za\u0161\u010ditna majica &#8211; kapucar. Glavni material: 80 % bomba\u017ena tkanina, 20 % recikliranega poliestra z gramaturo 290 g\/m\u00b2 Kontrastni vlo\u017eki: 100 % pletena tkanina z gramaturo 290 g\/m\u00b2 Zapenja se z zadrgo Kapuca z vrvico Dva \u017eepa na dnu majice Segmentirane odsevne \u010drte pove\u010dujejo vidljivost Stil: REGULAR\" \/>\n<meta property=\"og:url\" content=\"https:\/\/andpro.net\/sl\/product\/l-hollman-majica-na-zadrgo-in-kapuco\/\" \/>\n<meta property=\"og:site_name\" content=\"AndPro\" \/>\n<meta property=\"article:modified_time\" content=\"2025-05-05T15:19:48+00:00\" \/>\n<meta property=\"og:image\" content=\"https:\/\/andpro.net\/wp-content\/uploads\/2025\/05\/0079357696-599x1024.png\" \/>\n\t<meta property=\"og:image:width\" content=\"599\" \/>\n\t<meta property=\"og:image:height\" content=\"1024\" \/>\n\t<meta property=\"og:image:type\" content=\"image\/png\" \/>\n<meta name=\"twitter:card\" content=\"summary_large_image\" \/>\n<meta name=\"twitter:label1\" content=\"Est. reading time\" \/>\n\t<meta name=\"twitter:data1\" content=\"1 minuta\" \/>\n<script type=\"application\/ld+json\" class=\"yoast-schema-graph\">{\"@context\":\"https:\\\/\\\/schema.org\",\"@graph\":[{\"@type\":\"WebPage\",\"@id\":\"https:\\\/\\\/andpro.net\\\/product\\\/l-hollman-majica-na-zadrgo-in-kapuco\\\/\",\"url\":\"https:\\\/\\\/andpro.net\\\/product\\\/l-hollman-majica-na-zadrgo-in-kapuco\\\/\",\"name\":\"L.HOLLMAN MAJICA NA ZADRGO IN KAPUCO - AndPro\",\"isPartOf\":{\"@id\":\"https:\\\/\\\/andpro.net\\\/de\\\/#website\"},\"primaryImageOfPage\":{\"@id\":\"https:\\\/\\\/andpro.net\\\/product\\\/l-hollman-majica-na-zadrgo-in-kapuco\\\/#primaryimage\"},\"image\":{\"@id\":\"https:\\\/\\\/andpro.net\\\/product\\\/l-hollman-majica-na-zadrgo-in-kapuco\\\/#primaryimage\"},\"thumbnailUrl\":\"https:\\\/\\\/andpro.net\\\/wp-content\\\/uploads\\\/2025\\\/05\\\/0079357696.png\",\"datePublished\":\"2025-05-05T15:19:04+00:00\",\"dateModified\":\"2025-05-05T15:19:48+00:00\",\"breadcrumb\":{\"@id\":\"https:\\\/\\\/andpro.net\\\/product\\\/l-hollman-majica-na-zadrgo-in-kapuco\\\/#breadcrumb\"},\"inLanguage\":\"sl-SI\",\"potentialAction\":[{\"@type\":\"ReadAction\",\"target\":[\"https:\\\/\\\/andpro.net\\\/product\\\/l-hollman-majica-na-zadrgo-in-kapuco\\\/\"]}]},{\"@type\":\"ImageObject\",\"inLanguage\":\"sl-SI\",\"@id\":\"https:\\\/\\\/andpro.net\\\/product\\\/l-hollman-majica-na-zadrgo-in-kapuco\\\/#primaryimage\",\"url\":\"https:\\\/\\\/andpro.net\\\/wp-content\\\/uploads\\\/2025\\\/05\\\/0079357696.png\",\"contentUrl\":\"https:\\\/\\\/andpro.net\\\/wp-content\\\/uploads\\\/2025\\\/05\\\/0079357696.png\",\"width\":1132,\"height\":1936},{\"@type\":\"BreadcrumbList\",\"@id\":\"https:\\\/\\\/andpro.net\\\/product\\\/l-hollman-majica-na-zadrgo-in-kapuco\\\/#breadcrumb\",\"itemListElement\":[{\"@type\":\"ListItem\",\"position\":1,\"name\":\"Home\",\"item\":\"https:\\\/\\\/andpro.net\\\/\"},{\"@type\":\"ListItem\",\"position\":2,\"name\":\"Shop\",\"item\":\"https:\\\/\\\/andpro.net\\\/en\\\/shop\\\/\"},{\"@type\":\"ListItem\",\"position\":3,\"name\":\"L.HOLLMAN MAJICA NA ZADRGO IN KAPUCO\"}]},{\"@type\":\"WebSite\",\"@id\":\"https:\\\/\\\/andpro.net\\\/de\\\/#website\",\"url\":\"https:\\\/\\\/andpro.net\\\/de\\\/\",\"name\":\"AndPro\",\"description\":\"The best decision\",\"publisher\":{\"@id\":\"https:\\\/\\\/andpro.net\\\/de\\\/#organization\"},\"potentialAction\":[{\"@type\":\"SearchAction\",\"target\":{\"@type\":\"EntryPoint\",\"urlTemplate\":\"https:\\\/\\\/andpro.net\\\/de\\\/?s={search_term_string}\"},\"query-input\":{\"@type\":\"PropertyValueSpecification\",\"valueRequired\":true,\"valueName\":\"search_term_string\"}}],\"inLanguage\":\"sl-SI\"},{\"@type\":\"Organization\",\"@id\":\"https:\\\/\\\/andpro.net\\\/de\\\/#organization\",\"name\":\"AndPro\",\"url\":\"https:\\\/\\\/andpro.net\\\/de\\\/\",\"logo\":{\"@type\":\"ImageObject\",\"inLanguage\":\"sl-SI\",\"@id\":\"https:\\\/\\\/andpro.net\\\/de\\\/#\\\/schema\\\/logo\\\/image\\\/\",\"url\":\"https:\\\/\\\/andpro.net\\\/wp-content\\\/uploads\\\/2023\\\/11\\\/logo_fix.png\",\"contentUrl\":\"https:\\\/\\\/andpro.net\\\/wp-content\\\/uploads\\\/2023\\\/11\\\/logo_fix.png\",\"width\":1244,\"height\":637,\"caption\":\"AndPro\"},\"image\":{\"@id\":\"https:\\\/\\\/andpro.net\\\/de\\\/#\\\/schema\\\/logo\\\/image\\\/\"}}]}<\/script>\n<!-- \/ Yoast SEO Premium plugin. -->","yoast_head_json":{"title":"L.HOLLMAN MAJICA NA ZADRGO IN KAPUCO - AndPro","robots":{"index":"index","follow":"follow","max-snippet":"max-snippet:-1","max-image-preview":"max-image-preview:large","max-video-preview":"max-video-preview:-1"},"canonical":"https:\/\/andpro.net\/sl\/product\/l-hollman-majica-na-zadrgo-in-kapuco\/","og_locale":"sl_SI","og_type":"article","og_title":"L.HOLLMAN MAJICA NA ZADRGO IN KAPUCO","og_description":"Mo\u0161ka za\u0161\u010ditna majica &#8211; kapucar. Glavni material: 80 % bomba\u017ena tkanina, 20 % recikliranega poliestra z gramaturo 290 g\/m\u00b2 Kontrastni vlo\u017eki: 100 % pletena tkanina z gramaturo 290 g\/m\u00b2 Zapenja se z zadrgo Kapuca z vrvico Dva \u017eepa na dnu majice Segmentirane odsevne \u010drte pove\u010dujejo vidljivost Stil: REGULAR","og_url":"https:\/\/andpro.net\/sl\/product\/l-hollman-majica-na-zadrgo-in-kapuco\/","og_site_name":"AndPro","article_modified_time":"2025-05-05T15:19:48+00:00","og_image":[{"width":599,"height":1024,"url":"https:\/\/andpro.net\/wp-content\/uploads\/2025\/05\/0079357696-599x1024.png","type":"image\/png"}],"twitter_card":"summary_large_image","twitter_misc":{"Est. reading time":"1 minuta"},"schema":{"@context":"https:\/\/schema.org","@graph":[{"@type":"WebPage","@id":"https:\/\/andpro.net\/product\/l-hollman-majica-na-zadrgo-in-kapuco\/","url":"https:\/\/andpro.net\/product\/l-hollman-majica-na-zadrgo-in-kapuco\/","name":"L.HOLLMAN MAJICA NA ZADRGO IN KAPUCO - AndPro","isPartOf":{"@id":"https:\/\/andpro.net\/de\/#website"},"primaryImageOfPage":{"@id":"https:\/\/andpro.net\/product\/l-hollman-majica-na-zadrgo-in-kapuco\/#primaryimage"},"image":{"@id":"https:\/\/andpro.net\/product\/l-hollman-majica-na-zadrgo-in-kapuco\/#primaryimage"},"thumbnailUrl":"https:\/\/andpro.net\/wp-content\/uploads\/2025\/05\/0079357696.png","datePublished":"2025-05-05T15:19:04+00:00","dateModified":"2025-05-05T15:19:48+00:00","breadcrumb":{"@id":"https:\/\/andpro.net\/product\/l-hollman-majica-na-zadrgo-in-kapuco\/#breadcrumb"},"inLanguage":"sl-SI","potentialAction":[{"@type":"ReadAction","target":["https:\/\/andpro.net\/product\/l-hollman-majica-na-zadrgo-in-kapuco\/"]}]},{"@type":"ImageObject","inLanguage":"sl-SI","@id":"https:\/\/andpro.net\/product\/l-hollman-majica-na-zadrgo-in-kapuco\/#primaryimage","url":"https:\/\/andpro.net\/wp-content\/uploads\/2025\/05\/0079357696.png","contentUrl":"https:\/\/andpro.net\/wp-content\/uploads\/2025\/05\/0079357696.png","width":1132,"height":1936},{"@type":"BreadcrumbList","@id":"https:\/\/andpro.net\/product\/l-hollman-majica-na-zadrgo-in-kapuco\/#breadcrumb","itemListElement":[{"@type":"ListItem","position":1,"name":"Home","item":"https:\/\/andpro.net\/"},{"@type":"ListItem","position":2,"name":"Shop","item":"https:\/\/andpro.net\/en\/shop\/"},{"@type":"ListItem","position":3,"name":"L.HOLLMAN MAJICA NA ZADRGO IN KAPUCO"}]},{"@type":"WebSite","@id":"https:\/\/andpro.net\/de\/#website","url":"https:\/\/andpro.net\/de\/","name":"AndPro","description":"The best decision","publisher":{"@id":"https:\/\/andpro.net\/de\/#organization"},"potentialAction":[{"@type":"SearchAction","target":{"@type":"EntryPoint","urlTemplate":"https:\/\/andpro.net\/de\/?s={search_term_string}"},"query-input":{"@type":"PropertyValueSpecification","valueRequired":true,"valueName":"search_term_string"}}],"inLanguage":"sl-SI"},{"@type":"Organization","@id":"https:\/\/andpro.net\/de\/#organization","name":"AndPro","url":"https:\/\/andpro.net\/de\/","logo":{"@type":"ImageObject","inLanguage":"sl-SI","@id":"https:\/\/andpro.net\/de\/#\/schema\/logo\/image\/","url":"https:\/\/andpro.net\/wp-content\/uploads\/2023\/11\/logo_fix.png","contentUrl":"https:\/\/andpro.net\/wp-content\/uploads\/2023\/11\/logo_fix.png","width":1244,"height":637,"caption":"AndPro"},"image":{"@id":"https:\/\/andpro.net\/de\/#\/schema\/logo\/image\/"}}]}},"_links":{"self":[{"href":"https:\/\/andpro.net\/sl\/wp-json\/wp\/v2\/product\/10395","targetHints":{"allow":["GET"]}}],"collection":[{"href":"https:\/\/andpro.net\/sl\/wp-json\/wp\/v2\/product"}],"about":[{"href":"https:\/\/andpro.net\/sl\/wp-json\/wp\/v2\/types\/product"}],"wp:featuredmedia":[{"embeddable":true,"href":"https:\/\/andpro.net\/sl\/wp-json\/wp\/v2\/media\/10401"}],"wp:attachment":[{"href":"https:\/\/andpro.net\/sl\/wp-json\/wp\/v2\/media?parent=10395"}],"wp:term":[{"taxonomy":"product_brand","embeddable":true,"href":"https:\/\/andpro.net\/sl\/wp-json\/wp\/v2\/product_brand?post=10395"},{"taxonomy":"product_cat","embeddable":true,"href":"https:\/\/andpro.net\/sl\/wp-json\/wp\/v2\/product_cat?post=10395"},{"taxonomy":"product_tag","embeddable":true,"href":"https:\/\/andpro.net\/sl\/wp-json\/wp\/v2\/product_tag?post=10395"}],"curies":[{"name":"wp","href":"https:\/\/api.w.org\/{rel}","templated":true}]}}