{"id":3049,"date":"2023-12-18T11:48:01","date_gmt":"2023-12-18T10:48:01","guid":{"rendered":"https:\/\/andpro.net\/product\/ogrifox-zascitne-za-rokavice-ox-niterfull-g\/"},"modified":"2025-07-20T13:43:57","modified_gmt":"2025-07-20T12:43:57","slug":"ogrifox-zascitne-za-rokavice-ox-niterfull-g","status":"publish","type":"product","link":"https:\/\/andpro.net\/sl\/product\/ogrifox-zascitne-za-rokavice-ox-niterfull-g\/","title":{"rendered":"OGRIFOX ZA\u0160\u010cITNE ROKAVICE OX-NITERFULL G"},"content":{"rendered":"<p>Za\u0161\u010ditne delavske rokavice z nitrilno prevleko in oja\u010dano man\u0161eto.<br \/>\n&#8211; iz jersey bomba\u017ea<br \/>\n&#8211; zgornji in prijemalni deli prevle\u010deni z mornarsko modro nitrilno prevleko<br \/>\n&#8211; nitril pove\u010da odpornost na masti, olja, ma\u0161\u010dobe in ogljikovodike<br \/>\n&#8211; dobro delujejo na mestih, kjer pride v stik z zgoraj omenjenimi snovmi<br \/>\n&#8211; kot nala\u0161\u010d za mehanike, uporablja se med pretovarjanjem in transportom<\/p>\n<p>VELIKOST 10<\/p>\n","protected":false},"excerpt":{"rendered":"<p>Za\u0161\u010ditne delavske rokavice z nitrilno prevleko in oja\u010dano man\u0161eto. &#8211; iz jersey bomba\u017ea &#8211; zgornji in prijemalni deli prevle\u010deni z mornarsko modro nitrilno prevleko &#8211; nitril pove\u010da odpornost na masti, olja, ma\u0161\u010dobe in ogljikovodike &#8211; dobro delujejo na mestih, kjer pride v stik z zgoraj omenjenimi snovmi &#8211; kot nala\u0161\u010d za mehanike, uporablja se med [&hellip;]<\/p>\n","protected":false},"featured_media":1413,"template":"","meta":[],"product_brand":[102],"product_cat":[115],"product_tag":[],"class_list":{"0":"post-3049","1":"product","2":"type-product","3":"status-publish","4":"has-post-thumbnail","6":"product_brand-ogrifox","7":"product_cat-zascita-za-roke","9":"first","10":"onbackorder","11":"sale","12":"taxable","13":"shipping-taxable","14":"purchasable","15":"product-type-simple"},"bundled_by":[],"bundle_stock_status":"onbackorder","bundle_stock_quantity":null,"bundle_virtual":false,"bundle_layout":"","bundle_add_to_cart_form_location":"","bundle_editable_in_cart":false,"bundle_sold_individually_context":"","bundle_item_grouping":"","bundle_min_size":"","bundle_max_size":"","bundle_price":[],"bundled_items":[],"bundle_sell_ids":[],"group_of_quantity":0,"min_quantity":120,"max_quantity":"","exclude_order_quantity_value_rules":"no","exclude_category_quantity_rules":"no","combine_variations":"no","yoast_head":"<!-- This site is optimized with the Yoast SEO Premium plugin v23.9 (Yoast SEO v27.3) - https:\/\/yoast.com\/product\/yoast-seo-premium-wordpress\/ -->\n<title>OGRIFOX ZA\u0160\u010cITNE ROKAVICE OX-NITERFULL G - AndPro<\/title>\n<meta name=\"robots\" content=\"index, follow, max-snippet:-1, max-image-preview:large, max-video-preview:-1\" \/>\n<link rel=\"canonical\" href=\"https:\/\/andpro.net\/sl\/product\/ogrifox-zascitne-za-rokavice-ox-niterfull-g\/\" \/>\n<meta property=\"og:locale\" content=\"sl_SI\" \/>\n<meta property=\"og:type\" content=\"article\" \/>\n<meta property=\"og:title\" content=\"OGRIFOX ZA\u0160\u010cITNE ROKAVICE OX-NITERFULL G\" \/>\n<meta property=\"og:description\" content=\"Za\u0161\u010ditne delavske rokavice z nitrilno prevleko in oja\u010dano man\u0161eto. &#8211; iz jersey bomba\u017ea &#8211; zgornji in prijemalni deli prevle\u010deni z mornarsko modro nitrilno prevleko &#8211; nitril pove\u010da odpornost na masti, olja, ma\u0161\u010dobe in ogljikovodike &#8211; dobro delujejo na mestih, kjer pride v stik z zgoraj omenjenimi snovmi &#8211; kot nala\u0161\u010d za mehanike, uporablja se med [&hellip;]\" \/>\n<meta property=\"og:url\" content=\"https:\/\/andpro.net\/sl\/product\/ogrifox-zascitne-za-rokavice-ox-niterfull-g\/\" \/>\n<meta property=\"og:site_name\" content=\"AndPro\" \/>\n<meta property=\"article:modified_time\" content=\"2025-07-20T12:43:57+00:00\" \/>\n<meta property=\"og:image\" content=\"https:\/\/andpro.net\/wp-content\/uploads\/2023\/12\/0045220256.jpg\" \/>\n\t<meta property=\"og:image:width\" content=\"699\" \/>\n\t<meta property=\"og:image:height\" content=\"1024\" \/>\n\t<meta property=\"og:image:type\" content=\"image\/jpeg\" \/>\n<meta name=\"twitter:card\" content=\"summary_large_image\" \/>\n<meta name=\"twitter:label1\" content=\"Est. reading time\" \/>\n\t<meta name=\"twitter:data1\" content=\"1 minuta\" \/>\n<script type=\"application\/ld+json\" class=\"yoast-schema-graph\">{\"@context\":\"https:\\\/\\\/schema.org\",\"@graph\":[{\"@type\":\"WebPage\",\"@id\":\"https:\\\/\\\/andpro.net\\\/product\\\/ogrifox-zascitne-za-rokavice-ox-niterfull-g\\\/\",\"url\":\"https:\\\/\\\/andpro.net\\\/product\\\/ogrifox-zascitne-za-rokavice-ox-niterfull-g\\\/\",\"name\":\"OGRIFOX ZA\u0160\u010cITNE ROKAVICE OX-NITERFULL G - AndPro\",\"isPartOf\":{\"@id\":\"https:\\\/\\\/andpro.net\\\/de\\\/#website\"},\"primaryImageOfPage\":{\"@id\":\"https:\\\/\\\/andpro.net\\\/product\\\/ogrifox-zascitne-za-rokavice-ox-niterfull-g\\\/#primaryimage\"},\"image\":{\"@id\":\"https:\\\/\\\/andpro.net\\\/product\\\/ogrifox-zascitne-za-rokavice-ox-niterfull-g\\\/#primaryimage\"},\"thumbnailUrl\":\"https:\\\/\\\/andpro.net\\\/wp-content\\\/uploads\\\/2023\\\/12\\\/0045220256.jpg\",\"datePublished\":\"2023-12-18T10:48:01+00:00\",\"dateModified\":\"2025-07-20T12:43:57+00:00\",\"breadcrumb\":{\"@id\":\"https:\\\/\\\/andpro.net\\\/product\\\/ogrifox-zascitne-za-rokavice-ox-niterfull-g\\\/#breadcrumb\"},\"inLanguage\":\"sl-SI\",\"potentialAction\":[{\"@type\":\"ReadAction\",\"target\":[\"https:\\\/\\\/andpro.net\\\/product\\\/ogrifox-zascitne-za-rokavice-ox-niterfull-g\\\/\"]}]},{\"@type\":\"ImageObject\",\"inLanguage\":\"sl-SI\",\"@id\":\"https:\\\/\\\/andpro.net\\\/product\\\/ogrifox-zascitne-za-rokavice-ox-niterfull-g\\\/#primaryimage\",\"url\":\"https:\\\/\\\/andpro.net\\\/wp-content\\\/uploads\\\/2023\\\/12\\\/0045220256.jpg\",\"contentUrl\":\"https:\\\/\\\/andpro.net\\\/wp-content\\\/uploads\\\/2023\\\/12\\\/0045220256.jpg\",\"width\":699,\"height\":1024,\"caption\":\"25330416\"},{\"@type\":\"BreadcrumbList\",\"@id\":\"https:\\\/\\\/andpro.net\\\/product\\\/ogrifox-zascitne-za-rokavice-ox-niterfull-g\\\/#breadcrumb\",\"itemListElement\":[{\"@type\":\"ListItem\",\"position\":1,\"name\":\"Home\",\"item\":\"https:\\\/\\\/andpro.net\\\/\"},{\"@type\":\"ListItem\",\"position\":2,\"name\":\"Shop\",\"item\":\"https:\\\/\\\/andpro.net\\\/en\\\/shop\\\/\"},{\"@type\":\"ListItem\",\"position\":3,\"name\":\"OGRIFOX ZA\u0160\u010cITNE ROKAVICE OX-NITERFULL G\"}]},{\"@type\":\"WebSite\",\"@id\":\"https:\\\/\\\/andpro.net\\\/de\\\/#website\",\"url\":\"https:\\\/\\\/andpro.net\\\/de\\\/\",\"name\":\"AndPro\",\"description\":\"The best decision\",\"publisher\":{\"@id\":\"https:\\\/\\\/andpro.net\\\/de\\\/#organization\"},\"potentialAction\":[{\"@type\":\"SearchAction\",\"target\":{\"@type\":\"EntryPoint\",\"urlTemplate\":\"https:\\\/\\\/andpro.net\\\/de\\\/?s={search_term_string}\"},\"query-input\":{\"@type\":\"PropertyValueSpecification\",\"valueRequired\":true,\"valueName\":\"search_term_string\"}}],\"inLanguage\":\"sl-SI\"},{\"@type\":\"Organization\",\"@id\":\"https:\\\/\\\/andpro.net\\\/de\\\/#organization\",\"name\":\"AndPro\",\"url\":\"https:\\\/\\\/andpro.net\\\/de\\\/\",\"logo\":{\"@type\":\"ImageObject\",\"inLanguage\":\"sl-SI\",\"@id\":\"https:\\\/\\\/andpro.net\\\/de\\\/#\\\/schema\\\/logo\\\/image\\\/\",\"url\":\"https:\\\/\\\/andpro.net\\\/wp-content\\\/uploads\\\/2023\\\/11\\\/logo_fix.png\",\"contentUrl\":\"https:\\\/\\\/andpro.net\\\/wp-content\\\/uploads\\\/2023\\\/11\\\/logo_fix.png\",\"width\":1244,\"height\":637,\"caption\":\"AndPro\"},\"image\":{\"@id\":\"https:\\\/\\\/andpro.net\\\/de\\\/#\\\/schema\\\/logo\\\/image\\\/\"}}]}<\/script>\n<!-- \/ Yoast SEO Premium plugin. -->","yoast_head_json":{"title":"OGRIFOX ZA\u0160\u010cITNE ROKAVICE OX-NITERFULL G - AndPro","robots":{"index":"index","follow":"follow","max-snippet":"max-snippet:-1","max-image-preview":"max-image-preview:large","max-video-preview":"max-video-preview:-1"},"canonical":"https:\/\/andpro.net\/sl\/product\/ogrifox-zascitne-za-rokavice-ox-niterfull-g\/","og_locale":"sl_SI","og_type":"article","og_title":"OGRIFOX ZA\u0160\u010cITNE ROKAVICE OX-NITERFULL G","og_description":"Za\u0161\u010ditne delavske rokavice z nitrilno prevleko in oja\u010dano man\u0161eto. &#8211; iz jersey bomba\u017ea &#8211; zgornji in prijemalni deli prevle\u010deni z mornarsko modro nitrilno prevleko &#8211; nitril pove\u010da odpornost na masti, olja, ma\u0161\u010dobe in ogljikovodike &#8211; dobro delujejo na mestih, kjer pride v stik z zgoraj omenjenimi snovmi &#8211; kot nala\u0161\u010d za mehanike, uporablja se med [&hellip;]","og_url":"https:\/\/andpro.net\/sl\/product\/ogrifox-zascitne-za-rokavice-ox-niterfull-g\/","og_site_name":"AndPro","article_modified_time":"2025-07-20T12:43:57+00:00","og_image":[{"width":699,"height":1024,"url":"https:\/\/andpro.net\/wp-content\/uploads\/2023\/12\/0045220256.jpg","type":"image\/jpeg"}],"twitter_card":"summary_large_image","twitter_misc":{"Est. reading time":"1 minuta"},"schema":{"@context":"https:\/\/schema.org","@graph":[{"@type":"WebPage","@id":"https:\/\/andpro.net\/product\/ogrifox-zascitne-za-rokavice-ox-niterfull-g\/","url":"https:\/\/andpro.net\/product\/ogrifox-zascitne-za-rokavice-ox-niterfull-g\/","name":"OGRIFOX ZA\u0160\u010cITNE ROKAVICE OX-NITERFULL G - AndPro","isPartOf":{"@id":"https:\/\/andpro.net\/de\/#website"},"primaryImageOfPage":{"@id":"https:\/\/andpro.net\/product\/ogrifox-zascitne-za-rokavice-ox-niterfull-g\/#primaryimage"},"image":{"@id":"https:\/\/andpro.net\/product\/ogrifox-zascitne-za-rokavice-ox-niterfull-g\/#primaryimage"},"thumbnailUrl":"https:\/\/andpro.net\/wp-content\/uploads\/2023\/12\/0045220256.jpg","datePublished":"2023-12-18T10:48:01+00:00","dateModified":"2025-07-20T12:43:57+00:00","breadcrumb":{"@id":"https:\/\/andpro.net\/product\/ogrifox-zascitne-za-rokavice-ox-niterfull-g\/#breadcrumb"},"inLanguage":"sl-SI","potentialAction":[{"@type":"ReadAction","target":["https:\/\/andpro.net\/product\/ogrifox-zascitne-za-rokavice-ox-niterfull-g\/"]}]},{"@type":"ImageObject","inLanguage":"sl-SI","@id":"https:\/\/andpro.net\/product\/ogrifox-zascitne-za-rokavice-ox-niterfull-g\/#primaryimage","url":"https:\/\/andpro.net\/wp-content\/uploads\/2023\/12\/0045220256.jpg","contentUrl":"https:\/\/andpro.net\/wp-content\/uploads\/2023\/12\/0045220256.jpg","width":699,"height":1024,"caption":"25330416"},{"@type":"BreadcrumbList","@id":"https:\/\/andpro.net\/product\/ogrifox-zascitne-za-rokavice-ox-niterfull-g\/#breadcrumb","itemListElement":[{"@type":"ListItem","position":1,"name":"Home","item":"https:\/\/andpro.net\/"},{"@type":"ListItem","position":2,"name":"Shop","item":"https:\/\/andpro.net\/en\/shop\/"},{"@type":"ListItem","position":3,"name":"OGRIFOX ZA\u0160\u010cITNE ROKAVICE OX-NITERFULL G"}]},{"@type":"WebSite","@id":"https:\/\/andpro.net\/de\/#website","url":"https:\/\/andpro.net\/de\/","name":"AndPro","description":"The best decision","publisher":{"@id":"https:\/\/andpro.net\/de\/#organization"},"potentialAction":[{"@type":"SearchAction","target":{"@type":"EntryPoint","urlTemplate":"https:\/\/andpro.net\/de\/?s={search_term_string}"},"query-input":{"@type":"PropertyValueSpecification","valueRequired":true,"valueName":"search_term_string"}}],"inLanguage":"sl-SI"},{"@type":"Organization","@id":"https:\/\/andpro.net\/de\/#organization","name":"AndPro","url":"https:\/\/andpro.net\/de\/","logo":{"@type":"ImageObject","inLanguage":"sl-SI","@id":"https:\/\/andpro.net\/de\/#\/schema\/logo\/image\/","url":"https:\/\/andpro.net\/wp-content\/uploads\/2023\/11\/logo_fix.png","contentUrl":"https:\/\/andpro.net\/wp-content\/uploads\/2023\/11\/logo_fix.png","width":1244,"height":637,"caption":"AndPro"},"image":{"@id":"https:\/\/andpro.net\/de\/#\/schema\/logo\/image\/"}}]}},"_links":{"self":[{"href":"https:\/\/andpro.net\/sl\/wp-json\/wp\/v2\/product\/3049","targetHints":{"allow":["GET"]}}],"collection":[{"href":"https:\/\/andpro.net\/sl\/wp-json\/wp\/v2\/product"}],"about":[{"href":"https:\/\/andpro.net\/sl\/wp-json\/wp\/v2\/types\/product"}],"wp:featuredmedia":[{"embeddable":true,"href":"https:\/\/andpro.net\/sl\/wp-json\/wp\/v2\/media\/1413"}],"wp:attachment":[{"href":"https:\/\/andpro.net\/sl\/wp-json\/wp\/v2\/media?parent=3049"}],"wp:term":[{"taxonomy":"product_brand","embeddable":true,"href":"https:\/\/andpro.net\/sl\/wp-json\/wp\/v2\/product_brand?post=3049"},{"taxonomy":"product_cat","embeddable":true,"href":"https:\/\/andpro.net\/sl\/wp-json\/wp\/v2\/product_cat?post=3049"},{"taxonomy":"product_tag","embeddable":true,"href":"https:\/\/andpro.net\/sl\/wp-json\/wp\/v2\/product_tag?post=3049"}],"curies":[{"name":"wp","href":"https:\/\/api.w.org\/{rel}","templated":true}]}}