{"id":3058,"date":"2023-12-18T11:48:12","date_gmt":"2023-12-18T10:48:12","guid":{"rendered":"https:\/\/andpro.net\/product\/reis-zascitne-za-rokavice-gosflow-n\/"},"modified":"2025-07-20T13:36:59","modified_gmt":"2025-07-20T12:36:59","slug":"reis-zascitne-za-rokavice-gosflow-n","status":"publish","type":"product","link":"https:\/\/andpro.net\/sl\/product\/reis-zascitne-za-rokavice-gosflow-n\/","title":{"rendered":"REIS ZA\u0160\u010cITNE ROKAVICE GOSFLOW N"},"content":{"rendered":"<p>Za\u0161\u010ditne rokavice iz kosmi\u010dene gume.<br \/>\n&#8211; iz naravnega kav\u010duka<br \/>\n&#8211; te\u017ea 60 g<br \/>\n&#8211; notranja povr\u0161ina rokavic je prekrita s kosmi\u010dem (bomba\u017enim prahom), ki omogo\u010da la\u017eje obla\u010denje in sla\u010denje ter prepre\u010duje potenje rok med uporabo<br \/>\n&#8211; hrapava struktura na oprijemalnem delu, zahvaljujo\u010d kateri imajo rokavice bolj\u0161i oprijem<br \/>\n&#8211; odporen na raztezanje<br \/>\n&#8211; visoka odpornost na detergente in pralna sredstva<br \/>\n&#8211; popolno za gospodinjstva<br \/>\n&#8211; uporablja se za splo\u0161na mehanska dela in v prehrambeni industriji<br \/>\n&#8211; vsak par je pakiran v lo\u010deni vre\u010dki, tako da izgledajo odli\u010dno in so kot nala\u0161\u010d za vse vrste predstavitev<br \/>\n&#8211; lahko se uporablja v stiku z \u017eivili<br \/>\n&#8211; skladen s standardi EN388 (stopnje odpornosti: 1 1 1 0 X), EN374-5 in EN420<\/p>\n<p><strong>MINIMALNO NARO\u010cILO 12 PAROV<\/strong><\/p>\n","protected":false},"excerpt":{"rendered":"<p>Za\u0161\u010ditne rokavice iz kosmi\u010dene gume. &#8211; iz naravnega kav\u010duka &#8211; te\u017ea 60 g &#8211; notranja povr\u0161ina rokavic je prekrita s kosmi\u010dem (bomba\u017enim prahom), ki omogo\u010da la\u017eje obla\u010denje in sla\u010denje ter prepre\u010duje potenje rok med uporabo &#8211; hrapava struktura na oprijemalnem delu, zahvaljujo\u010d kateri imajo rokavice bolj\u0161i oprijem &#8211; odporen na raztezanje &#8211; visoka odpornost na [&hellip;]<\/p>\n","protected":false},"featured_media":1419,"template":"","meta":[],"product_brand":[105],"product_cat":[22,115],"product_tag":[],"class_list":{"0":"post-3058","1":"product","2":"type-product","3":"status-publish","4":"has-post-thumbnail","6":"product_brand-reis","7":"product_cat-rokavice","8":"product_cat-zascita-za-roke","10":"first","11":"onbackorder","12":"sale","13":"taxable","14":"shipping-taxable","15":"purchasable","16":"product-type-simple"},"bundled_by":[],"bundle_stock_status":"onbackorder","bundle_stock_quantity":null,"bundle_virtual":false,"bundle_layout":"","bundle_add_to_cart_form_location":"","bundle_editable_in_cart":false,"bundle_sold_individually_context":"","bundle_item_grouping":"","bundle_min_size":"","bundle_max_size":"","bundle_price":[],"bundled_items":[],"bundle_sell_ids":[],"group_of_quantity":0,"min_quantity":24,"max_quantity":"","exclude_order_quantity_value_rules":"no","exclude_category_quantity_rules":"no","combine_variations":"no","yoast_head":"<!-- This site is optimized with the Yoast SEO Premium plugin v23.9 (Yoast SEO v27.3) - https:\/\/yoast.com\/product\/yoast-seo-premium-wordpress\/ -->\n<title>REIS ZA\u0160\u010cITNE ROKAVICE GOSFLOW N - AndPro<\/title>\n<meta name=\"robots\" content=\"index, follow, max-snippet:-1, max-image-preview:large, max-video-preview:-1\" \/>\n<link rel=\"canonical\" href=\"https:\/\/andpro.net\/sl\/product\/reis-zascitne-za-rokavice-gosflow-n\/\" \/>\n<meta property=\"og:locale\" content=\"sl_SI\" \/>\n<meta property=\"og:type\" content=\"article\" \/>\n<meta property=\"og:title\" content=\"REIS ZA\u0160\u010cITNE ROKAVICE GOSFLOW N\" \/>\n<meta property=\"og:description\" content=\"Za\u0161\u010ditne rokavice iz kosmi\u010dene gume. &#8211; iz naravnega kav\u010duka &#8211; te\u017ea 60 g &#8211; notranja povr\u0161ina rokavic je prekrita s kosmi\u010dem (bomba\u017enim prahom), ki omogo\u010da la\u017eje obla\u010denje in sla\u010denje ter prepre\u010duje potenje rok med uporabo &#8211; hrapava struktura na oprijemalnem delu, zahvaljujo\u010d kateri imajo rokavice bolj\u0161i oprijem &#8211; odporen na raztezanje &#8211; visoka odpornost na [&hellip;]\" \/>\n<meta property=\"og:url\" content=\"https:\/\/andpro.net\/sl\/product\/reis-zascitne-za-rokavice-gosflow-n\/\" \/>\n<meta property=\"og:site_name\" content=\"AndPro\" \/>\n<meta property=\"article:modified_time\" content=\"2025-07-20T12:36:59+00:00\" \/>\n<meta property=\"og:image\" content=\"https:\/\/andpro.net\/wp-content\/uploads\/2023\/12\/0045557088.jpg\" \/>\n\t<meta property=\"og:image:width\" content=\"636\" \/>\n\t<meta property=\"og:image:height\" content=\"1024\" \/>\n\t<meta property=\"og:image:type\" content=\"image\/jpeg\" \/>\n<meta name=\"twitter:card\" content=\"summary_large_image\" \/>\n<meta name=\"twitter:label1\" content=\"Est. reading time\" \/>\n\t<meta name=\"twitter:data1\" content=\"1 minuta\" \/>\n<script type=\"application\/ld+json\" class=\"yoast-schema-graph\">{\"@context\":\"https:\\\/\\\/schema.org\",\"@graph\":[{\"@type\":\"WebPage\",\"@id\":\"https:\\\/\\\/andpro.net\\\/product\\\/reis-zascitne-za-rokavice-gosflow-n\\\/\",\"url\":\"https:\\\/\\\/andpro.net\\\/product\\\/reis-zascitne-za-rokavice-gosflow-n\\\/\",\"name\":\"REIS ZA\u0160\u010cITNE ROKAVICE GOSFLOW N - AndPro\",\"isPartOf\":{\"@id\":\"https:\\\/\\\/andpro.net\\\/de\\\/#website\"},\"primaryImageOfPage\":{\"@id\":\"https:\\\/\\\/andpro.net\\\/product\\\/reis-zascitne-za-rokavice-gosflow-n\\\/#primaryimage\"},\"image\":{\"@id\":\"https:\\\/\\\/andpro.net\\\/product\\\/reis-zascitne-za-rokavice-gosflow-n\\\/#primaryimage\"},\"thumbnailUrl\":\"https:\\\/\\\/andpro.net\\\/wp-content\\\/uploads\\\/2023\\\/12\\\/0045557088.jpg\",\"datePublished\":\"2023-12-18T10:48:12+00:00\",\"dateModified\":\"2025-07-20T12:36:59+00:00\",\"breadcrumb\":{\"@id\":\"https:\\\/\\\/andpro.net\\\/product\\\/reis-zascitne-za-rokavice-gosflow-n\\\/#breadcrumb\"},\"inLanguage\":\"sl-SI\",\"potentialAction\":[{\"@type\":\"ReadAction\",\"target\":[\"https:\\\/\\\/andpro.net\\\/product\\\/reis-zascitne-za-rokavice-gosflow-n\\\/\"]}]},{\"@type\":\"ImageObject\",\"inLanguage\":\"sl-SI\",\"@id\":\"https:\\\/\\\/andpro.net\\\/product\\\/reis-zascitne-za-rokavice-gosflow-n\\\/#primaryimage\",\"url\":\"https:\\\/\\\/andpro.net\\\/wp-content\\\/uploads\\\/2023\\\/12\\\/0045557088.jpg\",\"contentUrl\":\"https:\\\/\\\/andpro.net\\\/wp-content\\\/uploads\\\/2023\\\/12\\\/0045557088.jpg\",\"width\":636,\"height\":1024,\"caption\":\"732256\"},{\"@type\":\"BreadcrumbList\",\"@id\":\"https:\\\/\\\/andpro.net\\\/product\\\/reis-zascitne-za-rokavice-gosflow-n\\\/#breadcrumb\",\"itemListElement\":[{\"@type\":\"ListItem\",\"position\":1,\"name\":\"Home\",\"item\":\"https:\\\/\\\/andpro.net\\\/\"},{\"@type\":\"ListItem\",\"position\":2,\"name\":\"Shop\",\"item\":\"https:\\\/\\\/andpro.net\\\/en\\\/shop\\\/\"},{\"@type\":\"ListItem\",\"position\":3,\"name\":\"REIS ZA\u0160\u010cITNE ROKAVICE GOSFLOW N\"}]},{\"@type\":\"WebSite\",\"@id\":\"https:\\\/\\\/andpro.net\\\/de\\\/#website\",\"url\":\"https:\\\/\\\/andpro.net\\\/de\\\/\",\"name\":\"AndPro\",\"description\":\"The best decision\",\"publisher\":{\"@id\":\"https:\\\/\\\/andpro.net\\\/de\\\/#organization\"},\"potentialAction\":[{\"@type\":\"SearchAction\",\"target\":{\"@type\":\"EntryPoint\",\"urlTemplate\":\"https:\\\/\\\/andpro.net\\\/de\\\/?s={search_term_string}\"},\"query-input\":{\"@type\":\"PropertyValueSpecification\",\"valueRequired\":true,\"valueName\":\"search_term_string\"}}],\"inLanguage\":\"sl-SI\"},{\"@type\":\"Organization\",\"@id\":\"https:\\\/\\\/andpro.net\\\/de\\\/#organization\",\"name\":\"AndPro\",\"url\":\"https:\\\/\\\/andpro.net\\\/de\\\/\",\"logo\":{\"@type\":\"ImageObject\",\"inLanguage\":\"sl-SI\",\"@id\":\"https:\\\/\\\/andpro.net\\\/de\\\/#\\\/schema\\\/logo\\\/image\\\/\",\"url\":\"https:\\\/\\\/andpro.net\\\/wp-content\\\/uploads\\\/2023\\\/11\\\/logo_fix.png\",\"contentUrl\":\"https:\\\/\\\/andpro.net\\\/wp-content\\\/uploads\\\/2023\\\/11\\\/logo_fix.png\",\"width\":1244,\"height\":637,\"caption\":\"AndPro\"},\"image\":{\"@id\":\"https:\\\/\\\/andpro.net\\\/de\\\/#\\\/schema\\\/logo\\\/image\\\/\"}}]}<\/script>\n<!-- \/ Yoast SEO Premium plugin. -->","yoast_head_json":{"title":"REIS ZA\u0160\u010cITNE ROKAVICE GOSFLOW N - AndPro","robots":{"index":"index","follow":"follow","max-snippet":"max-snippet:-1","max-image-preview":"max-image-preview:large","max-video-preview":"max-video-preview:-1"},"canonical":"https:\/\/andpro.net\/sl\/product\/reis-zascitne-za-rokavice-gosflow-n\/","og_locale":"sl_SI","og_type":"article","og_title":"REIS ZA\u0160\u010cITNE ROKAVICE GOSFLOW N","og_description":"Za\u0161\u010ditne rokavice iz kosmi\u010dene gume. &#8211; iz naravnega kav\u010duka &#8211; te\u017ea 60 g &#8211; notranja povr\u0161ina rokavic je prekrita s kosmi\u010dem (bomba\u017enim prahom), ki omogo\u010da la\u017eje obla\u010denje in sla\u010denje ter prepre\u010duje potenje rok med uporabo &#8211; hrapava struktura na oprijemalnem delu, zahvaljujo\u010d kateri imajo rokavice bolj\u0161i oprijem &#8211; odporen na raztezanje &#8211; visoka odpornost na [&hellip;]","og_url":"https:\/\/andpro.net\/sl\/product\/reis-zascitne-za-rokavice-gosflow-n\/","og_site_name":"AndPro","article_modified_time":"2025-07-20T12:36:59+00:00","og_image":[{"width":636,"height":1024,"url":"https:\/\/andpro.net\/wp-content\/uploads\/2023\/12\/0045557088.jpg","type":"image\/jpeg"}],"twitter_card":"summary_large_image","twitter_misc":{"Est. reading time":"1 minuta"},"schema":{"@context":"https:\/\/schema.org","@graph":[{"@type":"WebPage","@id":"https:\/\/andpro.net\/product\/reis-zascitne-za-rokavice-gosflow-n\/","url":"https:\/\/andpro.net\/product\/reis-zascitne-za-rokavice-gosflow-n\/","name":"REIS ZA\u0160\u010cITNE ROKAVICE GOSFLOW N - AndPro","isPartOf":{"@id":"https:\/\/andpro.net\/de\/#website"},"primaryImageOfPage":{"@id":"https:\/\/andpro.net\/product\/reis-zascitne-za-rokavice-gosflow-n\/#primaryimage"},"image":{"@id":"https:\/\/andpro.net\/product\/reis-zascitne-za-rokavice-gosflow-n\/#primaryimage"},"thumbnailUrl":"https:\/\/andpro.net\/wp-content\/uploads\/2023\/12\/0045557088.jpg","datePublished":"2023-12-18T10:48:12+00:00","dateModified":"2025-07-20T12:36:59+00:00","breadcrumb":{"@id":"https:\/\/andpro.net\/product\/reis-zascitne-za-rokavice-gosflow-n\/#breadcrumb"},"inLanguage":"sl-SI","potentialAction":[{"@type":"ReadAction","target":["https:\/\/andpro.net\/product\/reis-zascitne-za-rokavice-gosflow-n\/"]}]},{"@type":"ImageObject","inLanguage":"sl-SI","@id":"https:\/\/andpro.net\/product\/reis-zascitne-za-rokavice-gosflow-n\/#primaryimage","url":"https:\/\/andpro.net\/wp-content\/uploads\/2023\/12\/0045557088.jpg","contentUrl":"https:\/\/andpro.net\/wp-content\/uploads\/2023\/12\/0045557088.jpg","width":636,"height":1024,"caption":"732256"},{"@type":"BreadcrumbList","@id":"https:\/\/andpro.net\/product\/reis-zascitne-za-rokavice-gosflow-n\/#breadcrumb","itemListElement":[{"@type":"ListItem","position":1,"name":"Home","item":"https:\/\/andpro.net\/"},{"@type":"ListItem","position":2,"name":"Shop","item":"https:\/\/andpro.net\/en\/shop\/"},{"@type":"ListItem","position":3,"name":"REIS ZA\u0160\u010cITNE ROKAVICE GOSFLOW N"}]},{"@type":"WebSite","@id":"https:\/\/andpro.net\/de\/#website","url":"https:\/\/andpro.net\/de\/","name":"AndPro","description":"The best decision","publisher":{"@id":"https:\/\/andpro.net\/de\/#organization"},"potentialAction":[{"@type":"SearchAction","target":{"@type":"EntryPoint","urlTemplate":"https:\/\/andpro.net\/de\/?s={search_term_string}"},"query-input":{"@type":"PropertyValueSpecification","valueRequired":true,"valueName":"search_term_string"}}],"inLanguage":"sl-SI"},{"@type":"Organization","@id":"https:\/\/andpro.net\/de\/#organization","name":"AndPro","url":"https:\/\/andpro.net\/de\/","logo":{"@type":"ImageObject","inLanguage":"sl-SI","@id":"https:\/\/andpro.net\/de\/#\/schema\/logo\/image\/","url":"https:\/\/andpro.net\/wp-content\/uploads\/2023\/11\/logo_fix.png","contentUrl":"https:\/\/andpro.net\/wp-content\/uploads\/2023\/11\/logo_fix.png","width":1244,"height":637,"caption":"AndPro"},"image":{"@id":"https:\/\/andpro.net\/de\/#\/schema\/logo\/image\/"}}]}},"_links":{"self":[{"href":"https:\/\/andpro.net\/sl\/wp-json\/wp\/v2\/product\/3058","targetHints":{"allow":["GET"]}}],"collection":[{"href":"https:\/\/andpro.net\/sl\/wp-json\/wp\/v2\/product"}],"about":[{"href":"https:\/\/andpro.net\/sl\/wp-json\/wp\/v2\/types\/product"}],"wp:featuredmedia":[{"embeddable":true,"href":"https:\/\/andpro.net\/sl\/wp-json\/wp\/v2\/media\/1419"}],"wp:attachment":[{"href":"https:\/\/andpro.net\/sl\/wp-json\/wp\/v2\/media?parent=3058"}],"wp:term":[{"taxonomy":"product_brand","embeddable":true,"href":"https:\/\/andpro.net\/sl\/wp-json\/wp\/v2\/product_brand?post=3058"},{"taxonomy":"product_cat","embeddable":true,"href":"https:\/\/andpro.net\/sl\/wp-json\/wp\/v2\/product_cat?post=3058"},{"taxonomy":"product_tag","embeddable":true,"href":"https:\/\/andpro.net\/sl\/wp-json\/wp\/v2\/product_tag?post=3058"}],"curies":[{"name":"wp","href":"https:\/\/api.w.org\/{rel}","templated":true}]}}