{"id":3311,"date":"2023-12-18T11:50:29","date_gmt":"2023-12-18T10:50:29","guid":{"rendered":"https:\/\/andpro.net\/product\/honeywell-varnostni-cevlji-hw-squat-t-sbc\/"},"modified":"2025-07-20T13:31:23","modified_gmt":"2025-07-20T12:31:23","slug":"honeywell-varnostni-cevlji-hw-squat-t-sbc","status":"publish","type":"product","link":"https:\/\/andpro.net\/sl\/product\/honeywell-varnostni-cevlji-hw-squat-t-sbc\/","title":{"rendered":"HONEYWELL VARNOSTNI \u010cEVLJI HW-SQUAT-T SBC S1P SRC"},"content":{"rendered":"<p>Varnostni delavski \u010devlji SQUAT.<br \/>\n&#8211; delno perforiran zgornji del iz zra\u010dnih mikrovlaken s tekstilnimi vlo\u017eki<br \/>\n&#8211; izjemno udobje in zmanj\u0161ano potenje zahvaljujo\u010d optimalno prilegajo\u010di in zra\u010dni 3D mre\u017easti podlogi, ki obrobi notranjost obutve<br \/>\n&#8211; za\u0161\u010dita pred predrtjem v obliki nekovinskega in nemagnetnega vlo\u017eka FLEXIUM<br \/>\n&#8211; protizdrsni podplat PU2D iz dveh plasti poliuretana razli\u010dnih gostot<br \/>\n&#8211; odli\u010dna izolacija podplata pred toploto (HI) in mrazom (CI)<br \/>\n&#8211; \u0161tirje indikatorji obrabe v obliki trikotnika, name\u0161\u010deni na najpomembnej\u0161ih delih podplata, omogo\u010dajo neodvisno oceno in nadzor stopnje obrabe<br \/>\n&#8211; univerzalna, nedrse\u010da tekalna plast, prilagojena za delo na vsaki podlagi<br \/>\n&#8211; pove\u010dan oprijem na podlago zahvaljujo\u010d kanalom, ki odvajajo teko\u010dino pod podplate<br \/>\n&#8211; absorpcija energije v predelu pete<br \/>\n&#8211; odsevni vlo\u017eki za vidljivost pono\u010di<br \/>\n&#8211; nimajo kovinskih elementov<br \/>\n&#8211; stabilna, lahka in visoka peta z edinstveno sposobnostjo absorbiranja energije<br \/>\n&#8211; Kategorija CI HI S1P SRC<br \/>\n&#8211; izpolnjujejo zahteve standardov EN20345, EN61340-4-3<\/p>\n","protected":false},"excerpt":{"rendered":"<p>Varnostni delavski \u010devlji SQUAT. &#8211; delno perforiran zgornji del iz zra\u010dnih mikrovlaken s tekstilnimi vlo\u017eki &#8211; izjemno udobje in zmanj\u0161ano potenje zahvaljujo\u010d optimalno prilegajo\u010di in zra\u010dni 3D mre\u017easti podlogi, ki obrobi notranjost obutve &#8211; za\u0161\u010dita pred predrtjem v obliki nekovinskega in nemagnetnega vlo\u017eka FLEXIUM &#8211; protizdrsni podplat PU2D iz dveh plasti poliuretana razli\u010dnih gostot &#8211; [&hellip;]<\/p>\n","protected":false},"featured_media":1594,"template":"","meta":[],"product_brand":[125],"product_cat":[23,119],"product_tag":[],"class_list":{"0":"post-3311","1":"product","2":"type-product","3":"status-publish","4":"has-post-thumbnail","6":"product_brand-honeywell","7":"product_cat-obutev","8":"product_cat-zascita-za-noge","10":"first","11":"onbackorder","12":"taxable","13":"shipping-taxable","14":"purchasable","15":"product-type-variable"},"bundled_by":[],"bundle_stock_status":"onbackorder","bundle_stock_quantity":null,"bundle_virtual":false,"bundle_layout":"","bundle_add_to_cart_form_location":"","bundle_editable_in_cart":false,"bundle_sold_individually_context":"","bundle_item_grouping":"","bundle_min_size":"","bundle_max_size":"","bundle_price":[],"bundled_items":[],"bundle_sell_ids":[],"group_of_quantity":0,"min_quantity":0,"max_quantity":"","exclude_order_quantity_value_rules":"no","exclude_category_quantity_rules":"no","combine_variations":"no","yoast_head":"<!-- This site is optimized with the Yoast SEO Premium plugin v23.9 (Yoast SEO v27.3) - https:\/\/yoast.com\/product\/yoast-seo-premium-wordpress\/ -->\n<title>HONEYWELL VARNOSTNI \u010cEVLJI HW-SQUAT-T SBC S1P SRC - AndPro<\/title>\n<meta name=\"robots\" content=\"index, follow, max-snippet:-1, max-image-preview:large, max-video-preview:-1\" \/>\n<link rel=\"canonical\" href=\"https:\/\/andpro.net\/sl\/product\/honeywell-varnostni-cevlji-hw-squat-t-sbc\/\" \/>\n<meta property=\"og:locale\" content=\"sl_SI\" \/>\n<meta property=\"og:type\" content=\"article\" \/>\n<meta property=\"og:title\" content=\"HONEYWELL VARNOSTNI \u010cEVLJI HW-SQUAT-T SBC S1P SRC\" \/>\n<meta property=\"og:description\" content=\"Varnostni delavski \u010devlji SQUAT. &#8211; delno perforiran zgornji del iz zra\u010dnih mikrovlaken s tekstilnimi vlo\u017eki &#8211; izjemno udobje in zmanj\u0161ano potenje zahvaljujo\u010d optimalno prilegajo\u010di in zra\u010dni 3D mre\u017easti podlogi, ki obrobi notranjost obutve &#8211; za\u0161\u010dita pred predrtjem v obliki nekovinskega in nemagnetnega vlo\u017eka FLEXIUM &#8211; protizdrsni podplat PU2D iz dveh plasti poliuretana razli\u010dnih gostot &#8211; [&hellip;]\" \/>\n<meta property=\"og:url\" content=\"https:\/\/andpro.net\/sl\/product\/honeywell-varnostni-cevlji-hw-squat-t-sbc\/\" \/>\n<meta property=\"og:site_name\" content=\"AndPro\" \/>\n<meta property=\"article:modified_time\" content=\"2025-07-20T12:31:23+00:00\" \/>\n<meta property=\"og:image\" content=\"https:\/\/andpro.net\/wp-content\/uploads\/2023\/12\/0058503888.jpg\" \/>\n\t<meta property=\"og:image:width\" content=\"1024\" \/>\n\t<meta property=\"og:image:height\" content=\"772\" \/>\n\t<meta property=\"og:image:type\" content=\"image\/jpeg\" \/>\n<meta name=\"twitter:card\" content=\"summary_large_image\" \/>\n<meta name=\"twitter:label1\" content=\"Est. reading time\" \/>\n\t<meta name=\"twitter:data1\" content=\"1 minuta\" \/>\n<script type=\"application\/ld+json\" class=\"yoast-schema-graph\">{\"@context\":\"https:\\\/\\\/schema.org\",\"@graph\":[{\"@type\":\"WebPage\",\"@id\":\"https:\\\/\\\/andpro.net\\\/product\\\/honeywell-varnostni-cevlji-hw-squat-t-sbc\\\/\",\"url\":\"https:\\\/\\\/andpro.net\\\/product\\\/honeywell-varnostni-cevlji-hw-squat-t-sbc\\\/\",\"name\":\"HONEYWELL VARNOSTNI \u010cEVLJI HW-SQUAT-T SBC S1P SRC - AndPro\",\"isPartOf\":{\"@id\":\"https:\\\/\\\/andpro.net\\\/de\\\/#website\"},\"primaryImageOfPage\":{\"@id\":\"https:\\\/\\\/andpro.net\\\/product\\\/honeywell-varnostni-cevlji-hw-squat-t-sbc\\\/#primaryimage\"},\"image\":{\"@id\":\"https:\\\/\\\/andpro.net\\\/product\\\/honeywell-varnostni-cevlji-hw-squat-t-sbc\\\/#primaryimage\"},\"thumbnailUrl\":\"https:\\\/\\\/andpro.net\\\/wp-content\\\/uploads\\\/2023\\\/12\\\/0058503888.jpg\",\"datePublished\":\"2023-12-18T10:50:29+00:00\",\"dateModified\":\"2025-07-20T12:31:23+00:00\",\"breadcrumb\":{\"@id\":\"https:\\\/\\\/andpro.net\\\/product\\\/honeywell-varnostni-cevlji-hw-squat-t-sbc\\\/#breadcrumb\"},\"inLanguage\":\"sl-SI\",\"potentialAction\":[{\"@type\":\"ReadAction\",\"target\":[\"https:\\\/\\\/andpro.net\\\/product\\\/honeywell-varnostni-cevlji-hw-squat-t-sbc\\\/\"]}]},{\"@type\":\"ImageObject\",\"inLanguage\":\"sl-SI\",\"@id\":\"https:\\\/\\\/andpro.net\\\/product\\\/honeywell-varnostni-cevlji-hw-squat-t-sbc\\\/#primaryimage\",\"url\":\"https:\\\/\\\/andpro.net\\\/wp-content\\\/uploads\\\/2023\\\/12\\\/0058503888.jpg\",\"contentUrl\":\"https:\\\/\\\/andpro.net\\\/wp-content\\\/uploads\\\/2023\\\/12\\\/0058503888.jpg\",\"width\":1024,\"height\":772,\"caption\":\"37444448\"},{\"@type\":\"BreadcrumbList\",\"@id\":\"https:\\\/\\\/andpro.net\\\/product\\\/honeywell-varnostni-cevlji-hw-squat-t-sbc\\\/#breadcrumb\",\"itemListElement\":[{\"@type\":\"ListItem\",\"position\":1,\"name\":\"Home\",\"item\":\"https:\\\/\\\/andpro.net\\\/\"},{\"@type\":\"ListItem\",\"position\":2,\"name\":\"Shop\",\"item\":\"https:\\\/\\\/andpro.net\\\/en\\\/shop\\\/\"},{\"@type\":\"ListItem\",\"position\":3,\"name\":\"HONEYWELL VARNOSTNI \u010cEVLJI HW-SQUAT-T SBC S1P SRC\"}]},{\"@type\":\"WebSite\",\"@id\":\"https:\\\/\\\/andpro.net\\\/de\\\/#website\",\"url\":\"https:\\\/\\\/andpro.net\\\/de\\\/\",\"name\":\"AndPro\",\"description\":\"The best decision\",\"publisher\":{\"@id\":\"https:\\\/\\\/andpro.net\\\/de\\\/#organization\"},\"potentialAction\":[{\"@type\":\"SearchAction\",\"target\":{\"@type\":\"EntryPoint\",\"urlTemplate\":\"https:\\\/\\\/andpro.net\\\/de\\\/?s={search_term_string}\"},\"query-input\":{\"@type\":\"PropertyValueSpecification\",\"valueRequired\":true,\"valueName\":\"search_term_string\"}}],\"inLanguage\":\"sl-SI\"},{\"@type\":\"Organization\",\"@id\":\"https:\\\/\\\/andpro.net\\\/de\\\/#organization\",\"name\":\"AndPro\",\"url\":\"https:\\\/\\\/andpro.net\\\/de\\\/\",\"logo\":{\"@type\":\"ImageObject\",\"inLanguage\":\"sl-SI\",\"@id\":\"https:\\\/\\\/andpro.net\\\/de\\\/#\\\/schema\\\/logo\\\/image\\\/\",\"url\":\"https:\\\/\\\/andpro.net\\\/wp-content\\\/uploads\\\/2023\\\/11\\\/logo_fix.png\",\"contentUrl\":\"https:\\\/\\\/andpro.net\\\/wp-content\\\/uploads\\\/2023\\\/11\\\/logo_fix.png\",\"width\":1244,\"height\":637,\"caption\":\"AndPro\"},\"image\":{\"@id\":\"https:\\\/\\\/andpro.net\\\/de\\\/#\\\/schema\\\/logo\\\/image\\\/\"}}]}<\/script>\n<!-- \/ Yoast SEO Premium plugin. -->","yoast_head_json":{"title":"HONEYWELL VARNOSTNI \u010cEVLJI HW-SQUAT-T SBC S1P SRC - AndPro","robots":{"index":"index","follow":"follow","max-snippet":"max-snippet:-1","max-image-preview":"max-image-preview:large","max-video-preview":"max-video-preview:-1"},"canonical":"https:\/\/andpro.net\/sl\/product\/honeywell-varnostni-cevlji-hw-squat-t-sbc\/","og_locale":"sl_SI","og_type":"article","og_title":"HONEYWELL VARNOSTNI \u010cEVLJI HW-SQUAT-T SBC S1P SRC","og_description":"Varnostni delavski \u010devlji SQUAT. &#8211; delno perforiran zgornji del iz zra\u010dnih mikrovlaken s tekstilnimi vlo\u017eki &#8211; izjemno udobje in zmanj\u0161ano potenje zahvaljujo\u010d optimalno prilegajo\u010di in zra\u010dni 3D mre\u017easti podlogi, ki obrobi notranjost obutve &#8211; za\u0161\u010dita pred predrtjem v obliki nekovinskega in nemagnetnega vlo\u017eka FLEXIUM &#8211; protizdrsni podplat PU2D iz dveh plasti poliuretana razli\u010dnih gostot &#8211; [&hellip;]","og_url":"https:\/\/andpro.net\/sl\/product\/honeywell-varnostni-cevlji-hw-squat-t-sbc\/","og_site_name":"AndPro","article_modified_time":"2025-07-20T12:31:23+00:00","og_image":[{"width":1024,"height":772,"url":"https:\/\/andpro.net\/wp-content\/uploads\/2023\/12\/0058503888.jpg","type":"image\/jpeg"}],"twitter_card":"summary_large_image","twitter_misc":{"Est. reading time":"1 minuta"},"schema":{"@context":"https:\/\/schema.org","@graph":[{"@type":"WebPage","@id":"https:\/\/andpro.net\/product\/honeywell-varnostni-cevlji-hw-squat-t-sbc\/","url":"https:\/\/andpro.net\/product\/honeywell-varnostni-cevlji-hw-squat-t-sbc\/","name":"HONEYWELL VARNOSTNI \u010cEVLJI HW-SQUAT-T SBC S1P SRC - AndPro","isPartOf":{"@id":"https:\/\/andpro.net\/de\/#website"},"primaryImageOfPage":{"@id":"https:\/\/andpro.net\/product\/honeywell-varnostni-cevlji-hw-squat-t-sbc\/#primaryimage"},"image":{"@id":"https:\/\/andpro.net\/product\/honeywell-varnostni-cevlji-hw-squat-t-sbc\/#primaryimage"},"thumbnailUrl":"https:\/\/andpro.net\/wp-content\/uploads\/2023\/12\/0058503888.jpg","datePublished":"2023-12-18T10:50:29+00:00","dateModified":"2025-07-20T12:31:23+00:00","breadcrumb":{"@id":"https:\/\/andpro.net\/product\/honeywell-varnostni-cevlji-hw-squat-t-sbc\/#breadcrumb"},"inLanguage":"sl-SI","potentialAction":[{"@type":"ReadAction","target":["https:\/\/andpro.net\/product\/honeywell-varnostni-cevlji-hw-squat-t-sbc\/"]}]},{"@type":"ImageObject","inLanguage":"sl-SI","@id":"https:\/\/andpro.net\/product\/honeywell-varnostni-cevlji-hw-squat-t-sbc\/#primaryimage","url":"https:\/\/andpro.net\/wp-content\/uploads\/2023\/12\/0058503888.jpg","contentUrl":"https:\/\/andpro.net\/wp-content\/uploads\/2023\/12\/0058503888.jpg","width":1024,"height":772,"caption":"37444448"},{"@type":"BreadcrumbList","@id":"https:\/\/andpro.net\/product\/honeywell-varnostni-cevlji-hw-squat-t-sbc\/#breadcrumb","itemListElement":[{"@type":"ListItem","position":1,"name":"Home","item":"https:\/\/andpro.net\/"},{"@type":"ListItem","position":2,"name":"Shop","item":"https:\/\/andpro.net\/en\/shop\/"},{"@type":"ListItem","position":3,"name":"HONEYWELL VARNOSTNI \u010cEVLJI HW-SQUAT-T SBC S1P SRC"}]},{"@type":"WebSite","@id":"https:\/\/andpro.net\/de\/#website","url":"https:\/\/andpro.net\/de\/","name":"AndPro","description":"The best decision","publisher":{"@id":"https:\/\/andpro.net\/de\/#organization"},"potentialAction":[{"@type":"SearchAction","target":{"@type":"EntryPoint","urlTemplate":"https:\/\/andpro.net\/de\/?s={search_term_string}"},"query-input":{"@type":"PropertyValueSpecification","valueRequired":true,"valueName":"search_term_string"}}],"inLanguage":"sl-SI"},{"@type":"Organization","@id":"https:\/\/andpro.net\/de\/#organization","name":"AndPro","url":"https:\/\/andpro.net\/de\/","logo":{"@type":"ImageObject","inLanguage":"sl-SI","@id":"https:\/\/andpro.net\/de\/#\/schema\/logo\/image\/","url":"https:\/\/andpro.net\/wp-content\/uploads\/2023\/11\/logo_fix.png","contentUrl":"https:\/\/andpro.net\/wp-content\/uploads\/2023\/11\/logo_fix.png","width":1244,"height":637,"caption":"AndPro"},"image":{"@id":"https:\/\/andpro.net\/de\/#\/schema\/logo\/image\/"}}]}},"_links":{"self":[{"href":"https:\/\/andpro.net\/sl\/wp-json\/wp\/v2\/product\/3311","targetHints":{"allow":["GET"]}}],"collection":[{"href":"https:\/\/andpro.net\/sl\/wp-json\/wp\/v2\/product"}],"about":[{"href":"https:\/\/andpro.net\/sl\/wp-json\/wp\/v2\/types\/product"}],"wp:featuredmedia":[{"embeddable":true,"href":"https:\/\/andpro.net\/sl\/wp-json\/wp\/v2\/media\/1594"}],"wp:attachment":[{"href":"https:\/\/andpro.net\/sl\/wp-json\/wp\/v2\/media?parent=3311"}],"wp:term":[{"taxonomy":"product_brand","embeddable":true,"href":"https:\/\/andpro.net\/sl\/wp-json\/wp\/v2\/product_brand?post=3311"},{"taxonomy":"product_cat","embeddable":true,"href":"https:\/\/andpro.net\/sl\/wp-json\/wp\/v2\/product_cat?post=3311"},{"taxonomy":"product_tag","embeddable":true,"href":"https:\/\/andpro.net\/sl\/wp-json\/wp\/v2\/product_tag?post=3311"}],"curies":[{"name":"wp","href":"https:\/\/api.w.org\/{rel}","templated":true}]}}