{"id":3394,"date":"2023-12-18T11:51:06","date_gmt":"2023-12-18T10:51:06","guid":{"rendered":"https:\/\/andpro.net\/product\/cofra-varnostni-cevlji-brc-guerin-by\/"},"modified":"2025-07-20T13:30:48","modified_gmt":"2025-07-20T12:30:48","slug":"cofra-varnostni-cevlji-brc-guerin-by","status":"publish","type":"product","link":"https:\/\/andpro.net\/sl\/product\/cofra-varnostni-cevlji-brc-guerin-by\/","title":{"rendered":"COFRA VARNOSTNI \u010cEVLJI BRC-GUERIN BY S1P SRC"},"content":{"rendered":"<p>Zra\u010dni delavski \u010devlji GUERIN.<br \/>\nOvitek: perforirano semi\u0161 usnje<br \/>\nPodloga: SANY-DRY \u00ae 100% poliestrska tkanina, proti drgnjenju, vpija znoj, antibakterijska<br \/>\nVlo\u017eek: iz EVA, mehak, antistati\u010den<br \/>\nPodplat: dvojni poliuretan<br \/>\nKategorija: S1P SRC<br \/>\nUstreza naslednjim standardom: EN20344, EN20345<\/p>\n","protected":false},"excerpt":{"rendered":"<p>Zra\u010dni delavski \u010devlji GUERIN. Ovitek: perforirano semi\u0161 usnje Podloga: SANY-DRY \u00ae 100% poliestrska tkanina, proti drgnjenju, vpija znoj, antibakterijska Vlo\u017eek: iz EVA, mehak, antistati\u010den Podplat: dvojni poliuretan Kategorija: S1P SRC Ustreza naslednjim standardom: EN20344, EN20345<\/p>\n","protected":false},"featured_media":1608,"template":"","meta":[],"product_brand":[121],"product_cat":[23,119],"product_tag":[],"class_list":{"0":"post-3394","1":"product","2":"type-product","3":"status-publish","4":"has-post-thumbnail","6":"product_brand-cofra","7":"product_cat-obutev","8":"product_cat-zascita-za-noge","10":"first","11":"onbackorder","12":"taxable","13":"shipping-taxable","14":"purchasable","15":"product-type-variable"},"bundled_by":[],"bundle_stock_status":"onbackorder","bundle_stock_quantity":null,"bundle_virtual":false,"bundle_layout":"","bundle_add_to_cart_form_location":"","bundle_editable_in_cart":false,"bundle_sold_individually_context":"","bundle_item_grouping":"","bundle_min_size":"","bundle_max_size":"","bundle_price":[],"bundled_items":[],"bundle_sell_ids":[],"group_of_quantity":0,"min_quantity":0,"max_quantity":"","exclude_order_quantity_value_rules":"no","exclude_category_quantity_rules":"no","combine_variations":"no","yoast_head":"<!-- This site is optimized with the Yoast SEO Premium plugin v23.9 (Yoast SEO v27.3) - https:\/\/yoast.com\/product\/yoast-seo-premium-wordpress\/ -->\n<title>COFRA VARNOSTNI \u010cEVLJI BRC-GUERIN BY S1P SRC - AndPro<\/title>\n<meta name=\"robots\" content=\"index, follow, max-snippet:-1, max-image-preview:large, max-video-preview:-1\" \/>\n<link rel=\"canonical\" href=\"https:\/\/andpro.net\/sl\/product\/cofra-varnostni-cevlji-brc-guerin-by\/\" \/>\n<meta property=\"og:locale\" content=\"sl_SI\" \/>\n<meta property=\"og:type\" content=\"article\" \/>\n<meta property=\"og:title\" content=\"COFRA VARNOSTNI \u010cEVLJI BRC-GUERIN BY S1P SRC\" \/>\n<meta property=\"og:description\" content=\"Zra\u010dni delavski \u010devlji GUERIN. Ovitek: perforirano semi\u0161 usnje Podloga: SANY-DRY \u00ae 100% poliestrska tkanina, proti drgnjenju, vpija znoj, antibakterijska Vlo\u017eek: iz EVA, mehak, antistati\u010den Podplat: dvojni poliuretan Kategorija: S1P SRC Ustreza naslednjim standardom: EN20344, EN20345\" \/>\n<meta property=\"og:url\" content=\"https:\/\/andpro.net\/sl\/product\/cofra-varnostni-cevlji-brc-guerin-by\/\" \/>\n<meta property=\"og:site_name\" content=\"AndPro\" \/>\n<meta property=\"article:modified_time\" content=\"2025-07-20T12:30:48+00:00\" \/>\n<meta property=\"og:image\" content=\"https:\/\/andpro.net\/wp-content\/uploads\/2023\/12\/0056350064.jpg\" \/>\n\t<meta property=\"og:image:width\" content=\"1024\" \/>\n\t<meta property=\"og:image:height\" content=\"535\" \/>\n\t<meta property=\"og:image:type\" content=\"image\/jpeg\" \/>\n<meta name=\"twitter:card\" content=\"summary_large_image\" \/>\n<meta name=\"twitter:label1\" content=\"Est. reading time\" \/>\n\t<meta name=\"twitter:data1\" content=\"1 minuta\" \/>\n<script type=\"application\/ld+json\" class=\"yoast-schema-graph\">{\"@context\":\"https:\\\/\\\/schema.org\",\"@graph\":[{\"@type\":\"WebPage\",\"@id\":\"https:\\\/\\\/andpro.net\\\/product\\\/cofra-varnostni-cevlji-brc-guerin-by\\\/\",\"url\":\"https:\\\/\\\/andpro.net\\\/product\\\/cofra-varnostni-cevlji-brc-guerin-by\\\/\",\"name\":\"COFRA VARNOSTNI \u010cEVLJI BRC-GUERIN BY S1P SRC - AndPro\",\"isPartOf\":{\"@id\":\"https:\\\/\\\/andpro.net\\\/de\\\/#website\"},\"primaryImageOfPage\":{\"@id\":\"https:\\\/\\\/andpro.net\\\/product\\\/cofra-varnostni-cevlji-brc-guerin-by\\\/#primaryimage\"},\"image\":{\"@id\":\"https:\\\/\\\/andpro.net\\\/product\\\/cofra-varnostni-cevlji-brc-guerin-by\\\/#primaryimage\"},\"thumbnailUrl\":\"https:\\\/\\\/andpro.net\\\/wp-content\\\/uploads\\\/2023\\\/12\\\/0056350064.jpg\",\"datePublished\":\"2023-12-18T10:51:06+00:00\",\"dateModified\":\"2025-07-20T12:30:48+00:00\",\"breadcrumb\":{\"@id\":\"https:\\\/\\\/andpro.net\\\/product\\\/cofra-varnostni-cevlji-brc-guerin-by\\\/#breadcrumb\"},\"inLanguage\":\"sl-SI\",\"potentialAction\":[{\"@type\":\"ReadAction\",\"target\":[\"https:\\\/\\\/andpro.net\\\/product\\\/cofra-varnostni-cevlji-brc-guerin-by\\\/\"]}]},{\"@type\":\"ImageObject\",\"inLanguage\":\"sl-SI\",\"@id\":\"https:\\\/\\\/andpro.net\\\/product\\\/cofra-varnostni-cevlji-brc-guerin-by\\\/#primaryimage\",\"url\":\"https:\\\/\\\/andpro.net\\\/wp-content\\\/uploads\\\/2023\\\/12\\\/0056350064.jpg\",\"contentUrl\":\"https:\\\/\\\/andpro.net\\\/wp-content\\\/uploads\\\/2023\\\/12\\\/0056350064.jpg\",\"width\":1024,\"height\":535,\"caption\":\"25257760\"},{\"@type\":\"BreadcrumbList\",\"@id\":\"https:\\\/\\\/andpro.net\\\/product\\\/cofra-varnostni-cevlji-brc-guerin-by\\\/#breadcrumb\",\"itemListElement\":[{\"@type\":\"ListItem\",\"position\":1,\"name\":\"Home\",\"item\":\"https:\\\/\\\/andpro.net\\\/\"},{\"@type\":\"ListItem\",\"position\":2,\"name\":\"Shop\",\"item\":\"https:\\\/\\\/andpro.net\\\/en\\\/shop\\\/\"},{\"@type\":\"ListItem\",\"position\":3,\"name\":\"COFRA VARNOSTNI \u010cEVLJI BRC-GUERIN BY S1P SRC\"}]},{\"@type\":\"WebSite\",\"@id\":\"https:\\\/\\\/andpro.net\\\/de\\\/#website\",\"url\":\"https:\\\/\\\/andpro.net\\\/de\\\/\",\"name\":\"AndPro\",\"description\":\"The best decision\",\"publisher\":{\"@id\":\"https:\\\/\\\/andpro.net\\\/de\\\/#organization\"},\"potentialAction\":[{\"@type\":\"SearchAction\",\"target\":{\"@type\":\"EntryPoint\",\"urlTemplate\":\"https:\\\/\\\/andpro.net\\\/de\\\/?s={search_term_string}\"},\"query-input\":{\"@type\":\"PropertyValueSpecification\",\"valueRequired\":true,\"valueName\":\"search_term_string\"}}],\"inLanguage\":\"sl-SI\"},{\"@type\":\"Organization\",\"@id\":\"https:\\\/\\\/andpro.net\\\/de\\\/#organization\",\"name\":\"AndPro\",\"url\":\"https:\\\/\\\/andpro.net\\\/de\\\/\",\"logo\":{\"@type\":\"ImageObject\",\"inLanguage\":\"sl-SI\",\"@id\":\"https:\\\/\\\/andpro.net\\\/de\\\/#\\\/schema\\\/logo\\\/image\\\/\",\"url\":\"https:\\\/\\\/andpro.net\\\/wp-content\\\/uploads\\\/2023\\\/11\\\/logo_fix.png\",\"contentUrl\":\"https:\\\/\\\/andpro.net\\\/wp-content\\\/uploads\\\/2023\\\/11\\\/logo_fix.png\",\"width\":1244,\"height\":637,\"caption\":\"AndPro\"},\"image\":{\"@id\":\"https:\\\/\\\/andpro.net\\\/de\\\/#\\\/schema\\\/logo\\\/image\\\/\"}}]}<\/script>\n<!-- \/ Yoast SEO Premium plugin. -->","yoast_head_json":{"title":"COFRA VARNOSTNI \u010cEVLJI BRC-GUERIN BY S1P SRC - AndPro","robots":{"index":"index","follow":"follow","max-snippet":"max-snippet:-1","max-image-preview":"max-image-preview:large","max-video-preview":"max-video-preview:-1"},"canonical":"https:\/\/andpro.net\/sl\/product\/cofra-varnostni-cevlji-brc-guerin-by\/","og_locale":"sl_SI","og_type":"article","og_title":"COFRA VARNOSTNI \u010cEVLJI BRC-GUERIN BY S1P SRC","og_description":"Zra\u010dni delavski \u010devlji GUERIN. Ovitek: perforirano semi\u0161 usnje Podloga: SANY-DRY \u00ae 100% poliestrska tkanina, proti drgnjenju, vpija znoj, antibakterijska Vlo\u017eek: iz EVA, mehak, antistati\u010den Podplat: dvojni poliuretan Kategorija: S1P SRC Ustreza naslednjim standardom: EN20344, EN20345","og_url":"https:\/\/andpro.net\/sl\/product\/cofra-varnostni-cevlji-brc-guerin-by\/","og_site_name":"AndPro","article_modified_time":"2025-07-20T12:30:48+00:00","og_image":[{"width":1024,"height":535,"url":"https:\/\/andpro.net\/wp-content\/uploads\/2023\/12\/0056350064.jpg","type":"image\/jpeg"}],"twitter_card":"summary_large_image","twitter_misc":{"Est. reading time":"1 minuta"},"schema":{"@context":"https:\/\/schema.org","@graph":[{"@type":"WebPage","@id":"https:\/\/andpro.net\/product\/cofra-varnostni-cevlji-brc-guerin-by\/","url":"https:\/\/andpro.net\/product\/cofra-varnostni-cevlji-brc-guerin-by\/","name":"COFRA VARNOSTNI \u010cEVLJI BRC-GUERIN BY S1P SRC - AndPro","isPartOf":{"@id":"https:\/\/andpro.net\/de\/#website"},"primaryImageOfPage":{"@id":"https:\/\/andpro.net\/product\/cofra-varnostni-cevlji-brc-guerin-by\/#primaryimage"},"image":{"@id":"https:\/\/andpro.net\/product\/cofra-varnostni-cevlji-brc-guerin-by\/#primaryimage"},"thumbnailUrl":"https:\/\/andpro.net\/wp-content\/uploads\/2023\/12\/0056350064.jpg","datePublished":"2023-12-18T10:51:06+00:00","dateModified":"2025-07-20T12:30:48+00:00","breadcrumb":{"@id":"https:\/\/andpro.net\/product\/cofra-varnostni-cevlji-brc-guerin-by\/#breadcrumb"},"inLanguage":"sl-SI","potentialAction":[{"@type":"ReadAction","target":["https:\/\/andpro.net\/product\/cofra-varnostni-cevlji-brc-guerin-by\/"]}]},{"@type":"ImageObject","inLanguage":"sl-SI","@id":"https:\/\/andpro.net\/product\/cofra-varnostni-cevlji-brc-guerin-by\/#primaryimage","url":"https:\/\/andpro.net\/wp-content\/uploads\/2023\/12\/0056350064.jpg","contentUrl":"https:\/\/andpro.net\/wp-content\/uploads\/2023\/12\/0056350064.jpg","width":1024,"height":535,"caption":"25257760"},{"@type":"BreadcrumbList","@id":"https:\/\/andpro.net\/product\/cofra-varnostni-cevlji-brc-guerin-by\/#breadcrumb","itemListElement":[{"@type":"ListItem","position":1,"name":"Home","item":"https:\/\/andpro.net\/"},{"@type":"ListItem","position":2,"name":"Shop","item":"https:\/\/andpro.net\/en\/shop\/"},{"@type":"ListItem","position":3,"name":"COFRA VARNOSTNI \u010cEVLJI BRC-GUERIN BY S1P SRC"}]},{"@type":"WebSite","@id":"https:\/\/andpro.net\/de\/#website","url":"https:\/\/andpro.net\/de\/","name":"AndPro","description":"The best decision","publisher":{"@id":"https:\/\/andpro.net\/de\/#organization"},"potentialAction":[{"@type":"SearchAction","target":{"@type":"EntryPoint","urlTemplate":"https:\/\/andpro.net\/de\/?s={search_term_string}"},"query-input":{"@type":"PropertyValueSpecification","valueRequired":true,"valueName":"search_term_string"}}],"inLanguage":"sl-SI"},{"@type":"Organization","@id":"https:\/\/andpro.net\/de\/#organization","name":"AndPro","url":"https:\/\/andpro.net\/de\/","logo":{"@type":"ImageObject","inLanguage":"sl-SI","@id":"https:\/\/andpro.net\/de\/#\/schema\/logo\/image\/","url":"https:\/\/andpro.net\/wp-content\/uploads\/2023\/11\/logo_fix.png","contentUrl":"https:\/\/andpro.net\/wp-content\/uploads\/2023\/11\/logo_fix.png","width":1244,"height":637,"caption":"AndPro"},"image":{"@id":"https:\/\/andpro.net\/de\/#\/schema\/logo\/image\/"}}]}},"_links":{"self":[{"href":"https:\/\/andpro.net\/sl\/wp-json\/wp\/v2\/product\/3394","targetHints":{"allow":["GET"]}}],"collection":[{"href":"https:\/\/andpro.net\/sl\/wp-json\/wp\/v2\/product"}],"about":[{"href":"https:\/\/andpro.net\/sl\/wp-json\/wp\/v2\/types\/product"}],"wp:featuredmedia":[{"embeddable":true,"href":"https:\/\/andpro.net\/sl\/wp-json\/wp\/v2\/media\/1608"}],"wp:attachment":[{"href":"https:\/\/andpro.net\/sl\/wp-json\/wp\/v2\/media?parent=3394"}],"wp:term":[{"taxonomy":"product_brand","embeddable":true,"href":"https:\/\/andpro.net\/sl\/wp-json\/wp\/v2\/product_brand?post=3394"},{"taxonomy":"product_cat","embeddable":true,"href":"https:\/\/andpro.net\/sl\/wp-json\/wp\/v2\/product_cat?post=3394"},{"taxonomy":"product_tag","embeddable":true,"href":"https:\/\/andpro.net\/sl\/wp-json\/wp\/v2\/product_tag?post=3394"}],"curies":[{"name":"wp","href":"https:\/\/api.w.org\/{rel}","templated":true}]}}