{"id":3682,"date":"2023-12-18T11:53:38","date_gmt":"2023-12-18T10:53:38","guid":{"rendered":"https:\/\/andpro.net\/product\/l-hollman-zascitne-hlace-lh-thorvis-t-bc\/"},"modified":"2025-07-20T12:56:18","modified_gmt":"2025-07-20T11:56:18","slug":"l-hollman-zascitne-hlace-lh-thorvis-t-bc","status":"publish","type":"product","link":"https:\/\/andpro.net\/sl\/product\/l-hollman-zascitne-hlace-lh-thorvis-t-bc\/","title":{"rendered":"L.HOLLMAN ZA\u0160\u010cITNE HLA\u010cE LH-THORVIS-T BC"},"content":{"rendered":"<p>THORVIS odsevne za\u0161\u010ditne delavske hla\u010de.<\/p>\n<p>&#8211; 80% poliester, 20% bomba\u017e<br \/>\n&#8211; gramatura 270 g\/m2<br \/>\n&#8211; zapenjanje z gumbom in zadrgo<br \/>\n&#8211; dva stranska \u017eepa<br \/>\n&#8211; dva dvojna zadnja \u017eepa<br \/>\n&#8211; trije \u017eepi na desni nogi<br \/>\n&#8211; v pasu v\u0161ite elasti\u010dne trakove za prilagajanje \u0161irine, zaradi \u010desar se hla\u010de bolje prilegajo postavi<br \/>\n&#8211; konica za pritrditev klju\u010dev<br \/>\n&#8211; odsevni elementi na zadnjih \u017eepih<br \/>\n&#8211; zanke za pritrditev dodatnih dodatkov<br \/>\n&#8211; \u017eepi na kolenih za \u0161\u010ditnike kolen<br \/>\n&#8211; odsevni trakovi v spodnjem delu hla\u010d in segmentni trakovi nad koleni zagotavljajo dobro vidljivost uporabnika<br \/>\n&#8211; ustreza zahtevam EN ISO 20471 (razred 1)<\/p>\n","protected":false},"excerpt":{"rendered":"<p>THORVIS odsevne za\u0161\u010ditne delavske hla\u010de. &#8211; 80% poliester, 20% bomba\u017e &#8211; gramatura 270 g\/m2 &#8211; zapenjanje z gumbom in zadrgo &#8211; dva stranska \u017eepa &#8211; dva dvojna zadnja \u017eepa &#8211; trije \u017eepi na desni nogi &#8211; v pasu v\u0161ite elasti\u010dne trakove za prilagajanje \u0161irine, zaradi \u010desar se hla\u010de bolje prilegajo postavi &#8211; konica za pritrditev [&hellip;]<\/p>\n","protected":false},"featured_media":7199,"template":"","meta":[],"product_brand":[116],"product_cat":[41,117],"product_tag":[],"class_list":{"0":"post-3682","1":"product","2":"type-product","3":"status-publish","4":"has-post-thumbnail","6":"product_brand-l-hollman","7":"product_cat-hlace","8":"product_cat-zascita-telesa","10":"first","11":"instock","12":"taxable","13":"shipping-taxable","14":"purchasable","15":"product-type-variable"},"bundled_by":[],"bundle_stock_status":"instock","bundle_stock_quantity":1,"bundle_virtual":false,"bundle_layout":"","bundle_add_to_cart_form_location":"","bundle_editable_in_cart":false,"bundle_sold_individually_context":"","bundle_item_grouping":"","bundle_min_size":"","bundle_max_size":"","bundle_price":[],"bundled_items":[],"bundle_sell_ids":[],"group_of_quantity":0,"min_quantity":0,"max_quantity":"","exclude_order_quantity_value_rules":"no","exclude_category_quantity_rules":"no","combine_variations":"no","yoast_head":"<!-- This site is optimized with the Yoast SEO Premium plugin v23.9 (Yoast SEO v27.3) - https:\/\/yoast.com\/product\/yoast-seo-premium-wordpress\/ -->\n<title>L.HOLLMAN ZA\u0160\u010cITNE HLA\u010cE LH-THORVIS-T BC - AndPro<\/title>\n<meta name=\"robots\" content=\"index, follow, max-snippet:-1, max-image-preview:large, max-video-preview:-1\" \/>\n<link rel=\"canonical\" href=\"https:\/\/andpro.net\/sl\/product\/l-hollman-zascitne-hlace-lh-thorvis-t-bc\/\" \/>\n<meta property=\"og:locale\" content=\"sl_SI\" \/>\n<meta property=\"og:type\" content=\"article\" \/>\n<meta property=\"og:title\" content=\"L.HOLLMAN ZA\u0160\u010cITNE HLA\u010cE LH-THORVIS-T BC\" \/>\n<meta property=\"og:description\" content=\"THORVIS odsevne za\u0161\u010ditne delavske hla\u010de. &#8211; 80% poliester, 20% bomba\u017e &#8211; gramatura 270 g\/m2 &#8211; zapenjanje z gumbom in zadrgo &#8211; dva stranska \u017eepa &#8211; dva dvojna zadnja \u017eepa &#8211; trije \u017eepi na desni nogi &#8211; v pasu v\u0161ite elasti\u010dne trakove za prilagajanje \u0161irine, zaradi \u010desar se hla\u010de bolje prilegajo postavi &#8211; konica za pritrditev [&hellip;]\" \/>\n<meta property=\"og:url\" content=\"https:\/\/andpro.net\/sl\/product\/l-hollman-zascitne-hlace-lh-thorvis-t-bc\/\" \/>\n<meta property=\"og:site_name\" content=\"AndPro\" \/>\n<meta property=\"article:modified_time\" content=\"2025-07-20T11:56:18+00:00\" \/>\n<meta property=\"og:image\" content=\"https:\/\/andpro.net\/wp-content\/uploads\/2023\/12\/0047995808.jpg\" \/>\n\t<meta property=\"og:image:width\" content=\"607\" \/>\n\t<meta property=\"og:image:height\" content=\"1024\" \/>\n\t<meta property=\"og:image:type\" content=\"image\/jpeg\" \/>\n<meta name=\"twitter:card\" content=\"summary_large_image\" \/>\n<meta name=\"twitter:label1\" content=\"Est. reading time\" \/>\n\t<meta name=\"twitter:data1\" content=\"1 minuta\" \/>\n<script type=\"application\/ld+json\" class=\"yoast-schema-graph\">{\"@context\":\"https:\\\/\\\/schema.org\",\"@graph\":[{\"@type\":\"WebPage\",\"@id\":\"https:\\\/\\\/andpro.net\\\/product\\\/l-hollman-zascitne-hlace-lh-thorvis-t-bc\\\/\",\"url\":\"https:\\\/\\\/andpro.net\\\/product\\\/l-hollman-zascitne-hlace-lh-thorvis-t-bc\\\/\",\"name\":\"L.HOLLMAN ZA\u0160\u010cITNE HLA\u010cE LH-THORVIS-T BC - AndPro\",\"isPartOf\":{\"@id\":\"https:\\\/\\\/andpro.net\\\/de\\\/#website\"},\"primaryImageOfPage\":{\"@id\":\"https:\\\/\\\/andpro.net\\\/product\\\/l-hollman-zascitne-hlace-lh-thorvis-t-bc\\\/#primaryimage\"},\"image\":{\"@id\":\"https:\\\/\\\/andpro.net\\\/product\\\/l-hollman-zascitne-hlace-lh-thorvis-t-bc\\\/#primaryimage\"},\"thumbnailUrl\":\"https:\\\/\\\/andpro.net\\\/wp-content\\\/uploads\\\/2023\\\/12\\\/0047995808.jpg\",\"datePublished\":\"2023-12-18T10:53:38+00:00\",\"dateModified\":\"2025-07-20T11:56:18+00:00\",\"breadcrumb\":{\"@id\":\"https:\\\/\\\/andpro.net\\\/product\\\/l-hollman-zascitne-hlace-lh-thorvis-t-bc\\\/#breadcrumb\"},\"inLanguage\":\"sl-SI\",\"potentialAction\":[{\"@type\":\"ReadAction\",\"target\":[\"https:\\\/\\\/andpro.net\\\/product\\\/l-hollman-zascitne-hlace-lh-thorvis-t-bc\\\/\"]}]},{\"@type\":\"ImageObject\",\"inLanguage\":\"sl-SI\",\"@id\":\"https:\\\/\\\/andpro.net\\\/product\\\/l-hollman-zascitne-hlace-lh-thorvis-t-bc\\\/#primaryimage\",\"url\":\"https:\\\/\\\/andpro.net\\\/wp-content\\\/uploads\\\/2023\\\/12\\\/0047995808.jpg\",\"contentUrl\":\"https:\\\/\\\/andpro.net\\\/wp-content\\\/uploads\\\/2023\\\/12\\\/0047995808.jpg\",\"width\":607,\"height\":1024},{\"@type\":\"BreadcrumbList\",\"@id\":\"https:\\\/\\\/andpro.net\\\/product\\\/l-hollman-zascitne-hlace-lh-thorvis-t-bc\\\/#breadcrumb\",\"itemListElement\":[{\"@type\":\"ListItem\",\"position\":1,\"name\":\"Home\",\"item\":\"https:\\\/\\\/andpro.net\\\/\"},{\"@type\":\"ListItem\",\"position\":2,\"name\":\"Shop\",\"item\":\"https:\\\/\\\/andpro.net\\\/en\\\/shop\\\/\"},{\"@type\":\"ListItem\",\"position\":3,\"name\":\"L.HOLLMAN ZA\u0160\u010cITNE HLA\u010cE LH-THORVIS-T BC\"}]},{\"@type\":\"WebSite\",\"@id\":\"https:\\\/\\\/andpro.net\\\/de\\\/#website\",\"url\":\"https:\\\/\\\/andpro.net\\\/de\\\/\",\"name\":\"AndPro\",\"description\":\"The best decision\",\"publisher\":{\"@id\":\"https:\\\/\\\/andpro.net\\\/de\\\/#organization\"},\"potentialAction\":[{\"@type\":\"SearchAction\",\"target\":{\"@type\":\"EntryPoint\",\"urlTemplate\":\"https:\\\/\\\/andpro.net\\\/de\\\/?s={search_term_string}\"},\"query-input\":{\"@type\":\"PropertyValueSpecification\",\"valueRequired\":true,\"valueName\":\"search_term_string\"}}],\"inLanguage\":\"sl-SI\"},{\"@type\":\"Organization\",\"@id\":\"https:\\\/\\\/andpro.net\\\/de\\\/#organization\",\"name\":\"AndPro\",\"url\":\"https:\\\/\\\/andpro.net\\\/de\\\/\",\"logo\":{\"@type\":\"ImageObject\",\"inLanguage\":\"sl-SI\",\"@id\":\"https:\\\/\\\/andpro.net\\\/de\\\/#\\\/schema\\\/logo\\\/image\\\/\",\"url\":\"https:\\\/\\\/andpro.net\\\/wp-content\\\/uploads\\\/2023\\\/11\\\/logo_fix.png\",\"contentUrl\":\"https:\\\/\\\/andpro.net\\\/wp-content\\\/uploads\\\/2023\\\/11\\\/logo_fix.png\",\"width\":1244,\"height\":637,\"caption\":\"AndPro\"},\"image\":{\"@id\":\"https:\\\/\\\/andpro.net\\\/de\\\/#\\\/schema\\\/logo\\\/image\\\/\"}}]}<\/script>\n<!-- \/ Yoast SEO Premium plugin. -->","yoast_head_json":{"title":"L.HOLLMAN ZA\u0160\u010cITNE HLA\u010cE LH-THORVIS-T BC - AndPro","robots":{"index":"index","follow":"follow","max-snippet":"max-snippet:-1","max-image-preview":"max-image-preview:large","max-video-preview":"max-video-preview:-1"},"canonical":"https:\/\/andpro.net\/sl\/product\/l-hollman-zascitne-hlace-lh-thorvis-t-bc\/","og_locale":"sl_SI","og_type":"article","og_title":"L.HOLLMAN ZA\u0160\u010cITNE HLA\u010cE LH-THORVIS-T BC","og_description":"THORVIS odsevne za\u0161\u010ditne delavske hla\u010de. &#8211; 80% poliester, 20% bomba\u017e &#8211; gramatura 270 g\/m2 &#8211; zapenjanje z gumbom in zadrgo &#8211; dva stranska \u017eepa &#8211; dva dvojna zadnja \u017eepa &#8211; trije \u017eepi na desni nogi &#8211; v pasu v\u0161ite elasti\u010dne trakove za prilagajanje \u0161irine, zaradi \u010desar se hla\u010de bolje prilegajo postavi &#8211; konica za pritrditev [&hellip;]","og_url":"https:\/\/andpro.net\/sl\/product\/l-hollman-zascitne-hlace-lh-thorvis-t-bc\/","og_site_name":"AndPro","article_modified_time":"2025-07-20T11:56:18+00:00","og_image":[{"width":607,"height":1024,"url":"https:\/\/andpro.net\/wp-content\/uploads\/2023\/12\/0047995808.jpg","type":"image\/jpeg"}],"twitter_card":"summary_large_image","twitter_misc":{"Est. reading time":"1 minuta"},"schema":{"@context":"https:\/\/schema.org","@graph":[{"@type":"WebPage","@id":"https:\/\/andpro.net\/product\/l-hollman-zascitne-hlace-lh-thorvis-t-bc\/","url":"https:\/\/andpro.net\/product\/l-hollman-zascitne-hlace-lh-thorvis-t-bc\/","name":"L.HOLLMAN ZA\u0160\u010cITNE HLA\u010cE LH-THORVIS-T BC - AndPro","isPartOf":{"@id":"https:\/\/andpro.net\/de\/#website"},"primaryImageOfPage":{"@id":"https:\/\/andpro.net\/product\/l-hollman-zascitne-hlace-lh-thorvis-t-bc\/#primaryimage"},"image":{"@id":"https:\/\/andpro.net\/product\/l-hollman-zascitne-hlace-lh-thorvis-t-bc\/#primaryimage"},"thumbnailUrl":"https:\/\/andpro.net\/wp-content\/uploads\/2023\/12\/0047995808.jpg","datePublished":"2023-12-18T10:53:38+00:00","dateModified":"2025-07-20T11:56:18+00:00","breadcrumb":{"@id":"https:\/\/andpro.net\/product\/l-hollman-zascitne-hlace-lh-thorvis-t-bc\/#breadcrumb"},"inLanguage":"sl-SI","potentialAction":[{"@type":"ReadAction","target":["https:\/\/andpro.net\/product\/l-hollman-zascitne-hlace-lh-thorvis-t-bc\/"]}]},{"@type":"ImageObject","inLanguage":"sl-SI","@id":"https:\/\/andpro.net\/product\/l-hollman-zascitne-hlace-lh-thorvis-t-bc\/#primaryimage","url":"https:\/\/andpro.net\/wp-content\/uploads\/2023\/12\/0047995808.jpg","contentUrl":"https:\/\/andpro.net\/wp-content\/uploads\/2023\/12\/0047995808.jpg","width":607,"height":1024},{"@type":"BreadcrumbList","@id":"https:\/\/andpro.net\/product\/l-hollman-zascitne-hlace-lh-thorvis-t-bc\/#breadcrumb","itemListElement":[{"@type":"ListItem","position":1,"name":"Home","item":"https:\/\/andpro.net\/"},{"@type":"ListItem","position":2,"name":"Shop","item":"https:\/\/andpro.net\/en\/shop\/"},{"@type":"ListItem","position":3,"name":"L.HOLLMAN ZA\u0160\u010cITNE HLA\u010cE LH-THORVIS-T BC"}]},{"@type":"WebSite","@id":"https:\/\/andpro.net\/de\/#website","url":"https:\/\/andpro.net\/de\/","name":"AndPro","description":"The best decision","publisher":{"@id":"https:\/\/andpro.net\/de\/#organization"},"potentialAction":[{"@type":"SearchAction","target":{"@type":"EntryPoint","urlTemplate":"https:\/\/andpro.net\/de\/?s={search_term_string}"},"query-input":{"@type":"PropertyValueSpecification","valueRequired":true,"valueName":"search_term_string"}}],"inLanguage":"sl-SI"},{"@type":"Organization","@id":"https:\/\/andpro.net\/de\/#organization","name":"AndPro","url":"https:\/\/andpro.net\/de\/","logo":{"@type":"ImageObject","inLanguage":"sl-SI","@id":"https:\/\/andpro.net\/de\/#\/schema\/logo\/image\/","url":"https:\/\/andpro.net\/wp-content\/uploads\/2023\/11\/logo_fix.png","contentUrl":"https:\/\/andpro.net\/wp-content\/uploads\/2023\/11\/logo_fix.png","width":1244,"height":637,"caption":"AndPro"},"image":{"@id":"https:\/\/andpro.net\/de\/#\/schema\/logo\/image\/"}}]}},"_links":{"self":[{"href":"https:\/\/andpro.net\/sl\/wp-json\/wp\/v2\/product\/3682","targetHints":{"allow":["GET"]}}],"collection":[{"href":"https:\/\/andpro.net\/sl\/wp-json\/wp\/v2\/product"}],"about":[{"href":"https:\/\/andpro.net\/sl\/wp-json\/wp\/v2\/types\/product"}],"wp:featuredmedia":[{"embeddable":true,"href":"https:\/\/andpro.net\/sl\/wp-json\/wp\/v2\/media\/7199"}],"wp:attachment":[{"href":"https:\/\/andpro.net\/sl\/wp-json\/wp\/v2\/media?parent=3682"}],"wp:term":[{"taxonomy":"product_brand","embeddable":true,"href":"https:\/\/andpro.net\/sl\/wp-json\/wp\/v2\/product_brand?post=3682"},{"taxonomy":"product_cat","embeddable":true,"href":"https:\/\/andpro.net\/sl\/wp-json\/wp\/v2\/product_cat?post=3682"},{"taxonomy":"product_tag","embeddable":true,"href":"https:\/\/andpro.net\/sl\/wp-json\/wp\/v2\/product_tag?post=3682"}],"curies":[{"name":"wp","href":"https:\/\/api.w.org\/{rel}","templated":true}]}}