{"id":4814,"date":"2023-12-25T12:13:51","date_gmt":"2023-12-25T11:13:51","guid":{"rendered":"https:\/\/andpro.net\/?post_type=product&#038;p=4814"},"modified":"2025-07-20T12:45:55","modified_gmt":"2025-07-20T11:45:55","slug":"reis-zascitna-srajca-bomullx-j","status":"publish","type":"product","link":"https:\/\/andpro.net\/sl\/product\/reis-zascitna-srajca-bomullx-j\/","title":{"rendered":"REIS ZA\u0160\u010cITNA SRAJCA BOMULLX-J"},"content":{"rendered":"<p>BOMULLX za\u0161\u010ditna delavska srajca<\/p>\n<p>&nbsp;<\/p>\n<p>Tkanina: 100% bomba\u017e<\/p>\n<p>Gramatura 260-270 g\/m\u00b2<\/p>\n<p>zapenjanje z gumbi<\/p>\n<p>trije prsni \u017eepi z gumbi in je\u017ekom<\/p>\n<p>dva \u017eepa na straneh spodaj<\/p>\n<p>dodaten \u017eep za mobilni telefon na rokavu jopice<\/p>\n<p>Man\u0161ete z zapiranjem na gumb<\/p>\n<p>Elasti\u010dni trak na spodnjem delu jopice, zaradi \u010desar jopica ne \u0161trli in se bolje prilagaja uporabniku<\/p>\n<p>Za bolj\u0161o vidljivost poskrbijo odsevni trakovi<\/p>\n<p><strong>EN ISO 12947-2<\/strong><\/p>\n<p><strong>EN ISO 13688<\/strong><\/p>\n","protected":false},"excerpt":{"rendered":"<p>BOMULLX za\u0161\u010ditna delavska srajca &nbsp; Tkanina: 100% bomba\u017e Gramatura 260-270 g\/m\u00b2 zapenjanje z gumbi trije prsni \u017eepi z gumbi in je\u017ekom dva \u017eepa na straneh spodaj dodaten \u017eep za mobilni telefon na rokavu jopice Man\u0161ete z zapiranjem na gumb Elasti\u010dni trak na spodnjem delu jopice, zaradi \u010desar jopica ne \u0161trli in se bolje prilagaja uporabniku [&hellip;]<\/p>\n","protected":false},"featured_media":4830,"template":"","meta":[],"product_brand":[],"product_cat":[21,44,117],"product_tag":[],"class_list":{"0":"post-4814","1":"product","2":"type-product","3":"status-publish","4":"has-post-thumbnail","6":"product_cat-oblacila","7":"product_cat-jakne","8":"product_cat-zascita-telesa","10":"first","11":"instock","12":"taxable","13":"shipping-taxable","14":"purchasable","15":"product-type-variable"},"bundled_by":[],"bundle_stock_status":"instock","bundle_stock_quantity":1,"bundle_virtual":false,"bundle_layout":"","bundle_add_to_cart_form_location":"","bundle_editable_in_cart":false,"bundle_sold_individually_context":"","bundle_item_grouping":"","bundle_min_size":"","bundle_max_size":"","bundle_price":[],"bundled_items":[],"bundle_sell_ids":[],"group_of_quantity":0,"min_quantity":0,"max_quantity":"","exclude_order_quantity_value_rules":"no","exclude_category_quantity_rules":"no","combine_variations":"no","yoast_head":"<!-- This site is optimized with the Yoast SEO Premium plugin v23.9 (Yoast SEO v27.3) - https:\/\/yoast.com\/product\/yoast-seo-premium-wordpress\/ -->\n<title>REIS ZA\u0160\u010cITNA SRAJCA BOMULLX-J - AndPro<\/title>\n<meta name=\"robots\" content=\"index, follow, max-snippet:-1, max-image-preview:large, max-video-preview:-1\" \/>\n<link rel=\"canonical\" href=\"https:\/\/andpro.net\/sl\/product\/reis-zascitna-srajca-bomullx-j\/\" \/>\n<meta property=\"og:locale\" content=\"sl_SI\" \/>\n<meta property=\"og:type\" content=\"article\" \/>\n<meta property=\"og:title\" content=\"REIS ZA\u0160\u010cITNA SRAJCA BOMULLX-J\" \/>\n<meta property=\"og:description\" content=\"BOMULLX za\u0161\u010ditna delavska srajca &nbsp; Tkanina: 100% bomba\u017e Gramatura 260-270 g\/m\u00b2 zapenjanje z gumbi trije prsni \u017eepi z gumbi in je\u017ekom dva \u017eepa na straneh spodaj dodaten \u017eep za mobilni telefon na rokavu jopice Man\u0161ete z zapiranjem na gumb Elasti\u010dni trak na spodnjem delu jopice, zaradi \u010desar jopica ne \u0161trli in se bolje prilagaja uporabniku [&hellip;]\" \/>\n<meta property=\"og:url\" content=\"https:\/\/andpro.net\/sl\/product\/reis-zascitna-srajca-bomullx-j\/\" \/>\n<meta property=\"og:site_name\" content=\"AndPro\" \/>\n<meta property=\"article:modified_time\" content=\"2025-07-20T11:45:55+00:00\" \/>\n<meta property=\"og:image\" content=\"https:\/\/andpro.net\/wp-content\/uploads\/2023\/12\/0046075200.jpg\" \/>\n\t<meta property=\"og:image:width\" content=\"598\" \/>\n\t<meta property=\"og:image:height\" content=\"1024\" \/>\n\t<meta property=\"og:image:type\" content=\"image\/jpeg\" \/>\n<meta name=\"twitter:card\" content=\"summary_large_image\" \/>\n<meta name=\"twitter:label1\" content=\"Est. reading time\" \/>\n\t<meta name=\"twitter:data1\" content=\"1 minuta\" \/>\n<script type=\"application\/ld+json\" class=\"yoast-schema-graph\">{\"@context\":\"https:\\\/\\\/schema.org\",\"@graph\":[{\"@type\":\"WebPage\",\"@id\":\"https:\\\/\\\/andpro.net\\\/product\\\/reis-zascitna-srajca-bomullx-j\\\/\",\"url\":\"https:\\\/\\\/andpro.net\\\/product\\\/reis-zascitna-srajca-bomullx-j\\\/\",\"name\":\"REIS ZA\u0160\u010cITNA SRAJCA BOMULLX-J - AndPro\",\"isPartOf\":{\"@id\":\"https:\\\/\\\/andpro.net\\\/de\\\/#website\"},\"primaryImageOfPage\":{\"@id\":\"https:\\\/\\\/andpro.net\\\/product\\\/reis-zascitna-srajca-bomullx-j\\\/#primaryimage\"},\"image\":{\"@id\":\"https:\\\/\\\/andpro.net\\\/product\\\/reis-zascitna-srajca-bomullx-j\\\/#primaryimage\"},\"thumbnailUrl\":\"https:\\\/\\\/andpro.net\\\/wp-content\\\/uploads\\\/2023\\\/12\\\/0046075200.jpg\",\"datePublished\":\"2023-12-25T11:13:51+00:00\",\"dateModified\":\"2025-07-20T11:45:55+00:00\",\"breadcrumb\":{\"@id\":\"https:\\\/\\\/andpro.net\\\/product\\\/reis-zascitna-srajca-bomullx-j\\\/#breadcrumb\"},\"inLanguage\":\"sl-SI\",\"potentialAction\":[{\"@type\":\"ReadAction\",\"target\":[\"https:\\\/\\\/andpro.net\\\/product\\\/reis-zascitna-srajca-bomullx-j\\\/\"]}]},{\"@type\":\"ImageObject\",\"inLanguage\":\"sl-SI\",\"@id\":\"https:\\\/\\\/andpro.net\\\/product\\\/reis-zascitna-srajca-bomullx-j\\\/#primaryimage\",\"url\":\"https:\\\/\\\/andpro.net\\\/wp-content\\\/uploads\\\/2023\\\/12\\\/0046075200.jpg\",\"contentUrl\":\"https:\\\/\\\/andpro.net\\\/wp-content\\\/uploads\\\/2023\\\/12\\\/0046075200.jpg\",\"width\":598,\"height\":1024},{\"@type\":\"BreadcrumbList\",\"@id\":\"https:\\\/\\\/andpro.net\\\/product\\\/reis-zascitna-srajca-bomullx-j\\\/#breadcrumb\",\"itemListElement\":[{\"@type\":\"ListItem\",\"position\":1,\"name\":\"Home\",\"item\":\"https:\\\/\\\/andpro.net\\\/\"},{\"@type\":\"ListItem\",\"position\":2,\"name\":\"Shop\",\"item\":\"https:\\\/\\\/andpro.net\\\/en\\\/shop\\\/\"},{\"@type\":\"ListItem\",\"position\":3,\"name\":\"REIS ZA\u0160\u010cITNA SRAJCA BOMULLX-J\"}]},{\"@type\":\"WebSite\",\"@id\":\"https:\\\/\\\/andpro.net\\\/de\\\/#website\",\"url\":\"https:\\\/\\\/andpro.net\\\/de\\\/\",\"name\":\"AndPro\",\"description\":\"The best decision\",\"publisher\":{\"@id\":\"https:\\\/\\\/andpro.net\\\/de\\\/#organization\"},\"potentialAction\":[{\"@type\":\"SearchAction\",\"target\":{\"@type\":\"EntryPoint\",\"urlTemplate\":\"https:\\\/\\\/andpro.net\\\/de\\\/?s={search_term_string}\"},\"query-input\":{\"@type\":\"PropertyValueSpecification\",\"valueRequired\":true,\"valueName\":\"search_term_string\"}}],\"inLanguage\":\"sl-SI\"},{\"@type\":\"Organization\",\"@id\":\"https:\\\/\\\/andpro.net\\\/de\\\/#organization\",\"name\":\"AndPro\",\"url\":\"https:\\\/\\\/andpro.net\\\/de\\\/\",\"logo\":{\"@type\":\"ImageObject\",\"inLanguage\":\"sl-SI\",\"@id\":\"https:\\\/\\\/andpro.net\\\/de\\\/#\\\/schema\\\/logo\\\/image\\\/\",\"url\":\"https:\\\/\\\/andpro.net\\\/wp-content\\\/uploads\\\/2023\\\/11\\\/logo_fix.png\",\"contentUrl\":\"https:\\\/\\\/andpro.net\\\/wp-content\\\/uploads\\\/2023\\\/11\\\/logo_fix.png\",\"width\":1244,\"height\":637,\"caption\":\"AndPro\"},\"image\":{\"@id\":\"https:\\\/\\\/andpro.net\\\/de\\\/#\\\/schema\\\/logo\\\/image\\\/\"}}]}<\/script>\n<!-- \/ Yoast SEO Premium plugin. -->","yoast_head_json":{"title":"REIS ZA\u0160\u010cITNA SRAJCA BOMULLX-J - AndPro","robots":{"index":"index","follow":"follow","max-snippet":"max-snippet:-1","max-image-preview":"max-image-preview:large","max-video-preview":"max-video-preview:-1"},"canonical":"https:\/\/andpro.net\/sl\/product\/reis-zascitna-srajca-bomullx-j\/","og_locale":"sl_SI","og_type":"article","og_title":"REIS ZA\u0160\u010cITNA SRAJCA BOMULLX-J","og_description":"BOMULLX za\u0161\u010ditna delavska srajca &nbsp; Tkanina: 100% bomba\u017e Gramatura 260-270 g\/m\u00b2 zapenjanje z gumbi trije prsni \u017eepi z gumbi in je\u017ekom dva \u017eepa na straneh spodaj dodaten \u017eep za mobilni telefon na rokavu jopice Man\u0161ete z zapiranjem na gumb Elasti\u010dni trak na spodnjem delu jopice, zaradi \u010desar jopica ne \u0161trli in se bolje prilagaja uporabniku [&hellip;]","og_url":"https:\/\/andpro.net\/sl\/product\/reis-zascitna-srajca-bomullx-j\/","og_site_name":"AndPro","article_modified_time":"2025-07-20T11:45:55+00:00","og_image":[{"width":598,"height":1024,"url":"https:\/\/andpro.net\/wp-content\/uploads\/2023\/12\/0046075200.jpg","type":"image\/jpeg"}],"twitter_card":"summary_large_image","twitter_misc":{"Est. reading time":"1 minuta"},"schema":{"@context":"https:\/\/schema.org","@graph":[{"@type":"WebPage","@id":"https:\/\/andpro.net\/product\/reis-zascitna-srajca-bomullx-j\/","url":"https:\/\/andpro.net\/product\/reis-zascitna-srajca-bomullx-j\/","name":"REIS ZA\u0160\u010cITNA SRAJCA BOMULLX-J - AndPro","isPartOf":{"@id":"https:\/\/andpro.net\/de\/#website"},"primaryImageOfPage":{"@id":"https:\/\/andpro.net\/product\/reis-zascitna-srajca-bomullx-j\/#primaryimage"},"image":{"@id":"https:\/\/andpro.net\/product\/reis-zascitna-srajca-bomullx-j\/#primaryimage"},"thumbnailUrl":"https:\/\/andpro.net\/wp-content\/uploads\/2023\/12\/0046075200.jpg","datePublished":"2023-12-25T11:13:51+00:00","dateModified":"2025-07-20T11:45:55+00:00","breadcrumb":{"@id":"https:\/\/andpro.net\/product\/reis-zascitna-srajca-bomullx-j\/#breadcrumb"},"inLanguage":"sl-SI","potentialAction":[{"@type":"ReadAction","target":["https:\/\/andpro.net\/product\/reis-zascitna-srajca-bomullx-j\/"]}]},{"@type":"ImageObject","inLanguage":"sl-SI","@id":"https:\/\/andpro.net\/product\/reis-zascitna-srajca-bomullx-j\/#primaryimage","url":"https:\/\/andpro.net\/wp-content\/uploads\/2023\/12\/0046075200.jpg","contentUrl":"https:\/\/andpro.net\/wp-content\/uploads\/2023\/12\/0046075200.jpg","width":598,"height":1024},{"@type":"BreadcrumbList","@id":"https:\/\/andpro.net\/product\/reis-zascitna-srajca-bomullx-j\/#breadcrumb","itemListElement":[{"@type":"ListItem","position":1,"name":"Home","item":"https:\/\/andpro.net\/"},{"@type":"ListItem","position":2,"name":"Shop","item":"https:\/\/andpro.net\/en\/shop\/"},{"@type":"ListItem","position":3,"name":"REIS ZA\u0160\u010cITNA SRAJCA BOMULLX-J"}]},{"@type":"WebSite","@id":"https:\/\/andpro.net\/de\/#website","url":"https:\/\/andpro.net\/de\/","name":"AndPro","description":"The best decision","publisher":{"@id":"https:\/\/andpro.net\/de\/#organization"},"potentialAction":[{"@type":"SearchAction","target":{"@type":"EntryPoint","urlTemplate":"https:\/\/andpro.net\/de\/?s={search_term_string}"},"query-input":{"@type":"PropertyValueSpecification","valueRequired":true,"valueName":"search_term_string"}}],"inLanguage":"sl-SI"},{"@type":"Organization","@id":"https:\/\/andpro.net\/de\/#organization","name":"AndPro","url":"https:\/\/andpro.net\/de\/","logo":{"@type":"ImageObject","inLanguage":"sl-SI","@id":"https:\/\/andpro.net\/de\/#\/schema\/logo\/image\/","url":"https:\/\/andpro.net\/wp-content\/uploads\/2023\/11\/logo_fix.png","contentUrl":"https:\/\/andpro.net\/wp-content\/uploads\/2023\/11\/logo_fix.png","width":1244,"height":637,"caption":"AndPro"},"image":{"@id":"https:\/\/andpro.net\/de\/#\/schema\/logo\/image\/"}}]}},"_links":{"self":[{"href":"https:\/\/andpro.net\/sl\/wp-json\/wp\/v2\/product\/4814","targetHints":{"allow":["GET"]}}],"collection":[{"href":"https:\/\/andpro.net\/sl\/wp-json\/wp\/v2\/product"}],"about":[{"href":"https:\/\/andpro.net\/sl\/wp-json\/wp\/v2\/types\/product"}],"wp:featuredmedia":[{"embeddable":true,"href":"https:\/\/andpro.net\/sl\/wp-json\/wp\/v2\/media\/4830"}],"wp:attachment":[{"href":"https:\/\/andpro.net\/sl\/wp-json\/wp\/v2\/media?parent=4814"}],"wp:term":[{"taxonomy":"product_brand","embeddable":true,"href":"https:\/\/andpro.net\/sl\/wp-json\/wp\/v2\/product_brand?post=4814"},{"taxonomy":"product_cat","embeddable":true,"href":"https:\/\/andpro.net\/sl\/wp-json\/wp\/v2\/product_cat?post=4814"},{"taxonomy":"product_tag","embeddable":true,"href":"https:\/\/andpro.net\/sl\/wp-json\/wp\/v2\/product_tag?post=4814"}],"curies":[{"name":"wp","href":"https:\/\/api.w.org\/{rel}","templated":true}]}}