{"id":5854,"date":"2024-01-03T08:23:12","date_gmt":"2024-01-03T07:23:12","guid":{"rendered":"https:\/\/andpro.net\/?post_type=product&#038;p=5854"},"modified":"2025-07-20T12:28:13","modified_gmt":"2025-07-20T11:28:13","slug":"ogrifox-zascitna-celada-ox-bumper-54-59","status":"publish","type":"product","link":"https:\/\/andpro.net\/sl\/product\/ogrifox-zascitna-celada-ox-bumper-54-59\/","title":{"rendered":"OGRIFOX ZA\u0160\u010cITNA \u010cELADA OX-BUMPER 54-59"},"content":{"rendered":"<p>Industrijska lahka \u010delada.<\/p>\n<p>&nbsp;<\/p>\n<p>Material kape 100% bomba\u017e<\/p>\n<p>Ohi\u0161je iz ABS plastike<\/p>\n<p>Sistem za bla\u017eenje udarcev: Zunanja in notranja blazinica EVA ubla\u017eita udarce ob udarcu<\/p>\n<p>Priro\u010dna nastavitev obsega z je\u017ekom, tako da lahko velikost kape prilagodite obsegu glave<\/p>\n<p>Ob straneh sta dve luknji za bolj\u0161e prezra\u010devanje<\/p>\n<p>Mo\u017enost odstranitve za\u0161\u010ditnega vlo\u017eka, ki omogo\u010da pranje zunanjega pokrova za higieno in podalj\u0161anje \u017eivljenjske dobe<\/p>\n<p>Zagotavlja osnovno za\u0161\u010dito glave pred udarci ob trde, trdne predmete dolo\u010dene ostrine, ki lahko povzro\u010dijo po\u0161kodbe ali druge povr\u0161inske po\u0161kodbe.<\/p>\n","protected":false},"excerpt":{"rendered":"<p>Industrijska lahka \u010delada. &nbsp; Material kape 100% bomba\u017e Ohi\u0161je iz ABS plastike Sistem za bla\u017eenje udarcev: Zunanja in notranja blazinica EVA ubla\u017eita udarce ob udarcu Priro\u010dna nastavitev obsega z je\u017ekom, tako da lahko velikost kape prilagodite obsegu glave Ob straneh sta dve luknji za bolj\u0161e prezra\u010devanje Mo\u017enost odstranitve za\u0161\u010ditnega vlo\u017eka, ki omogo\u010da pranje zunanjega pokrova [&hellip;]<\/p>\n","protected":false},"featured_media":5857,"template":"","meta":[],"product_brand":[],"product_cat":[24,128],"product_tag":[],"class_list":{"0":"post-5854","1":"product","2":"type-product","3":"status-publish","4":"has-post-thumbnail","6":"product_cat-zascita-glave","7":"product_cat-zascita-za-glavo","9":"first","10":"onbackorder","11":"taxable","12":"shipping-taxable","13":"purchasable","14":"product-type-variable"},"bundled_by":[],"bundle_stock_status":"onbackorder","bundle_stock_quantity":null,"bundle_virtual":false,"bundle_layout":"","bundle_add_to_cart_form_location":"","bundle_editable_in_cart":false,"bundle_sold_individually_context":"","bundle_item_grouping":"","bundle_min_size":"","bundle_max_size":"","bundle_price":[],"bundled_items":[],"bundle_sell_ids":[],"group_of_quantity":0,"min_quantity":0,"max_quantity":"","exclude_order_quantity_value_rules":"no","exclude_category_quantity_rules":"no","combine_variations":"no","yoast_head":"<!-- This site is optimized with the Yoast SEO Premium plugin v23.9 (Yoast SEO v27.3) - https:\/\/yoast.com\/product\/yoast-seo-premium-wordpress\/ -->\n<title>OGRIFOX ZA\u0160\u010cITNA \u010cELADA OX-BUMPER 54-59 - AndPro<\/title>\n<meta name=\"robots\" content=\"index, follow, max-snippet:-1, max-image-preview:large, max-video-preview:-1\" \/>\n<link rel=\"canonical\" href=\"https:\/\/andpro.net\/sl\/product\/ogrifox-zascitna-celada-ox-bumper-54-59\/\" \/>\n<meta property=\"og:locale\" content=\"sl_SI\" \/>\n<meta property=\"og:type\" content=\"article\" \/>\n<meta property=\"og:title\" content=\"OGRIFOX ZA\u0160\u010cITNA \u010cELADA OX-BUMPER 54-59\" \/>\n<meta property=\"og:description\" content=\"Industrijska lahka \u010delada. &nbsp; Material kape 100% bomba\u017e Ohi\u0161je iz ABS plastike Sistem za bla\u017eenje udarcev: Zunanja in notranja blazinica EVA ubla\u017eita udarce ob udarcu Priro\u010dna nastavitev obsega z je\u017ekom, tako da lahko velikost kape prilagodite obsegu glave Ob straneh sta dve luknji za bolj\u0161e prezra\u010devanje Mo\u017enost odstranitve za\u0161\u010ditnega vlo\u017eka, ki omogo\u010da pranje zunanjega pokrova [&hellip;]\" \/>\n<meta property=\"og:url\" content=\"https:\/\/andpro.net\/sl\/product\/ogrifox-zascitna-celada-ox-bumper-54-59\/\" \/>\n<meta property=\"og:site_name\" content=\"AndPro\" \/>\n<meta property=\"article:modified_time\" content=\"2025-07-20T11:28:13+00:00\" \/>\n<meta property=\"og:image\" content=\"https:\/\/andpro.net\/wp-content\/uploads\/2024\/01\/0058587584.jpg\" \/>\n\t<meta property=\"og:image:width\" content=\"1024\" \/>\n\t<meta property=\"og:image:height\" content=\"735\" \/>\n\t<meta property=\"og:image:type\" content=\"image\/jpeg\" \/>\n<meta name=\"twitter:card\" content=\"summary_large_image\" \/>\n<meta name=\"twitter:label1\" content=\"Est. reading time\" \/>\n\t<meta name=\"twitter:data1\" content=\"1 minuta\" \/>\n<script type=\"application\/ld+json\" class=\"yoast-schema-graph\">{\"@context\":\"https:\\\/\\\/schema.org\",\"@graph\":[{\"@type\":\"WebPage\",\"@id\":\"https:\\\/\\\/andpro.net\\\/product\\\/ogrifox-zascitna-celada-ox-bumper-54-59\\\/\",\"url\":\"https:\\\/\\\/andpro.net\\\/product\\\/ogrifox-zascitna-celada-ox-bumper-54-59\\\/\",\"name\":\"OGRIFOX ZA\u0160\u010cITNA \u010cELADA OX-BUMPER 54-59 - AndPro\",\"isPartOf\":{\"@id\":\"https:\\\/\\\/andpro.net\\\/de\\\/#website\"},\"primaryImageOfPage\":{\"@id\":\"https:\\\/\\\/andpro.net\\\/product\\\/ogrifox-zascitna-celada-ox-bumper-54-59\\\/#primaryimage\"},\"image\":{\"@id\":\"https:\\\/\\\/andpro.net\\\/product\\\/ogrifox-zascitna-celada-ox-bumper-54-59\\\/#primaryimage\"},\"thumbnailUrl\":\"https:\\\/\\\/andpro.net\\\/wp-content\\\/uploads\\\/2024\\\/01\\\/0058587584.jpg\",\"datePublished\":\"2024-01-03T07:23:12+00:00\",\"dateModified\":\"2025-07-20T11:28:13+00:00\",\"breadcrumb\":{\"@id\":\"https:\\\/\\\/andpro.net\\\/product\\\/ogrifox-zascitna-celada-ox-bumper-54-59\\\/#breadcrumb\"},\"inLanguage\":\"sl-SI\",\"potentialAction\":[{\"@type\":\"ReadAction\",\"target\":[\"https:\\\/\\\/andpro.net\\\/product\\\/ogrifox-zascitna-celada-ox-bumper-54-59\\\/\"]}]},{\"@type\":\"ImageObject\",\"inLanguage\":\"sl-SI\",\"@id\":\"https:\\\/\\\/andpro.net\\\/product\\\/ogrifox-zascitna-celada-ox-bumper-54-59\\\/#primaryimage\",\"url\":\"https:\\\/\\\/andpro.net\\\/wp-content\\\/uploads\\\/2024\\\/01\\\/0058587584.jpg\",\"contentUrl\":\"https:\\\/\\\/andpro.net\\\/wp-content\\\/uploads\\\/2024\\\/01\\\/0058587584.jpg\",\"width\":1024,\"height\":735},{\"@type\":\"BreadcrumbList\",\"@id\":\"https:\\\/\\\/andpro.net\\\/product\\\/ogrifox-zascitna-celada-ox-bumper-54-59\\\/#breadcrumb\",\"itemListElement\":[{\"@type\":\"ListItem\",\"position\":1,\"name\":\"Home\",\"item\":\"https:\\\/\\\/andpro.net\\\/\"},{\"@type\":\"ListItem\",\"position\":2,\"name\":\"Shop\",\"item\":\"https:\\\/\\\/andpro.net\\\/en\\\/shop\\\/\"},{\"@type\":\"ListItem\",\"position\":3,\"name\":\"OGRIFOX ZA\u0160\u010cITNA \u010cELADA OX-BUMPER 54-59\"}]},{\"@type\":\"WebSite\",\"@id\":\"https:\\\/\\\/andpro.net\\\/de\\\/#website\",\"url\":\"https:\\\/\\\/andpro.net\\\/de\\\/\",\"name\":\"AndPro\",\"description\":\"The best decision\",\"publisher\":{\"@id\":\"https:\\\/\\\/andpro.net\\\/de\\\/#organization\"},\"potentialAction\":[{\"@type\":\"SearchAction\",\"target\":{\"@type\":\"EntryPoint\",\"urlTemplate\":\"https:\\\/\\\/andpro.net\\\/de\\\/?s={search_term_string}\"},\"query-input\":{\"@type\":\"PropertyValueSpecification\",\"valueRequired\":true,\"valueName\":\"search_term_string\"}}],\"inLanguage\":\"sl-SI\"},{\"@type\":\"Organization\",\"@id\":\"https:\\\/\\\/andpro.net\\\/de\\\/#organization\",\"name\":\"AndPro\",\"url\":\"https:\\\/\\\/andpro.net\\\/de\\\/\",\"logo\":{\"@type\":\"ImageObject\",\"inLanguage\":\"sl-SI\",\"@id\":\"https:\\\/\\\/andpro.net\\\/de\\\/#\\\/schema\\\/logo\\\/image\\\/\",\"url\":\"https:\\\/\\\/andpro.net\\\/wp-content\\\/uploads\\\/2023\\\/11\\\/logo_fix.png\",\"contentUrl\":\"https:\\\/\\\/andpro.net\\\/wp-content\\\/uploads\\\/2023\\\/11\\\/logo_fix.png\",\"width\":1244,\"height\":637,\"caption\":\"AndPro\"},\"image\":{\"@id\":\"https:\\\/\\\/andpro.net\\\/de\\\/#\\\/schema\\\/logo\\\/image\\\/\"}}]}<\/script>\n<!-- \/ Yoast SEO Premium plugin. -->","yoast_head_json":{"title":"OGRIFOX ZA\u0160\u010cITNA \u010cELADA OX-BUMPER 54-59 - AndPro","robots":{"index":"index","follow":"follow","max-snippet":"max-snippet:-1","max-image-preview":"max-image-preview:large","max-video-preview":"max-video-preview:-1"},"canonical":"https:\/\/andpro.net\/sl\/product\/ogrifox-zascitna-celada-ox-bumper-54-59\/","og_locale":"sl_SI","og_type":"article","og_title":"OGRIFOX ZA\u0160\u010cITNA \u010cELADA OX-BUMPER 54-59","og_description":"Industrijska lahka \u010delada. &nbsp; Material kape 100% bomba\u017e Ohi\u0161je iz ABS plastike Sistem za bla\u017eenje udarcev: Zunanja in notranja blazinica EVA ubla\u017eita udarce ob udarcu Priro\u010dna nastavitev obsega z je\u017ekom, tako da lahko velikost kape prilagodite obsegu glave Ob straneh sta dve luknji za bolj\u0161e prezra\u010devanje Mo\u017enost odstranitve za\u0161\u010ditnega vlo\u017eka, ki omogo\u010da pranje zunanjega pokrova [&hellip;]","og_url":"https:\/\/andpro.net\/sl\/product\/ogrifox-zascitna-celada-ox-bumper-54-59\/","og_site_name":"AndPro","article_modified_time":"2025-07-20T11:28:13+00:00","og_image":[{"width":1024,"height":735,"url":"https:\/\/andpro.net\/wp-content\/uploads\/2024\/01\/0058587584.jpg","type":"image\/jpeg"}],"twitter_card":"summary_large_image","twitter_misc":{"Est. reading time":"1 minuta"},"schema":{"@context":"https:\/\/schema.org","@graph":[{"@type":"WebPage","@id":"https:\/\/andpro.net\/product\/ogrifox-zascitna-celada-ox-bumper-54-59\/","url":"https:\/\/andpro.net\/product\/ogrifox-zascitna-celada-ox-bumper-54-59\/","name":"OGRIFOX ZA\u0160\u010cITNA \u010cELADA OX-BUMPER 54-59 - AndPro","isPartOf":{"@id":"https:\/\/andpro.net\/de\/#website"},"primaryImageOfPage":{"@id":"https:\/\/andpro.net\/product\/ogrifox-zascitna-celada-ox-bumper-54-59\/#primaryimage"},"image":{"@id":"https:\/\/andpro.net\/product\/ogrifox-zascitna-celada-ox-bumper-54-59\/#primaryimage"},"thumbnailUrl":"https:\/\/andpro.net\/wp-content\/uploads\/2024\/01\/0058587584.jpg","datePublished":"2024-01-03T07:23:12+00:00","dateModified":"2025-07-20T11:28:13+00:00","breadcrumb":{"@id":"https:\/\/andpro.net\/product\/ogrifox-zascitna-celada-ox-bumper-54-59\/#breadcrumb"},"inLanguage":"sl-SI","potentialAction":[{"@type":"ReadAction","target":["https:\/\/andpro.net\/product\/ogrifox-zascitna-celada-ox-bumper-54-59\/"]}]},{"@type":"ImageObject","inLanguage":"sl-SI","@id":"https:\/\/andpro.net\/product\/ogrifox-zascitna-celada-ox-bumper-54-59\/#primaryimage","url":"https:\/\/andpro.net\/wp-content\/uploads\/2024\/01\/0058587584.jpg","contentUrl":"https:\/\/andpro.net\/wp-content\/uploads\/2024\/01\/0058587584.jpg","width":1024,"height":735},{"@type":"BreadcrumbList","@id":"https:\/\/andpro.net\/product\/ogrifox-zascitna-celada-ox-bumper-54-59\/#breadcrumb","itemListElement":[{"@type":"ListItem","position":1,"name":"Home","item":"https:\/\/andpro.net\/"},{"@type":"ListItem","position":2,"name":"Shop","item":"https:\/\/andpro.net\/en\/shop\/"},{"@type":"ListItem","position":3,"name":"OGRIFOX ZA\u0160\u010cITNA \u010cELADA OX-BUMPER 54-59"}]},{"@type":"WebSite","@id":"https:\/\/andpro.net\/de\/#website","url":"https:\/\/andpro.net\/de\/","name":"AndPro","description":"The best decision","publisher":{"@id":"https:\/\/andpro.net\/de\/#organization"},"potentialAction":[{"@type":"SearchAction","target":{"@type":"EntryPoint","urlTemplate":"https:\/\/andpro.net\/de\/?s={search_term_string}"},"query-input":{"@type":"PropertyValueSpecification","valueRequired":true,"valueName":"search_term_string"}}],"inLanguage":"sl-SI"},{"@type":"Organization","@id":"https:\/\/andpro.net\/de\/#organization","name":"AndPro","url":"https:\/\/andpro.net\/de\/","logo":{"@type":"ImageObject","inLanguage":"sl-SI","@id":"https:\/\/andpro.net\/de\/#\/schema\/logo\/image\/","url":"https:\/\/andpro.net\/wp-content\/uploads\/2023\/11\/logo_fix.png","contentUrl":"https:\/\/andpro.net\/wp-content\/uploads\/2023\/11\/logo_fix.png","width":1244,"height":637,"caption":"AndPro"},"image":{"@id":"https:\/\/andpro.net\/de\/#\/schema\/logo\/image\/"}}]}},"_links":{"self":[{"href":"https:\/\/andpro.net\/sl\/wp-json\/wp\/v2\/product\/5854","targetHints":{"allow":["GET"]}}],"collection":[{"href":"https:\/\/andpro.net\/sl\/wp-json\/wp\/v2\/product"}],"about":[{"href":"https:\/\/andpro.net\/sl\/wp-json\/wp\/v2\/types\/product"}],"wp:featuredmedia":[{"embeddable":true,"href":"https:\/\/andpro.net\/sl\/wp-json\/wp\/v2\/media\/5857"}],"wp:attachment":[{"href":"https:\/\/andpro.net\/sl\/wp-json\/wp\/v2\/media?parent=5854"}],"wp:term":[{"taxonomy":"product_brand","embeddable":true,"href":"https:\/\/andpro.net\/sl\/wp-json\/wp\/v2\/product_brand?post=5854"},{"taxonomy":"product_cat","embeddable":true,"href":"https:\/\/andpro.net\/sl\/wp-json\/wp\/v2\/product_cat?post=5854"},{"taxonomy":"product_tag","embeddable":true,"href":"https:\/\/andpro.net\/sl\/wp-json\/wp\/v2\/product_tag?post=5854"}],"curies":[{"name":"wp","href":"https:\/\/api.w.org\/{rel}","templated":true}]}}