{"id":5859,"date":"2024-01-03T08:27:21","date_gmt":"2024-01-03T07:27:21","guid":{"rendered":"https:\/\/andpro.net\/?post_type=product&#038;p=5859"},"modified":"2025-07-20T12:28:04","modified_gmt":"2025-07-20T11:28:04","slug":"uvex-zascitna-celada-uxucap","status":"publish","type":"product","link":"https:\/\/andpro.net\/sl\/product\/uvex-zascitna-celada-uxucap\/","title":{"rendered":"UVEX ZA\u0160\u010cITNA \u010cELADA UXUCAP"},"content":{"rendered":"<p>Lahka industrijska \u010delada U-CAP SPORT.<\/p>\n<p>&nbsp;<\/p>\n<p>Trda lupina ABS z ergonomsko obliko in integriranimi elementi za bla\u017eenje udarcev zagotavlja varnost in udobje<\/p>\n<p>Z nastavljivo zaponko Velcro lahko kapo hitro in enostavno prilagodite<\/p>\n<p>Za\u0161\u010dita pred obrabo in udarci<\/p>\n<p>Ukrivljene stranice zagotavljajo varno in udobno prileganje pri uporabi glu\u0161nikov<\/p>\n<p>odsevni elementi okoli roba in dva glavna \u0161iva<\/p>\n<p>ustreza zahtevam standarda EN812<\/p>\n","protected":false},"excerpt":{"rendered":"<p>Lahka industrijska \u010delada U-CAP SPORT. &nbsp; Trda lupina ABS z ergonomsko obliko in integriranimi elementi za bla\u017eenje udarcev zagotavlja varnost in udobje Z nastavljivo zaponko Velcro lahko kapo hitro in enostavno prilagodite Za\u0161\u010dita pred obrabo in udarci Ukrivljene stranice zagotavljajo varno in udobno prileganje pri uporabi glu\u0161nikov odsevni elementi okoli roba in dva glavna \u0161iva [&hellip;]<\/p>\n","protected":false},"featured_media":5862,"template":"","meta":[],"product_brand":[],"product_cat":[24,128],"product_tag":[],"class_list":{"0":"post-5859","1":"product","2":"type-product","3":"status-publish","4":"has-post-thumbnail","6":"product_cat-zascita-glave","7":"product_cat-zascita-za-glavo","9":"first","10":"onbackorder","11":"taxable","12":"shipping-taxable","13":"purchasable","14":"product-type-variable"},"bundled_by":[],"bundle_stock_status":"onbackorder","bundle_stock_quantity":null,"bundle_virtual":false,"bundle_layout":"","bundle_add_to_cart_form_location":"","bundle_editable_in_cart":false,"bundle_sold_individually_context":"","bundle_item_grouping":"","bundle_min_size":"","bundle_max_size":"","bundle_price":[],"bundled_items":[],"bundle_sell_ids":[],"group_of_quantity":0,"min_quantity":0,"max_quantity":"","exclude_order_quantity_value_rules":"no","exclude_category_quantity_rules":"no","combine_variations":"no","yoast_head":"<!-- This site is optimized with the Yoast SEO Premium plugin v23.9 (Yoast SEO v27.3) - https:\/\/yoast.com\/product\/yoast-seo-premium-wordpress\/ -->\n<title>UVEX ZA\u0160\u010cITNA \u010cELADA UXUCAP - AndPro<\/title>\n<meta name=\"robots\" content=\"index, follow, max-snippet:-1, max-image-preview:large, max-video-preview:-1\" \/>\n<link rel=\"canonical\" href=\"https:\/\/andpro.net\/sl\/product\/uvex-zascitna-celada-uxucap\/\" \/>\n<meta property=\"og:locale\" content=\"sl_SI\" \/>\n<meta property=\"og:type\" content=\"article\" \/>\n<meta property=\"og:title\" content=\"UVEX ZA\u0160\u010cITNA \u010cELADA UXUCAP\" \/>\n<meta property=\"og:description\" content=\"Lahka industrijska \u010delada U-CAP SPORT. &nbsp; Trda lupina ABS z ergonomsko obliko in integriranimi elementi za bla\u017eenje udarcev zagotavlja varnost in udobje Z nastavljivo zaponko Velcro lahko kapo hitro in enostavno prilagodite Za\u0161\u010dita pred obrabo in udarci Ukrivljene stranice zagotavljajo varno in udobno prileganje pri uporabi glu\u0161nikov odsevni elementi okoli roba in dva glavna \u0161iva [&hellip;]\" \/>\n<meta property=\"og:url\" content=\"https:\/\/andpro.net\/sl\/product\/uvex-zascitna-celada-uxucap\/\" \/>\n<meta property=\"og:site_name\" content=\"AndPro\" \/>\n<meta property=\"article:modified_time\" content=\"2025-07-20T11:28:04+00:00\" \/>\n<meta property=\"og:image\" content=\"https:\/\/andpro.net\/wp-content\/uploads\/2024\/01\/0058714752.jpg\" \/>\n\t<meta property=\"og:image:width\" content=\"1024\" \/>\n\t<meta property=\"og:image:height\" content=\"779\" \/>\n\t<meta property=\"og:image:type\" content=\"image\/jpeg\" \/>\n<meta name=\"twitter:card\" content=\"summary_large_image\" \/>\n<script type=\"application\/ld+json\" class=\"yoast-schema-graph\">{\"@context\":\"https:\\\/\\\/schema.org\",\"@graph\":[{\"@type\":\"WebPage\",\"@id\":\"https:\\\/\\\/andpro.net\\\/product\\\/uvex-zascitna-celada-uxucap\\\/\",\"url\":\"https:\\\/\\\/andpro.net\\\/product\\\/uvex-zascitna-celada-uxucap\\\/\",\"name\":\"UVEX ZA\u0160\u010cITNA \u010cELADA UXUCAP - AndPro\",\"isPartOf\":{\"@id\":\"https:\\\/\\\/andpro.net\\\/de\\\/#website\"},\"primaryImageOfPage\":{\"@id\":\"https:\\\/\\\/andpro.net\\\/product\\\/uvex-zascitna-celada-uxucap\\\/#primaryimage\"},\"image\":{\"@id\":\"https:\\\/\\\/andpro.net\\\/product\\\/uvex-zascitna-celada-uxucap\\\/#primaryimage\"},\"thumbnailUrl\":\"https:\\\/\\\/andpro.net\\\/wp-content\\\/uploads\\\/2024\\\/01\\\/0058714752.jpg\",\"datePublished\":\"2024-01-03T07:27:21+00:00\",\"dateModified\":\"2025-07-20T11:28:04+00:00\",\"breadcrumb\":{\"@id\":\"https:\\\/\\\/andpro.net\\\/product\\\/uvex-zascitna-celada-uxucap\\\/#breadcrumb\"},\"inLanguage\":\"sl-SI\",\"potentialAction\":[{\"@type\":\"ReadAction\",\"target\":[\"https:\\\/\\\/andpro.net\\\/product\\\/uvex-zascitna-celada-uxucap\\\/\"]}]},{\"@type\":\"ImageObject\",\"inLanguage\":\"sl-SI\",\"@id\":\"https:\\\/\\\/andpro.net\\\/product\\\/uvex-zascitna-celada-uxucap\\\/#primaryimage\",\"url\":\"https:\\\/\\\/andpro.net\\\/wp-content\\\/uploads\\\/2024\\\/01\\\/0058714752.jpg\",\"contentUrl\":\"https:\\\/\\\/andpro.net\\\/wp-content\\\/uploads\\\/2024\\\/01\\\/0058714752.jpg\",\"width\":1024,\"height\":779},{\"@type\":\"BreadcrumbList\",\"@id\":\"https:\\\/\\\/andpro.net\\\/product\\\/uvex-zascitna-celada-uxucap\\\/#breadcrumb\",\"itemListElement\":[{\"@type\":\"ListItem\",\"position\":1,\"name\":\"Home\",\"item\":\"https:\\\/\\\/andpro.net\\\/\"},{\"@type\":\"ListItem\",\"position\":2,\"name\":\"Shop\",\"item\":\"https:\\\/\\\/andpro.net\\\/en\\\/shop\\\/\"},{\"@type\":\"ListItem\",\"position\":3,\"name\":\"UVEX ZA\u0160\u010cITNA \u010cELADA UXUCAP\"}]},{\"@type\":\"WebSite\",\"@id\":\"https:\\\/\\\/andpro.net\\\/de\\\/#website\",\"url\":\"https:\\\/\\\/andpro.net\\\/de\\\/\",\"name\":\"AndPro\",\"description\":\"The best decision\",\"publisher\":{\"@id\":\"https:\\\/\\\/andpro.net\\\/de\\\/#organization\"},\"potentialAction\":[{\"@type\":\"SearchAction\",\"target\":{\"@type\":\"EntryPoint\",\"urlTemplate\":\"https:\\\/\\\/andpro.net\\\/de\\\/?s={search_term_string}\"},\"query-input\":{\"@type\":\"PropertyValueSpecification\",\"valueRequired\":true,\"valueName\":\"search_term_string\"}}],\"inLanguage\":\"sl-SI\"},{\"@type\":\"Organization\",\"@id\":\"https:\\\/\\\/andpro.net\\\/de\\\/#organization\",\"name\":\"AndPro\",\"url\":\"https:\\\/\\\/andpro.net\\\/de\\\/\",\"logo\":{\"@type\":\"ImageObject\",\"inLanguage\":\"sl-SI\",\"@id\":\"https:\\\/\\\/andpro.net\\\/de\\\/#\\\/schema\\\/logo\\\/image\\\/\",\"url\":\"https:\\\/\\\/andpro.net\\\/wp-content\\\/uploads\\\/2023\\\/11\\\/logo_fix.png\",\"contentUrl\":\"https:\\\/\\\/andpro.net\\\/wp-content\\\/uploads\\\/2023\\\/11\\\/logo_fix.png\",\"width\":1244,\"height\":637,\"caption\":\"AndPro\"},\"image\":{\"@id\":\"https:\\\/\\\/andpro.net\\\/de\\\/#\\\/schema\\\/logo\\\/image\\\/\"}}]}<\/script>\n<!-- \/ Yoast SEO Premium plugin. -->","yoast_head_json":{"title":"UVEX ZA\u0160\u010cITNA \u010cELADA UXUCAP - AndPro","robots":{"index":"index","follow":"follow","max-snippet":"max-snippet:-1","max-image-preview":"max-image-preview:large","max-video-preview":"max-video-preview:-1"},"canonical":"https:\/\/andpro.net\/sl\/product\/uvex-zascitna-celada-uxucap\/","og_locale":"sl_SI","og_type":"article","og_title":"UVEX ZA\u0160\u010cITNA \u010cELADA UXUCAP","og_description":"Lahka industrijska \u010delada U-CAP SPORT. &nbsp; Trda lupina ABS z ergonomsko obliko in integriranimi elementi za bla\u017eenje udarcev zagotavlja varnost in udobje Z nastavljivo zaponko Velcro lahko kapo hitro in enostavno prilagodite Za\u0161\u010dita pred obrabo in udarci Ukrivljene stranice zagotavljajo varno in udobno prileganje pri uporabi glu\u0161nikov odsevni elementi okoli roba in dva glavna \u0161iva [&hellip;]","og_url":"https:\/\/andpro.net\/sl\/product\/uvex-zascitna-celada-uxucap\/","og_site_name":"AndPro","article_modified_time":"2025-07-20T11:28:04+00:00","og_image":[{"width":1024,"height":779,"url":"https:\/\/andpro.net\/wp-content\/uploads\/2024\/01\/0058714752.jpg","type":"image\/jpeg"}],"twitter_card":"summary_large_image","schema":{"@context":"https:\/\/schema.org","@graph":[{"@type":"WebPage","@id":"https:\/\/andpro.net\/product\/uvex-zascitna-celada-uxucap\/","url":"https:\/\/andpro.net\/product\/uvex-zascitna-celada-uxucap\/","name":"UVEX ZA\u0160\u010cITNA \u010cELADA UXUCAP - AndPro","isPartOf":{"@id":"https:\/\/andpro.net\/de\/#website"},"primaryImageOfPage":{"@id":"https:\/\/andpro.net\/product\/uvex-zascitna-celada-uxucap\/#primaryimage"},"image":{"@id":"https:\/\/andpro.net\/product\/uvex-zascitna-celada-uxucap\/#primaryimage"},"thumbnailUrl":"https:\/\/andpro.net\/wp-content\/uploads\/2024\/01\/0058714752.jpg","datePublished":"2024-01-03T07:27:21+00:00","dateModified":"2025-07-20T11:28:04+00:00","breadcrumb":{"@id":"https:\/\/andpro.net\/product\/uvex-zascitna-celada-uxucap\/#breadcrumb"},"inLanguage":"sl-SI","potentialAction":[{"@type":"ReadAction","target":["https:\/\/andpro.net\/product\/uvex-zascitna-celada-uxucap\/"]}]},{"@type":"ImageObject","inLanguage":"sl-SI","@id":"https:\/\/andpro.net\/product\/uvex-zascitna-celada-uxucap\/#primaryimage","url":"https:\/\/andpro.net\/wp-content\/uploads\/2024\/01\/0058714752.jpg","contentUrl":"https:\/\/andpro.net\/wp-content\/uploads\/2024\/01\/0058714752.jpg","width":1024,"height":779},{"@type":"BreadcrumbList","@id":"https:\/\/andpro.net\/product\/uvex-zascitna-celada-uxucap\/#breadcrumb","itemListElement":[{"@type":"ListItem","position":1,"name":"Home","item":"https:\/\/andpro.net\/"},{"@type":"ListItem","position":2,"name":"Shop","item":"https:\/\/andpro.net\/en\/shop\/"},{"@type":"ListItem","position":3,"name":"UVEX ZA\u0160\u010cITNA \u010cELADA UXUCAP"}]},{"@type":"WebSite","@id":"https:\/\/andpro.net\/de\/#website","url":"https:\/\/andpro.net\/de\/","name":"AndPro","description":"The best decision","publisher":{"@id":"https:\/\/andpro.net\/de\/#organization"},"potentialAction":[{"@type":"SearchAction","target":{"@type":"EntryPoint","urlTemplate":"https:\/\/andpro.net\/de\/?s={search_term_string}"},"query-input":{"@type":"PropertyValueSpecification","valueRequired":true,"valueName":"search_term_string"}}],"inLanguage":"sl-SI"},{"@type":"Organization","@id":"https:\/\/andpro.net\/de\/#organization","name":"AndPro","url":"https:\/\/andpro.net\/de\/","logo":{"@type":"ImageObject","inLanguage":"sl-SI","@id":"https:\/\/andpro.net\/de\/#\/schema\/logo\/image\/","url":"https:\/\/andpro.net\/wp-content\/uploads\/2023\/11\/logo_fix.png","contentUrl":"https:\/\/andpro.net\/wp-content\/uploads\/2023\/11\/logo_fix.png","width":1244,"height":637,"caption":"AndPro"},"image":{"@id":"https:\/\/andpro.net\/de\/#\/schema\/logo\/image\/"}}]}},"_links":{"self":[{"href":"https:\/\/andpro.net\/sl\/wp-json\/wp\/v2\/product\/5859","targetHints":{"allow":["GET"]}}],"collection":[{"href":"https:\/\/andpro.net\/sl\/wp-json\/wp\/v2\/product"}],"about":[{"href":"https:\/\/andpro.net\/sl\/wp-json\/wp\/v2\/types\/product"}],"wp:featuredmedia":[{"embeddable":true,"href":"https:\/\/andpro.net\/sl\/wp-json\/wp\/v2\/media\/5862"}],"wp:attachment":[{"href":"https:\/\/andpro.net\/sl\/wp-json\/wp\/v2\/media?parent=5859"}],"wp:term":[{"taxonomy":"product_brand","embeddable":true,"href":"https:\/\/andpro.net\/sl\/wp-json\/wp\/v2\/product_brand?post=5859"},{"taxonomy":"product_cat","embeddable":true,"href":"https:\/\/andpro.net\/sl\/wp-json\/wp\/v2\/product_cat?post=5859"},{"taxonomy":"product_tag","embeddable":true,"href":"https:\/\/andpro.net\/sl\/wp-json\/wp\/v2\/product_tag?post=5859"}],"curies":[{"name":"wp","href":"https:\/\/api.w.org\/{rel}","templated":true}]}}