{"id":6456,"date":"2024-01-11T20:00:24","date_gmt":"2024-01-11T19:00:24","guid":{"rendered":"https:\/\/andpro.net\/?post_type=product&#038;p=6456"},"modified":"2025-07-20T12:04:35","modified_gmt":"2025-07-20T11:04:35","slug":"reis-promaster-zascitne-kratke-hlace-prom-ts","status":"publish","type":"product","link":"https:\/\/andpro.net\/sl\/product\/reis-promaster-zascitne-kratke-hlace-prom-ts\/","title":{"rendered":"REIS PROMASTER ZA\u0160\u010cITNE KRATKE HLA\u010cE PROM-TS"},"content":{"rendered":"<p>Za\u0161\u010ditne delavske kratke hla\u010de PROM.<\/p>\n<p>&nbsp;<\/p>\n<p>65% poliester, 35% bomba\u017e<\/p>\n<p>Gramatura 295-300 g\/m\u00b2<\/p>\n<p>Rumeni in oran\u017eni materialni vlo\u017eki: 80% poliester, 20% bomba\u017e<\/p>\n<p>Zapenjanje z gumbom in zadrgo<\/p>\n<p>dva \u017eepa ob straneh<\/p>\n<p>dva zadnja \u017eepa z je\u017ekom<\/p>\n<p>Elasti\u010den pas na hrbtni strani pove\u010da svobodo gibanja in omogo\u010da bolj\u0161e prileganje<\/p>\n<p>nastavljiv pas zahvaljujo\u010d gumbom<\/p>\n<p>Nasvet za pritrditev klju\u010dev<\/p>\n<p>Za bolj\u0161o vidljivost poskrbijo odsevni trakovi<\/p>\n<p>Preverjena kakovost, izbolj\u0161an dizajn<\/p>\n<p>izpolnjujejo zahteve EN ISO 20471* (velja za pasove) in EN ISO 13688<\/p>\n","protected":false},"excerpt":{"rendered":"<p>Za\u0161\u010ditne delavske kratke hla\u010de PROM. &nbsp; 65% poliester, 35% bomba\u017e Gramatura 295-300 g\/m\u00b2 Rumeni in oran\u017eni materialni vlo\u017eki: 80% poliester, 20% bomba\u017e Zapenjanje z gumbom in zadrgo dva \u017eepa ob straneh dva zadnja \u017eepa z je\u017ekom Elasti\u010den pas na hrbtni strani pove\u010da svobodo gibanja in omogo\u010da bolj\u0161e prileganje nastavljiv pas zahvaljujo\u010d gumbom Nasvet za pritrditev [&hellip;]<\/p>\n","protected":false},"featured_media":6482,"template":"","meta":[],"product_brand":[],"product_cat":[21,41],"product_tag":[],"class_list":{"0":"post-6456","1":"product","2":"type-product","3":"status-publish","4":"has-post-thumbnail","6":"product_cat-oblacila","7":"product_cat-hlace","9":"first","10":"onbackorder","11":"taxable","12":"shipping-taxable","13":"purchasable","14":"product-type-variable"},"bundled_by":[],"bundle_stock_status":"onbackorder","bundle_stock_quantity":null,"bundle_virtual":false,"bundle_layout":"","bundle_add_to_cart_form_location":"","bundle_editable_in_cart":false,"bundle_sold_individually_context":"","bundle_item_grouping":"","bundle_min_size":"","bundle_max_size":"","bundle_price":[],"bundled_items":[],"bundle_sell_ids":[],"group_of_quantity":0,"min_quantity":0,"max_quantity":"","exclude_order_quantity_value_rules":"no","exclude_category_quantity_rules":"no","combine_variations":"no","yoast_head":"<!-- This site is optimized with the Yoast SEO Premium plugin v23.9 (Yoast SEO v27.4) - https:\/\/yoast.com\/product\/yoast-seo-premium-wordpress\/ -->\n<title>REIS PROMASTER ZA\u0160\u010cITNE KRATKE HLA\u010cE PROM-TS - AndPro<\/title>\n<meta name=\"robots\" content=\"index, follow, max-snippet:-1, max-image-preview:large, max-video-preview:-1\" \/>\n<link rel=\"canonical\" href=\"https:\/\/andpro.net\/sl\/product\/reis-promaster-zascitne-kratke-hlace-prom-ts\/\" \/>\n<meta property=\"og:locale\" content=\"sl_SI\" \/>\n<meta property=\"og:type\" content=\"article\" \/>\n<meta property=\"og:title\" content=\"REIS PROMASTER ZA\u0160\u010cITNE KRATKE HLA\u010cE PROM-TS\" \/>\n<meta property=\"og:description\" content=\"Za\u0161\u010ditne delavske kratke hla\u010de PROM. &nbsp; 65% poliester, 35% bomba\u017e Gramatura 295-300 g\/m\u00b2 Rumeni in oran\u017eni materialni vlo\u017eki: 80% poliester, 20% bomba\u017e Zapenjanje z gumbom in zadrgo dva \u017eepa ob straneh dva zadnja \u017eepa z je\u017ekom Elasti\u010den pas na hrbtni strani pove\u010da svobodo gibanja in omogo\u010da bolj\u0161e prileganje nastavljiv pas zahvaljujo\u010d gumbom Nasvet za pritrditev [&hellip;]\" \/>\n<meta property=\"og:url\" content=\"https:\/\/andpro.net\/sl\/product\/reis-promaster-zascitne-kratke-hlace-prom-ts\/\" \/>\n<meta property=\"og:site_name\" content=\"AndPro\" \/>\n<meta property=\"article:modified_time\" content=\"2025-07-20T11:04:35+00:00\" \/>\n<meta property=\"og:image\" content=\"https:\/\/andpro.net\/wp-content\/uploads\/2024\/01\/0048737104.jpg\" \/>\n\t<meta property=\"og:image:width\" content=\"685\" \/>\n\t<meta property=\"og:image:height\" content=\"1024\" \/>\n\t<meta property=\"og:image:type\" content=\"image\/jpeg\" \/>\n<meta name=\"twitter:card\" content=\"summary_large_image\" \/>\n<meta name=\"twitter:label1\" content=\"Est. reading time\" \/>\n\t<meta name=\"twitter:data1\" content=\"1 minuta\" \/>\n<script type=\"application\/ld+json\" class=\"yoast-schema-graph\">{\"@context\":\"https:\\\/\\\/schema.org\",\"@graph\":[{\"@type\":\"WebPage\",\"@id\":\"https:\\\/\\\/andpro.net\\\/product\\\/reis-promaster-zascitne-kratke-hlace-prom-ts\\\/\",\"url\":\"https:\\\/\\\/andpro.net\\\/product\\\/reis-promaster-zascitne-kratke-hlace-prom-ts\\\/\",\"name\":\"REIS PROMASTER ZA\u0160\u010cITNE KRATKE HLA\u010cE PROM-TS - AndPro\",\"isPartOf\":{\"@id\":\"https:\\\/\\\/andpro.net\\\/de\\\/#website\"},\"primaryImageOfPage\":{\"@id\":\"https:\\\/\\\/andpro.net\\\/product\\\/reis-promaster-zascitne-kratke-hlace-prom-ts\\\/#primaryimage\"},\"image\":{\"@id\":\"https:\\\/\\\/andpro.net\\\/product\\\/reis-promaster-zascitne-kratke-hlace-prom-ts\\\/#primaryimage\"},\"thumbnailUrl\":\"https:\\\/\\\/andpro.net\\\/wp-content\\\/uploads\\\/2024\\\/01\\\/0048737104.jpg\",\"datePublished\":\"2024-01-11T19:00:24+00:00\",\"dateModified\":\"2025-07-20T11:04:35+00:00\",\"breadcrumb\":{\"@id\":\"https:\\\/\\\/andpro.net\\\/product\\\/reis-promaster-zascitne-kratke-hlace-prom-ts\\\/#breadcrumb\"},\"inLanguage\":\"sl-SI\",\"potentialAction\":[{\"@type\":\"ReadAction\",\"target\":[\"https:\\\/\\\/andpro.net\\\/product\\\/reis-promaster-zascitne-kratke-hlace-prom-ts\\\/\"]}]},{\"@type\":\"ImageObject\",\"inLanguage\":\"sl-SI\",\"@id\":\"https:\\\/\\\/andpro.net\\\/product\\\/reis-promaster-zascitne-kratke-hlace-prom-ts\\\/#primaryimage\",\"url\":\"https:\\\/\\\/andpro.net\\\/wp-content\\\/uploads\\\/2024\\\/01\\\/0048737104.jpg\",\"contentUrl\":\"https:\\\/\\\/andpro.net\\\/wp-content\\\/uploads\\\/2024\\\/01\\\/0048737104.jpg\",\"width\":685,\"height\":1024},{\"@type\":\"BreadcrumbList\",\"@id\":\"https:\\\/\\\/andpro.net\\\/product\\\/reis-promaster-zascitne-kratke-hlace-prom-ts\\\/#breadcrumb\",\"itemListElement\":[{\"@type\":\"ListItem\",\"position\":1,\"name\":\"Home\",\"item\":\"https:\\\/\\\/andpro.net\\\/\"},{\"@type\":\"ListItem\",\"position\":2,\"name\":\"Shop\",\"item\":\"https:\\\/\\\/andpro.net\\\/en\\\/shop\\\/\"},{\"@type\":\"ListItem\",\"position\":3,\"name\":\"REIS PROMASTER ZA\u0160\u010cITNE KRATKE HLA\u010cE PROM-TS\"}]},{\"@type\":\"WebSite\",\"@id\":\"https:\\\/\\\/andpro.net\\\/de\\\/#website\",\"url\":\"https:\\\/\\\/andpro.net\\\/de\\\/\",\"name\":\"AndPro\",\"description\":\"The best decision\",\"publisher\":{\"@id\":\"https:\\\/\\\/andpro.net\\\/de\\\/#organization\"},\"potentialAction\":[{\"@type\":\"SearchAction\",\"target\":{\"@type\":\"EntryPoint\",\"urlTemplate\":\"https:\\\/\\\/andpro.net\\\/de\\\/?s={search_term_string}\"},\"query-input\":{\"@type\":\"PropertyValueSpecification\",\"valueRequired\":true,\"valueName\":\"search_term_string\"}}],\"inLanguage\":\"sl-SI\"},{\"@type\":\"Organization\",\"@id\":\"https:\\\/\\\/andpro.net\\\/de\\\/#organization\",\"name\":\"AndPro\",\"url\":\"https:\\\/\\\/andpro.net\\\/de\\\/\",\"logo\":{\"@type\":\"ImageObject\",\"inLanguage\":\"sl-SI\",\"@id\":\"https:\\\/\\\/andpro.net\\\/de\\\/#\\\/schema\\\/logo\\\/image\\\/\",\"url\":\"https:\\\/\\\/andpro.net\\\/wp-content\\\/uploads\\\/2023\\\/11\\\/logo_fix.png\",\"contentUrl\":\"https:\\\/\\\/andpro.net\\\/wp-content\\\/uploads\\\/2023\\\/11\\\/logo_fix.png\",\"width\":1244,\"height\":637,\"caption\":\"AndPro\"},\"image\":{\"@id\":\"https:\\\/\\\/andpro.net\\\/de\\\/#\\\/schema\\\/logo\\\/image\\\/\"}}]}<\/script>\n<!-- \/ Yoast SEO Premium plugin. -->","yoast_head_json":{"title":"REIS PROMASTER ZA\u0160\u010cITNE KRATKE HLA\u010cE PROM-TS - AndPro","robots":{"index":"index","follow":"follow","max-snippet":"max-snippet:-1","max-image-preview":"max-image-preview:large","max-video-preview":"max-video-preview:-1"},"canonical":"https:\/\/andpro.net\/sl\/product\/reis-promaster-zascitne-kratke-hlace-prom-ts\/","og_locale":"sl_SI","og_type":"article","og_title":"REIS PROMASTER ZA\u0160\u010cITNE KRATKE HLA\u010cE PROM-TS","og_description":"Za\u0161\u010ditne delavske kratke hla\u010de PROM. &nbsp; 65% poliester, 35% bomba\u017e Gramatura 295-300 g\/m\u00b2 Rumeni in oran\u017eni materialni vlo\u017eki: 80% poliester, 20% bomba\u017e Zapenjanje z gumbom in zadrgo dva \u017eepa ob straneh dva zadnja \u017eepa z je\u017ekom Elasti\u010den pas na hrbtni strani pove\u010da svobodo gibanja in omogo\u010da bolj\u0161e prileganje nastavljiv pas zahvaljujo\u010d gumbom Nasvet za pritrditev [&hellip;]","og_url":"https:\/\/andpro.net\/sl\/product\/reis-promaster-zascitne-kratke-hlace-prom-ts\/","og_site_name":"AndPro","article_modified_time":"2025-07-20T11:04:35+00:00","og_image":[{"width":685,"height":1024,"url":"https:\/\/andpro.net\/wp-content\/uploads\/2024\/01\/0048737104.jpg","type":"image\/jpeg"}],"twitter_card":"summary_large_image","twitter_misc":{"Est. reading time":"1 minuta"},"schema":{"@context":"https:\/\/schema.org","@graph":[{"@type":"WebPage","@id":"https:\/\/andpro.net\/product\/reis-promaster-zascitne-kratke-hlace-prom-ts\/","url":"https:\/\/andpro.net\/product\/reis-promaster-zascitne-kratke-hlace-prom-ts\/","name":"REIS PROMASTER ZA\u0160\u010cITNE KRATKE HLA\u010cE PROM-TS - AndPro","isPartOf":{"@id":"https:\/\/andpro.net\/de\/#website"},"primaryImageOfPage":{"@id":"https:\/\/andpro.net\/product\/reis-promaster-zascitne-kratke-hlace-prom-ts\/#primaryimage"},"image":{"@id":"https:\/\/andpro.net\/product\/reis-promaster-zascitne-kratke-hlace-prom-ts\/#primaryimage"},"thumbnailUrl":"https:\/\/andpro.net\/wp-content\/uploads\/2024\/01\/0048737104.jpg","datePublished":"2024-01-11T19:00:24+00:00","dateModified":"2025-07-20T11:04:35+00:00","breadcrumb":{"@id":"https:\/\/andpro.net\/product\/reis-promaster-zascitne-kratke-hlace-prom-ts\/#breadcrumb"},"inLanguage":"sl-SI","potentialAction":[{"@type":"ReadAction","target":["https:\/\/andpro.net\/product\/reis-promaster-zascitne-kratke-hlace-prom-ts\/"]}]},{"@type":"ImageObject","inLanguage":"sl-SI","@id":"https:\/\/andpro.net\/product\/reis-promaster-zascitne-kratke-hlace-prom-ts\/#primaryimage","url":"https:\/\/andpro.net\/wp-content\/uploads\/2024\/01\/0048737104.jpg","contentUrl":"https:\/\/andpro.net\/wp-content\/uploads\/2024\/01\/0048737104.jpg","width":685,"height":1024},{"@type":"BreadcrumbList","@id":"https:\/\/andpro.net\/product\/reis-promaster-zascitne-kratke-hlace-prom-ts\/#breadcrumb","itemListElement":[{"@type":"ListItem","position":1,"name":"Home","item":"https:\/\/andpro.net\/"},{"@type":"ListItem","position":2,"name":"Shop","item":"https:\/\/andpro.net\/en\/shop\/"},{"@type":"ListItem","position":3,"name":"REIS PROMASTER ZA\u0160\u010cITNE KRATKE HLA\u010cE PROM-TS"}]},{"@type":"WebSite","@id":"https:\/\/andpro.net\/de\/#website","url":"https:\/\/andpro.net\/de\/","name":"AndPro","description":"The best decision","publisher":{"@id":"https:\/\/andpro.net\/de\/#organization"},"potentialAction":[{"@type":"SearchAction","target":{"@type":"EntryPoint","urlTemplate":"https:\/\/andpro.net\/de\/?s={search_term_string}"},"query-input":{"@type":"PropertyValueSpecification","valueRequired":true,"valueName":"search_term_string"}}],"inLanguage":"sl-SI"},{"@type":"Organization","@id":"https:\/\/andpro.net\/de\/#organization","name":"AndPro","url":"https:\/\/andpro.net\/de\/","logo":{"@type":"ImageObject","inLanguage":"sl-SI","@id":"https:\/\/andpro.net\/de\/#\/schema\/logo\/image\/","url":"https:\/\/andpro.net\/wp-content\/uploads\/2023\/11\/logo_fix.png","contentUrl":"https:\/\/andpro.net\/wp-content\/uploads\/2023\/11\/logo_fix.png","width":1244,"height":637,"caption":"AndPro"},"image":{"@id":"https:\/\/andpro.net\/de\/#\/schema\/logo\/image\/"}}]}},"_links":{"self":[{"href":"https:\/\/andpro.net\/sl\/wp-json\/wp\/v2\/product\/6456","targetHints":{"allow":["GET"]}}],"collection":[{"href":"https:\/\/andpro.net\/sl\/wp-json\/wp\/v2\/product"}],"about":[{"href":"https:\/\/andpro.net\/sl\/wp-json\/wp\/v2\/types\/product"}],"wp:featuredmedia":[{"embeddable":true,"href":"https:\/\/andpro.net\/sl\/wp-json\/wp\/v2\/media\/6482"}],"wp:attachment":[{"href":"https:\/\/andpro.net\/sl\/wp-json\/wp\/v2\/media?parent=6456"}],"wp:term":[{"taxonomy":"product_brand","embeddable":true,"href":"https:\/\/andpro.net\/sl\/wp-json\/wp\/v2\/product_brand?post=6456"},{"taxonomy":"product_cat","embeddable":true,"href":"https:\/\/andpro.net\/sl\/wp-json\/wp\/v2\/product_cat?post=6456"},{"taxonomy":"product_tag","embeddable":true,"href":"https:\/\/andpro.net\/sl\/wp-json\/wp\/v2\/product_tag?post=6456"}],"curies":[{"name":"wp","href":"https:\/\/api.w.org\/{rel}","templated":true}]}}