{"id":6567,"date":"2024-01-11T21:24:27","date_gmt":"2024-01-11T20:24:27","guid":{"rendered":"https:\/\/andpro.net\/?post_type=product&#038;p=6567"},"modified":"2025-07-20T12:01:52","modified_gmt":"2025-07-20T11:01:52","slug":"l-hollaman-zimska-jakna-lh-jacwinter","status":"publish","type":"product","link":"https:\/\/andpro.net\/sl\/product\/l-hollaman-zimska-jakna-lh-jacwinter\/","title":{"rendered":"L.HOLLMAN VISTER ZIMSKA JAKNA LH-JACWINTER"},"content":{"rendered":"<p>Zimska delavska jakna iz fluorescentne tkanine.<\/p>\n<p>&nbsp;<\/p>\n<p>Prevleka 86% poliester, 14% bomba\u017e, gramatura 300 g\/m\u00b2<\/p>\n<p>Vlo\u017eki iz mornarsko modrega materiala 65% poliester, 35% bomba\u017e, te\u017ea 290 g\/m\u00b2<\/p>\n<p>Podloga 100% poliester, gramatura 160 g\/m\u00b2<\/p>\n<p>Podloga 100% poliester, te\u017ea 60 g\/m\u00b2<\/p>\n<p>Zadrga z dodatnim je\u017ekom spodaj in zgoraj<\/p>\n<p>Snemljiva kapuca z vrvico in dodatnim je\u017ekom za bolj\u0161o za\u0161\u010dito glave pred mrazom<\/p>\n<p>dva \u017eepa v spodnjem delu z zadrgo in dodatnim je\u017ekom ter trije \u017eepi na prsih z je\u017ekom<\/p>\n<p>dodatni \u017eepi na rokavu<\/p>\n<p>Rokavi so pritrjeni z je\u017ekom, da jih je mogo\u010de prilagoditi<\/p>\n<p>V spodnjem delu jakne in na rokavih so odsevni segmentni trakovi<\/p>\n<p>zagotavlja dobro vidljivost za uporabnika<\/p>\n<p>Ustreza zahtevam EN ISO 20471 (razred 2)<\/p>\n","protected":false},"excerpt":{"rendered":"<p>Zimska delavska jakna iz fluorescentne tkanine. &nbsp; Prevleka 86% poliester, 14% bomba\u017e, gramatura 300 g\/m\u00b2 Vlo\u017eki iz mornarsko modrega materiala 65% poliester, 35% bomba\u017e, te\u017ea 290 g\/m\u00b2 Podloga 100% poliester, gramatura 160 g\/m\u00b2 Podloga 100% poliester, te\u017ea 60 g\/m\u00b2 Zadrga z dodatnim je\u017ekom spodaj in zgoraj Snemljiva kapuca z vrvico in dodatnim je\u017ekom za bolj\u0161o [&hellip;]<\/p>\n","protected":false},"featured_media":6573,"template":"","meta":[],"product_brand":[],"product_cat":[21,44],"product_tag":[],"class_list":{"0":"post-6567","1":"product","2":"type-product","3":"status-publish","4":"has-post-thumbnail","6":"product_cat-oblacila","7":"product_cat-jakne","9":"first","10":"instock","11":"taxable","12":"shipping-taxable","13":"purchasable","14":"product-type-variable"},"bundled_by":[],"bundle_stock_status":"instock","bundle_stock_quantity":1,"bundle_virtual":false,"bundle_layout":"","bundle_add_to_cart_form_location":"","bundle_editable_in_cart":false,"bundle_sold_individually_context":"","bundle_item_grouping":"","bundle_min_size":"","bundle_max_size":"","bundle_price":[],"bundled_items":[],"bundle_sell_ids":[],"group_of_quantity":0,"min_quantity":0,"max_quantity":"","exclude_order_quantity_value_rules":"no","exclude_category_quantity_rules":"no","combine_variations":"no","yoast_head":"<!-- This site is optimized with the Yoast SEO Premium plugin v23.9 (Yoast SEO v27.4) - https:\/\/yoast.com\/product\/yoast-seo-premium-wordpress\/ -->\n<title>L.HOLLMAN VISTER ZIMSKA JAKNA LH-JACWINTER - AndPro<\/title>\n<meta name=\"robots\" content=\"index, follow, max-snippet:-1, max-image-preview:large, max-video-preview:-1\" \/>\n<link rel=\"canonical\" href=\"https:\/\/andpro.net\/sl\/product\/l-hollaman-zimska-jakna-lh-jacwinter\/\" \/>\n<meta property=\"og:locale\" content=\"sl_SI\" \/>\n<meta property=\"og:type\" content=\"article\" \/>\n<meta property=\"og:title\" content=\"L.HOLLMAN VISTER ZIMSKA JAKNA LH-JACWINTER\" \/>\n<meta property=\"og:description\" content=\"Zimska delavska jakna iz fluorescentne tkanine. &nbsp; Prevleka 86% poliester, 14% bomba\u017e, gramatura 300 g\/m\u00b2 Vlo\u017eki iz mornarsko modrega materiala 65% poliester, 35% bomba\u017e, te\u017ea 290 g\/m\u00b2 Podloga 100% poliester, gramatura 160 g\/m\u00b2 Podloga 100% poliester, te\u017ea 60 g\/m\u00b2 Zadrga z dodatnim je\u017ekom spodaj in zgoraj Snemljiva kapuca z vrvico in dodatnim je\u017ekom za bolj\u0161o [&hellip;]\" \/>\n<meta property=\"og:url\" content=\"https:\/\/andpro.net\/sl\/product\/l-hollaman-zimska-jakna-lh-jacwinter\/\" \/>\n<meta property=\"og:site_name\" content=\"AndPro\" \/>\n<meta property=\"article:modified_time\" content=\"2025-07-20T11:01:52+00:00\" \/>\n<meta property=\"og:image\" content=\"https:\/\/andpro.net\/wp-content\/uploads\/2024\/01\/0047627536.jpg\" \/>\n\t<meta property=\"og:image:width\" content=\"526\" \/>\n\t<meta property=\"og:image:height\" content=\"1024\" \/>\n\t<meta property=\"og:image:type\" content=\"image\/jpeg\" \/>\n<meta name=\"twitter:card\" content=\"summary_large_image\" \/>\n<meta name=\"twitter:label1\" content=\"Est. reading time\" \/>\n\t<meta name=\"twitter:data1\" content=\"1 minuta\" \/>\n<script type=\"application\/ld+json\" class=\"yoast-schema-graph\">{\"@context\":\"https:\\\/\\\/schema.org\",\"@graph\":[{\"@type\":\"WebPage\",\"@id\":\"https:\\\/\\\/andpro.net\\\/product\\\/l-hollaman-zimska-jakna-lh-jacwinter\\\/\",\"url\":\"https:\\\/\\\/andpro.net\\\/product\\\/l-hollaman-zimska-jakna-lh-jacwinter\\\/\",\"name\":\"L.HOLLMAN VISTER ZIMSKA JAKNA LH-JACWINTER - AndPro\",\"isPartOf\":{\"@id\":\"https:\\\/\\\/andpro.net\\\/de\\\/#website\"},\"primaryImageOfPage\":{\"@id\":\"https:\\\/\\\/andpro.net\\\/product\\\/l-hollaman-zimska-jakna-lh-jacwinter\\\/#primaryimage\"},\"image\":{\"@id\":\"https:\\\/\\\/andpro.net\\\/product\\\/l-hollaman-zimska-jakna-lh-jacwinter\\\/#primaryimage\"},\"thumbnailUrl\":\"https:\\\/\\\/andpro.net\\\/wp-content\\\/uploads\\\/2024\\\/01\\\/0047627536.jpg\",\"datePublished\":\"2024-01-11T20:24:27+00:00\",\"dateModified\":\"2025-07-20T11:01:52+00:00\",\"breadcrumb\":{\"@id\":\"https:\\\/\\\/andpro.net\\\/product\\\/l-hollaman-zimska-jakna-lh-jacwinter\\\/#breadcrumb\"},\"inLanguage\":\"sl-SI\",\"potentialAction\":[{\"@type\":\"ReadAction\",\"target\":[\"https:\\\/\\\/andpro.net\\\/product\\\/l-hollaman-zimska-jakna-lh-jacwinter\\\/\"]}]},{\"@type\":\"ImageObject\",\"inLanguage\":\"sl-SI\",\"@id\":\"https:\\\/\\\/andpro.net\\\/product\\\/l-hollaman-zimska-jakna-lh-jacwinter\\\/#primaryimage\",\"url\":\"https:\\\/\\\/andpro.net\\\/wp-content\\\/uploads\\\/2024\\\/01\\\/0047627536.jpg\",\"contentUrl\":\"https:\\\/\\\/andpro.net\\\/wp-content\\\/uploads\\\/2024\\\/01\\\/0047627536.jpg\",\"width\":526,\"height\":1024},{\"@type\":\"BreadcrumbList\",\"@id\":\"https:\\\/\\\/andpro.net\\\/product\\\/l-hollaman-zimska-jakna-lh-jacwinter\\\/#breadcrumb\",\"itemListElement\":[{\"@type\":\"ListItem\",\"position\":1,\"name\":\"Home\",\"item\":\"https:\\\/\\\/andpro.net\\\/\"},{\"@type\":\"ListItem\",\"position\":2,\"name\":\"Shop\",\"item\":\"https:\\\/\\\/andpro.net\\\/en\\\/shop\\\/\"},{\"@type\":\"ListItem\",\"position\":3,\"name\":\"L.HOLLMAN VISTER ZIMSKA JAKNA LH-JACWINTER\"}]},{\"@type\":\"WebSite\",\"@id\":\"https:\\\/\\\/andpro.net\\\/de\\\/#website\",\"url\":\"https:\\\/\\\/andpro.net\\\/de\\\/\",\"name\":\"AndPro\",\"description\":\"The best decision\",\"publisher\":{\"@id\":\"https:\\\/\\\/andpro.net\\\/de\\\/#organization\"},\"potentialAction\":[{\"@type\":\"SearchAction\",\"target\":{\"@type\":\"EntryPoint\",\"urlTemplate\":\"https:\\\/\\\/andpro.net\\\/de\\\/?s={search_term_string}\"},\"query-input\":{\"@type\":\"PropertyValueSpecification\",\"valueRequired\":true,\"valueName\":\"search_term_string\"}}],\"inLanguage\":\"sl-SI\"},{\"@type\":\"Organization\",\"@id\":\"https:\\\/\\\/andpro.net\\\/de\\\/#organization\",\"name\":\"AndPro\",\"url\":\"https:\\\/\\\/andpro.net\\\/de\\\/\",\"logo\":{\"@type\":\"ImageObject\",\"inLanguage\":\"sl-SI\",\"@id\":\"https:\\\/\\\/andpro.net\\\/de\\\/#\\\/schema\\\/logo\\\/image\\\/\",\"url\":\"https:\\\/\\\/andpro.net\\\/wp-content\\\/uploads\\\/2023\\\/11\\\/logo_fix.png\",\"contentUrl\":\"https:\\\/\\\/andpro.net\\\/wp-content\\\/uploads\\\/2023\\\/11\\\/logo_fix.png\",\"width\":1244,\"height\":637,\"caption\":\"AndPro\"},\"image\":{\"@id\":\"https:\\\/\\\/andpro.net\\\/de\\\/#\\\/schema\\\/logo\\\/image\\\/\"}}]}<\/script>\n<!-- \/ Yoast SEO Premium plugin. -->","yoast_head_json":{"title":"L.HOLLMAN VISTER ZIMSKA JAKNA LH-JACWINTER - AndPro","robots":{"index":"index","follow":"follow","max-snippet":"max-snippet:-1","max-image-preview":"max-image-preview:large","max-video-preview":"max-video-preview:-1"},"canonical":"https:\/\/andpro.net\/sl\/product\/l-hollaman-zimska-jakna-lh-jacwinter\/","og_locale":"sl_SI","og_type":"article","og_title":"L.HOLLMAN VISTER ZIMSKA JAKNA LH-JACWINTER","og_description":"Zimska delavska jakna iz fluorescentne tkanine. &nbsp; Prevleka 86% poliester, 14% bomba\u017e, gramatura 300 g\/m\u00b2 Vlo\u017eki iz mornarsko modrega materiala 65% poliester, 35% bomba\u017e, te\u017ea 290 g\/m\u00b2 Podloga 100% poliester, gramatura 160 g\/m\u00b2 Podloga 100% poliester, te\u017ea 60 g\/m\u00b2 Zadrga z dodatnim je\u017ekom spodaj in zgoraj Snemljiva kapuca z vrvico in dodatnim je\u017ekom za bolj\u0161o [&hellip;]","og_url":"https:\/\/andpro.net\/sl\/product\/l-hollaman-zimska-jakna-lh-jacwinter\/","og_site_name":"AndPro","article_modified_time":"2025-07-20T11:01:52+00:00","og_image":[{"width":526,"height":1024,"url":"https:\/\/andpro.net\/wp-content\/uploads\/2024\/01\/0047627536.jpg","type":"image\/jpeg"}],"twitter_card":"summary_large_image","twitter_misc":{"Est. reading time":"1 minuta"},"schema":{"@context":"https:\/\/schema.org","@graph":[{"@type":"WebPage","@id":"https:\/\/andpro.net\/product\/l-hollaman-zimska-jakna-lh-jacwinter\/","url":"https:\/\/andpro.net\/product\/l-hollaman-zimska-jakna-lh-jacwinter\/","name":"L.HOLLMAN VISTER ZIMSKA JAKNA LH-JACWINTER - AndPro","isPartOf":{"@id":"https:\/\/andpro.net\/de\/#website"},"primaryImageOfPage":{"@id":"https:\/\/andpro.net\/product\/l-hollaman-zimska-jakna-lh-jacwinter\/#primaryimage"},"image":{"@id":"https:\/\/andpro.net\/product\/l-hollaman-zimska-jakna-lh-jacwinter\/#primaryimage"},"thumbnailUrl":"https:\/\/andpro.net\/wp-content\/uploads\/2024\/01\/0047627536.jpg","datePublished":"2024-01-11T20:24:27+00:00","dateModified":"2025-07-20T11:01:52+00:00","breadcrumb":{"@id":"https:\/\/andpro.net\/product\/l-hollaman-zimska-jakna-lh-jacwinter\/#breadcrumb"},"inLanguage":"sl-SI","potentialAction":[{"@type":"ReadAction","target":["https:\/\/andpro.net\/product\/l-hollaman-zimska-jakna-lh-jacwinter\/"]}]},{"@type":"ImageObject","inLanguage":"sl-SI","@id":"https:\/\/andpro.net\/product\/l-hollaman-zimska-jakna-lh-jacwinter\/#primaryimage","url":"https:\/\/andpro.net\/wp-content\/uploads\/2024\/01\/0047627536.jpg","contentUrl":"https:\/\/andpro.net\/wp-content\/uploads\/2024\/01\/0047627536.jpg","width":526,"height":1024},{"@type":"BreadcrumbList","@id":"https:\/\/andpro.net\/product\/l-hollaman-zimska-jakna-lh-jacwinter\/#breadcrumb","itemListElement":[{"@type":"ListItem","position":1,"name":"Home","item":"https:\/\/andpro.net\/"},{"@type":"ListItem","position":2,"name":"Shop","item":"https:\/\/andpro.net\/en\/shop\/"},{"@type":"ListItem","position":3,"name":"L.HOLLMAN VISTER ZIMSKA JAKNA LH-JACWINTER"}]},{"@type":"WebSite","@id":"https:\/\/andpro.net\/de\/#website","url":"https:\/\/andpro.net\/de\/","name":"AndPro","description":"The best decision","publisher":{"@id":"https:\/\/andpro.net\/de\/#organization"},"potentialAction":[{"@type":"SearchAction","target":{"@type":"EntryPoint","urlTemplate":"https:\/\/andpro.net\/de\/?s={search_term_string}"},"query-input":{"@type":"PropertyValueSpecification","valueRequired":true,"valueName":"search_term_string"}}],"inLanguage":"sl-SI"},{"@type":"Organization","@id":"https:\/\/andpro.net\/de\/#organization","name":"AndPro","url":"https:\/\/andpro.net\/de\/","logo":{"@type":"ImageObject","inLanguage":"sl-SI","@id":"https:\/\/andpro.net\/de\/#\/schema\/logo\/image\/","url":"https:\/\/andpro.net\/wp-content\/uploads\/2023\/11\/logo_fix.png","contentUrl":"https:\/\/andpro.net\/wp-content\/uploads\/2023\/11\/logo_fix.png","width":1244,"height":637,"caption":"AndPro"},"image":{"@id":"https:\/\/andpro.net\/de\/#\/schema\/logo\/image\/"}}]}},"_links":{"self":[{"href":"https:\/\/andpro.net\/sl\/wp-json\/wp\/v2\/product\/6567","targetHints":{"allow":["GET"]}}],"collection":[{"href":"https:\/\/andpro.net\/sl\/wp-json\/wp\/v2\/product"}],"about":[{"href":"https:\/\/andpro.net\/sl\/wp-json\/wp\/v2\/types\/product"}],"wp:featuredmedia":[{"embeddable":true,"href":"https:\/\/andpro.net\/sl\/wp-json\/wp\/v2\/media\/6573"}],"wp:attachment":[{"href":"https:\/\/andpro.net\/sl\/wp-json\/wp\/v2\/media?parent=6567"}],"wp:term":[{"taxonomy":"product_brand","embeddable":true,"href":"https:\/\/andpro.net\/sl\/wp-json\/wp\/v2\/product_brand?post=6567"},{"taxonomy":"product_cat","embeddable":true,"href":"https:\/\/andpro.net\/sl\/wp-json\/wp\/v2\/product_cat?post=6567"},{"taxonomy":"product_tag","embeddable":true,"href":"https:\/\/andpro.net\/sl\/wp-json\/wp\/v2\/product_tag?post=6567"}],"curies":[{"name":"wp","href":"https:\/\/api.w.org\/{rel}","templated":true}]}}