{"id":6605,"date":"2024-01-14T17:26:40","date_gmt":"2024-01-14T16:26:40","guid":{"rendered":"https:\/\/andpro.net\/?post_type=product&#038;p=6605"},"modified":"2025-07-20T12:01:33","modified_gmt":"2025-07-20T11:01:33","slug":"l-hollman-boston-podlozena-jakna-brezrokavnik-lh-bsw-j","status":"publish","type":"product","link":"https:\/\/andpro.net\/sl\/product\/l-hollman-boston-podlozena-jakna-brezrokavnik-lh-bsw-j\/","title":{"rendered":"L.HOLLMAN BOSTON PODLO\u017dENA JAKNA (BREZROKAVNIK) LH-BSW-J"},"content":{"rendered":"<p>BOSTON zimska delavska jakna z podlo\u017eena z flisom, izdelana iz ripstop blaga z odstranljivimi rokavi (brezrokavnik).<\/p>\n<p>&nbsp;<\/p>\n<p>Premaz: Pongee poliester, prevle\u010den s PVC-jem, gramatura 340 g\/m\u00b2<\/p>\n<p>Podloga iz flisa 190T, te\u017ea 240 g\/m\u00b2<\/p>\n<p>Podloga 100% poliester, gramatura 120 g\/m\u00b2<\/p>\n<p>Tkanina Rip-stop &#8211; \u0161\u010diti pred trganjem, \u010de se ujame na \u0161trle\u010di predmet<\/p>\n<p>dodatni vstavki iz poliestra OXFORD 720D na ramenih in rokavih<\/p>\n<p>zapenjanje z zadrgo z dodatnimi je\u017eki in zaponkami<\/p>\n<p>Snemljiva kapuca z vrvico, odstranljivimi in dodatnimi zaponkami<\/p>\n<p>dodatna zaponka Velcro na hrbtni strani kapuce, ki vam omogo\u010da prilagoditev velikosti kapuce glede na \u017eelje uporabnika<\/p>\n<p>veliko \u017eepov: dva v spodnjem delu, dva velika v zgornjem delu z je\u017ekom z dodatnimi \u017eepi in predelki na zadrgo, dva notranja \u017eepa z je\u017ekom, vklju\u010dno z enim za mobilni telefon<\/p>\n<p>Veliko \u0161tevilo \u017eepov pove\u010duje funkcionalnost jakne<\/p>\n<p>Rokave je mogo\u010de odstraniti in ustvariti izoliran brezrokavnik<\/p>\n<p>Rokavi z je\u017ekom<\/p>\n<p>Odsevni elementi na zgornjih zavihkih \u017eepov in na zadnji strani<\/p>\n<p>Vrvica na spodnjem delu jakne zagotavlja bolj\u0161o za\u0161\u010dito pred vetrom<\/p>\n<p>Vzdr\u017eljiv in zato primeren tudi za najte\u017eje delo<\/p>\n","protected":false},"excerpt":{"rendered":"<p>BOSTON zimska delavska jakna z podlo\u017eena z flisom, izdelana iz ripstop blaga z odstranljivimi rokavi (brezrokavnik). &nbsp; Premaz: Pongee poliester, prevle\u010den s PVC-jem, gramatura 340 g\/m\u00b2 Podloga iz flisa 190T, te\u017ea 240 g\/m\u00b2 Podloga 100% poliester, gramatura 120 g\/m\u00b2 Tkanina Rip-stop &#8211; \u0161\u010diti pred trganjem, \u010de se ujame na \u0161trle\u010di predmet dodatni vstavki iz poliestra [&hellip;]<\/p>\n","protected":false},"featured_media":6611,"template":"","meta":[],"product_brand":[],"product_cat":[21,44],"product_tag":[],"class_list":{"0":"post-6605","1":"product","2":"type-product","3":"status-publish","4":"has-post-thumbnail","6":"product_cat-oblacila","7":"product_cat-jakne","9":"first","10":"onbackorder","11":"taxable","12":"shipping-taxable","13":"purchasable","14":"product-type-bundle"},"bundled_by":[],"bundle_stock_status":"instock","bundle_stock_quantity":"","bundle_virtual":false,"bundle_layout":"default","bundle_add_to_cart_form_location":"default","bundle_editable_in_cart":false,"bundle_sold_individually_context":"product","bundle_item_grouping":"parent","bundle_min_size":"","bundle_max_size":"","bundle_price":{"price":{"min":{"incl_tax":"80.84","excl_tax":"66.26"},"max":{"incl_tax":"143.4","excl_tax":"117.54"}},"regular_price":{"min":{"incl_tax":"80.84","excl_tax":"66.26"},"max":{"incl_tax":"143.4","excl_tax":"117.54"}}},"bundled_items":[{"bundled_item_id":9,"product_id":6630,"menu_order":0,"quantity_min":1,"quantity_max":1,"quantity_default":1,"priced_individually":true,"shipped_individually":false,"override_title":false,"title":"L.HOLLMAN BOSTON PODLO\u017dENE HLA\u010cE LH-BSW-B","override_description":false,"description":"","optional":true,"hide_thumbnail":false,"discount":"","override_variations":false,"allowed_variations":[],"override_default_variation_attributes":false,"default_variation_attributes":[],"single_product_visibility":"visible","cart_visibility":"visible","order_visibility":"visible","single_product_price_visibility":"visible","cart_price_visibility":"visible","order_price_visibility":"visible","stock_status":"on_backorder"}],"bundle_sell_ids":[],"group_of_quantity":0,"min_quantity":0,"max_quantity":"","exclude_order_quantity_value_rules":"no","exclude_category_quantity_rules":"no","combine_variations":"no","yoast_head":"<!-- This site is optimized with the Yoast SEO Premium plugin v23.9 (Yoast SEO v27.4) - https:\/\/yoast.com\/product\/yoast-seo-premium-wordpress\/ -->\n<title>L.HOLLMAN BOSTON PODLO\u017dENA JAKNA (BREZROKAVNIK) LH-BSW-J - AndPro<\/title>\n<meta name=\"robots\" content=\"index, follow, max-snippet:-1, max-image-preview:large, max-video-preview:-1\" \/>\n<link rel=\"canonical\" href=\"https:\/\/andpro.net\/sl\/product\/l-hollman-boston-podlozena-jakna-brezrokavnik-lh-bsw-j\/\" \/>\n<meta property=\"og:locale\" content=\"sl_SI\" \/>\n<meta property=\"og:type\" content=\"article\" \/>\n<meta property=\"og:title\" content=\"L.HOLLMAN BOSTON PODLO\u017dENA JAKNA (BREZROKAVNIK) LH-BSW-J\" \/>\n<meta property=\"og:description\" content=\"BOSTON zimska delavska jakna z podlo\u017eena z flisom, izdelana iz ripstop blaga z odstranljivimi rokavi (brezrokavnik). &nbsp; Premaz: Pongee poliester, prevle\u010den s PVC-jem, gramatura 340 g\/m\u00b2 Podloga iz flisa 190T, te\u017ea 240 g\/m\u00b2 Podloga 100% poliester, gramatura 120 g\/m\u00b2 Tkanina Rip-stop &#8211; \u0161\u010diti pred trganjem, \u010de se ujame na \u0161trle\u010di predmet dodatni vstavki iz poliestra [&hellip;]\" \/>\n<meta property=\"og:url\" content=\"https:\/\/andpro.net\/sl\/product\/l-hollman-boston-podlozena-jakna-brezrokavnik-lh-bsw-j\/\" \/>\n<meta property=\"og:site_name\" content=\"AndPro\" \/>\n<meta property=\"article:modified_time\" content=\"2025-07-20T11:01:33+00:00\" \/>\n<meta property=\"og:image\" content=\"https:\/\/andpro.net\/wp-content\/uploads\/2024\/01\/0063453888.jpg\" \/>\n\t<meta property=\"og:image:width\" content=\"701\" \/>\n\t<meta property=\"og:image:height\" content=\"1024\" \/>\n\t<meta property=\"og:image:type\" content=\"image\/jpeg\" \/>\n<meta name=\"twitter:card\" content=\"summary_large_image\" \/>\n<meta name=\"twitter:label1\" content=\"Est. reading time\" \/>\n\t<meta name=\"twitter:data1\" content=\"2 minuti\" \/>\n<script type=\"application\/ld+json\" class=\"yoast-schema-graph\">{\"@context\":\"https:\\\/\\\/schema.org\",\"@graph\":[{\"@type\":\"WebPage\",\"@id\":\"https:\\\/\\\/andpro.net\\\/product\\\/l-hollman-boston-podlozena-jakna-brezrokavnik-lh-bsw-j\\\/\",\"url\":\"https:\\\/\\\/andpro.net\\\/product\\\/l-hollman-boston-podlozena-jakna-brezrokavnik-lh-bsw-j\\\/\",\"name\":\"L.HOLLMAN BOSTON PODLO\u017dENA JAKNA (BREZROKAVNIK) LH-BSW-J - AndPro\",\"isPartOf\":{\"@id\":\"https:\\\/\\\/andpro.net\\\/de\\\/#website\"},\"primaryImageOfPage\":{\"@id\":\"https:\\\/\\\/andpro.net\\\/product\\\/l-hollman-boston-podlozena-jakna-brezrokavnik-lh-bsw-j\\\/#primaryimage\"},\"image\":{\"@id\":\"https:\\\/\\\/andpro.net\\\/product\\\/l-hollman-boston-podlozena-jakna-brezrokavnik-lh-bsw-j\\\/#primaryimage\"},\"thumbnailUrl\":\"https:\\\/\\\/andpro.net\\\/wp-content\\\/uploads\\\/2024\\\/01\\\/0063453888.jpg\",\"datePublished\":\"2024-01-14T16:26:40+00:00\",\"dateModified\":\"2025-07-20T11:01:33+00:00\",\"breadcrumb\":{\"@id\":\"https:\\\/\\\/andpro.net\\\/product\\\/l-hollman-boston-podlozena-jakna-brezrokavnik-lh-bsw-j\\\/#breadcrumb\"},\"inLanguage\":\"sl-SI\",\"potentialAction\":[{\"@type\":\"ReadAction\",\"target\":[\"https:\\\/\\\/andpro.net\\\/product\\\/l-hollman-boston-podlozena-jakna-brezrokavnik-lh-bsw-j\\\/\"]}]},{\"@type\":\"ImageObject\",\"inLanguage\":\"sl-SI\",\"@id\":\"https:\\\/\\\/andpro.net\\\/product\\\/l-hollman-boston-podlozena-jakna-brezrokavnik-lh-bsw-j\\\/#primaryimage\",\"url\":\"https:\\\/\\\/andpro.net\\\/wp-content\\\/uploads\\\/2024\\\/01\\\/0063453888.jpg\",\"contentUrl\":\"https:\\\/\\\/andpro.net\\\/wp-content\\\/uploads\\\/2024\\\/01\\\/0063453888.jpg\",\"width\":701,\"height\":1024},{\"@type\":\"BreadcrumbList\",\"@id\":\"https:\\\/\\\/andpro.net\\\/product\\\/l-hollman-boston-podlozena-jakna-brezrokavnik-lh-bsw-j\\\/#breadcrumb\",\"itemListElement\":[{\"@type\":\"ListItem\",\"position\":1,\"name\":\"Home\",\"item\":\"https:\\\/\\\/andpro.net\\\/\"},{\"@type\":\"ListItem\",\"position\":2,\"name\":\"Shop\",\"item\":\"https:\\\/\\\/andpro.net\\\/en\\\/shop\\\/\"},{\"@type\":\"ListItem\",\"position\":3,\"name\":\"L.HOLLMAN BOSTON PODLO\u017dENA JAKNA (BREZROKAVNIK) LH-BSW-J\"}]},{\"@type\":\"WebSite\",\"@id\":\"https:\\\/\\\/andpro.net\\\/de\\\/#website\",\"url\":\"https:\\\/\\\/andpro.net\\\/de\\\/\",\"name\":\"AndPro\",\"description\":\"The best decision\",\"publisher\":{\"@id\":\"https:\\\/\\\/andpro.net\\\/de\\\/#organization\"},\"potentialAction\":[{\"@type\":\"SearchAction\",\"target\":{\"@type\":\"EntryPoint\",\"urlTemplate\":\"https:\\\/\\\/andpro.net\\\/de\\\/?s={search_term_string}\"},\"query-input\":{\"@type\":\"PropertyValueSpecification\",\"valueRequired\":true,\"valueName\":\"search_term_string\"}}],\"inLanguage\":\"sl-SI\"},{\"@type\":\"Organization\",\"@id\":\"https:\\\/\\\/andpro.net\\\/de\\\/#organization\",\"name\":\"AndPro\",\"url\":\"https:\\\/\\\/andpro.net\\\/de\\\/\",\"logo\":{\"@type\":\"ImageObject\",\"inLanguage\":\"sl-SI\",\"@id\":\"https:\\\/\\\/andpro.net\\\/de\\\/#\\\/schema\\\/logo\\\/image\\\/\",\"url\":\"https:\\\/\\\/andpro.net\\\/wp-content\\\/uploads\\\/2023\\\/11\\\/logo_fix.png\",\"contentUrl\":\"https:\\\/\\\/andpro.net\\\/wp-content\\\/uploads\\\/2023\\\/11\\\/logo_fix.png\",\"width\":1244,\"height\":637,\"caption\":\"AndPro\"},\"image\":{\"@id\":\"https:\\\/\\\/andpro.net\\\/de\\\/#\\\/schema\\\/logo\\\/image\\\/\"}}]}<\/script>\n<!-- \/ Yoast SEO Premium plugin. -->","yoast_head_json":{"title":"L.HOLLMAN BOSTON PODLO\u017dENA JAKNA (BREZROKAVNIK) LH-BSW-J - AndPro","robots":{"index":"index","follow":"follow","max-snippet":"max-snippet:-1","max-image-preview":"max-image-preview:large","max-video-preview":"max-video-preview:-1"},"canonical":"https:\/\/andpro.net\/sl\/product\/l-hollman-boston-podlozena-jakna-brezrokavnik-lh-bsw-j\/","og_locale":"sl_SI","og_type":"article","og_title":"L.HOLLMAN BOSTON PODLO\u017dENA JAKNA (BREZROKAVNIK) LH-BSW-J","og_description":"BOSTON zimska delavska jakna z podlo\u017eena z flisom, izdelana iz ripstop blaga z odstranljivimi rokavi (brezrokavnik). &nbsp; Premaz: Pongee poliester, prevle\u010den s PVC-jem, gramatura 340 g\/m\u00b2 Podloga iz flisa 190T, te\u017ea 240 g\/m\u00b2 Podloga 100% poliester, gramatura 120 g\/m\u00b2 Tkanina Rip-stop &#8211; \u0161\u010diti pred trganjem, \u010de se ujame na \u0161trle\u010di predmet dodatni vstavki iz poliestra [&hellip;]","og_url":"https:\/\/andpro.net\/sl\/product\/l-hollman-boston-podlozena-jakna-brezrokavnik-lh-bsw-j\/","og_site_name":"AndPro","article_modified_time":"2025-07-20T11:01:33+00:00","og_image":[{"width":701,"height":1024,"url":"https:\/\/andpro.net\/wp-content\/uploads\/2024\/01\/0063453888.jpg","type":"image\/jpeg"}],"twitter_card":"summary_large_image","twitter_misc":{"Est. reading time":"2 minuti"},"schema":{"@context":"https:\/\/schema.org","@graph":[{"@type":"WebPage","@id":"https:\/\/andpro.net\/product\/l-hollman-boston-podlozena-jakna-brezrokavnik-lh-bsw-j\/","url":"https:\/\/andpro.net\/product\/l-hollman-boston-podlozena-jakna-brezrokavnik-lh-bsw-j\/","name":"L.HOLLMAN BOSTON PODLO\u017dENA JAKNA (BREZROKAVNIK) LH-BSW-J - AndPro","isPartOf":{"@id":"https:\/\/andpro.net\/de\/#website"},"primaryImageOfPage":{"@id":"https:\/\/andpro.net\/product\/l-hollman-boston-podlozena-jakna-brezrokavnik-lh-bsw-j\/#primaryimage"},"image":{"@id":"https:\/\/andpro.net\/product\/l-hollman-boston-podlozena-jakna-brezrokavnik-lh-bsw-j\/#primaryimage"},"thumbnailUrl":"https:\/\/andpro.net\/wp-content\/uploads\/2024\/01\/0063453888.jpg","datePublished":"2024-01-14T16:26:40+00:00","dateModified":"2025-07-20T11:01:33+00:00","breadcrumb":{"@id":"https:\/\/andpro.net\/product\/l-hollman-boston-podlozena-jakna-brezrokavnik-lh-bsw-j\/#breadcrumb"},"inLanguage":"sl-SI","potentialAction":[{"@type":"ReadAction","target":["https:\/\/andpro.net\/product\/l-hollman-boston-podlozena-jakna-brezrokavnik-lh-bsw-j\/"]}]},{"@type":"ImageObject","inLanguage":"sl-SI","@id":"https:\/\/andpro.net\/product\/l-hollman-boston-podlozena-jakna-brezrokavnik-lh-bsw-j\/#primaryimage","url":"https:\/\/andpro.net\/wp-content\/uploads\/2024\/01\/0063453888.jpg","contentUrl":"https:\/\/andpro.net\/wp-content\/uploads\/2024\/01\/0063453888.jpg","width":701,"height":1024},{"@type":"BreadcrumbList","@id":"https:\/\/andpro.net\/product\/l-hollman-boston-podlozena-jakna-brezrokavnik-lh-bsw-j\/#breadcrumb","itemListElement":[{"@type":"ListItem","position":1,"name":"Home","item":"https:\/\/andpro.net\/"},{"@type":"ListItem","position":2,"name":"Shop","item":"https:\/\/andpro.net\/en\/shop\/"},{"@type":"ListItem","position":3,"name":"L.HOLLMAN BOSTON PODLO\u017dENA JAKNA (BREZROKAVNIK) LH-BSW-J"}]},{"@type":"WebSite","@id":"https:\/\/andpro.net\/de\/#website","url":"https:\/\/andpro.net\/de\/","name":"AndPro","description":"The best decision","publisher":{"@id":"https:\/\/andpro.net\/de\/#organization"},"potentialAction":[{"@type":"SearchAction","target":{"@type":"EntryPoint","urlTemplate":"https:\/\/andpro.net\/de\/?s={search_term_string}"},"query-input":{"@type":"PropertyValueSpecification","valueRequired":true,"valueName":"search_term_string"}}],"inLanguage":"sl-SI"},{"@type":"Organization","@id":"https:\/\/andpro.net\/de\/#organization","name":"AndPro","url":"https:\/\/andpro.net\/de\/","logo":{"@type":"ImageObject","inLanguage":"sl-SI","@id":"https:\/\/andpro.net\/de\/#\/schema\/logo\/image\/","url":"https:\/\/andpro.net\/wp-content\/uploads\/2023\/11\/logo_fix.png","contentUrl":"https:\/\/andpro.net\/wp-content\/uploads\/2023\/11\/logo_fix.png","width":1244,"height":637,"caption":"AndPro"},"image":{"@id":"https:\/\/andpro.net\/de\/#\/schema\/logo\/image\/"}}]}},"_links":{"self":[{"href":"https:\/\/andpro.net\/sl\/wp-json\/wp\/v2\/product\/6605","targetHints":{"allow":["GET"]}}],"collection":[{"href":"https:\/\/andpro.net\/sl\/wp-json\/wp\/v2\/product"}],"about":[{"href":"https:\/\/andpro.net\/sl\/wp-json\/wp\/v2\/types\/product"}],"wp:featuredmedia":[{"embeddable":true,"href":"https:\/\/andpro.net\/sl\/wp-json\/wp\/v2\/media\/6611"}],"wp:attachment":[{"href":"https:\/\/andpro.net\/sl\/wp-json\/wp\/v2\/media?parent=6605"}],"wp:term":[{"taxonomy":"product_brand","embeddable":true,"href":"https:\/\/andpro.net\/sl\/wp-json\/wp\/v2\/product_brand?post=6605"},{"taxonomy":"product_cat","embeddable":true,"href":"https:\/\/andpro.net\/sl\/wp-json\/wp\/v2\/product_cat?post=6605"},{"taxonomy":"product_tag","embeddable":true,"href":"https:\/\/andpro.net\/sl\/wp-json\/wp\/v2\/product_tag?post=6605"}],"curies":[{"name":"wp","href":"https:\/\/api.w.org\/{rel}","templated":true}]}}