{"id":6700,"date":"2024-01-14T18:23:24","date_gmt":"2024-01-14T17:23:24","guid":{"rendered":"https:\/\/andpro.net\/?post_type=product&#038;p=6700"},"modified":"2025-07-20T12:00:21","modified_gmt":"2025-07-20T11:00:21","slug":"reis-dragon-varnostni-cevlji-brrobin","status":"publish","type":"product","link":"https:\/\/andpro.net\/sl\/product\/reis-dragon-varnostni-cevlji-brrobin\/","title":{"rendered":"REIS VARNOSTNI \u010cEVLJI BRROBIN S1P SRC"},"content":{"rendered":"<p>Varnostni delavski \u010devlji ROBIN.<\/p>\n<p>&nbsp;<\/p>\n<p>iz pletenega tekstilnega materiala<\/p>\n<p>Nizki \u010devlji, ki segajo nad gle\u017enje<\/p>\n<p>Nedrse\u010d, na olje odporen, antistati\u010dni podplat iz poliuretana dvojne gostote<\/p>\n<p>Jeklena kapa odporna na udarce z energijo 200 J in tla\u010dno silo do 15 kN<\/p>\n<p>Jeklen vlo\u017eek, ki \u0161\u010diti stopalo pred vbodi s pritiskom 1100 N<\/p>\n<p>Kategorija S1P SRC<\/p>\n<p>izpolnjujejo zahteve standardov EN20345 in EN20344<\/p>\n","protected":false},"excerpt":{"rendered":"<p>Varnostni delavski \u010devlji ROBIN. &nbsp; iz pletenega tekstilnega materiala Nizki \u010devlji, ki segajo nad gle\u017enje Nedrse\u010d, na olje odporen, antistati\u010dni podplat iz poliuretana dvojne gostote Jeklena kapa odporna na udarce z energijo 200 J in tla\u010dno silo do 15 kN Jeklen vlo\u017eek, ki \u0161\u010diti stopalo pred vbodi s pritiskom 1100 N Kategorija S1P SRC izpolnjujejo [&hellip;]<\/p>\n","protected":false},"featured_media":6711,"template":"","meta":[],"product_brand":[],"product_cat":[23,119],"product_tag":[],"class_list":{"0":"post-6700","1":"product","2":"type-product","3":"status-publish","4":"has-post-thumbnail","6":"product_cat-obutev","7":"product_cat-zascita-za-noge","9":"first","10":"onbackorder","11":"taxable","12":"shipping-taxable","13":"purchasable","14":"product-type-variable"},"bundled_by":[],"bundle_stock_status":"onbackorder","bundle_stock_quantity":null,"bundle_virtual":false,"bundle_layout":"","bundle_add_to_cart_form_location":"","bundle_editable_in_cart":false,"bundle_sold_individually_context":"","bundle_item_grouping":"","bundle_min_size":"","bundle_max_size":"","bundle_price":[],"bundled_items":[],"bundle_sell_ids":[],"group_of_quantity":0,"min_quantity":0,"max_quantity":"","exclude_order_quantity_value_rules":"no","exclude_category_quantity_rules":"no","combine_variations":"no","yoast_head":"<!-- This site is optimized with the Yoast SEO Premium plugin v23.9 (Yoast SEO v27.3) - https:\/\/yoast.com\/product\/yoast-seo-premium-wordpress\/ -->\n<title>REIS VARNOSTNI \u010cEVLJI BRROBIN S1P SRC - AndPro<\/title>\n<meta name=\"robots\" content=\"index, follow, max-snippet:-1, max-image-preview:large, max-video-preview:-1\" \/>\n<link rel=\"canonical\" href=\"https:\/\/andpro.net\/sl\/product\/reis-dragon-varnostni-cevlji-brrobin\/\" \/>\n<meta property=\"og:locale\" content=\"sl_SI\" \/>\n<meta property=\"og:type\" content=\"article\" \/>\n<meta property=\"og:title\" content=\"REIS VARNOSTNI \u010cEVLJI BRROBIN S1P SRC\" \/>\n<meta property=\"og:description\" content=\"Varnostni delavski \u010devlji ROBIN. &nbsp; iz pletenega tekstilnega materiala Nizki \u010devlji, ki segajo nad gle\u017enje Nedrse\u010d, na olje odporen, antistati\u010dni podplat iz poliuretana dvojne gostote Jeklena kapa odporna na udarce z energijo 200 J in tla\u010dno silo do 15 kN Jeklen vlo\u017eek, ki \u0161\u010diti stopalo pred vbodi s pritiskom 1100 N Kategorija S1P SRC izpolnjujejo [&hellip;]\" \/>\n<meta property=\"og:url\" content=\"https:\/\/andpro.net\/sl\/product\/reis-dragon-varnostni-cevlji-brrobin\/\" \/>\n<meta property=\"og:site_name\" content=\"AndPro\" \/>\n<meta property=\"article:modified_time\" content=\"2025-07-20T11:00:21+00:00\" \/>\n<meta property=\"og:image\" content=\"https:\/\/andpro.net\/wp-content\/uploads\/2024\/01\/0057156944.jpg\" \/>\n\t<meta property=\"og:image:width\" content=\"1024\" \/>\n\t<meta property=\"og:image:height\" content=\"903\" \/>\n\t<meta property=\"og:image:type\" content=\"image\/jpeg\" \/>\n<meta name=\"twitter:card\" content=\"summary_large_image\" \/>\n<meta name=\"twitter:label1\" content=\"Est. reading time\" \/>\n\t<meta name=\"twitter:data1\" content=\"1 minuta\" \/>\n<script type=\"application\/ld+json\" class=\"yoast-schema-graph\">{\"@context\":\"https:\\\/\\\/schema.org\",\"@graph\":[{\"@type\":\"WebPage\",\"@id\":\"https:\\\/\\\/andpro.net\\\/product\\\/reis-dragon-varnostni-cevlji-brrobin\\\/\",\"url\":\"https:\\\/\\\/andpro.net\\\/product\\\/reis-dragon-varnostni-cevlji-brrobin\\\/\",\"name\":\"REIS VARNOSTNI \u010cEVLJI BRROBIN S1P SRC - AndPro\",\"isPartOf\":{\"@id\":\"https:\\\/\\\/andpro.net\\\/de\\\/#website\"},\"primaryImageOfPage\":{\"@id\":\"https:\\\/\\\/andpro.net\\\/product\\\/reis-dragon-varnostni-cevlji-brrobin\\\/#primaryimage\"},\"image\":{\"@id\":\"https:\\\/\\\/andpro.net\\\/product\\\/reis-dragon-varnostni-cevlji-brrobin\\\/#primaryimage\"},\"thumbnailUrl\":\"https:\\\/\\\/andpro.net\\\/wp-content\\\/uploads\\\/2024\\\/01\\\/0057156944.jpg\",\"datePublished\":\"2024-01-14T17:23:24+00:00\",\"dateModified\":\"2025-07-20T11:00:21+00:00\",\"breadcrumb\":{\"@id\":\"https:\\\/\\\/andpro.net\\\/product\\\/reis-dragon-varnostni-cevlji-brrobin\\\/#breadcrumb\"},\"inLanguage\":\"sl-SI\",\"potentialAction\":[{\"@type\":\"ReadAction\",\"target\":[\"https:\\\/\\\/andpro.net\\\/product\\\/reis-dragon-varnostni-cevlji-brrobin\\\/\"]}]},{\"@type\":\"ImageObject\",\"inLanguage\":\"sl-SI\",\"@id\":\"https:\\\/\\\/andpro.net\\\/product\\\/reis-dragon-varnostni-cevlji-brrobin\\\/#primaryimage\",\"url\":\"https:\\\/\\\/andpro.net\\\/wp-content\\\/uploads\\\/2024\\\/01\\\/0057156944.jpg\",\"contentUrl\":\"https:\\\/\\\/andpro.net\\\/wp-content\\\/uploads\\\/2024\\\/01\\\/0057156944.jpg\",\"width\":1024,\"height\":903},{\"@type\":\"BreadcrumbList\",\"@id\":\"https:\\\/\\\/andpro.net\\\/product\\\/reis-dragon-varnostni-cevlji-brrobin\\\/#breadcrumb\",\"itemListElement\":[{\"@type\":\"ListItem\",\"position\":1,\"name\":\"Home\",\"item\":\"https:\\\/\\\/andpro.net\\\/\"},{\"@type\":\"ListItem\",\"position\":2,\"name\":\"Shop\",\"item\":\"https:\\\/\\\/andpro.net\\\/en\\\/shop\\\/\"},{\"@type\":\"ListItem\",\"position\":3,\"name\":\"REIS VARNOSTNI \u010cEVLJI BRROBIN S1P SRC\"}]},{\"@type\":\"WebSite\",\"@id\":\"https:\\\/\\\/andpro.net\\\/de\\\/#website\",\"url\":\"https:\\\/\\\/andpro.net\\\/de\\\/\",\"name\":\"AndPro\",\"description\":\"The best decision\",\"publisher\":{\"@id\":\"https:\\\/\\\/andpro.net\\\/de\\\/#organization\"},\"potentialAction\":[{\"@type\":\"SearchAction\",\"target\":{\"@type\":\"EntryPoint\",\"urlTemplate\":\"https:\\\/\\\/andpro.net\\\/de\\\/?s={search_term_string}\"},\"query-input\":{\"@type\":\"PropertyValueSpecification\",\"valueRequired\":true,\"valueName\":\"search_term_string\"}}],\"inLanguage\":\"sl-SI\"},{\"@type\":\"Organization\",\"@id\":\"https:\\\/\\\/andpro.net\\\/de\\\/#organization\",\"name\":\"AndPro\",\"url\":\"https:\\\/\\\/andpro.net\\\/de\\\/\",\"logo\":{\"@type\":\"ImageObject\",\"inLanguage\":\"sl-SI\",\"@id\":\"https:\\\/\\\/andpro.net\\\/de\\\/#\\\/schema\\\/logo\\\/image\\\/\",\"url\":\"https:\\\/\\\/andpro.net\\\/wp-content\\\/uploads\\\/2023\\\/11\\\/logo_fix.png\",\"contentUrl\":\"https:\\\/\\\/andpro.net\\\/wp-content\\\/uploads\\\/2023\\\/11\\\/logo_fix.png\",\"width\":1244,\"height\":637,\"caption\":\"AndPro\"},\"image\":{\"@id\":\"https:\\\/\\\/andpro.net\\\/de\\\/#\\\/schema\\\/logo\\\/image\\\/\"}}]}<\/script>\n<!-- \/ Yoast SEO Premium plugin. -->","yoast_head_json":{"title":"REIS VARNOSTNI \u010cEVLJI BRROBIN S1P SRC - AndPro","robots":{"index":"index","follow":"follow","max-snippet":"max-snippet:-1","max-image-preview":"max-image-preview:large","max-video-preview":"max-video-preview:-1"},"canonical":"https:\/\/andpro.net\/sl\/product\/reis-dragon-varnostni-cevlji-brrobin\/","og_locale":"sl_SI","og_type":"article","og_title":"REIS VARNOSTNI \u010cEVLJI BRROBIN S1P SRC","og_description":"Varnostni delavski \u010devlji ROBIN. &nbsp; iz pletenega tekstilnega materiala Nizki \u010devlji, ki segajo nad gle\u017enje Nedrse\u010d, na olje odporen, antistati\u010dni podplat iz poliuretana dvojne gostote Jeklena kapa odporna na udarce z energijo 200 J in tla\u010dno silo do 15 kN Jeklen vlo\u017eek, ki \u0161\u010diti stopalo pred vbodi s pritiskom 1100 N Kategorija S1P SRC izpolnjujejo [&hellip;]","og_url":"https:\/\/andpro.net\/sl\/product\/reis-dragon-varnostni-cevlji-brrobin\/","og_site_name":"AndPro","article_modified_time":"2025-07-20T11:00:21+00:00","og_image":[{"width":1024,"height":903,"url":"https:\/\/andpro.net\/wp-content\/uploads\/2024\/01\/0057156944.jpg","type":"image\/jpeg"}],"twitter_card":"summary_large_image","twitter_misc":{"Est. reading time":"1 minuta"},"schema":{"@context":"https:\/\/schema.org","@graph":[{"@type":"WebPage","@id":"https:\/\/andpro.net\/product\/reis-dragon-varnostni-cevlji-brrobin\/","url":"https:\/\/andpro.net\/product\/reis-dragon-varnostni-cevlji-brrobin\/","name":"REIS VARNOSTNI \u010cEVLJI BRROBIN S1P SRC - AndPro","isPartOf":{"@id":"https:\/\/andpro.net\/de\/#website"},"primaryImageOfPage":{"@id":"https:\/\/andpro.net\/product\/reis-dragon-varnostni-cevlji-brrobin\/#primaryimage"},"image":{"@id":"https:\/\/andpro.net\/product\/reis-dragon-varnostni-cevlji-brrobin\/#primaryimage"},"thumbnailUrl":"https:\/\/andpro.net\/wp-content\/uploads\/2024\/01\/0057156944.jpg","datePublished":"2024-01-14T17:23:24+00:00","dateModified":"2025-07-20T11:00:21+00:00","breadcrumb":{"@id":"https:\/\/andpro.net\/product\/reis-dragon-varnostni-cevlji-brrobin\/#breadcrumb"},"inLanguage":"sl-SI","potentialAction":[{"@type":"ReadAction","target":["https:\/\/andpro.net\/product\/reis-dragon-varnostni-cevlji-brrobin\/"]}]},{"@type":"ImageObject","inLanguage":"sl-SI","@id":"https:\/\/andpro.net\/product\/reis-dragon-varnostni-cevlji-brrobin\/#primaryimage","url":"https:\/\/andpro.net\/wp-content\/uploads\/2024\/01\/0057156944.jpg","contentUrl":"https:\/\/andpro.net\/wp-content\/uploads\/2024\/01\/0057156944.jpg","width":1024,"height":903},{"@type":"BreadcrumbList","@id":"https:\/\/andpro.net\/product\/reis-dragon-varnostni-cevlji-brrobin\/#breadcrumb","itemListElement":[{"@type":"ListItem","position":1,"name":"Home","item":"https:\/\/andpro.net\/"},{"@type":"ListItem","position":2,"name":"Shop","item":"https:\/\/andpro.net\/en\/shop\/"},{"@type":"ListItem","position":3,"name":"REIS VARNOSTNI \u010cEVLJI BRROBIN S1P SRC"}]},{"@type":"WebSite","@id":"https:\/\/andpro.net\/de\/#website","url":"https:\/\/andpro.net\/de\/","name":"AndPro","description":"The best decision","publisher":{"@id":"https:\/\/andpro.net\/de\/#organization"},"potentialAction":[{"@type":"SearchAction","target":{"@type":"EntryPoint","urlTemplate":"https:\/\/andpro.net\/de\/?s={search_term_string}"},"query-input":{"@type":"PropertyValueSpecification","valueRequired":true,"valueName":"search_term_string"}}],"inLanguage":"sl-SI"},{"@type":"Organization","@id":"https:\/\/andpro.net\/de\/#organization","name":"AndPro","url":"https:\/\/andpro.net\/de\/","logo":{"@type":"ImageObject","inLanguage":"sl-SI","@id":"https:\/\/andpro.net\/de\/#\/schema\/logo\/image\/","url":"https:\/\/andpro.net\/wp-content\/uploads\/2023\/11\/logo_fix.png","contentUrl":"https:\/\/andpro.net\/wp-content\/uploads\/2023\/11\/logo_fix.png","width":1244,"height":637,"caption":"AndPro"},"image":{"@id":"https:\/\/andpro.net\/de\/#\/schema\/logo\/image\/"}}]}},"_links":{"self":[{"href":"https:\/\/andpro.net\/sl\/wp-json\/wp\/v2\/product\/6700","targetHints":{"allow":["GET"]}}],"collection":[{"href":"https:\/\/andpro.net\/sl\/wp-json\/wp\/v2\/product"}],"about":[{"href":"https:\/\/andpro.net\/sl\/wp-json\/wp\/v2\/types\/product"}],"wp:featuredmedia":[{"embeddable":true,"href":"https:\/\/andpro.net\/sl\/wp-json\/wp\/v2\/media\/6711"}],"wp:attachment":[{"href":"https:\/\/andpro.net\/sl\/wp-json\/wp\/v2\/media?parent=6700"}],"wp:term":[{"taxonomy":"product_brand","embeddable":true,"href":"https:\/\/andpro.net\/sl\/wp-json\/wp\/v2\/product_brand?post=6700"},{"taxonomy":"product_cat","embeddable":true,"href":"https:\/\/andpro.net\/sl\/wp-json\/wp\/v2\/product_cat?post=6700"},{"taxonomy":"product_tag","embeddable":true,"href":"https:\/\/andpro.net\/sl\/wp-json\/wp\/v2\/product_tag?post=6700"}],"curies":[{"name":"wp","href":"https:\/\/api.w.org\/{rel}","templated":true}]}}