{"id":7988,"date":"2024-02-20T15:32:55","date_gmt":"2024-02-20T14:32:55","guid":{"rendered":"https:\/\/andpro.net\/?post_type=product&#038;p=7988"},"modified":"2025-07-20T11:19:19","modified_gmt":"2025-07-20T10:19:19","slug":"l-hollman-zascitne-hlace-lh-tanzo-t","status":"publish","type":"product","link":"https:\/\/andpro.net\/sl\/product\/l-hollman-zascitne-hlace-lh-tanzo-t\/","title":{"rendered":"L.HOLLMAN ZA\u0160\u010cITNE HLA\u010cE LH-TANZO-T"},"content":{"rendered":"<p>Za\u0161\u010ditne delavske hla\u010de &#8211; TANZO.<\/p>\n<p>&nbsp;<\/p>\n<p>Tkanina: 65% poliester, 35% bomba\u017e, gramatura 270 g\/m\u00b2<\/p>\n<p>Vlo\u017eki iz kontrastnega materiala 65% poliester, 35% bomba\u017e, te\u017ea 195 g\/m\u00b2<\/p>\n<p>trije stranski \u017eepi, od katerih ima eden zadrgo<\/p>\n<p>dva zadnja \u017eepa, ki se zapneta z je\u017ekom<\/p>\n<p>\u017depi na nogah, tudi za mobilni telefon<\/p>\n<p>V pasu so v\u0161iti elasti\u010dni trakovi za prilagajanje \u0161irine, kar pomeni, da se hla\u010de bolje prilagajajo postavi<\/p>\n<p>Sponka za pritrditev klju\u010dev<\/p>\n<p>Zanke za pritrditev dodatnih dodatkov<\/p>\n<p>\u017depi na kolenih za \u0161\u010ditnike kolen<\/p>\n<p>Modna barvna kombinacija poskrbi za privla\u010den videz<\/p>\n","protected":false},"excerpt":{"rendered":"<p>Za\u0161\u010ditne delavske hla\u010de &#8211; TANZO. &nbsp; Tkanina: 65% poliester, 35% bomba\u017e, gramatura 270 g\/m\u00b2 Vlo\u017eki iz kontrastnega materiala 65% poliester, 35% bomba\u017e, te\u017ea 195 g\/m\u00b2 trije stranski \u017eepi, od katerih ima eden zadrgo dva zadnja \u017eepa, ki se zapneta z je\u017ekom \u017depi na nogah, tudi za mobilni telefon V pasu so v\u0161iti elasti\u010dni trakovi za [&hellip;]<\/p>\n","protected":false},"featured_media":8013,"template":"","meta":[],"product_brand":[],"product_cat":[21,41],"product_tag":[],"class_list":{"0":"post-7988","1":"product","2":"type-product","3":"status-publish","4":"has-post-thumbnail","6":"product_cat-oblacila","7":"product_cat-hlace","9":"first","10":"onbackorder","11":"taxable","12":"shipping-taxable","13":"purchasable","14":"product-type-bundle"},"bundled_by":[],"bundle_stock_status":"instock","bundle_stock_quantity":"","bundle_virtual":false,"bundle_layout":"default","bundle_add_to_cart_form_location":"default","bundle_editable_in_cart":true,"bundle_sold_individually_context":"product","bundle_item_grouping":"parent","bundle_min_size":"","bundle_max_size":"","bundle_price":{"price":{"min":{"incl_tax":"37.72","excl_tax":"30.92"},"max":{"incl_tax":"108.87","excl_tax":"89.24"}},"regular_price":{"min":{"incl_tax":"37.72","excl_tax":"30.92"},"max":{"incl_tax":"108.87","excl_tax":"89.24"}}},"bundled_items":[{"bundled_item_id":3,"product_id":7961,"menu_order":0,"quantity_min":1,"quantity_max":1,"quantity_default":1,"priced_individually":true,"shipped_individually":false,"override_title":false,"title":"L.HOLLMAN ZA\u0160\u010cITNE KRATKE HLA\u010cE LH-TANZO-TS","override_description":false,"description":"","optional":true,"hide_thumbnail":false,"discount":"","override_variations":false,"allowed_variations":[],"override_default_variation_attributes":false,"default_variation_attributes":[],"single_product_visibility":"visible","cart_visibility":"visible","order_visibility":"visible","single_product_price_visibility":"visible","cart_price_visibility":"visible","order_price_visibility":"visible","stock_status":"on_backorder"},{"bundled_item_id":5,"product_id":7689,"menu_order":1,"quantity_min":1,"quantity_max":1,"quantity_default":1,"priced_individually":true,"shipped_individually":false,"override_title":false,"title":"L.HOLLMAN ZA\u0160\u010cITNA JAKNA LH-TANZO-J","override_description":false,"description":"","optional":true,"hide_thumbnail":false,"discount":"","override_variations":false,"allowed_variations":[],"override_default_variation_attributes":false,"default_variation_attributes":[],"single_product_visibility":"visible","cart_visibility":"visible","order_visibility":"visible","single_product_price_visibility":"visible","cart_price_visibility":"visible","order_price_visibility":"visible","stock_status":"on_backorder"}],"bundle_sell_ids":[],"group_of_quantity":0,"min_quantity":0,"max_quantity":"","exclude_order_quantity_value_rules":"no","exclude_category_quantity_rules":"no","combine_variations":"no","yoast_head":"<!-- This site is optimized with the Yoast SEO Premium plugin v23.9 (Yoast SEO v27.4) - https:\/\/yoast.com\/product\/yoast-seo-premium-wordpress\/ -->\n<title>L.HOLLMAN ZA\u0160\u010cITNE HLA\u010cE LH-TANZO-T - AndPro<\/title>\n<meta name=\"robots\" content=\"index, follow, max-snippet:-1, max-image-preview:large, max-video-preview:-1\" \/>\n<link rel=\"canonical\" href=\"https:\/\/andpro.net\/sl\/product\/l-hollman-zascitne-hlace-lh-tanzo-t\/\" \/>\n<meta property=\"og:locale\" content=\"sl_SI\" \/>\n<meta property=\"og:type\" content=\"article\" \/>\n<meta property=\"og:title\" content=\"L.HOLLMAN ZA\u0160\u010cITNE HLA\u010cE LH-TANZO-T\" \/>\n<meta property=\"og:description\" content=\"Za\u0161\u010ditne delavske hla\u010de &#8211; TANZO. &nbsp; Tkanina: 65% poliester, 35% bomba\u017e, gramatura 270 g\/m\u00b2 Vlo\u017eki iz kontrastnega materiala 65% poliester, 35% bomba\u017e, te\u017ea 195 g\/m\u00b2 trije stranski \u017eepi, od katerih ima eden zadrgo dva zadnja \u017eepa, ki se zapneta z je\u017ekom \u017depi na nogah, tudi za mobilni telefon V pasu so v\u0161iti elasti\u010dni trakovi za [&hellip;]\" \/>\n<meta property=\"og:url\" content=\"https:\/\/andpro.net\/sl\/product\/l-hollman-zascitne-hlace-lh-tanzo-t\/\" \/>\n<meta property=\"og:site_name\" content=\"AndPro\" \/>\n<meta property=\"article:modified_time\" content=\"2025-07-20T10:19:19+00:00\" \/>\n<meta property=\"og:image\" content=\"https:\/\/andpro.net\/wp-content\/uploads\/2024\/02\/0047977376.jpg\" \/>\n\t<meta property=\"og:image:width\" content=\"565\" \/>\n\t<meta property=\"og:image:height\" content=\"1024\" \/>\n\t<meta property=\"og:image:type\" content=\"image\/jpeg\" \/>\n<meta name=\"twitter:card\" content=\"summary_large_image\" \/>\n<meta name=\"twitter:label1\" content=\"Est. reading time\" \/>\n\t<meta name=\"twitter:data1\" content=\"1 minuta\" \/>\n<script type=\"application\/ld+json\" class=\"yoast-schema-graph\">{\"@context\":\"https:\\\/\\\/schema.org\",\"@graph\":[{\"@type\":\"WebPage\",\"@id\":\"https:\\\/\\\/andpro.net\\\/product\\\/l-hollman-zascitne-hlace-lh-tanzo-t\\\/\",\"url\":\"https:\\\/\\\/andpro.net\\\/product\\\/l-hollman-zascitne-hlace-lh-tanzo-t\\\/\",\"name\":\"L.HOLLMAN ZA\u0160\u010cITNE HLA\u010cE LH-TANZO-T - AndPro\",\"isPartOf\":{\"@id\":\"https:\\\/\\\/andpro.net\\\/de\\\/#website\"},\"primaryImageOfPage\":{\"@id\":\"https:\\\/\\\/andpro.net\\\/product\\\/l-hollman-zascitne-hlace-lh-tanzo-t\\\/#primaryimage\"},\"image\":{\"@id\":\"https:\\\/\\\/andpro.net\\\/product\\\/l-hollman-zascitne-hlace-lh-tanzo-t\\\/#primaryimage\"},\"thumbnailUrl\":\"https:\\\/\\\/andpro.net\\\/wp-content\\\/uploads\\\/2024\\\/02\\\/0047977376.jpg\",\"datePublished\":\"2024-02-20T14:32:55+00:00\",\"dateModified\":\"2025-07-20T10:19:19+00:00\",\"breadcrumb\":{\"@id\":\"https:\\\/\\\/andpro.net\\\/product\\\/l-hollman-zascitne-hlace-lh-tanzo-t\\\/#breadcrumb\"},\"inLanguage\":\"sl-SI\",\"potentialAction\":[{\"@type\":\"ReadAction\",\"target\":[\"https:\\\/\\\/andpro.net\\\/product\\\/l-hollman-zascitne-hlace-lh-tanzo-t\\\/\"]}]},{\"@type\":\"ImageObject\",\"inLanguage\":\"sl-SI\",\"@id\":\"https:\\\/\\\/andpro.net\\\/product\\\/l-hollman-zascitne-hlace-lh-tanzo-t\\\/#primaryimage\",\"url\":\"https:\\\/\\\/andpro.net\\\/wp-content\\\/uploads\\\/2024\\\/02\\\/0047977376.jpg\",\"contentUrl\":\"https:\\\/\\\/andpro.net\\\/wp-content\\\/uploads\\\/2024\\\/02\\\/0047977376.jpg\",\"width\":565,\"height\":1024},{\"@type\":\"BreadcrumbList\",\"@id\":\"https:\\\/\\\/andpro.net\\\/product\\\/l-hollman-zascitne-hlace-lh-tanzo-t\\\/#breadcrumb\",\"itemListElement\":[{\"@type\":\"ListItem\",\"position\":1,\"name\":\"Home\",\"item\":\"https:\\\/\\\/andpro.net\\\/\"},{\"@type\":\"ListItem\",\"position\":2,\"name\":\"Shop\",\"item\":\"https:\\\/\\\/andpro.net\\\/en\\\/shop\\\/\"},{\"@type\":\"ListItem\",\"position\":3,\"name\":\"L.HOLLMAN ZA\u0160\u010cITNE HLA\u010cE LH-TANZO-T\"}]},{\"@type\":\"WebSite\",\"@id\":\"https:\\\/\\\/andpro.net\\\/de\\\/#website\",\"url\":\"https:\\\/\\\/andpro.net\\\/de\\\/\",\"name\":\"AndPro\",\"description\":\"The best decision\",\"publisher\":{\"@id\":\"https:\\\/\\\/andpro.net\\\/de\\\/#organization\"},\"potentialAction\":[{\"@type\":\"SearchAction\",\"target\":{\"@type\":\"EntryPoint\",\"urlTemplate\":\"https:\\\/\\\/andpro.net\\\/de\\\/?s={search_term_string}\"},\"query-input\":{\"@type\":\"PropertyValueSpecification\",\"valueRequired\":true,\"valueName\":\"search_term_string\"}}],\"inLanguage\":\"sl-SI\"},{\"@type\":\"Organization\",\"@id\":\"https:\\\/\\\/andpro.net\\\/de\\\/#organization\",\"name\":\"AndPro\",\"url\":\"https:\\\/\\\/andpro.net\\\/de\\\/\",\"logo\":{\"@type\":\"ImageObject\",\"inLanguage\":\"sl-SI\",\"@id\":\"https:\\\/\\\/andpro.net\\\/de\\\/#\\\/schema\\\/logo\\\/image\\\/\",\"url\":\"https:\\\/\\\/andpro.net\\\/wp-content\\\/uploads\\\/2023\\\/11\\\/logo_fix.png\",\"contentUrl\":\"https:\\\/\\\/andpro.net\\\/wp-content\\\/uploads\\\/2023\\\/11\\\/logo_fix.png\",\"width\":1244,\"height\":637,\"caption\":\"AndPro\"},\"image\":{\"@id\":\"https:\\\/\\\/andpro.net\\\/de\\\/#\\\/schema\\\/logo\\\/image\\\/\"}}]}<\/script>\n<!-- \/ Yoast SEO Premium plugin. -->","yoast_head_json":{"title":"L.HOLLMAN ZA\u0160\u010cITNE HLA\u010cE LH-TANZO-T - AndPro","robots":{"index":"index","follow":"follow","max-snippet":"max-snippet:-1","max-image-preview":"max-image-preview:large","max-video-preview":"max-video-preview:-1"},"canonical":"https:\/\/andpro.net\/sl\/product\/l-hollman-zascitne-hlace-lh-tanzo-t\/","og_locale":"sl_SI","og_type":"article","og_title":"L.HOLLMAN ZA\u0160\u010cITNE HLA\u010cE LH-TANZO-T","og_description":"Za\u0161\u010ditne delavske hla\u010de &#8211; TANZO. &nbsp; Tkanina: 65% poliester, 35% bomba\u017e, gramatura 270 g\/m\u00b2 Vlo\u017eki iz kontrastnega materiala 65% poliester, 35% bomba\u017e, te\u017ea 195 g\/m\u00b2 trije stranski \u017eepi, od katerih ima eden zadrgo dva zadnja \u017eepa, ki se zapneta z je\u017ekom \u017depi na nogah, tudi za mobilni telefon V pasu so v\u0161iti elasti\u010dni trakovi za [&hellip;]","og_url":"https:\/\/andpro.net\/sl\/product\/l-hollman-zascitne-hlace-lh-tanzo-t\/","og_site_name":"AndPro","article_modified_time":"2025-07-20T10:19:19+00:00","og_image":[{"width":565,"height":1024,"url":"https:\/\/andpro.net\/wp-content\/uploads\/2024\/02\/0047977376.jpg","type":"image\/jpeg"}],"twitter_card":"summary_large_image","twitter_misc":{"Est. reading time":"1 minuta"},"schema":{"@context":"https:\/\/schema.org","@graph":[{"@type":"WebPage","@id":"https:\/\/andpro.net\/product\/l-hollman-zascitne-hlace-lh-tanzo-t\/","url":"https:\/\/andpro.net\/product\/l-hollman-zascitne-hlace-lh-tanzo-t\/","name":"L.HOLLMAN ZA\u0160\u010cITNE HLA\u010cE LH-TANZO-T - AndPro","isPartOf":{"@id":"https:\/\/andpro.net\/de\/#website"},"primaryImageOfPage":{"@id":"https:\/\/andpro.net\/product\/l-hollman-zascitne-hlace-lh-tanzo-t\/#primaryimage"},"image":{"@id":"https:\/\/andpro.net\/product\/l-hollman-zascitne-hlace-lh-tanzo-t\/#primaryimage"},"thumbnailUrl":"https:\/\/andpro.net\/wp-content\/uploads\/2024\/02\/0047977376.jpg","datePublished":"2024-02-20T14:32:55+00:00","dateModified":"2025-07-20T10:19:19+00:00","breadcrumb":{"@id":"https:\/\/andpro.net\/product\/l-hollman-zascitne-hlace-lh-tanzo-t\/#breadcrumb"},"inLanguage":"sl-SI","potentialAction":[{"@type":"ReadAction","target":["https:\/\/andpro.net\/product\/l-hollman-zascitne-hlace-lh-tanzo-t\/"]}]},{"@type":"ImageObject","inLanguage":"sl-SI","@id":"https:\/\/andpro.net\/product\/l-hollman-zascitne-hlace-lh-tanzo-t\/#primaryimage","url":"https:\/\/andpro.net\/wp-content\/uploads\/2024\/02\/0047977376.jpg","contentUrl":"https:\/\/andpro.net\/wp-content\/uploads\/2024\/02\/0047977376.jpg","width":565,"height":1024},{"@type":"BreadcrumbList","@id":"https:\/\/andpro.net\/product\/l-hollman-zascitne-hlace-lh-tanzo-t\/#breadcrumb","itemListElement":[{"@type":"ListItem","position":1,"name":"Home","item":"https:\/\/andpro.net\/"},{"@type":"ListItem","position":2,"name":"Shop","item":"https:\/\/andpro.net\/en\/shop\/"},{"@type":"ListItem","position":3,"name":"L.HOLLMAN ZA\u0160\u010cITNE HLA\u010cE LH-TANZO-T"}]},{"@type":"WebSite","@id":"https:\/\/andpro.net\/de\/#website","url":"https:\/\/andpro.net\/de\/","name":"AndPro","description":"The best decision","publisher":{"@id":"https:\/\/andpro.net\/de\/#organization"},"potentialAction":[{"@type":"SearchAction","target":{"@type":"EntryPoint","urlTemplate":"https:\/\/andpro.net\/de\/?s={search_term_string}"},"query-input":{"@type":"PropertyValueSpecification","valueRequired":true,"valueName":"search_term_string"}}],"inLanguage":"sl-SI"},{"@type":"Organization","@id":"https:\/\/andpro.net\/de\/#organization","name":"AndPro","url":"https:\/\/andpro.net\/de\/","logo":{"@type":"ImageObject","inLanguage":"sl-SI","@id":"https:\/\/andpro.net\/de\/#\/schema\/logo\/image\/","url":"https:\/\/andpro.net\/wp-content\/uploads\/2023\/11\/logo_fix.png","contentUrl":"https:\/\/andpro.net\/wp-content\/uploads\/2023\/11\/logo_fix.png","width":1244,"height":637,"caption":"AndPro"},"image":{"@id":"https:\/\/andpro.net\/de\/#\/schema\/logo\/image\/"}}]}},"_links":{"self":[{"href":"https:\/\/andpro.net\/sl\/wp-json\/wp\/v2\/product\/7988","targetHints":{"allow":["GET"]}}],"collection":[{"href":"https:\/\/andpro.net\/sl\/wp-json\/wp\/v2\/product"}],"about":[{"href":"https:\/\/andpro.net\/sl\/wp-json\/wp\/v2\/types\/product"}],"wp:featuredmedia":[{"embeddable":true,"href":"https:\/\/andpro.net\/sl\/wp-json\/wp\/v2\/media\/8013"}],"wp:attachment":[{"href":"https:\/\/andpro.net\/sl\/wp-json\/wp\/v2\/media?parent=7988"}],"wp:term":[{"taxonomy":"product_brand","embeddable":true,"href":"https:\/\/andpro.net\/sl\/wp-json\/wp\/v2\/product_brand?post=7988"},{"taxonomy":"product_cat","embeddable":true,"href":"https:\/\/andpro.net\/sl\/wp-json\/wp\/v2\/product_cat?post=7988"},{"taxonomy":"product_tag","embeddable":true,"href":"https:\/\/andpro.net\/sl\/wp-json\/wp\/v2\/product_tag?post=7988"}],"curies":[{"name":"wp","href":"https:\/\/api.w.org\/{rel}","templated":true}]}}