{"id":8571,"date":"2024-04-09T14:23:24","date_gmt":"2024-04-09T13:23:24","guid":{"rendered":"https:\/\/andpro.net\/?post_type=product&#038;p=8571"},"modified":"2025-07-20T11:15:31","modified_gmt":"2025-07-20T10:15:31","slug":"reis-dragon-zascitne-rokavice-blutrix","status":"publish","type":"product","link":"https:\/\/andpro.net\/sl\/product\/reis-dragon-zascitne-rokavice-blutrix\/","title":{"rendered":"REIS DRAGON ZA\u0160\u010cITNE ROKAVICE BLUTRIX"},"content":{"rendered":"<p><strong>Za\u0161\u010ditne delovne rokavice.<\/strong><\/p>\n<ul>\n<li>Pletenina: 100 % poliester (13. \u0161iv)<\/li>\n<li>Zgornji in oprijemalni del prevle\u010den z nitrilom<\/li>\n<li>Odporne na obrabo, odrgnine in vbode.<\/li>\n<li>Zagotavljajo spretnost in odli\u010den ob\u010dutek za predmet, ki ga dr\u017eite<\/li>\n<li>Nitril pove\u010da odpornost na ma\u0161\u010dobe, olja, masti in ogljikovodike<\/li>\n<li>Ohranijo svojo obliko, zato jih je mogo\u010de prati<\/li>\n<li>Dobro delujejo na mestih, kjer prihaja do stika z omenjenimi snovmi<\/li>\n<li>Nitril je biolo\u0161ko razgradljiv, zato so nitrilne rokavice varne za okolje<\/li>\n<li>Odli\u010dni za mehanike, za uporabo med prekladanjem in prevozom<\/li>\n<li>Ustrezajo standardom EN388 (stopnje odpornosti: 3 1 3 1 X) in EN420<\/li>\n<\/ul>\n","protected":false},"excerpt":{"rendered":"<p>Za\u0161\u010ditne delovne rokavice. Pletenina: 100 % poliester (13. \u0161iv) Zgornji in oprijemalni del prevle\u010den z nitrilom Odporne na obrabo, odrgnine in vbode. Zagotavljajo spretnost in odli\u010den ob\u010dutek za predmet, ki ga dr\u017eite Nitril pove\u010da odpornost na ma\u0161\u010dobe, olja, masti in ogljikovodike Ohranijo svojo obliko, zato jih je mogo\u010de prati Dobro delujejo na mestih, kjer prihaja [&hellip;]<\/p>\n","protected":false},"featured_media":8579,"template":"","meta":[],"product_brand":[],"product_cat":[22,115],"product_tag":[],"class_list":{"0":"post-8571","1":"product","2":"type-product","3":"status-publish","4":"has-post-thumbnail","6":"product_cat-rokavice","7":"product_cat-zascita-za-roke","9":"first","10":"onbackorder","11":"taxable","12":"shipping-taxable","13":"purchasable","14":"product-type-variable"},"bundled_by":[],"bundle_stock_status":"onbackorder","bundle_stock_quantity":null,"bundle_virtual":false,"bundle_layout":"","bundle_add_to_cart_form_location":"","bundle_editable_in_cart":false,"bundle_sold_individually_context":"","bundle_item_grouping":"","bundle_min_size":"","bundle_max_size":"","bundle_price":[],"bundled_items":[],"bundle_sell_ids":[],"group_of_quantity":0,"min_quantity":12,"max_quantity":"","exclude_order_quantity_value_rules":"no","exclude_category_quantity_rules":"no","combine_variations":"no","yoast_head":"<!-- This site is optimized with the Yoast SEO Premium plugin v23.9 (Yoast SEO v27.3) - https:\/\/yoast.com\/product\/yoast-seo-premium-wordpress\/ -->\n<title>REIS DRAGON ZA\u0160\u010cITNE ROKAVICE BLUTRIX - AndPro<\/title>\n<meta name=\"robots\" content=\"index, follow, max-snippet:-1, max-image-preview:large, max-video-preview:-1\" \/>\n<link rel=\"canonical\" href=\"https:\/\/andpro.net\/sl\/product\/reis-dragon-zascitne-rokavice-blutrix\/\" \/>\n<meta property=\"og:locale\" content=\"sl_SI\" \/>\n<meta property=\"og:type\" content=\"article\" \/>\n<meta property=\"og:title\" content=\"REIS DRAGON ZA\u0160\u010cITNE ROKAVICE BLUTRIX\" \/>\n<meta property=\"og:description\" content=\"Za\u0161\u010ditne delovne rokavice. Pletenina: 100 % poliester (13. \u0161iv) Zgornji in oprijemalni del prevle\u010den z nitrilom Odporne na obrabo, odrgnine in vbode. Zagotavljajo spretnost in odli\u010den ob\u010dutek za predmet, ki ga dr\u017eite Nitril pove\u010da odpornost na ma\u0161\u010dobe, olja, masti in ogljikovodike Ohranijo svojo obliko, zato jih je mogo\u010de prati Dobro delujejo na mestih, kjer prihaja [&hellip;]\" \/>\n<meta property=\"og:url\" content=\"https:\/\/andpro.net\/sl\/product\/reis-dragon-zascitne-rokavice-blutrix\/\" \/>\n<meta property=\"og:site_name\" content=\"AndPro\" \/>\n<meta property=\"article:modified_time\" content=\"2025-07-20T10:15:31+00:00\" \/>\n<meta property=\"og:image\" content=\"https:\/\/andpro.net\/wp-content\/uploads\/2024\/04\/0045076480.jpg\" \/>\n\t<meta property=\"og:image:width\" content=\"672\" \/>\n\t<meta property=\"og:image:height\" content=\"1024\" \/>\n\t<meta property=\"og:image:type\" content=\"image\/jpeg\" \/>\n<meta name=\"twitter:card\" content=\"summary_large_image\" \/>\n<meta name=\"twitter:label1\" content=\"Est. reading time\" \/>\n\t<meta name=\"twitter:data1\" content=\"1 minuta\" \/>\n<script type=\"application\/ld+json\" class=\"yoast-schema-graph\">{\"@context\":\"https:\\\/\\\/schema.org\",\"@graph\":[{\"@type\":\"WebPage\",\"@id\":\"https:\\\/\\\/andpro.net\\\/product\\\/reis-dragon-zascitne-rokavice-blutrix\\\/\",\"url\":\"https:\\\/\\\/andpro.net\\\/product\\\/reis-dragon-zascitne-rokavice-blutrix\\\/\",\"name\":\"REIS DRAGON ZA\u0160\u010cITNE ROKAVICE BLUTRIX - AndPro\",\"isPartOf\":{\"@id\":\"https:\\\/\\\/andpro.net\\\/de\\\/#website\"},\"primaryImageOfPage\":{\"@id\":\"https:\\\/\\\/andpro.net\\\/product\\\/reis-dragon-zascitne-rokavice-blutrix\\\/#primaryimage\"},\"image\":{\"@id\":\"https:\\\/\\\/andpro.net\\\/product\\\/reis-dragon-zascitne-rokavice-blutrix\\\/#primaryimage\"},\"thumbnailUrl\":\"https:\\\/\\\/andpro.net\\\/wp-content\\\/uploads\\\/2024\\\/04\\\/0045076480.jpg\",\"datePublished\":\"2024-04-09T13:23:24+00:00\",\"dateModified\":\"2025-07-20T10:15:31+00:00\",\"breadcrumb\":{\"@id\":\"https:\\\/\\\/andpro.net\\\/product\\\/reis-dragon-zascitne-rokavice-blutrix\\\/#breadcrumb\"},\"inLanguage\":\"sl-SI\",\"potentialAction\":[{\"@type\":\"ReadAction\",\"target\":[\"https:\\\/\\\/andpro.net\\\/product\\\/reis-dragon-zascitne-rokavice-blutrix\\\/\"]}]},{\"@type\":\"ImageObject\",\"inLanguage\":\"sl-SI\",\"@id\":\"https:\\\/\\\/andpro.net\\\/product\\\/reis-dragon-zascitne-rokavice-blutrix\\\/#primaryimage\",\"url\":\"https:\\\/\\\/andpro.net\\\/wp-content\\\/uploads\\\/2024\\\/04\\\/0045076480.jpg\",\"contentUrl\":\"https:\\\/\\\/andpro.net\\\/wp-content\\\/uploads\\\/2024\\\/04\\\/0045076480.jpg\",\"width\":672,\"height\":1024},{\"@type\":\"BreadcrumbList\",\"@id\":\"https:\\\/\\\/andpro.net\\\/product\\\/reis-dragon-zascitne-rokavice-blutrix\\\/#breadcrumb\",\"itemListElement\":[{\"@type\":\"ListItem\",\"position\":1,\"name\":\"Home\",\"item\":\"https:\\\/\\\/andpro.net\\\/\"},{\"@type\":\"ListItem\",\"position\":2,\"name\":\"Shop\",\"item\":\"https:\\\/\\\/andpro.net\\\/en\\\/shop\\\/\"},{\"@type\":\"ListItem\",\"position\":3,\"name\":\"REIS DRAGON ZA\u0160\u010cITNE ROKAVICE BLUTRIX\"}]},{\"@type\":\"WebSite\",\"@id\":\"https:\\\/\\\/andpro.net\\\/de\\\/#website\",\"url\":\"https:\\\/\\\/andpro.net\\\/de\\\/\",\"name\":\"AndPro\",\"description\":\"The best decision\",\"publisher\":{\"@id\":\"https:\\\/\\\/andpro.net\\\/de\\\/#organization\"},\"potentialAction\":[{\"@type\":\"SearchAction\",\"target\":{\"@type\":\"EntryPoint\",\"urlTemplate\":\"https:\\\/\\\/andpro.net\\\/de\\\/?s={search_term_string}\"},\"query-input\":{\"@type\":\"PropertyValueSpecification\",\"valueRequired\":true,\"valueName\":\"search_term_string\"}}],\"inLanguage\":\"sl-SI\"},{\"@type\":\"Organization\",\"@id\":\"https:\\\/\\\/andpro.net\\\/de\\\/#organization\",\"name\":\"AndPro\",\"url\":\"https:\\\/\\\/andpro.net\\\/de\\\/\",\"logo\":{\"@type\":\"ImageObject\",\"inLanguage\":\"sl-SI\",\"@id\":\"https:\\\/\\\/andpro.net\\\/de\\\/#\\\/schema\\\/logo\\\/image\\\/\",\"url\":\"https:\\\/\\\/andpro.net\\\/wp-content\\\/uploads\\\/2023\\\/11\\\/logo_fix.png\",\"contentUrl\":\"https:\\\/\\\/andpro.net\\\/wp-content\\\/uploads\\\/2023\\\/11\\\/logo_fix.png\",\"width\":1244,\"height\":637,\"caption\":\"AndPro\"},\"image\":{\"@id\":\"https:\\\/\\\/andpro.net\\\/de\\\/#\\\/schema\\\/logo\\\/image\\\/\"}}]}<\/script>\n<!-- \/ Yoast SEO Premium plugin. -->","yoast_head_json":{"title":"REIS DRAGON ZA\u0160\u010cITNE ROKAVICE BLUTRIX - AndPro","robots":{"index":"index","follow":"follow","max-snippet":"max-snippet:-1","max-image-preview":"max-image-preview:large","max-video-preview":"max-video-preview:-1"},"canonical":"https:\/\/andpro.net\/sl\/product\/reis-dragon-zascitne-rokavice-blutrix\/","og_locale":"sl_SI","og_type":"article","og_title":"REIS DRAGON ZA\u0160\u010cITNE ROKAVICE BLUTRIX","og_description":"Za\u0161\u010ditne delovne rokavice. Pletenina: 100 % poliester (13. \u0161iv) Zgornji in oprijemalni del prevle\u010den z nitrilom Odporne na obrabo, odrgnine in vbode. Zagotavljajo spretnost in odli\u010den ob\u010dutek za predmet, ki ga dr\u017eite Nitril pove\u010da odpornost na ma\u0161\u010dobe, olja, masti in ogljikovodike Ohranijo svojo obliko, zato jih je mogo\u010de prati Dobro delujejo na mestih, kjer prihaja [&hellip;]","og_url":"https:\/\/andpro.net\/sl\/product\/reis-dragon-zascitne-rokavice-blutrix\/","og_site_name":"AndPro","article_modified_time":"2025-07-20T10:15:31+00:00","og_image":[{"width":672,"height":1024,"url":"https:\/\/andpro.net\/wp-content\/uploads\/2024\/04\/0045076480.jpg","type":"image\/jpeg"}],"twitter_card":"summary_large_image","twitter_misc":{"Est. reading time":"1 minuta"},"schema":{"@context":"https:\/\/schema.org","@graph":[{"@type":"WebPage","@id":"https:\/\/andpro.net\/product\/reis-dragon-zascitne-rokavice-blutrix\/","url":"https:\/\/andpro.net\/product\/reis-dragon-zascitne-rokavice-blutrix\/","name":"REIS DRAGON ZA\u0160\u010cITNE ROKAVICE BLUTRIX - AndPro","isPartOf":{"@id":"https:\/\/andpro.net\/de\/#website"},"primaryImageOfPage":{"@id":"https:\/\/andpro.net\/product\/reis-dragon-zascitne-rokavice-blutrix\/#primaryimage"},"image":{"@id":"https:\/\/andpro.net\/product\/reis-dragon-zascitne-rokavice-blutrix\/#primaryimage"},"thumbnailUrl":"https:\/\/andpro.net\/wp-content\/uploads\/2024\/04\/0045076480.jpg","datePublished":"2024-04-09T13:23:24+00:00","dateModified":"2025-07-20T10:15:31+00:00","breadcrumb":{"@id":"https:\/\/andpro.net\/product\/reis-dragon-zascitne-rokavice-blutrix\/#breadcrumb"},"inLanguage":"sl-SI","potentialAction":[{"@type":"ReadAction","target":["https:\/\/andpro.net\/product\/reis-dragon-zascitne-rokavice-blutrix\/"]}]},{"@type":"ImageObject","inLanguage":"sl-SI","@id":"https:\/\/andpro.net\/product\/reis-dragon-zascitne-rokavice-blutrix\/#primaryimage","url":"https:\/\/andpro.net\/wp-content\/uploads\/2024\/04\/0045076480.jpg","contentUrl":"https:\/\/andpro.net\/wp-content\/uploads\/2024\/04\/0045076480.jpg","width":672,"height":1024},{"@type":"BreadcrumbList","@id":"https:\/\/andpro.net\/product\/reis-dragon-zascitne-rokavice-blutrix\/#breadcrumb","itemListElement":[{"@type":"ListItem","position":1,"name":"Home","item":"https:\/\/andpro.net\/"},{"@type":"ListItem","position":2,"name":"Shop","item":"https:\/\/andpro.net\/en\/shop\/"},{"@type":"ListItem","position":3,"name":"REIS DRAGON ZA\u0160\u010cITNE ROKAVICE BLUTRIX"}]},{"@type":"WebSite","@id":"https:\/\/andpro.net\/de\/#website","url":"https:\/\/andpro.net\/de\/","name":"AndPro","description":"The best decision","publisher":{"@id":"https:\/\/andpro.net\/de\/#organization"},"potentialAction":[{"@type":"SearchAction","target":{"@type":"EntryPoint","urlTemplate":"https:\/\/andpro.net\/de\/?s={search_term_string}"},"query-input":{"@type":"PropertyValueSpecification","valueRequired":true,"valueName":"search_term_string"}}],"inLanguage":"sl-SI"},{"@type":"Organization","@id":"https:\/\/andpro.net\/de\/#organization","name":"AndPro","url":"https:\/\/andpro.net\/de\/","logo":{"@type":"ImageObject","inLanguage":"sl-SI","@id":"https:\/\/andpro.net\/de\/#\/schema\/logo\/image\/","url":"https:\/\/andpro.net\/wp-content\/uploads\/2023\/11\/logo_fix.png","contentUrl":"https:\/\/andpro.net\/wp-content\/uploads\/2023\/11\/logo_fix.png","width":1244,"height":637,"caption":"AndPro"},"image":{"@id":"https:\/\/andpro.net\/de\/#\/schema\/logo\/image\/"}}]}},"_links":{"self":[{"href":"https:\/\/andpro.net\/sl\/wp-json\/wp\/v2\/product\/8571","targetHints":{"allow":["GET"]}}],"collection":[{"href":"https:\/\/andpro.net\/sl\/wp-json\/wp\/v2\/product"}],"about":[{"href":"https:\/\/andpro.net\/sl\/wp-json\/wp\/v2\/types\/product"}],"wp:featuredmedia":[{"embeddable":true,"href":"https:\/\/andpro.net\/sl\/wp-json\/wp\/v2\/media\/8579"}],"wp:attachment":[{"href":"https:\/\/andpro.net\/sl\/wp-json\/wp\/v2\/media?parent=8571"}],"wp:term":[{"taxonomy":"product_brand","embeddable":true,"href":"https:\/\/andpro.net\/sl\/wp-json\/wp\/v2\/product_brand?post=8571"},{"taxonomy":"product_cat","embeddable":true,"href":"https:\/\/andpro.net\/sl\/wp-json\/wp\/v2\/product_cat?post=8571"},{"taxonomy":"product_tag","embeddable":true,"href":"https:\/\/andpro.net\/sl\/wp-json\/wp\/v2\/product_tag?post=8571"}],"curies":[{"name":"wp","href":"https:\/\/api.w.org\/{rel}","templated":true}]}}