{"id":9037,"date":"2024-06-12T13:23:01","date_gmt":"2024-06-12T12:23:01","guid":{"rendered":"https:\/\/andpro.net\/?post_type=product&#038;p=9037"},"modified":"2025-07-20T11:03:42","modified_gmt":"2025-07-20T10:03:42","slug":"reis-zascitna-ocala-gog-framber-uni","status":"publish","type":"product","link":"https:\/\/andpro.net\/sl\/product\/reis-zascitna-ocala-gog-framber-uni\/","title":{"rendered":"REIS ZA\u0160\u010cITNA O\u010cALA GOG-FRAMBER UNI"},"content":{"rendered":"<p>O\u010dala za za\u0161\u010dito pred razbitinami &#8211; UNI<\/p>\n<p>&nbsp;<\/p>\n<p>Opti\u010dni razred 1<\/p>\n<p>2C-1.2 Filter za za\u0161\u010dito pred UV \u017earki<\/p>\n<p>Polikarbonatne le\u010de,<\/p>\n<p>\u010drn najlonski okvir<\/p>\n<p>Nastavljiva je dol\u017eina roke,<\/p>\n<p>majhne luknjice na koncu stranice okvirja o\u010dal, na katere lahko pritrdite na primer vrvico, tako da si o\u010dala obesite okoli vratu<\/p>\n<p>Za za\u0161\u010dito o\u010di pred brizganjem trdnih teles, ki se pojavljajo med ro\u010dno in mehansko obdelavo kovin, lesa, plastike, kerami\u010dnih materialov, pridobivanjem mineralov itd.<\/p>\n<p>Nudijo za\u0161\u010dito pred majhnimi brizgi trdnih teles z energijo udarca do 45 m\/s (F),<\/p>\n<p>izpolnjujejo zahteve standardov EN166 in EN170<\/p>\n<p>Velikost: UNI<\/p>\n","protected":false},"excerpt":{"rendered":"<p>O\u010dala za za\u0161\u010dito pred razbitinami &#8211; UNI &nbsp; Opti\u010dni razred 1 2C-1.2 Filter za za\u0161\u010dito pred UV \u017earki Polikarbonatne le\u010de, \u010drn najlonski okvir Nastavljiva je dol\u017eina roke, majhne luknjice na koncu stranice okvirja o\u010dal, na katere lahko pritrdite na primer vrvico, tako da si o\u010dala obesite okoli vratu Za za\u0161\u010dito o\u010di pred brizganjem trdnih teles, [&hellip;]<\/p>\n","protected":false},"featured_media":9039,"template":"","meta":[],"product_brand":[],"product_cat":[24,214,136],"product_tag":[],"class_list":{"0":"post-9037","1":"product","2":"type-product","3":"status-publish","4":"has-post-thumbnail","6":"product_cat-zascita-glave","7":"product_cat-zascita-za-glavo-2","8":"product_cat-zascita-za-oci","10":"first","11":"onbackorder","12":"taxable","13":"shipping-taxable","14":"purchasable","15":"product-type-simple"},"bundled_by":[],"bundle_stock_status":"onbackorder","bundle_stock_quantity":null,"bundle_virtual":false,"bundle_layout":"","bundle_add_to_cart_form_location":"","bundle_editable_in_cart":false,"bundle_sold_individually_context":"","bundle_item_grouping":"","bundle_min_size":"","bundle_max_size":"","bundle_price":[],"bundled_items":[],"bundle_sell_ids":[],"group_of_quantity":0,"min_quantity":12,"max_quantity":"","exclude_order_quantity_value_rules":"no","exclude_category_quantity_rules":"no","combine_variations":"no","yoast_head":"<!-- This site is optimized with the Yoast SEO Premium plugin v23.9 (Yoast SEO v27.4) - https:\/\/yoast.com\/product\/yoast-seo-premium-wordpress\/ -->\n<title>REIS ZA\u0160\u010cITNA O\u010cALA GOG-FRAMBER UNI - AndPro<\/title>\n<meta name=\"robots\" content=\"index, follow, max-snippet:-1, max-image-preview:large, max-video-preview:-1\" \/>\n<link rel=\"canonical\" href=\"https:\/\/andpro.net\/sl\/product\/reis-zascitna-ocala-gog-framber-uni\/\" \/>\n<meta property=\"og:locale\" content=\"sl_SI\" \/>\n<meta property=\"og:type\" content=\"article\" \/>\n<meta property=\"og:title\" content=\"REIS ZA\u0160\u010cITNA O\u010cALA GOG-FRAMBER UNI\" \/>\n<meta property=\"og:description\" content=\"O\u010dala za za\u0161\u010dito pred razbitinami &#8211; UNI &nbsp; Opti\u010dni razred 1 2C-1.2 Filter za za\u0161\u010dito pred UV \u017earki Polikarbonatne le\u010de, \u010drn najlonski okvir Nastavljiva je dol\u017eina roke, majhne luknjice na koncu stranice okvirja o\u010dal, na katere lahko pritrdite na primer vrvico, tako da si o\u010dala obesite okoli vratu Za za\u0161\u010dito o\u010di pred brizganjem trdnih teles, [&hellip;]\" \/>\n<meta property=\"og:url\" content=\"https:\/\/andpro.net\/sl\/product\/reis-zascitna-ocala-gog-framber-uni\/\" \/>\n<meta property=\"og:site_name\" content=\"AndPro\" \/>\n<meta property=\"article:modified_time\" content=\"2025-07-20T10:03:42+00:00\" \/>\n<meta property=\"og:image\" content=\"https:\/\/andpro.net\/wp-content\/uploads\/2024\/06\/0058770480-1.jpg\" \/>\n\t<meta property=\"og:image:width\" content=\"758\" \/>\n\t<meta property=\"og:image:height\" content=\"1024\" \/>\n\t<meta property=\"og:image:type\" content=\"image\/jpeg\" \/>\n<meta name=\"twitter:card\" content=\"summary_large_image\" \/>\n<meta name=\"twitter:label1\" content=\"Est. reading time\" \/>\n\t<meta name=\"twitter:data1\" content=\"1 minuta\" \/>\n<script type=\"application\/ld+json\" class=\"yoast-schema-graph\">{\"@context\":\"https:\\\/\\\/schema.org\",\"@graph\":[{\"@type\":\"WebPage\",\"@id\":\"https:\\\/\\\/andpro.net\\\/product\\\/reis-zascitna-ocala-gog-framber-uni\\\/\",\"url\":\"https:\\\/\\\/andpro.net\\\/product\\\/reis-zascitna-ocala-gog-framber-uni\\\/\",\"name\":\"REIS ZA\u0160\u010cITNA O\u010cALA GOG-FRAMBER UNI - AndPro\",\"isPartOf\":{\"@id\":\"https:\\\/\\\/andpro.net\\\/de\\\/#website\"},\"primaryImageOfPage\":{\"@id\":\"https:\\\/\\\/andpro.net\\\/product\\\/reis-zascitna-ocala-gog-framber-uni\\\/#primaryimage\"},\"image\":{\"@id\":\"https:\\\/\\\/andpro.net\\\/product\\\/reis-zascitna-ocala-gog-framber-uni\\\/#primaryimage\"},\"thumbnailUrl\":\"https:\\\/\\\/andpro.net\\\/wp-content\\\/uploads\\\/2024\\\/06\\\/0058770480-1.jpg\",\"datePublished\":\"2024-06-12T12:23:01+00:00\",\"dateModified\":\"2025-07-20T10:03:42+00:00\",\"breadcrumb\":{\"@id\":\"https:\\\/\\\/andpro.net\\\/product\\\/reis-zascitna-ocala-gog-framber-uni\\\/#breadcrumb\"},\"inLanguage\":\"sl-SI\",\"potentialAction\":[{\"@type\":\"ReadAction\",\"target\":[\"https:\\\/\\\/andpro.net\\\/product\\\/reis-zascitna-ocala-gog-framber-uni\\\/\"]}]},{\"@type\":\"ImageObject\",\"inLanguage\":\"sl-SI\",\"@id\":\"https:\\\/\\\/andpro.net\\\/product\\\/reis-zascitna-ocala-gog-framber-uni\\\/#primaryimage\",\"url\":\"https:\\\/\\\/andpro.net\\\/wp-content\\\/uploads\\\/2024\\\/06\\\/0058770480-1.jpg\",\"contentUrl\":\"https:\\\/\\\/andpro.net\\\/wp-content\\\/uploads\\\/2024\\\/06\\\/0058770480-1.jpg\",\"width\":758,\"height\":1024},{\"@type\":\"BreadcrumbList\",\"@id\":\"https:\\\/\\\/andpro.net\\\/product\\\/reis-zascitna-ocala-gog-framber-uni\\\/#breadcrumb\",\"itemListElement\":[{\"@type\":\"ListItem\",\"position\":1,\"name\":\"Home\",\"item\":\"https:\\\/\\\/andpro.net\\\/\"},{\"@type\":\"ListItem\",\"position\":2,\"name\":\"Shop\",\"item\":\"https:\\\/\\\/andpro.net\\\/en\\\/shop\\\/\"},{\"@type\":\"ListItem\",\"position\":3,\"name\":\"REIS ZA\u0160\u010cITNA O\u010cALA GOG-FRAMBER UNI\"}]},{\"@type\":\"WebSite\",\"@id\":\"https:\\\/\\\/andpro.net\\\/de\\\/#website\",\"url\":\"https:\\\/\\\/andpro.net\\\/de\\\/\",\"name\":\"AndPro\",\"description\":\"The best decision\",\"publisher\":{\"@id\":\"https:\\\/\\\/andpro.net\\\/de\\\/#organization\"},\"potentialAction\":[{\"@type\":\"SearchAction\",\"target\":{\"@type\":\"EntryPoint\",\"urlTemplate\":\"https:\\\/\\\/andpro.net\\\/de\\\/?s={search_term_string}\"},\"query-input\":{\"@type\":\"PropertyValueSpecification\",\"valueRequired\":true,\"valueName\":\"search_term_string\"}}],\"inLanguage\":\"sl-SI\"},{\"@type\":\"Organization\",\"@id\":\"https:\\\/\\\/andpro.net\\\/de\\\/#organization\",\"name\":\"AndPro\",\"url\":\"https:\\\/\\\/andpro.net\\\/de\\\/\",\"logo\":{\"@type\":\"ImageObject\",\"inLanguage\":\"sl-SI\",\"@id\":\"https:\\\/\\\/andpro.net\\\/de\\\/#\\\/schema\\\/logo\\\/image\\\/\",\"url\":\"https:\\\/\\\/andpro.net\\\/wp-content\\\/uploads\\\/2023\\\/11\\\/logo_fix.png\",\"contentUrl\":\"https:\\\/\\\/andpro.net\\\/wp-content\\\/uploads\\\/2023\\\/11\\\/logo_fix.png\",\"width\":1244,\"height\":637,\"caption\":\"AndPro\"},\"image\":{\"@id\":\"https:\\\/\\\/andpro.net\\\/de\\\/#\\\/schema\\\/logo\\\/image\\\/\"}}]}<\/script>\n<!-- \/ Yoast SEO Premium plugin. -->","yoast_head_json":{"title":"REIS ZA\u0160\u010cITNA O\u010cALA GOG-FRAMBER UNI - AndPro","robots":{"index":"index","follow":"follow","max-snippet":"max-snippet:-1","max-image-preview":"max-image-preview:large","max-video-preview":"max-video-preview:-1"},"canonical":"https:\/\/andpro.net\/sl\/product\/reis-zascitna-ocala-gog-framber-uni\/","og_locale":"sl_SI","og_type":"article","og_title":"REIS ZA\u0160\u010cITNA O\u010cALA GOG-FRAMBER UNI","og_description":"O\u010dala za za\u0161\u010dito pred razbitinami &#8211; UNI &nbsp; Opti\u010dni razred 1 2C-1.2 Filter za za\u0161\u010dito pred UV \u017earki Polikarbonatne le\u010de, \u010drn najlonski okvir Nastavljiva je dol\u017eina roke, majhne luknjice na koncu stranice okvirja o\u010dal, na katere lahko pritrdite na primer vrvico, tako da si o\u010dala obesite okoli vratu Za za\u0161\u010dito o\u010di pred brizganjem trdnih teles, [&hellip;]","og_url":"https:\/\/andpro.net\/sl\/product\/reis-zascitna-ocala-gog-framber-uni\/","og_site_name":"AndPro","article_modified_time":"2025-07-20T10:03:42+00:00","og_image":[{"width":758,"height":1024,"url":"https:\/\/andpro.net\/wp-content\/uploads\/2024\/06\/0058770480-1.jpg","type":"image\/jpeg"}],"twitter_card":"summary_large_image","twitter_misc":{"Est. reading time":"1 minuta"},"schema":{"@context":"https:\/\/schema.org","@graph":[{"@type":"WebPage","@id":"https:\/\/andpro.net\/product\/reis-zascitna-ocala-gog-framber-uni\/","url":"https:\/\/andpro.net\/product\/reis-zascitna-ocala-gog-framber-uni\/","name":"REIS ZA\u0160\u010cITNA O\u010cALA GOG-FRAMBER UNI - AndPro","isPartOf":{"@id":"https:\/\/andpro.net\/de\/#website"},"primaryImageOfPage":{"@id":"https:\/\/andpro.net\/product\/reis-zascitna-ocala-gog-framber-uni\/#primaryimage"},"image":{"@id":"https:\/\/andpro.net\/product\/reis-zascitna-ocala-gog-framber-uni\/#primaryimage"},"thumbnailUrl":"https:\/\/andpro.net\/wp-content\/uploads\/2024\/06\/0058770480-1.jpg","datePublished":"2024-06-12T12:23:01+00:00","dateModified":"2025-07-20T10:03:42+00:00","breadcrumb":{"@id":"https:\/\/andpro.net\/product\/reis-zascitna-ocala-gog-framber-uni\/#breadcrumb"},"inLanguage":"sl-SI","potentialAction":[{"@type":"ReadAction","target":["https:\/\/andpro.net\/product\/reis-zascitna-ocala-gog-framber-uni\/"]}]},{"@type":"ImageObject","inLanguage":"sl-SI","@id":"https:\/\/andpro.net\/product\/reis-zascitna-ocala-gog-framber-uni\/#primaryimage","url":"https:\/\/andpro.net\/wp-content\/uploads\/2024\/06\/0058770480-1.jpg","contentUrl":"https:\/\/andpro.net\/wp-content\/uploads\/2024\/06\/0058770480-1.jpg","width":758,"height":1024},{"@type":"BreadcrumbList","@id":"https:\/\/andpro.net\/product\/reis-zascitna-ocala-gog-framber-uni\/#breadcrumb","itemListElement":[{"@type":"ListItem","position":1,"name":"Home","item":"https:\/\/andpro.net\/"},{"@type":"ListItem","position":2,"name":"Shop","item":"https:\/\/andpro.net\/en\/shop\/"},{"@type":"ListItem","position":3,"name":"REIS ZA\u0160\u010cITNA O\u010cALA GOG-FRAMBER UNI"}]},{"@type":"WebSite","@id":"https:\/\/andpro.net\/de\/#website","url":"https:\/\/andpro.net\/de\/","name":"AndPro","description":"The best decision","publisher":{"@id":"https:\/\/andpro.net\/de\/#organization"},"potentialAction":[{"@type":"SearchAction","target":{"@type":"EntryPoint","urlTemplate":"https:\/\/andpro.net\/de\/?s={search_term_string}"},"query-input":{"@type":"PropertyValueSpecification","valueRequired":true,"valueName":"search_term_string"}}],"inLanguage":"sl-SI"},{"@type":"Organization","@id":"https:\/\/andpro.net\/de\/#organization","name":"AndPro","url":"https:\/\/andpro.net\/de\/","logo":{"@type":"ImageObject","inLanguage":"sl-SI","@id":"https:\/\/andpro.net\/de\/#\/schema\/logo\/image\/","url":"https:\/\/andpro.net\/wp-content\/uploads\/2023\/11\/logo_fix.png","contentUrl":"https:\/\/andpro.net\/wp-content\/uploads\/2023\/11\/logo_fix.png","width":1244,"height":637,"caption":"AndPro"},"image":{"@id":"https:\/\/andpro.net\/de\/#\/schema\/logo\/image\/"}}]}},"_links":{"self":[{"href":"https:\/\/andpro.net\/sl\/wp-json\/wp\/v2\/product\/9037","targetHints":{"allow":["GET"]}}],"collection":[{"href":"https:\/\/andpro.net\/sl\/wp-json\/wp\/v2\/product"}],"about":[{"href":"https:\/\/andpro.net\/sl\/wp-json\/wp\/v2\/types\/product"}],"wp:featuredmedia":[{"embeddable":true,"href":"https:\/\/andpro.net\/sl\/wp-json\/wp\/v2\/media\/9039"}],"wp:attachment":[{"href":"https:\/\/andpro.net\/sl\/wp-json\/wp\/v2\/media?parent=9037"}],"wp:term":[{"taxonomy":"product_brand","embeddable":true,"href":"https:\/\/andpro.net\/sl\/wp-json\/wp\/v2\/product_brand?post=9037"},{"taxonomy":"product_cat","embeddable":true,"href":"https:\/\/andpro.net\/sl\/wp-json\/wp\/v2\/product_cat?post=9037"},{"taxonomy":"product_tag","embeddable":true,"href":"https:\/\/andpro.net\/sl\/wp-json\/wp\/v2\/product_tag?post=9037"}],"curies":[{"name":"wp","href":"https:\/\/api.w.org\/{rel}","templated":true}]}}