{"id":9175,"date":"2024-09-07T15:11:08","date_gmt":"2024-09-07T14:11:08","guid":{"rendered":"https:\/\/andpro.net\/?post_type=product&#038;p=9175"},"modified":"2025-07-20T11:02:02","modified_gmt":"2025-07-20T10:02:02","slug":"reis-varnostni-cevlji-bctang-t","status":"publish","type":"product","link":"https:\/\/andpro.net\/sl\/product\/reis-varnostni-cevlji-bctang-t\/","title":{"rendered":"REIS VARNOSTNI \u010cEVLJI BCTANG-T S1 PS SR"},"content":{"rendered":"<p>Moderni varnostni \u010devlji TANG-T visoki, mo\u0161ki.<\/p>\n<p>&#8211; iz pletenega tekstilnega materiala v kombinaciji s TPU<\/p>\n<p>&#8211; nizko izrezani \u010devlji, ki segajo \u010dez gle\u017eenj<\/p>\n<p>&#8211; z vezalkami<\/p>\n<p>&#8211; Nedrse\u010d, antistati\u010den podplat iz kombinacije TPU, EVA in gume<\/p>\n<p>&#8211; Absorpcija udarcev pod peto<\/p>\n<p>&#8211; vlo\u017eek iz kevlarja \u0161\u010diti stopalo pred vbodi pri pritisku 1100 N<\/p>\n<p>&#8211; Obmo\u010dje prstov iz kompozitnega materiala, odporno na udarce z energijo 200 J in tla\u010dno silo do 15 kN<\/p>\n<p>&#8211; Kategorija S1 PS SR<\/p>\n","protected":false},"excerpt":{"rendered":"<p>Moderni varnostni \u010devlji TANG-T visoki, mo\u0161ki. &#8211; iz pletenega tekstilnega materiala v kombinaciji s TPU &#8211; nizko izrezani \u010devlji, ki segajo \u010dez gle\u017eenj &#8211; z vezalkami &#8211; Nedrse\u010d, antistati\u010den podplat iz kombinacije TPU, EVA in gume &#8211; Absorpcija udarcev pod peto &#8211; vlo\u017eek iz kevlarja \u0161\u010diti stopalo pred vbodi pri pritisku 1100 N &#8211; Obmo\u010dje [&hellip;]<\/p>\n","protected":false},"featured_media":9185,"template":"","meta":[],"product_brand":[105],"product_cat":[23],"product_tag":[],"class_list":{"0":"post-9175","1":"product","2":"type-product","3":"status-publish","4":"has-post-thumbnail","6":"product_brand-reis","7":"product_cat-obutev","9":"first","10":"onbackorder","11":"taxable","12":"shipping-taxable","13":"purchasable","14":"product-type-variable"},"bundled_by":[],"bundle_stock_status":"onbackorder","bundle_stock_quantity":null,"bundle_virtual":false,"bundle_layout":"","bundle_add_to_cart_form_location":"","bundle_editable_in_cart":false,"bundle_sold_individually_context":"","bundle_item_grouping":"","bundle_min_size":"","bundle_max_size":"","bundle_price":[],"bundled_items":[],"bundle_sell_ids":[],"group_of_quantity":0,"min_quantity":0,"max_quantity":"","exclude_order_quantity_value_rules":"no","exclude_category_quantity_rules":"no","combine_variations":"no","yoast_head":"<!-- This site is optimized with the Yoast SEO Premium plugin v23.9 (Yoast SEO v27.3) - https:\/\/yoast.com\/product\/yoast-seo-premium-wordpress\/ -->\n<title>REIS VARNOSTNI \u010cEVLJI BCTANG-T S1 PS SR - AndPro<\/title>\n<meta name=\"robots\" content=\"index, follow, max-snippet:-1, max-image-preview:large, max-video-preview:-1\" \/>\n<link rel=\"canonical\" href=\"https:\/\/andpro.net\/sl\/product\/reis-varnostni-cevlji-bctang-t\/\" \/>\n<meta property=\"og:locale\" content=\"sl_SI\" \/>\n<meta property=\"og:type\" content=\"article\" \/>\n<meta property=\"og:title\" content=\"REIS VARNOSTNI \u010cEVLJI BCTANG-T S1 PS SR\" \/>\n<meta property=\"og:description\" content=\"Moderni varnostni \u010devlji TANG-T visoki, mo\u0161ki. &#8211; iz pletenega tekstilnega materiala v kombinaciji s TPU &#8211; nizko izrezani \u010devlji, ki segajo \u010dez gle\u017eenj &#8211; z vezalkami &#8211; Nedrse\u010d, antistati\u010den podplat iz kombinacije TPU, EVA in gume &#8211; Absorpcija udarcev pod peto &#8211; vlo\u017eek iz kevlarja \u0161\u010diti stopalo pred vbodi pri pritisku 1100 N &#8211; Obmo\u010dje [&hellip;]\" \/>\n<meta property=\"og:url\" content=\"https:\/\/andpro.net\/sl\/product\/reis-varnostni-cevlji-bctang-t\/\" \/>\n<meta property=\"og:site_name\" content=\"AndPro\" \/>\n<meta property=\"article:modified_time\" content=\"2025-07-20T10:02:02+00:00\" \/>\n<meta property=\"og:image\" content=\"https:\/\/andpro.net\/wp-content\/uploads\/2024\/09\/0067754864.jpg\" \/>\n\t<meta property=\"og:image:width\" content=\"1024\" \/>\n\t<meta property=\"og:image:height\" content=\"914\" \/>\n\t<meta property=\"og:image:type\" content=\"image\/jpeg\" \/>\n<meta name=\"twitter:card\" content=\"summary_large_image\" \/>\n<meta name=\"twitter:label1\" content=\"Est. reading time\" \/>\n\t<meta name=\"twitter:data1\" content=\"1 minuta\" \/>\n<script type=\"application\/ld+json\" class=\"yoast-schema-graph\">{\"@context\":\"https:\\\/\\\/schema.org\",\"@graph\":[{\"@type\":\"WebPage\",\"@id\":\"https:\\\/\\\/andpro.net\\\/product\\\/reis-varnostni-cevlji-bctang-t\\\/\",\"url\":\"https:\\\/\\\/andpro.net\\\/product\\\/reis-varnostni-cevlji-bctang-t\\\/\",\"name\":\"REIS VARNOSTNI \u010cEVLJI BCTANG-T S1 PS SR - AndPro\",\"isPartOf\":{\"@id\":\"https:\\\/\\\/andpro.net\\\/de\\\/#website\"},\"primaryImageOfPage\":{\"@id\":\"https:\\\/\\\/andpro.net\\\/product\\\/reis-varnostni-cevlji-bctang-t\\\/#primaryimage\"},\"image\":{\"@id\":\"https:\\\/\\\/andpro.net\\\/product\\\/reis-varnostni-cevlji-bctang-t\\\/#primaryimage\"},\"thumbnailUrl\":\"https:\\\/\\\/andpro.net\\\/wp-content\\\/uploads\\\/2024\\\/09\\\/0067754864.jpg\",\"datePublished\":\"2024-09-07T14:11:08+00:00\",\"dateModified\":\"2025-07-20T10:02:02+00:00\",\"breadcrumb\":{\"@id\":\"https:\\\/\\\/andpro.net\\\/product\\\/reis-varnostni-cevlji-bctang-t\\\/#breadcrumb\"},\"inLanguage\":\"sl-SI\",\"potentialAction\":[{\"@type\":\"ReadAction\",\"target\":[\"https:\\\/\\\/andpro.net\\\/product\\\/reis-varnostni-cevlji-bctang-t\\\/\"]}]},{\"@type\":\"ImageObject\",\"inLanguage\":\"sl-SI\",\"@id\":\"https:\\\/\\\/andpro.net\\\/product\\\/reis-varnostni-cevlji-bctang-t\\\/#primaryimage\",\"url\":\"https:\\\/\\\/andpro.net\\\/wp-content\\\/uploads\\\/2024\\\/09\\\/0067754864.jpg\",\"contentUrl\":\"https:\\\/\\\/andpro.net\\\/wp-content\\\/uploads\\\/2024\\\/09\\\/0067754864.jpg\",\"width\":1024,\"height\":914},{\"@type\":\"BreadcrumbList\",\"@id\":\"https:\\\/\\\/andpro.net\\\/product\\\/reis-varnostni-cevlji-bctang-t\\\/#breadcrumb\",\"itemListElement\":[{\"@type\":\"ListItem\",\"position\":1,\"name\":\"Home\",\"item\":\"https:\\\/\\\/andpro.net\\\/\"},{\"@type\":\"ListItem\",\"position\":2,\"name\":\"Shop\",\"item\":\"https:\\\/\\\/andpro.net\\\/en\\\/shop\\\/\"},{\"@type\":\"ListItem\",\"position\":3,\"name\":\"REIS VARNOSTNI \u010cEVLJI BCTANG-T S1 PS SR\"}]},{\"@type\":\"WebSite\",\"@id\":\"https:\\\/\\\/andpro.net\\\/de\\\/#website\",\"url\":\"https:\\\/\\\/andpro.net\\\/de\\\/\",\"name\":\"AndPro\",\"description\":\"The best decision\",\"publisher\":{\"@id\":\"https:\\\/\\\/andpro.net\\\/de\\\/#organization\"},\"potentialAction\":[{\"@type\":\"SearchAction\",\"target\":{\"@type\":\"EntryPoint\",\"urlTemplate\":\"https:\\\/\\\/andpro.net\\\/de\\\/?s={search_term_string}\"},\"query-input\":{\"@type\":\"PropertyValueSpecification\",\"valueRequired\":true,\"valueName\":\"search_term_string\"}}],\"inLanguage\":\"sl-SI\"},{\"@type\":\"Organization\",\"@id\":\"https:\\\/\\\/andpro.net\\\/de\\\/#organization\",\"name\":\"AndPro\",\"url\":\"https:\\\/\\\/andpro.net\\\/de\\\/\",\"logo\":{\"@type\":\"ImageObject\",\"inLanguage\":\"sl-SI\",\"@id\":\"https:\\\/\\\/andpro.net\\\/de\\\/#\\\/schema\\\/logo\\\/image\\\/\",\"url\":\"https:\\\/\\\/andpro.net\\\/wp-content\\\/uploads\\\/2023\\\/11\\\/logo_fix.png\",\"contentUrl\":\"https:\\\/\\\/andpro.net\\\/wp-content\\\/uploads\\\/2023\\\/11\\\/logo_fix.png\",\"width\":1244,\"height\":637,\"caption\":\"AndPro\"},\"image\":{\"@id\":\"https:\\\/\\\/andpro.net\\\/de\\\/#\\\/schema\\\/logo\\\/image\\\/\"}}]}<\/script>\n<!-- \/ Yoast SEO Premium plugin. -->","yoast_head_json":{"title":"REIS VARNOSTNI \u010cEVLJI BCTANG-T S1 PS SR - AndPro","robots":{"index":"index","follow":"follow","max-snippet":"max-snippet:-1","max-image-preview":"max-image-preview:large","max-video-preview":"max-video-preview:-1"},"canonical":"https:\/\/andpro.net\/sl\/product\/reis-varnostni-cevlji-bctang-t\/","og_locale":"sl_SI","og_type":"article","og_title":"REIS VARNOSTNI \u010cEVLJI BCTANG-T S1 PS SR","og_description":"Moderni varnostni \u010devlji TANG-T visoki, mo\u0161ki. &#8211; iz pletenega tekstilnega materiala v kombinaciji s TPU &#8211; nizko izrezani \u010devlji, ki segajo \u010dez gle\u017eenj &#8211; z vezalkami &#8211; Nedrse\u010d, antistati\u010den podplat iz kombinacije TPU, EVA in gume &#8211; Absorpcija udarcev pod peto &#8211; vlo\u017eek iz kevlarja \u0161\u010diti stopalo pred vbodi pri pritisku 1100 N &#8211; Obmo\u010dje [&hellip;]","og_url":"https:\/\/andpro.net\/sl\/product\/reis-varnostni-cevlji-bctang-t\/","og_site_name":"AndPro","article_modified_time":"2025-07-20T10:02:02+00:00","og_image":[{"width":1024,"height":914,"url":"https:\/\/andpro.net\/wp-content\/uploads\/2024\/09\/0067754864.jpg","type":"image\/jpeg"}],"twitter_card":"summary_large_image","twitter_misc":{"Est. reading time":"1 minuta"},"schema":{"@context":"https:\/\/schema.org","@graph":[{"@type":"WebPage","@id":"https:\/\/andpro.net\/product\/reis-varnostni-cevlji-bctang-t\/","url":"https:\/\/andpro.net\/product\/reis-varnostni-cevlji-bctang-t\/","name":"REIS VARNOSTNI \u010cEVLJI BCTANG-T S1 PS SR - AndPro","isPartOf":{"@id":"https:\/\/andpro.net\/de\/#website"},"primaryImageOfPage":{"@id":"https:\/\/andpro.net\/product\/reis-varnostni-cevlji-bctang-t\/#primaryimage"},"image":{"@id":"https:\/\/andpro.net\/product\/reis-varnostni-cevlji-bctang-t\/#primaryimage"},"thumbnailUrl":"https:\/\/andpro.net\/wp-content\/uploads\/2024\/09\/0067754864.jpg","datePublished":"2024-09-07T14:11:08+00:00","dateModified":"2025-07-20T10:02:02+00:00","breadcrumb":{"@id":"https:\/\/andpro.net\/product\/reis-varnostni-cevlji-bctang-t\/#breadcrumb"},"inLanguage":"sl-SI","potentialAction":[{"@type":"ReadAction","target":["https:\/\/andpro.net\/product\/reis-varnostni-cevlji-bctang-t\/"]}]},{"@type":"ImageObject","inLanguage":"sl-SI","@id":"https:\/\/andpro.net\/product\/reis-varnostni-cevlji-bctang-t\/#primaryimage","url":"https:\/\/andpro.net\/wp-content\/uploads\/2024\/09\/0067754864.jpg","contentUrl":"https:\/\/andpro.net\/wp-content\/uploads\/2024\/09\/0067754864.jpg","width":1024,"height":914},{"@type":"BreadcrumbList","@id":"https:\/\/andpro.net\/product\/reis-varnostni-cevlji-bctang-t\/#breadcrumb","itemListElement":[{"@type":"ListItem","position":1,"name":"Home","item":"https:\/\/andpro.net\/"},{"@type":"ListItem","position":2,"name":"Shop","item":"https:\/\/andpro.net\/en\/shop\/"},{"@type":"ListItem","position":3,"name":"REIS VARNOSTNI \u010cEVLJI BCTANG-T S1 PS SR"}]},{"@type":"WebSite","@id":"https:\/\/andpro.net\/de\/#website","url":"https:\/\/andpro.net\/de\/","name":"AndPro","description":"The best decision","publisher":{"@id":"https:\/\/andpro.net\/de\/#organization"},"potentialAction":[{"@type":"SearchAction","target":{"@type":"EntryPoint","urlTemplate":"https:\/\/andpro.net\/de\/?s={search_term_string}"},"query-input":{"@type":"PropertyValueSpecification","valueRequired":true,"valueName":"search_term_string"}}],"inLanguage":"sl-SI"},{"@type":"Organization","@id":"https:\/\/andpro.net\/de\/#organization","name":"AndPro","url":"https:\/\/andpro.net\/de\/","logo":{"@type":"ImageObject","inLanguage":"sl-SI","@id":"https:\/\/andpro.net\/de\/#\/schema\/logo\/image\/","url":"https:\/\/andpro.net\/wp-content\/uploads\/2023\/11\/logo_fix.png","contentUrl":"https:\/\/andpro.net\/wp-content\/uploads\/2023\/11\/logo_fix.png","width":1244,"height":637,"caption":"AndPro"},"image":{"@id":"https:\/\/andpro.net\/de\/#\/schema\/logo\/image\/"}}]}},"_links":{"self":[{"href":"https:\/\/andpro.net\/sl\/wp-json\/wp\/v2\/product\/9175","targetHints":{"allow":["GET"]}}],"collection":[{"href":"https:\/\/andpro.net\/sl\/wp-json\/wp\/v2\/product"}],"about":[{"href":"https:\/\/andpro.net\/sl\/wp-json\/wp\/v2\/types\/product"}],"wp:featuredmedia":[{"embeddable":true,"href":"https:\/\/andpro.net\/sl\/wp-json\/wp\/v2\/media\/9185"}],"wp:attachment":[{"href":"https:\/\/andpro.net\/sl\/wp-json\/wp\/v2\/media?parent=9175"}],"wp:term":[{"taxonomy":"product_brand","embeddable":true,"href":"https:\/\/andpro.net\/sl\/wp-json\/wp\/v2\/product_brand?post=9175"},{"taxonomy":"product_cat","embeddable":true,"href":"https:\/\/andpro.net\/sl\/wp-json\/wp\/v2\/product_cat?post=9175"},{"taxonomy":"product_tag","embeddable":true,"href":"https:\/\/andpro.net\/sl\/wp-json\/wp\/v2\/product_tag?post=9175"}],"curies":[{"name":"wp","href":"https:\/\/api.w.org\/{rel}","templated":true}]}}