{"id":9827,"date":"2024-11-23T21:56:53","date_gmt":"2024-11-23T20:56:53","guid":{"rendered":"https:\/\/andpro.net\/?post_type=product&#038;p=9827"},"modified":"2025-07-20T10:51:54","modified_gmt":"2025-07-20T09:51:54","slug":"l-hollman-zascitne-hlace-lh-wespe-t","status":"publish","type":"product","link":"https:\/\/andpro.net\/sl\/product\/l-hollman-zascitne-hlace-lh-wespe-t\/","title":{"rendered":"L.HOLLMAN ZA\u0160\u010cITNE HLA\u010cE LH-WESPE-T"},"content":{"rendered":"<p>Za\u0161\u010ditne hla\u010de WESPE, \u017eenske.<\/p>\n<p>&#8211; glavni material: tkanina Twill 86 % poliester, 14 % bomba\u017e, gramatura 300 g\/m\u00b2<\/p>\n<p>&#8211; vlo\u017eki: Tkanina 80 % poliester, 20 % bomba\u017e, gramatura 290 g\/m\u00b2<\/p>\n<p>&#8211; vlo\u017eki za kolena: 100 % poliester Oxford, gramatura 150 g\/m\u00b2<\/p>\n<p>&#8211; zapenjanje z gumbom in zadrgo<\/p>\n<p>&#8211; dva stranska \u017eepa, dva drsna monta\u017ena \u017eepa s predali in dva zadnja \u017eepa<\/p>\n<p>&#8211; \u017eepi na nogah, vklju\u010dno z enim z velcro zapenjanjem in dvojnim stranskim \u017eepom<\/p>\n<p>&#8211; \u017eepi za kolenske blazinice, vstavljene od spodaj, z zapenjanjem na velcro<\/p>\n<p>&#8211; oblikovana kolena<\/p>\n<p>&#8211; konica za pritrditev klju\u010dev<\/p>\n<p>&#8211; fluorescentna tkanina in odsevni trakovi za ve\u010djo vidljivost<\/p>\n","protected":false},"excerpt":{"rendered":"<p>Za\u0161\u010ditne hla\u010de WESPE, \u017eenske. &#8211; glavni material: tkanina Twill 86 % poliester, 14 % bomba\u017e, gramatura 300 g\/m\u00b2 &#8211; vlo\u017eki: Tkanina 80 % poliester, 20 % bomba\u017e, gramatura 290 g\/m\u00b2 &#8211; vlo\u017eki za kolena: 100 % poliester Oxford, gramatura 150 g\/m\u00b2 &#8211; zapenjanje z gumbom in zadrgo &#8211; dva stranska \u017eepa, dva drsna monta\u017ena \u017eepa [&hellip;]<\/p>\n","protected":false},"featured_media":9841,"template":"","meta":[],"product_brand":[],"product_cat":[21,41,117],"product_tag":[],"class_list":{"0":"post-9827","1":"product","2":"type-product","3":"status-publish","4":"has-post-thumbnail","6":"product_cat-oblacila","7":"product_cat-hlace","8":"product_cat-zascita-telesa","10":"first","11":"onbackorder","12":"taxable","13":"shipping-taxable","14":"purchasable","15":"product-type-variable"},"bundled_by":[],"bundle_stock_status":"onbackorder","bundle_stock_quantity":null,"bundle_virtual":false,"bundle_layout":"","bundle_add_to_cart_form_location":"","bundle_editable_in_cart":false,"bundle_sold_individually_context":"","bundle_item_grouping":"","bundle_min_size":"","bundle_max_size":"","bundle_price":[],"bundled_items":[],"bundle_sell_ids":[],"group_of_quantity":0,"min_quantity":0,"max_quantity":"","exclude_order_quantity_value_rules":"no","exclude_category_quantity_rules":"no","combine_variations":"no","yoast_head":"<!-- This site is optimized with the Yoast SEO Premium plugin v23.9 (Yoast SEO v27.3) - https:\/\/yoast.com\/product\/yoast-seo-premium-wordpress\/ -->\n<title>L.HOLLMAN ZA\u0160\u010cITNE HLA\u010cE LH-WESPE-T - AndPro<\/title>\n<meta name=\"robots\" content=\"index, follow, max-snippet:-1, max-image-preview:large, max-video-preview:-1\" \/>\n<link rel=\"canonical\" href=\"https:\/\/andpro.net\/sl\/product\/l-hollman-zascitne-hlace-lh-wespe-t\/\" \/>\n<meta property=\"og:locale\" content=\"sl_SI\" \/>\n<meta property=\"og:type\" content=\"article\" \/>\n<meta property=\"og:title\" content=\"L.HOLLMAN ZA\u0160\u010cITNE HLA\u010cE LH-WESPE-T\" \/>\n<meta property=\"og:description\" content=\"Za\u0161\u010ditne hla\u010de WESPE, \u017eenske. &#8211; glavni material: tkanina Twill 86 % poliester, 14 % bomba\u017e, gramatura 300 g\/m\u00b2 &#8211; vlo\u017eki: Tkanina 80 % poliester, 20 % bomba\u017e, gramatura 290 g\/m\u00b2 &#8211; vlo\u017eki za kolena: 100 % poliester Oxford, gramatura 150 g\/m\u00b2 &#8211; zapenjanje z gumbom in zadrgo &#8211; dva stranska \u017eepa, dva drsna monta\u017ena \u017eepa [&hellip;]\" \/>\n<meta property=\"og:url\" content=\"https:\/\/andpro.net\/sl\/product\/l-hollman-zascitne-hlace-lh-wespe-t\/\" \/>\n<meta property=\"og:site_name\" content=\"AndPro\" \/>\n<meta property=\"article:modified_time\" content=\"2025-07-20T09:51:54+00:00\" \/>\n<meta property=\"og:image\" content=\"https:\/\/andpro.net\/wp-content\/uploads\/2024\/11\/0068562144.png\" \/>\n\t<meta property=\"og:image:width\" content=\"822\" \/>\n\t<meta property=\"og:image:height\" content=\"1912\" \/>\n\t<meta property=\"og:image:type\" content=\"image\/png\" \/>\n<meta name=\"twitter:card\" content=\"summary_large_image\" \/>\n<meta name=\"twitter:label1\" content=\"Est. reading time\" \/>\n\t<meta name=\"twitter:data1\" content=\"1 minuta\" \/>\n<script type=\"application\/ld+json\" class=\"yoast-schema-graph\">{\"@context\":\"https:\\\/\\\/schema.org\",\"@graph\":[{\"@type\":\"WebPage\",\"@id\":\"https:\\\/\\\/andpro.net\\\/product\\\/l-hollman-zascitne-hlace-lh-wespe-t\\\/\",\"url\":\"https:\\\/\\\/andpro.net\\\/product\\\/l-hollman-zascitne-hlace-lh-wespe-t\\\/\",\"name\":\"L.HOLLMAN ZA\u0160\u010cITNE HLA\u010cE LH-WESPE-T - AndPro\",\"isPartOf\":{\"@id\":\"https:\\\/\\\/andpro.net\\\/de\\\/#website\"},\"primaryImageOfPage\":{\"@id\":\"https:\\\/\\\/andpro.net\\\/product\\\/l-hollman-zascitne-hlace-lh-wespe-t\\\/#primaryimage\"},\"image\":{\"@id\":\"https:\\\/\\\/andpro.net\\\/product\\\/l-hollman-zascitne-hlace-lh-wespe-t\\\/#primaryimage\"},\"thumbnailUrl\":\"https:\\\/\\\/andpro.net\\\/wp-content\\\/uploads\\\/2024\\\/11\\\/0068562144.png\",\"datePublished\":\"2024-11-23T20:56:53+00:00\",\"dateModified\":\"2025-07-20T09:51:54+00:00\",\"breadcrumb\":{\"@id\":\"https:\\\/\\\/andpro.net\\\/product\\\/l-hollman-zascitne-hlace-lh-wespe-t\\\/#breadcrumb\"},\"inLanguage\":\"sl-SI\",\"potentialAction\":[{\"@type\":\"ReadAction\",\"target\":[\"https:\\\/\\\/andpro.net\\\/product\\\/l-hollman-zascitne-hlace-lh-wespe-t\\\/\"]}]},{\"@type\":\"ImageObject\",\"inLanguage\":\"sl-SI\",\"@id\":\"https:\\\/\\\/andpro.net\\\/product\\\/l-hollman-zascitne-hlace-lh-wespe-t\\\/#primaryimage\",\"url\":\"https:\\\/\\\/andpro.net\\\/wp-content\\\/uploads\\\/2024\\\/11\\\/0068562144.png\",\"contentUrl\":\"https:\\\/\\\/andpro.net\\\/wp-content\\\/uploads\\\/2024\\\/11\\\/0068562144.png\",\"width\":822,\"height\":1912},{\"@type\":\"BreadcrumbList\",\"@id\":\"https:\\\/\\\/andpro.net\\\/product\\\/l-hollman-zascitne-hlace-lh-wespe-t\\\/#breadcrumb\",\"itemListElement\":[{\"@type\":\"ListItem\",\"position\":1,\"name\":\"Home\",\"item\":\"https:\\\/\\\/andpro.net\\\/\"},{\"@type\":\"ListItem\",\"position\":2,\"name\":\"Shop\",\"item\":\"https:\\\/\\\/andpro.net\\\/en\\\/shop\\\/\"},{\"@type\":\"ListItem\",\"position\":3,\"name\":\"L.HOLLMAN ZA\u0160\u010cITNE HLA\u010cE LH-WESPE-T\"}]},{\"@type\":\"WebSite\",\"@id\":\"https:\\\/\\\/andpro.net\\\/de\\\/#website\",\"url\":\"https:\\\/\\\/andpro.net\\\/de\\\/\",\"name\":\"AndPro\",\"description\":\"The best decision\",\"publisher\":{\"@id\":\"https:\\\/\\\/andpro.net\\\/de\\\/#organization\"},\"potentialAction\":[{\"@type\":\"SearchAction\",\"target\":{\"@type\":\"EntryPoint\",\"urlTemplate\":\"https:\\\/\\\/andpro.net\\\/de\\\/?s={search_term_string}\"},\"query-input\":{\"@type\":\"PropertyValueSpecification\",\"valueRequired\":true,\"valueName\":\"search_term_string\"}}],\"inLanguage\":\"sl-SI\"},{\"@type\":\"Organization\",\"@id\":\"https:\\\/\\\/andpro.net\\\/de\\\/#organization\",\"name\":\"AndPro\",\"url\":\"https:\\\/\\\/andpro.net\\\/de\\\/\",\"logo\":{\"@type\":\"ImageObject\",\"inLanguage\":\"sl-SI\",\"@id\":\"https:\\\/\\\/andpro.net\\\/de\\\/#\\\/schema\\\/logo\\\/image\\\/\",\"url\":\"https:\\\/\\\/andpro.net\\\/wp-content\\\/uploads\\\/2023\\\/11\\\/logo_fix.png\",\"contentUrl\":\"https:\\\/\\\/andpro.net\\\/wp-content\\\/uploads\\\/2023\\\/11\\\/logo_fix.png\",\"width\":1244,\"height\":637,\"caption\":\"AndPro\"},\"image\":{\"@id\":\"https:\\\/\\\/andpro.net\\\/de\\\/#\\\/schema\\\/logo\\\/image\\\/\"}}]}<\/script>\n<!-- \/ Yoast SEO Premium plugin. -->","yoast_head_json":{"title":"L.HOLLMAN ZA\u0160\u010cITNE HLA\u010cE LH-WESPE-T - AndPro","robots":{"index":"index","follow":"follow","max-snippet":"max-snippet:-1","max-image-preview":"max-image-preview:large","max-video-preview":"max-video-preview:-1"},"canonical":"https:\/\/andpro.net\/sl\/product\/l-hollman-zascitne-hlace-lh-wespe-t\/","og_locale":"sl_SI","og_type":"article","og_title":"L.HOLLMAN ZA\u0160\u010cITNE HLA\u010cE LH-WESPE-T","og_description":"Za\u0161\u010ditne hla\u010de WESPE, \u017eenske. &#8211; glavni material: tkanina Twill 86 % poliester, 14 % bomba\u017e, gramatura 300 g\/m\u00b2 &#8211; vlo\u017eki: Tkanina 80 % poliester, 20 % bomba\u017e, gramatura 290 g\/m\u00b2 &#8211; vlo\u017eki za kolena: 100 % poliester Oxford, gramatura 150 g\/m\u00b2 &#8211; zapenjanje z gumbom in zadrgo &#8211; dva stranska \u017eepa, dva drsna monta\u017ena \u017eepa [&hellip;]","og_url":"https:\/\/andpro.net\/sl\/product\/l-hollman-zascitne-hlace-lh-wespe-t\/","og_site_name":"AndPro","article_modified_time":"2025-07-20T09:51:54+00:00","og_image":[{"width":822,"height":1912,"url":"https:\/\/andpro.net\/wp-content\/uploads\/2024\/11\/0068562144.png","type":"image\/png"}],"twitter_card":"summary_large_image","twitter_misc":{"Est. reading time":"1 minuta"},"schema":{"@context":"https:\/\/schema.org","@graph":[{"@type":"WebPage","@id":"https:\/\/andpro.net\/product\/l-hollman-zascitne-hlace-lh-wespe-t\/","url":"https:\/\/andpro.net\/product\/l-hollman-zascitne-hlace-lh-wespe-t\/","name":"L.HOLLMAN ZA\u0160\u010cITNE HLA\u010cE LH-WESPE-T - AndPro","isPartOf":{"@id":"https:\/\/andpro.net\/de\/#website"},"primaryImageOfPage":{"@id":"https:\/\/andpro.net\/product\/l-hollman-zascitne-hlace-lh-wespe-t\/#primaryimage"},"image":{"@id":"https:\/\/andpro.net\/product\/l-hollman-zascitne-hlace-lh-wespe-t\/#primaryimage"},"thumbnailUrl":"https:\/\/andpro.net\/wp-content\/uploads\/2024\/11\/0068562144.png","datePublished":"2024-11-23T20:56:53+00:00","dateModified":"2025-07-20T09:51:54+00:00","breadcrumb":{"@id":"https:\/\/andpro.net\/product\/l-hollman-zascitne-hlace-lh-wespe-t\/#breadcrumb"},"inLanguage":"sl-SI","potentialAction":[{"@type":"ReadAction","target":["https:\/\/andpro.net\/product\/l-hollman-zascitne-hlace-lh-wespe-t\/"]}]},{"@type":"ImageObject","inLanguage":"sl-SI","@id":"https:\/\/andpro.net\/product\/l-hollman-zascitne-hlace-lh-wespe-t\/#primaryimage","url":"https:\/\/andpro.net\/wp-content\/uploads\/2024\/11\/0068562144.png","contentUrl":"https:\/\/andpro.net\/wp-content\/uploads\/2024\/11\/0068562144.png","width":822,"height":1912},{"@type":"BreadcrumbList","@id":"https:\/\/andpro.net\/product\/l-hollman-zascitne-hlace-lh-wespe-t\/#breadcrumb","itemListElement":[{"@type":"ListItem","position":1,"name":"Home","item":"https:\/\/andpro.net\/"},{"@type":"ListItem","position":2,"name":"Shop","item":"https:\/\/andpro.net\/en\/shop\/"},{"@type":"ListItem","position":3,"name":"L.HOLLMAN ZA\u0160\u010cITNE HLA\u010cE LH-WESPE-T"}]},{"@type":"WebSite","@id":"https:\/\/andpro.net\/de\/#website","url":"https:\/\/andpro.net\/de\/","name":"AndPro","description":"The best decision","publisher":{"@id":"https:\/\/andpro.net\/de\/#organization"},"potentialAction":[{"@type":"SearchAction","target":{"@type":"EntryPoint","urlTemplate":"https:\/\/andpro.net\/de\/?s={search_term_string}"},"query-input":{"@type":"PropertyValueSpecification","valueRequired":true,"valueName":"search_term_string"}}],"inLanguage":"sl-SI"},{"@type":"Organization","@id":"https:\/\/andpro.net\/de\/#organization","name":"AndPro","url":"https:\/\/andpro.net\/de\/","logo":{"@type":"ImageObject","inLanguage":"sl-SI","@id":"https:\/\/andpro.net\/de\/#\/schema\/logo\/image\/","url":"https:\/\/andpro.net\/wp-content\/uploads\/2023\/11\/logo_fix.png","contentUrl":"https:\/\/andpro.net\/wp-content\/uploads\/2023\/11\/logo_fix.png","width":1244,"height":637,"caption":"AndPro"},"image":{"@id":"https:\/\/andpro.net\/de\/#\/schema\/logo\/image\/"}}]}},"_links":{"self":[{"href":"https:\/\/andpro.net\/sl\/wp-json\/wp\/v2\/product\/9827","targetHints":{"allow":["GET"]}}],"collection":[{"href":"https:\/\/andpro.net\/sl\/wp-json\/wp\/v2\/product"}],"about":[{"href":"https:\/\/andpro.net\/sl\/wp-json\/wp\/v2\/types\/product"}],"wp:featuredmedia":[{"embeddable":true,"href":"https:\/\/andpro.net\/sl\/wp-json\/wp\/v2\/media\/9841"}],"wp:attachment":[{"href":"https:\/\/andpro.net\/sl\/wp-json\/wp\/v2\/media?parent=9827"}],"wp:term":[{"taxonomy":"product_brand","embeddable":true,"href":"https:\/\/andpro.net\/sl\/wp-json\/wp\/v2\/product_brand?post=9827"},{"taxonomy":"product_cat","embeddable":true,"href":"https:\/\/andpro.net\/sl\/wp-json\/wp\/v2\/product_cat?post=9827"},{"taxonomy":"product_tag","embeddable":true,"href":"https:\/\/andpro.net\/sl\/wp-json\/wp\/v2\/product_tag?post=9827"}],"curies":[{"name":"wp","href":"https:\/\/api.w.org\/{rel}","templated":true}]}}