{"id":9851,"date":"2024-11-23T22:15:40","date_gmt":"2024-11-23T21:15:40","guid":{"rendered":"https:\/\/andpro.net\/?post_type=product&#038;p=9851"},"modified":"2025-07-20T10:51:38","modified_gmt":"2025-07-20T09:51:38","slug":"reis-zascitna-bunda-fulson-unisex-do-40c","status":"publish","type":"product","link":"https:\/\/andpro.net\/sl\/product\/reis-zascitna-bunda-fulson-unisex-do-40c\/","title":{"rendered":"REIS ZA\u0160\u010cITNA VODOODPORNA BUNDA FULSON UNISEX do -40\u00b0C"},"content":{"rendered":"<p>Podlo\u017eena vodoodporna zimska bunda do -40 \u00b0C<\/p>\n<p>&#8211; tkanina: 100 % prevle\u010den poliester Oxford 300D, gramatura 190 g\/m\u00b2<\/p>\n<p>&#8211; podloga: 100 % poliester, gramatura 170 g\/m\u00b2<\/p>\n<p>&#8211; podloga: 100 % poliester, gramatura 60 g\/m\u00b2<\/p>\n<p>&#8211; tkanina s filtrom UPF 40+, ki blokira 98 % UV-\u017earkov<\/p>\n<p>&#8211; zapenja se z obojestransko zadrgo z dodatnim zati\u010dem<\/p>\n<p>&#8211; stojni ovratnik z izolacijo iz flisa<\/p>\n<p>&#8211; kapuca z vrvico, ki se lahko zaviha in skrije v ovratnik<\/p>\n<p>-dva \u017eepa na dnu<\/p>\n<p>&#8211; skriti \u017eep pod zavihkom z zadrgo<\/p>\n<p>&#8211; notranji \u017eep z Velcro zapenjanjem<\/p>\n<p>&#8211; vodoodporna in odporna na umazanijo<\/p>\n<p>&#8211; \u0161\u010diti pred mrazom do -40 \u00b0C<\/p>\n<p>&#8211; rokavi imajo na notranji strani man\u0161eto, na zunanji strani pa zaponko na velcro, ki omogo\u010da prilagajanje \u0161irine<\/p>\n<p>&#8211; fluorescentna tkanina in odsevni trakovi za ve\u010djo vidljivost<\/p>\n","protected":false},"excerpt":{"rendered":"<p>Podlo\u017eena vodoodporna zimska bunda do -40 \u00b0C &#8211; tkanina: 100 % prevle\u010den poliester Oxford 300D, gramatura 190 g\/m\u00b2 &#8211; podloga: 100 % poliester, gramatura 170 g\/m\u00b2 &#8211; podloga: 100 % poliester, gramatura 60 g\/m\u00b2 &#8211; tkanina s filtrom UPF 40+, ki blokira 98 % UV-\u017earkov &#8211; zapenja se z obojestransko zadrgo z dodatnim zati\u010dem &#8211; [&hellip;]<\/p>\n","protected":false},"featured_media":9865,"template":"","meta":[],"product_brand":[],"product_cat":[21,44,117],"product_tag":[],"class_list":{"0":"post-9851","1":"product","2":"type-product","3":"status-publish","4":"has-post-thumbnail","6":"product_cat-oblacila","7":"product_cat-jakne","8":"product_cat-zascita-telesa","10":"first","11":"onbackorder","12":"taxable","13":"shipping-taxable","14":"purchasable","15":"product-type-variable"},"bundled_by":[],"bundle_stock_status":"onbackorder","bundle_stock_quantity":null,"bundle_virtual":false,"bundle_layout":"","bundle_add_to_cart_form_location":"","bundle_editable_in_cart":false,"bundle_sold_individually_context":"","bundle_item_grouping":"","bundle_min_size":"","bundle_max_size":"","bundle_price":[],"bundled_items":[],"bundle_sell_ids":[],"group_of_quantity":0,"min_quantity":0,"max_quantity":"","exclude_order_quantity_value_rules":"no","exclude_category_quantity_rules":"no","combine_variations":"no","yoast_head":"<!-- This site is optimized with the Yoast SEO Premium plugin v23.9 (Yoast SEO v27.3) - https:\/\/yoast.com\/product\/yoast-seo-premium-wordpress\/ -->\n<title>REIS ZA\u0160\u010cITNA VODOODPORNA BUNDA FULSON UNISEX do -40\u00b0C - AndPro<\/title>\n<meta name=\"robots\" content=\"index, follow, max-snippet:-1, max-image-preview:large, max-video-preview:-1\" \/>\n<link rel=\"canonical\" href=\"https:\/\/andpro.net\/sl\/product\/reis-zascitna-bunda-fulson-unisex-do-40c\/\" \/>\n<meta property=\"og:locale\" content=\"sl_SI\" \/>\n<meta property=\"og:type\" content=\"article\" \/>\n<meta property=\"og:title\" content=\"REIS ZA\u0160\u010cITNA VODOODPORNA BUNDA FULSON UNISEX do -40\u00b0C\" \/>\n<meta property=\"og:description\" content=\"Podlo\u017eena vodoodporna zimska bunda do -40 \u00b0C &#8211; tkanina: 100 % prevle\u010den poliester Oxford 300D, gramatura 190 g\/m\u00b2 &#8211; podloga: 100 % poliester, gramatura 170 g\/m\u00b2 &#8211; podloga: 100 % poliester, gramatura 60 g\/m\u00b2 &#8211; tkanina s filtrom UPF 40+, ki blokira 98 % UV-\u017earkov &#8211; zapenja se z obojestransko zadrgo z dodatnim zati\u010dem &#8211; [&hellip;]\" \/>\n<meta property=\"og:url\" content=\"https:\/\/andpro.net\/sl\/product\/reis-zascitna-bunda-fulson-unisex-do-40c\/\" \/>\n<meta property=\"og:site_name\" content=\"AndPro\" \/>\n<meta property=\"article:modified_time\" content=\"2025-07-20T09:51:38+00:00\" \/>\n<meta property=\"og:image\" content=\"https:\/\/andpro.net\/wp-content\/uploads\/2024\/11\/0068383040-725x1024.png\" \/>\n\t<meta property=\"og:image:width\" content=\"725\" \/>\n\t<meta property=\"og:image:height\" content=\"1024\" \/>\n\t<meta property=\"og:image:type\" content=\"image\/png\" \/>\n<meta name=\"twitter:card\" content=\"summary_large_image\" \/>\n<meta name=\"twitter:label1\" content=\"Est. reading time\" \/>\n\t<meta name=\"twitter:data1\" content=\"1 minuta\" \/>\n<script type=\"application\/ld+json\" class=\"yoast-schema-graph\">{\"@context\":\"https:\\\/\\\/schema.org\",\"@graph\":[{\"@type\":\"WebPage\",\"@id\":\"https:\\\/\\\/andpro.net\\\/product\\\/reis-zascitna-bunda-fulson-unisex-do-40c\\\/\",\"url\":\"https:\\\/\\\/andpro.net\\\/product\\\/reis-zascitna-bunda-fulson-unisex-do-40c\\\/\",\"name\":\"REIS ZA\u0160\u010cITNA VODOODPORNA BUNDA FULSON UNISEX do -40\u00b0C - AndPro\",\"isPartOf\":{\"@id\":\"https:\\\/\\\/andpro.net\\\/de\\\/#website\"},\"primaryImageOfPage\":{\"@id\":\"https:\\\/\\\/andpro.net\\\/product\\\/reis-zascitna-bunda-fulson-unisex-do-40c\\\/#primaryimage\"},\"image\":{\"@id\":\"https:\\\/\\\/andpro.net\\\/product\\\/reis-zascitna-bunda-fulson-unisex-do-40c\\\/#primaryimage\"},\"thumbnailUrl\":\"https:\\\/\\\/andpro.net\\\/wp-content\\\/uploads\\\/2024\\\/11\\\/0068383040.png\",\"datePublished\":\"2024-11-23T21:15:40+00:00\",\"dateModified\":\"2025-07-20T09:51:38+00:00\",\"breadcrumb\":{\"@id\":\"https:\\\/\\\/andpro.net\\\/product\\\/reis-zascitna-bunda-fulson-unisex-do-40c\\\/#breadcrumb\"},\"inLanguage\":\"sl-SI\",\"potentialAction\":[{\"@type\":\"ReadAction\",\"target\":[\"https:\\\/\\\/andpro.net\\\/product\\\/reis-zascitna-bunda-fulson-unisex-do-40c\\\/\"]}]},{\"@type\":\"ImageObject\",\"inLanguage\":\"sl-SI\",\"@id\":\"https:\\\/\\\/andpro.net\\\/product\\\/reis-zascitna-bunda-fulson-unisex-do-40c\\\/#primaryimage\",\"url\":\"https:\\\/\\\/andpro.net\\\/wp-content\\\/uploads\\\/2024\\\/11\\\/0068383040.png\",\"contentUrl\":\"https:\\\/\\\/andpro.net\\\/wp-content\\\/uploads\\\/2024\\\/11\\\/0068383040.png\",\"width\":1277,\"height\":1803},{\"@type\":\"BreadcrumbList\",\"@id\":\"https:\\\/\\\/andpro.net\\\/product\\\/reis-zascitna-bunda-fulson-unisex-do-40c\\\/#breadcrumb\",\"itemListElement\":[{\"@type\":\"ListItem\",\"position\":1,\"name\":\"Home\",\"item\":\"https:\\\/\\\/andpro.net\\\/\"},{\"@type\":\"ListItem\",\"position\":2,\"name\":\"Shop\",\"item\":\"https:\\\/\\\/andpro.net\\\/en\\\/shop\\\/\"},{\"@type\":\"ListItem\",\"position\":3,\"name\":\"REIS ZA\u0160\u010cITNA VODOODPORNA BUNDA FULSON UNISEX do -40\u00b0C\"}]},{\"@type\":\"WebSite\",\"@id\":\"https:\\\/\\\/andpro.net\\\/de\\\/#website\",\"url\":\"https:\\\/\\\/andpro.net\\\/de\\\/\",\"name\":\"AndPro\",\"description\":\"The best decision\",\"publisher\":{\"@id\":\"https:\\\/\\\/andpro.net\\\/de\\\/#organization\"},\"potentialAction\":[{\"@type\":\"SearchAction\",\"target\":{\"@type\":\"EntryPoint\",\"urlTemplate\":\"https:\\\/\\\/andpro.net\\\/de\\\/?s={search_term_string}\"},\"query-input\":{\"@type\":\"PropertyValueSpecification\",\"valueRequired\":true,\"valueName\":\"search_term_string\"}}],\"inLanguage\":\"sl-SI\"},{\"@type\":\"Organization\",\"@id\":\"https:\\\/\\\/andpro.net\\\/de\\\/#organization\",\"name\":\"AndPro\",\"url\":\"https:\\\/\\\/andpro.net\\\/de\\\/\",\"logo\":{\"@type\":\"ImageObject\",\"inLanguage\":\"sl-SI\",\"@id\":\"https:\\\/\\\/andpro.net\\\/de\\\/#\\\/schema\\\/logo\\\/image\\\/\",\"url\":\"https:\\\/\\\/andpro.net\\\/wp-content\\\/uploads\\\/2023\\\/11\\\/logo_fix.png\",\"contentUrl\":\"https:\\\/\\\/andpro.net\\\/wp-content\\\/uploads\\\/2023\\\/11\\\/logo_fix.png\",\"width\":1244,\"height\":637,\"caption\":\"AndPro\"},\"image\":{\"@id\":\"https:\\\/\\\/andpro.net\\\/de\\\/#\\\/schema\\\/logo\\\/image\\\/\"}}]}<\/script>\n<!-- \/ Yoast SEO Premium plugin. -->","yoast_head_json":{"title":"REIS ZA\u0160\u010cITNA VODOODPORNA BUNDA FULSON UNISEX do -40\u00b0C - AndPro","robots":{"index":"index","follow":"follow","max-snippet":"max-snippet:-1","max-image-preview":"max-image-preview:large","max-video-preview":"max-video-preview:-1"},"canonical":"https:\/\/andpro.net\/sl\/product\/reis-zascitna-bunda-fulson-unisex-do-40c\/","og_locale":"sl_SI","og_type":"article","og_title":"REIS ZA\u0160\u010cITNA VODOODPORNA BUNDA FULSON UNISEX do -40\u00b0C","og_description":"Podlo\u017eena vodoodporna zimska bunda do -40 \u00b0C &#8211; tkanina: 100 % prevle\u010den poliester Oxford 300D, gramatura 190 g\/m\u00b2 &#8211; podloga: 100 % poliester, gramatura 170 g\/m\u00b2 &#8211; podloga: 100 % poliester, gramatura 60 g\/m\u00b2 &#8211; tkanina s filtrom UPF 40+, ki blokira 98 % UV-\u017earkov &#8211; zapenja se z obojestransko zadrgo z dodatnim zati\u010dem &#8211; [&hellip;]","og_url":"https:\/\/andpro.net\/sl\/product\/reis-zascitna-bunda-fulson-unisex-do-40c\/","og_site_name":"AndPro","article_modified_time":"2025-07-20T09:51:38+00:00","og_image":[{"width":725,"height":1024,"url":"https:\/\/andpro.net\/wp-content\/uploads\/2024\/11\/0068383040-725x1024.png","type":"image\/png"}],"twitter_card":"summary_large_image","twitter_misc":{"Est. reading time":"1 minuta"},"schema":{"@context":"https:\/\/schema.org","@graph":[{"@type":"WebPage","@id":"https:\/\/andpro.net\/product\/reis-zascitna-bunda-fulson-unisex-do-40c\/","url":"https:\/\/andpro.net\/product\/reis-zascitna-bunda-fulson-unisex-do-40c\/","name":"REIS ZA\u0160\u010cITNA VODOODPORNA BUNDA FULSON UNISEX do -40\u00b0C - AndPro","isPartOf":{"@id":"https:\/\/andpro.net\/de\/#website"},"primaryImageOfPage":{"@id":"https:\/\/andpro.net\/product\/reis-zascitna-bunda-fulson-unisex-do-40c\/#primaryimage"},"image":{"@id":"https:\/\/andpro.net\/product\/reis-zascitna-bunda-fulson-unisex-do-40c\/#primaryimage"},"thumbnailUrl":"https:\/\/andpro.net\/wp-content\/uploads\/2024\/11\/0068383040.png","datePublished":"2024-11-23T21:15:40+00:00","dateModified":"2025-07-20T09:51:38+00:00","breadcrumb":{"@id":"https:\/\/andpro.net\/product\/reis-zascitna-bunda-fulson-unisex-do-40c\/#breadcrumb"},"inLanguage":"sl-SI","potentialAction":[{"@type":"ReadAction","target":["https:\/\/andpro.net\/product\/reis-zascitna-bunda-fulson-unisex-do-40c\/"]}]},{"@type":"ImageObject","inLanguage":"sl-SI","@id":"https:\/\/andpro.net\/product\/reis-zascitna-bunda-fulson-unisex-do-40c\/#primaryimage","url":"https:\/\/andpro.net\/wp-content\/uploads\/2024\/11\/0068383040.png","contentUrl":"https:\/\/andpro.net\/wp-content\/uploads\/2024\/11\/0068383040.png","width":1277,"height":1803},{"@type":"BreadcrumbList","@id":"https:\/\/andpro.net\/product\/reis-zascitna-bunda-fulson-unisex-do-40c\/#breadcrumb","itemListElement":[{"@type":"ListItem","position":1,"name":"Home","item":"https:\/\/andpro.net\/"},{"@type":"ListItem","position":2,"name":"Shop","item":"https:\/\/andpro.net\/en\/shop\/"},{"@type":"ListItem","position":3,"name":"REIS ZA\u0160\u010cITNA VODOODPORNA BUNDA FULSON UNISEX do -40\u00b0C"}]},{"@type":"WebSite","@id":"https:\/\/andpro.net\/de\/#website","url":"https:\/\/andpro.net\/de\/","name":"AndPro","description":"The best decision","publisher":{"@id":"https:\/\/andpro.net\/de\/#organization"},"potentialAction":[{"@type":"SearchAction","target":{"@type":"EntryPoint","urlTemplate":"https:\/\/andpro.net\/de\/?s={search_term_string}"},"query-input":{"@type":"PropertyValueSpecification","valueRequired":true,"valueName":"search_term_string"}}],"inLanguage":"sl-SI"},{"@type":"Organization","@id":"https:\/\/andpro.net\/de\/#organization","name":"AndPro","url":"https:\/\/andpro.net\/de\/","logo":{"@type":"ImageObject","inLanguage":"sl-SI","@id":"https:\/\/andpro.net\/de\/#\/schema\/logo\/image\/","url":"https:\/\/andpro.net\/wp-content\/uploads\/2023\/11\/logo_fix.png","contentUrl":"https:\/\/andpro.net\/wp-content\/uploads\/2023\/11\/logo_fix.png","width":1244,"height":637,"caption":"AndPro"},"image":{"@id":"https:\/\/andpro.net\/de\/#\/schema\/logo\/image\/"}}]}},"_links":{"self":[{"href":"https:\/\/andpro.net\/sl\/wp-json\/wp\/v2\/product\/9851","targetHints":{"allow":["GET"]}}],"collection":[{"href":"https:\/\/andpro.net\/sl\/wp-json\/wp\/v2\/product"}],"about":[{"href":"https:\/\/andpro.net\/sl\/wp-json\/wp\/v2\/types\/product"}],"wp:featuredmedia":[{"embeddable":true,"href":"https:\/\/andpro.net\/sl\/wp-json\/wp\/v2\/media\/9865"}],"wp:attachment":[{"href":"https:\/\/andpro.net\/sl\/wp-json\/wp\/v2\/media?parent=9851"}],"wp:term":[{"taxonomy":"product_brand","embeddable":true,"href":"https:\/\/andpro.net\/sl\/wp-json\/wp\/v2\/product_brand?post=9851"},{"taxonomy":"product_cat","embeddable":true,"href":"https:\/\/andpro.net\/sl\/wp-json\/wp\/v2\/product_cat?post=9851"},{"taxonomy":"product_tag","embeddable":true,"href":"https:\/\/andpro.net\/sl\/wp-json\/wp\/v2\/product_tag?post=9851"}],"curies":[{"name":"wp","href":"https:\/\/api.w.org\/{rel}","templated":true}]}}